{"id":31,"date":"2026-03-16T10:21:59","date_gmt":"2026-03-16T09:21:59","guid":{"rendered":"https:\/\/grupo.us.es\/proteo\/?page_id=31"},"modified":"2026-03-16T10:25:22","modified_gmt":"2026-03-16T09:25:22","slug":"quienes-somos","status":"publish","type":"page","link":"https:\/\/grupo.us.es\/proteo\/?page_id=31","title":{"rendered":"\u00bfQui\u00e9nes somos?"},"content":{"rendered":"\n<p>Jes\u00fas Aguilar D\u00edaz: <a href=\"https:\/\/prisma.us.es\/investigador\/45\">https:\/\/prisma.us.es\/investigador\/45<\/a><\/p>\n\n\n\n<p>Joaqu\u00edn \u00c1lvarez Cruz: <a href=\"https:\/\/prisma.us.es\/investigador\/132\">https:\/\/prisma.us.es\/investigador\/132<\/a><\/p>\n\n\n\n<p>Alberto Fern\u00e1ndez Gonz\u00e1lez: <a href=\"https:\/\/prisma.us.es\/investigador\/1268\">https:\/\/prisma.us.es\/investigador\/1268<\/a><\/p>\n\n\n\n<p>Mercedes Fern\u00e1ndez Mart\u00edn: <a href=\"https:\/\/prisma.us.es\/investigador\/1284\">https:\/\/prisma.us.es\/investigador\/1284<\/a><\/p>\n\n\n\n<p>Juan Carlos Hern\u00e1ndez N\u00fa\u00f1ez: <a href=\"https:\/\/prisma.us.es\/investigador\/1939\">https:\/\/prisma.us.es\/investigador\/1939<\/a><\/p>\n\n\n\n<p>Mar\u00eda Jes\u00fas Mej\u00edas \u00c1lvarez: <a href=\"https:\/\/prisma.us.es\/investigador\/2646\">https:\/\/prisma.us.es\/investigador\/2646<\/a><\/p>\n\n\n\n<p>Carmen Rodr\u00edguez Serrano: <a href=\"https:\/\/prisma.us.es\/investigador\/5410\">https:\/\/prisma.us.es\/investigador\/5410<\/a><\/p>\n\n\n\n<p>Manuel Varas Rivero: <a href=\"https:\/\/prisma.us.es\/investigador\/4255\">https:\/\/prisma.us.es\/investigador\/4255<\/a><\/p>\n","protected":false},"excerpt":{"rendered":"<p>Jes\u00fas Aguilar D\u00edaz: https:\/\/prisma.us.es\/investigador\/45 Joaqu\u00edn \u00c1lvarez Cruz: https:\/\/prisma.us.es\/investigador\/132 Alberto Fern\u00e1ndez Gonz\u00e1lez: https:\/\/prisma.us.es\/investigador\/1268 Mercedes Fern\u00e1ndez Mart\u00edn: https:\/\/prisma.us.es\/investigador\/1284 Juan Carlos Hern\u00e1ndez N\u00fa\u00f1ez: https:\/\/prisma.us.es\/investigador\/1939 Mar\u00eda Jes\u00fas Mej\u00edas \u00c1lvarez: https:\/\/prisma.us.es\/investigador\/2646 Carmen Rodr\u00edguez Serrano: https:\/\/prisma.us.es\/investigador\/5410 Manuel Varas Rivero: https:\/\/prisma.us.es\/investigador\/4255<\/p>\n","protected":false},"author":1,"featured_media":0,"parent":0,"menu_order":0,"comment_status":"closed","ping_status":"closed","template":"","meta":{"footnotes":""},"class_list":["post-31","page","type-page","status-publish","hentry"],"_links":{"self":[{"href":"https:\/\/grupo.us.es\/proteo\/index.php?rest_route=\/wp\/v2\/pages\/31","targetHints":{"allow":["GET"]}}],"collection":[{"href":"https:\/\/grupo.us.es\/proteo\/index.php?rest_route=\/wp\/v2\/pages"}],"about":[{"href":"https:\/\/grupo.us.es\/proteo\/index.php?rest_route=\/wp\/v2\/types\/page"}],"author":[{"embeddable":true,"href":"https:\/\/grupo.us.es\/proteo\/index.php?rest_route=\/wp\/v2\/users\/1"}],"replies":[{"embeddable":true,"href":"https:\/\/grupo.us.es\/proteo\/index.php?rest_route=%2Fwp%2Fv2%2Fcomments&post=31"}],"version-history":[{"count":3,"href":"https:\/\/grupo.us.es\/proteo\/index.php?rest_route=\/wp\/v2\/pages\/31\/revisions"}],"predecessor-version":[{"id":35,"href":"https:\/\/grupo.us.es\/proteo\/index.php?rest_route=\/wp\/v2\/pages\/31\/revisions\/35"}],"wp:attachment":[{"href":"https:\/\/grupo.us.es\/proteo\/index.php?rest_route=%2Fwp%2Fv2%2Fmedia&parent=31"}],"curies":[{"name":"wp","href":"https:\/\/api.w.org\/{rel}","templated":true}]}}