{"id":86,"date":"2018-09-08T17:51:44","date_gmt":"2018-09-08T17:51:44","guid":{"rendered":"https:\/\/grupo.us.es\/preguntaciencia\/?page_id=86"},"modified":"2018-11-12T20:22:36","modified_gmt":"2018-11-12T20:22:36","slug":"registrate","status":"publish","type":"page","link":"https:\/\/grupo.us.es\/preguntaciencia\/registrate\/","title":{"rendered":"Reg\u00edstrate"},"content":{"rendered":"\n<h4 class=\"wp-block-heading\">Si eres Cient\u00edfico registrate <a href=\"https:\/\/grupo.us.es\/preguntaciencia\/registration\/\">aqu\u00ed<\/a><\/h4>\n\n\n\n<h4 class=\"wp-block-heading\">y si quieres preguntar reg\u00edstrate <a href=\"https:\/\/grupo.us.es\/preguntaciencia\/register\">aqu\u00ed<\/a><\/h4>\n\n\n\n<p><\/p>\n","protected":false},"excerpt":{"rendered":"<p>Si eres Cient\u00edfico registrate aqu\u00ed y si quieres preguntar reg\u00edstrate aqu\u00ed<\/p>\n","protected":false},"author":1,"featured_media":0,"parent":0,"menu_order":0,"comment_status":"closed","ping_status":"closed","template":"","meta":[],"_links":{"self":[{"href":"https:\/\/grupo.us.es\/preguntaciencia\/wp-json\/wp\/v2\/pages\/86"}],"collection":[{"href":"https:\/\/grupo.us.es\/preguntaciencia\/wp-json\/wp\/v2\/pages"}],"about":[{"href":"https:\/\/grupo.us.es\/preguntaciencia\/wp-json\/wp\/v2\/types\/page"}],"author":[{"embeddable":true,"href":"https:\/\/grupo.us.es\/preguntaciencia\/wp-json\/wp\/v2\/users\/1"}],"replies":[{"embeddable":true,"href":"https:\/\/grupo.us.es\/preguntaciencia\/wp-json\/wp\/v2\/comments?post=86"}],"version-history":[{"count":2,"href":"https:\/\/grupo.us.es\/preguntaciencia\/wp-json\/wp\/v2\/pages\/86\/revisions"}],"predecessor-version":[{"id":177,"href":"https:\/\/grupo.us.es\/preguntaciencia\/wp-json\/wp\/v2\/pages\/86\/revisions\/177"}],"wp:attachment":[{"href":"https:\/\/grupo.us.es\/preguntaciencia\/wp-json\/wp\/v2\/media?parent=86"}],"curies":[{"name":"wp","href":"https:\/\/api.w.org\/{rel}","templated":true}]}}