{"id":7,"date":"2018-09-02T17:51:28","date_gmt":"2018-09-02T17:51:28","guid":{"rendered":"https:\/\/grupo.us.es\/preguntaciencia\/questions\/ask\/"},"modified":"2018-11-12T19:59:30","modified_gmt":"2018-11-12T19:59:30","slug":"ask","status":"publish","type":"page","link":"https:\/\/grupo.us.es\/preguntaciencia\/preguntas\/ask\/","title":{"rendered":"Haz una Pregunta"},"content":{"rendered":"<div id=\"anspress\" class=\"anspress\"><div id=\"ap-ask-page\" class=\"clearfix\">\n\t\n\t\n\t<div class=\"ap-login\">\n\t\t<div class=\"ap-cell\">\n\t\t\t<div class=\"ap-cell-inner\">\n\t\t\t\t\n\t\t\t\t<div class=\"login-reg-box clearfix\">\n\t\t\t\t\t<div class=\"login-box\">\n\t\t\t\t\t\t<div class=\"tml tml-login\">\n<div class=\"tml-alerts\"><\/div><form name=\"login\" action=\"https:\/\/grupo.us.es\/preguntaciencia\/login\/\" method=\"post\">\n<div class=\"tml-field-wrap tml-log-wrap\">\n<label class=\"tml-label\" for=\"user_login\">Nombre de usuario o correo electr\u00f3nico<\/label>\n<input name=\"log\" type=\"text\" value=\"\" id=\"user_login\" autocapitalize=\"off\" class=\"tml-field\">\n<\/div>\n\n<div class=\"tml-field-wrap tml-pwd-wrap\">\n<label class=\"tml-label\" for=\"user_pass\">Contrase\u00f1a<\/label>\n<input name=\"pwd\" type=\"password\" value=\"\" id=\"user_pass\" class=\"tml-field\">\n<\/div>\n\n\n<div class=\"tml-field-wrap tml-rememberme-wrap\">\n<input name=\"rememberme\" type=\"checkbox\" value=\"forever\" id=\"rememberme\" class=\"tml-checkbox\">\n<label class=\"tml-label\" for=\"rememberme\">Recu\u00e9rdame<\/label>\n<\/div>\n\n<div class=\"tml-field-wrap tml-submit-wrap\">\n<button name=\"submit\" type=\"submit\" class=\"tml-button\">Acceder<\/button>\n<\/div>\n\n<input name=\"redirect_to\" type=\"hidden\" value=\"https:\/\/grupo.us.es\/preguntaciencia\/wp-admin\/\">\n\n<\/form>\n<ul class=\"tml-links\"><li class=\"tml-register-link\"><a href=\"https:\/\/grupo.us.es\/preguntaciencia\/registro\/\">Registro<\/a><\/li><li class=\"tml-lostpassword-link\"><a href=\"https:\/\/grupo.us.es\/preguntaciencia\/contrase\u00f1aperdida\/\">\u00bfHas olvidado tu contrase\u00f1a?<\/a><\/li><\/ul><\/div>\n\t\t\t\t\t<\/div>\n\t\t\t\t\t<div class=\"reg-box\">\n\t\t\t\t\t\t<div class=\"tml tml-register\">\n<div class=\"tml-alerts\"><\/div><form name=\"register\" action=\"https:\/\/grupo.us.es\/preguntaciencia\/registro\/\" method=\"post\" novalidate=\"novalidate\">\n<div class=\"tml-field-wrap tml-role-wrap\">\n<input name=\"role\" id=\"role_Usuario\" type=\"radio\" value=\"Usuario\" id=\"role\" class=\"tml-checkbox\">\n<label class=\"tml-label\" for=\"role_Usuario\">Usuario<\/label>\n<br \/><input name=\"role\" id=\"role_cientifico\" type=\"radio\" value=\"cientifico\" id=\"role\" class=\"tml-checkbox\">\n<label class=\"tml-label\" for=\"role_cientifico\">Cientifico<\/label>\n<\/div>\n\n<div class=\"tml-field-wrap tml-user_login-wrap\">\n<label class=\"tml-label\" for=\"user_login\">Nombre de usuario<\/label>\n<input name=\"user_login\" type=\"text\" value=\"\" id=\"user_login\" autocapitalize=\"off\" class=\"tml-field\">\n<\/div>\n\n<div class=\"tml-field-wrap tml-user_email-wrap\">\n<label class=\"tml-label\" for=\"user_email\">Correo electr\u00f3nico<\/label>\n<input name=\"user_email\" type=\"email\" value=\"\" id=\"user_email\" class=\"tml-field\">\n<\/div>\n\n<div class=\"tml-field-wrap tml-user_pass1-wrap\">\n<label class=\"tml-label\" for=\"pass1\">Contrase\u00f1a<\/label>\n<input name=\"user_pass1\" type=\"password\" value=\"\" id=\"pass1\" autocomplete=\"off\" class=\"tml-field\">\n<\/div>\n\n<div class=\"tml-field-wrap tml-user_pass2-wrap\">\n<label class=\"tml-label\" for=\"pass2\">Confirmar contrase\u00f1a<\/label>\n<input name=\"user_pass2\" type=\"password\" value=\"\" id=\"pass2\" autocomplete=\"off\" class=\"tml-field\">\n<\/div>\n\n<div class=\"tml-field-wrap tml-indicator-wrap\">\n<div id=\"pass-strength-result\" class=\"hide-if-no-js\" aria-live=\"polite\">Seguridad de la contrase\u00f1a<\/div><\/div>\n\n<div class=\"tml-field-wrap tml-indicator_hint-wrap\">\n<p class=\"description indicator-hint\">Sugerencia: La contrase\u00f1a debe ser de al menos doce caracteres. Para hacerla m\u00e1s fuerte usa may\u00fasculas y min\u00fasculas, n\u00fameros y s\u00edmbolos como ! \" ? $ % ^ y ).<\/p><\/div>\n\n<div class=\"tml-field-wrap tml-profesion-wrap\">\n<label class=\"tml-label\" for=\"profesion\">Profesi\u00f3n<\/label>\n<input name=\"profesion\" type=\"text\" value=\"\" id=\"profesion\" class=\"tml-field\">\n<\/div>\n\n<div class=\"tml-field-wrap tml-institution-wrap\">\n<label class=\"tml-label\" for=\"institution\">Instituci\u00f3n<\/label>\n<input name=\"institution\" type=\"text\" value=\"\" id=\"institution\" class=\"tml-field\">\n<\/div>\n\n<div class=\"tml-field-wrap tml-custom-wrap\">\n<strong>Categor\u00edas preferidas<\/strong><\/div>\n\n<div class=\"tml-field-wrap tml-prefered_categories_6-wrap\">\n<input name=\"prefered_categories_6\" type=\"checkbox\" value=\"6\" id=\"prefered_categories_6\" class=\"tml-checkbox\">\n<label class=\"tml-label\" for=\"prefered_categories_6\">Astronom\u00eda<\/label>\n<\/div>\n\n<div class=\"tml-field-wrap tml-prefered_categories_41-wrap\">\n<input name=\"prefered_categories_41\" type=\"checkbox\" value=\"41\" id=\"prefered_categories_41\" class=\"tml-checkbox\">\n<label class=\"tml-label\" for=\"prefered_categories_41\">Ciencias Agrarias<\/label>\n<\/div>\n\n<div class=\"tml-field-wrap tml-prefered_categories_28-wrap\">\n<input name=\"prefered_categories_28\" type=\"checkbox\" value=\"28\" id=\"prefered_categories_28\" class=\"tml-checkbox\">\n<label class=\"tml-label\" for=\"prefered_categories_28\">Ciencias de la Tierra y el Espacio<\/label>\n<\/div>\n\n<div class=\"tml-field-wrap tml-prefered_categories_11-wrap\">\n<input name=\"prefered_categories_11\" type=\"checkbox\" value=\"11\" id=\"prefered_categories_11\" class=\"tml-checkbox\">\n<label class=\"tml-label\" for=\"prefered_categories_11\">Ciencias de la Vida<\/label>\n<\/div>\n\n<div class=\"tml-field-wrap tml-prefered_categories_50-wrap\">\n<input name=\"prefered_categories_50\" type=\"checkbox\" value=\"50\" id=\"prefered_categories_50\" class=\"tml-checkbox\">\n<label class=\"tml-label\" for=\"prefered_categories_50\">Ciencias M\u00e9dicas<\/label>\n<\/div>\n\n<div class=\"tml-field-wrap tml-prefered_categories_63-wrap\">\n<input name=\"prefered_categories_63\" type=\"checkbox\" value=\"63\" id=\"prefered_categories_63\" class=\"tml-checkbox\">\n<label class=\"tml-label\" for=\"prefered_categories_63\">Ciencias T\u00e9cnol\u00f3gicas<\/label>\n<\/div>\n\n<div class=\"tml-field-wrap tml-prefered_categories_7-wrap\">\n<input name=\"prefered_categories_7\" type=\"checkbox\" value=\"7\" id=\"prefered_categories_7\" class=\"tml-checkbox\">\n<label class=\"tml-label\" for=\"prefered_categories_7\">F\u00edsica<\/label>\n<\/div>\n\n<div class=\"tml-field-wrap tml-prefered_categories_5-wrap\">\n<input name=\"prefered_categories_5\" type=\"checkbox\" value=\"5\" id=\"prefered_categories_5\" class=\"tml-checkbox\">\n<label class=\"tml-label\" for=\"prefered_categories_5\">Matem\u00e1ticas<\/label>\n<\/div>\n\n<div class=\"tml-field-wrap tml-prefered_categories_72-wrap\">\n<input name=\"prefered_categories_72\" type=\"checkbox\" value=\"72\" id=\"prefered_categories_72\" class=\"tml-checkbox\">\n<label class=\"tml-label\" for=\"prefered_categories_72\">Pedagog\u00eda<\/label>\n<\/div>\n\n<div class=\"tml-field-wrap tml-prefered_categories_75-wrap\">\n<input name=\"prefered_categories_75\" type=\"checkbox\" value=\"75\" id=\"prefered_categories_75\" class=\"tml-checkbox\">\n<label class=\"tml-label\" for=\"prefered_categories_75\">Psicolog\u00eda<\/label>\n<\/div>\n\n<div class=\"tml-field-wrap tml-prefered_categories_10-wrap\">\n<input name=\"prefered_categories_10\" type=\"checkbox\" value=\"10\" id=\"prefered_categories_10\" class=\"tml-checkbox\">\n<label class=\"tml-label\" for=\"prefered_categories_10\">Qu\u00edmica<\/label>\n<\/div>\n\n<div class=\"tml-field-wrap tml-scientific-field-wrap\">\n<label class=\"tml-label\" for=\"scientific-field\">Campo del conocimiento<\/label>\n<input name=\"scientific-field\" type=\"text\" value=\"\" id=\"scientific-field\" class=\"tml-field\">\n<\/div>\n\n<div class=\"tml-field-wrap tml-orcid-wrap\">\n<label class=\"tml-label\" for=\"ORCID\">N\u00famero ORCID<\/label>\n<input name=\"orcid\" type=\"text\" value=\"\" id=\"ORCID\" class=\"tml-field\">\n<\/div>\n\n<div class=\"tml-field-wrap tml-linkedin-wrap\">\n<label class=\"tml-label\" for=\"linkedin\">Linkedin<\/label>\n<input name=\"linkedin\" type=\"text\" value=\"\" id=\"linkedin\" class=\"tml-field\">\n<\/div>\n\n<div class=\"tml-field-wrap tml-research_id-wrap\">\n<label class=\"tml-label\" for=\"research_id\">Research ID<\/label>\n<input name=\"research_id\" type=\"text\" value=\"\" id=\"research_id\" class=\"tml-field\">\n<\/div>\n\n<p class=\"aiowps-captcha hide-when-displaying-tfa-input\"><label for=\"aiowps-captcha-answer\">Por favor, introduce una respuesta en d\u00edgitos:<\/label><div class=\"aiowps-captcha-equation hide-when-displaying-tfa-input\"><strong>diez &#43; dos = <input type=\"hidden\" name=\"aiowps-captcha-string-info\" id=\"aiowps-captcha-string-info\" value=\"hb1ie5ctgy\" \/><input type=\"hidden\" name=\"aiowps-captcha-temp-string\" id=\"aiowps-captcha-temp-string\" value=\"1775876140\" \/><input type=\"text\" size=\"2\" id=\"aiowps-captcha-answer\" name=\"aiowps-captcha-answer\" value=\"\" autocomplete=\"off\" \/><\/strong><\/div><\/p>\n<div class=\"tml-field-wrap tml-submit-wrap\">\n<button name=\"submit\" type=\"submit\" class=\"tml-button\">Registro<\/button>\n<\/div>\n\n<input name=\"redirect_to\" type=\"hidden\" value=\"https:\/\/grupo.us.es\/preguntaciencia\/login\/?pending=activation\">\n\n<\/form>\n<ul class=\"tml-links\"><li class=\"tml-login-link\"><a href=\"https:\/\/grupo.us.es\/preguntaciencia\/login\/\">Acceder<\/a><\/li><li class=\"tml-lostpassword-link\"><a href=\"https:\/\/grupo.us.es\/preguntaciencia\/contrase\u00f1aperdida\/\">\u00bfHas olvidado tu contrase\u00f1a?<\/a><\/li><\/ul><\/div>\n\t\t\t\t\t<\/div>\n\t\t\t\t<\/div>\n\t\t\t<\/div>\n\t\t<\/div>\n\t<\/div>\n\n<\/div>\n<\/div>\n","protected":false},"excerpt":{"rendered":"","protected":false},"author":1,"featured_media":0,"parent":6,"menu_order":0,"comment_status":"closed","ping_status":"closed","template":"","meta":[],"_links":{"self":[{"href":"https:\/\/grupo.us.es\/preguntaciencia\/wp-json\/wp\/v2\/pages\/7"}],"collection":[{"href":"https:\/\/grupo.us.es\/preguntaciencia\/wp-json\/wp\/v2\/pages"}],"about":[{"href":"https:\/\/grupo.us.es\/preguntaciencia\/wp-json\/wp\/v2\/types\/page"}],"author":[{"embeddable":true,"href":"https:\/\/grupo.us.es\/preguntaciencia\/wp-json\/wp\/v2\/users\/1"}],"replies":[{"embeddable":true,"href":"https:\/\/grupo.us.es\/preguntaciencia\/wp-json\/wp\/v2\/comments?post=7"}],"version-history":[{"count":1,"href":"https:\/\/grupo.us.es\/preguntaciencia\/wp-json\/wp\/v2\/pages\/7\/revisions"}],"predecessor-version":[{"id":44,"href":"https:\/\/grupo.us.es\/preguntaciencia\/wp-json\/wp\/v2\/pages\/7\/revisions\/44"}],"up":[{"embeddable":true,"href":"https:\/\/grupo.us.es\/preguntaciencia\/wp-json\/wp\/v2\/pages\/6"}],"wp:attachment":[{"href":"https:\/\/grupo.us.es\/preguntaciencia\/wp-json\/wp\/v2\/media?parent=7"}],"curies":[{"name":"wp","href":"https:\/\/api.w.org\/{rel}","templated":true}]}}