{"id":430,"date":"2019-10-12T18:46:51","date_gmt":"2019-10-12T18:46:51","guid":{"rendered":"https:\/\/grupo.us.es\/preguntaciencia\/?page_id=430"},"modified":"2019-11-14T23:13:26","modified_gmt":"2019-11-14T23:13:26","slug":"entrevistas","status":"publish","type":"page","link":"https:\/\/grupo.us.es\/preguntaciencia\/entrevistas\/","title":{"rendered":"Entrevistas"},"content":{"rendered":"\n<p style=\"text-align:center\">Aqu\u00ed publicamos las entrevistas realizadas con vuestras preguntas a cient\u00edficos y cient\u00edficas de todos los \u00e1mbitos posibles. Seguro que al verlas se os ocurre mas preguntas que hacer&#8230;<\/p>\n\n\n\n<p style=\"color:#396255;text-align:center\" class=\"has-text-color\"> <a rel=\"noreferrer noopener\" aria-label=\"Y AQU\u00cd ES TU SITIO PARA HACERLA (abre en una nueva pesta\u00f1a)\" href=\"https:\/\/grupo.us.es\/preguntaciencia\/preguntas\/ask\/\" target=\"_blank\">Y AQU\u00cd ES TU SITIO PARA HACERLA<\/a><\/p>\n\n\n\n<hr class=\"wp-block-separator\"\/>\n\n\n\n<h2 class=\"wp-block-heading\" style=\"text-align:left\">S1.E02. Alzheimer y Parkinson por el cient\u00edfico Jos\u00e9 A. Morales-Garc\u00eda<\/h2>\n\n\n<p><iframe loading=\"lazy\" width=\"560\" height=\"315\" src=\"https:\/\/www.youtube.com\/embed\/bod76oDdvgI\" frameborder=\"0\" allow=\"accelerometer; autoplay; encrypted-media; gyroscope; picture-in-picture\" allowfullscreen=\"\"><\/iframe><\/p>\n\n\n\n<p class=\"has-text-color\">El Alzheimer y el parkinson son dos enfermedades neurodegenerativas que aunque pueden confundirse, tienen caracteristicas muy concretas y distintas. El cient\u00edfico Jos\u00e9 A. Morales-Garc\u00eda contesta a preguntas realizadas por personas con inter\u00e9s en conocer que descubrimientos existen y los posibles tratamientos relacionados con estas temibles enfermedades.<\/p>\n\n\n\n<iframe id=\"audio_44335561\" frameborder=\"0\" allowfullscreen=\"\" scrolling=\"no\" height=\"200\" style=\"border:1px solid #EEE; box-sizing:border-box; width:100%;\" src=\"https:\/\/www.ivoox.com\/player_ej_44335561_4_1.html?c1=ff6600\"><\/iframe>\n\n\n\n<div class=\"wp-block-columns has-2-columns is-layout-flex wp-container-6\">\n<div class=\"wp-block-column is-layout-flow\">\n<p>Esc\u00fachalo tambi\u00e9n en: <a href=\"https:\/\/open.spotify.com\/episode\/4aDfkAS1KyKIoh9qfBzhIb?si=tj6-dugoToGrY1xMGSKJ1Q\" target=\"_blank\" rel=\"noreferrer noopener\" aria-label=\"\ufffc (abre en una nueva pesta\u00f1a)\"><img decoding=\"async\" loading=\"lazy\" width=\"330\" height=\"80\" class=\"wp-image-459\" style=\"width: 150px;\" src=\"https:\/\/grupo.us.es\/preguntaciencia\/wp-content\/uploads\/2019\/11\/spotify-podcast-badge-wht-grn-330x80-1.png\" alt=\"\" srcset=\"https:\/\/grupo.us.es\/preguntaciencia\/wp-content\/uploads\/2019\/11\/spotify-podcast-badge-wht-grn-330x80-1.png 330w, https:\/\/grupo.us.es\/preguntaciencia\/wp-content\/uploads\/2019\/11\/spotify-podcast-badge-wht-grn-330x80-1-300x73.png 300w\" sizes=\"(max-width: 330px) 100vw, 330px\" \/><\/a><a rel=\"noreferrer noopener\" aria-label=\"\ufffc (abre en una nueva pesta\u00f1a)\" href=\"https:\/\/podcasts.apple.com\/es\/podcast\/pregunta-a-un-cient%C3%ADfico\/id1484555781\" target=\"_blank\"><img decoding=\"async\" loading=\"lazy\" width=\"728\" height=\"508\" class=\"wp-image-457\" style=\"width: 37px;\" src=\"https:\/\/grupo.us.es\/preguntaciencia\/wp-content\/uploads\/2019\/11\/icono-logo-podcast-itunes.jpg\" alt=\"\" srcset=\"https:\/\/grupo.us.es\/preguntaciencia\/wp-content\/uploads\/2019\/11\/icono-logo-podcast-itunes.jpg 728w, https:\/\/grupo.us.es\/preguntaciencia\/wp-content\/uploads\/2019\/11\/icono-logo-podcast-itunes-300x209.jpg 300w\" sizes=\"(max-width: 728px) 100vw, 728px\" \/><\/a><\/p>\n<\/div>\n\n\n\n<div class=\"wp-block-column is-layout-flow\">\n<div class=\"wp-block-columns has-2-columns is-layout-flex wp-container-4\">\n<div class=\"wp-block-column is-layout-flow\"><\/div>\n\n\n\n<div class=\"wp-block-column is-layout-flow\"><\/div>\n<\/div>\n<\/div>\n<\/div>\n\n\n\n<div class=\"wp-block-columns has-2-columns is-layout-flex wp-container-12\">\n<div class=\"wp-block-column is-layout-flow\"><p>[ssba-buttons]<\/p>\n<\/div>\n\n\n\n<div class=\"wp-block-column is-layout-flow\">\n<div class=\"wp-block-columns has-2-columns is-layout-flex wp-container-10\">\n<div class=\"wp-block-column is-layout-flow\"><\/div>\n\n\n\n<div class=\"wp-block-column is-layout-flow\">\n<p><\/p>\n<\/div>\n<\/div>\n<\/div>\n<\/div>\n\n\n\n<hr class=\"wp-block-separator is-style-wide\"\/>\n\n\n\n<h2 class=\"wp-block-heading\" style=\"text-align:left\">S1.E01. Dr. Mariano Barbacid- El c\u00e1ncer de pulm\u00f3n y p\u00e1ncreas<\/h2>\n\n\n<p><iframe loading=\"lazy\" width=\"560\" height=\"315\" src=\"https:\/\/www.youtube.com\/embed\/SLIq9kj_bjI\" frameborder=\"0\" allow=\"accelerometer; autoplay; encrypted-media; gyroscope; picture-in-picture\" allowfullscreen=\"\"><\/iframe><\/p>\n\n\n\n<p class=\"has-text-color\">En esta entrevistas hacemos vuestras preguntas a uno de los cient\u00edficos espa\u00f1oles mas reconocidos a nivel nacional e internacional en c\u00e1ncer de pulm\u00f3n y p\u00e1ncreas, al Dr. Mariano Barbacid. Adem\u00e1s, nos contar\u00e1 sus \u00faltimos avances cient\u00edficos en c\u00e1ncer de p\u00e1ncreas. <\/p>\n\n\n\n<iframe id=\"audio_43363825\" frameborder=\"0\" allowfullscreen=\"\" scrolling=\"no\" height=\"200\" style=\"border:1px solid #EEE; box-sizing:border-box; width:100%;\" src=\"https:\/\/us.ivoox.com\/es\/player_ej_43363825_4_1.html?c1=ff6600\"><\/iframe>\n\n\n\n<div class=\"wp-block-columns has-2-columns is-layout-flex wp-container-18\">\n<div class=\"wp-block-column is-layout-flow\">\n<p>Esc\u00fachalo tambi\u00e9n en: <a href=\"https:\/\/open.spotify.com\/episode\/4aDfkAS1KyKIoh9qfBzhIb?si=tj6-dugoToGrY1xMGSKJ1Q\" target=\"_blank\" rel=\"noreferrer noopener\" aria-label=\"\ufffc (abre en una nueva pesta\u00f1a)\"><img decoding=\"async\" loading=\"lazy\" width=\"330\" height=\"80\" class=\"wp-image-459\" style=\"width: 150px;\" src=\"https:\/\/grupo.us.es\/preguntaciencia\/wp-content\/uploads\/2019\/11\/spotify-podcast-badge-wht-grn-330x80-1.png\" alt=\"\" srcset=\"https:\/\/grupo.us.es\/preguntaciencia\/wp-content\/uploads\/2019\/11\/spotify-podcast-badge-wht-grn-330x80-1.png 330w, https:\/\/grupo.us.es\/preguntaciencia\/wp-content\/uploads\/2019\/11\/spotify-podcast-badge-wht-grn-330x80-1-300x73.png 300w\" sizes=\"(max-width: 330px) 100vw, 330px\" \/><\/a><a rel=\"noreferrer noopener\" aria-label=\"\ufffc (abre en una nueva pesta\u00f1a)\" href=\"https:\/\/podcasts.apple.com\/es\/podcast\/pregunta-a-un-cient%C3%ADfico\/id1484555781\" target=\"_blank\"><img decoding=\"async\" loading=\"lazy\" width=\"728\" height=\"508\" class=\"wp-image-457\" style=\"width: 37px;\" src=\"https:\/\/grupo.us.es\/preguntaciencia\/wp-content\/uploads\/2019\/11\/icono-logo-podcast-itunes.jpg\" alt=\"\" srcset=\"https:\/\/grupo.us.es\/preguntaciencia\/wp-content\/uploads\/2019\/11\/icono-logo-podcast-itunes.jpg 728w, https:\/\/grupo.us.es\/preguntaciencia\/wp-content\/uploads\/2019\/11\/icono-logo-podcast-itunes-300x209.jpg 300w\" sizes=\"(max-width: 728px) 100vw, 728px\" \/><\/a><\/p>\n<\/div>\n\n\n\n<div class=\"wp-block-column is-layout-flow\">\n<div class=\"wp-block-columns has-2-columns is-layout-flex wp-container-16\">\n<div class=\"wp-block-column is-layout-flow\"><\/div>\n\n\n\n<div class=\"wp-block-column is-layout-flow\"><\/div>\n<\/div>\n<\/div>\n<\/div>\n\n\n\n<div class=\"wp-block-columns has-2-columns is-layout-flex wp-container-24\">\n<div class=\"wp-block-column is-layout-flow\"><p>[ssba-buttons]<\/p>\n<\/div>\n\n\n\n<div class=\"wp-block-column is-layout-flow\">\n<div class=\"wp-block-columns has-2-columns is-layout-flex wp-container-22\">\n<div class=\"wp-block-column is-layout-flow\"><\/div>\n\n\n\n<div class=\"wp-block-column is-layout-flow\">\n<p><\/p>\n<\/div>\n<\/div>\n<\/div>\n<\/div>\n\n\n\n<hr class=\"wp-block-separator\"\/>\n\n\n\n<h2 class=\"wp-block-heading\" style=\"text-align:center\">Colabora y difunde<\/h2>\n\n\n\n<p style=\"text-align:center\">Somos un grupo de trabajo sin \u00e1nimo de lucro autofinanciado. Ay\u00fadanos con tu aportaci\u00f3n y\/o con la difusi\u00f3n de nuestros contenidos y web.<\/p>\n\n\n<div ><label><\/span><\/label><br \/>\n\t\t<script>\n\t\tjQuery(document).ready(function(){\n\t\t\tjQuery('#dd_b96227b26c34e03df328ba02f69610bf').on('change', function() {\n\t\t\t  jQuery('#amount_b96227b26c34e03df328ba02f69610bf').val(this.value);\n\t\t\t});\n\t\t});\n\t\t<\/script>\n\t\t<label style='font-size:11pt !important;'>Ay\u00fadanos a mejorar<\/label><br \/><select name='dd_b96227b26c34e03df328ba02f69610bf' id='dd_b96227b26c34e03df328ba02f69610bf' style='width:100% !important;min-width:220px !important;max-width:220px !important;border: 1px solid #ddd !important;'><option value=''>1\u20ac<\/option><option value=''>2\u20ac<\/option><option value=''>5\u20ac<\/option><option value=''>10\u20ac<\/option><option value=''>20\u20ac<\/option><option value=''>50\u20ac<\/option><\/select><br \/><br \/><form target='_blank' action='https:\/\/www.paypal.com\/cgi-bin\/webscr' method='post'><input type='hidden' name='cmd' value='_donations' \/><input type='hidden' name='business' value='donacion@preguntaauncientifico.es' \/><input type='hidden' name='item_name' value='Ayudanos a mejorar' \/><input type='hidden' name='item_number' value='Pregunta a un Cientifico' \/><input type='hidden' name='currency_code' value='EUR' \/><input type='hidden' name='amount' id='amount_b96227b26c34e03df328ba02f69610bf' value='' \/><input type='hidden' name='no_note' value='1'><input type='hidden' name='no_shipping' value='1'><input type='hidden' name='notify_url' value='https:\/\/grupo.us.es\/preguntaciencia\/wp-admin\/admin-post.php?action=add_wpedon_button_ipn'><input type='hidden' name='lc' value='es_ES'><input type='hidden' name='bn' value='WPPlugin_SP'><input type='hidden' name='return' value='' \/><input type='hidden' name='cancel_return' value='' \/><input class='wpedon_paypalbuttonimage' type='image' src='https:\/\/www.paypal.com\/es_ES\/ES\/i\/btn\/btn_donate_LG.gif' border='0' name='submit' alt='Make your payments with PayPal. It is free, secure, effective.' style='border: none;'><img alt='' border='0' style='border:none;display:none;' src='https:\/\/www.paypal.com\/es_ES\/i\/scr\/pixel.gif' width='1' height='1'><\/form><\/div>\n\n\n\n<hr class=\"wp-block-separator\"\/>\n","protected":false},"excerpt":{"rendered":"<p>Aqu\u00ed publicamos las entrevistas realizadas con vuestras preguntas a cient\u00edficos y cient\u00edficas de todos los \u00e1mbitos posibles. Seguro que al verlas se os ocurre mas preguntas que hacer&#8230; Y AQU\u00cd ES TU SITIO PARA HACERLA S1.E02. Alzheimer y Parkinson por el cient\u00edfico Jos\u00e9 A. Morales-Garc\u00eda El Alzheimer y el parkinson son dos enfermedades neurodegenerativas que aunque pueden confundirse, tienen caracteristicas muy concretas y distintas. El cient\u00edfico Jos\u00e9 A. Morales-Garc\u00eda contesta a preguntas realizadas por personas [&hellip;]<\/p>\n","protected":false},"author":1,"featured_media":0,"parent":0,"menu_order":0,"comment_status":"closed","ping_status":"closed","template":"","meta":[],"_links":{"self":[{"href":"https:\/\/grupo.us.es\/preguntaciencia\/wp-json\/wp\/v2\/pages\/430"}],"collection":[{"href":"https:\/\/grupo.us.es\/preguntaciencia\/wp-json\/wp\/v2\/pages"}],"about":[{"href":"https:\/\/grupo.us.es\/preguntaciencia\/wp-json\/wp\/v2\/types\/page"}],"author":[{"embeddable":true,"href":"https:\/\/grupo.us.es\/preguntaciencia\/wp-json\/wp\/v2\/users\/1"}],"replies":[{"embeddable":true,"href":"https:\/\/grupo.us.es\/preguntaciencia\/wp-json\/wp\/v2\/comments?post=430"}],"version-history":[{"count":16,"href":"https:\/\/grupo.us.es\/preguntaciencia\/wp-json\/wp\/v2\/pages\/430\/revisions"}],"predecessor-version":[{"id":464,"href":"https:\/\/grupo.us.es\/preguntaciencia\/wp-json\/wp\/v2\/pages\/430\/revisions\/464"}],"wp:attachment":[{"href":"https:\/\/grupo.us.es\/preguntaciencia\/wp-json\/wp\/v2\/media?parent=430"}],"curies":[{"name":"wp","href":"https:\/\/api.w.org\/{rel}","templated":true}]}}