{"id":384,"date":"2019-08-17T17:17:40","date_gmt":"2019-08-17T17:17:40","guid":{"rendered":"https:\/\/grupo.us.es\/preguntaciencia\/?page_id=384"},"modified":"2019-08-17T17:24:33","modified_gmt":"2019-08-17T17:24:33","slug":"blog-cientificos","status":"publish","type":"page","link":"https:\/\/grupo.us.es\/preguntaciencia\/blog-cientificos\/","title":{"rendered":"Blog cient\u00edficos"},"content":{"rendered":"\n<p>La informaci\u00f3n que podemos encontrar en internet puede ser a veces malintencionada o falsa. Si quer\u00e9is saber que los blog-noticias son reales o basadas en documentos cient\u00edficos que lo demuestran, ten\u00e9is que observar si citan la fuente (citar es poner un link de donde se sacan esas afirmaciones) y lo mas dific\u00edl, si la fuente es fiable.<\/p>\n\n\n\n<p>Aqu\u00ed os dejo Blogs-Web que dan informaci\u00f3n veraz y contrastada para tener una opini\u00f3n lo mas contrastada posible, y evitar bulos que pueden ocasionar falsas creencias, y a veces, incluso problemas de salud.<\/p>\n\n\n\n<p>Si despu\u00e9s de leer algo te surge alguna duda, te esperamos aqu\u00ed en: <a href=\"https:\/\/grupo.us.es\/preguntaciencia\">Pregunta a un Cient\u00edfico<\/a><\/p>\n\n\n\n<div style=\"height:100px\" aria-hidden=\"true\" class=\"wp-block-spacer\"><\/div>\n\n\n\n<h2 class=\"wp-block-heading\" style=\"text-align:center\">Nutrici\u00f3n<\/h2>\n\n\n\n<div class=\"wp-block-columns has-2-columns is-layout-flex wp-container-3\">\n<div class=\"wp-block-column is-layout-flow\">\n<figure class=\"wp-block-image\"><img decoding=\"async\" loading=\"lazy\" width=\"450\" height=\"150\" src=\"https:\/\/grupo.us.es\/preguntaciencia\/wp-content\/uploads\/2019\/08\/cuantas-calorias-tienen.png\" alt=\"cuantas calorias tienen\" class=\"wp-image-390\" srcset=\"https:\/\/grupo.us.es\/preguntaciencia\/wp-content\/uploads\/2019\/08\/cuantas-calorias-tienen.png 450w, https:\/\/grupo.us.es\/preguntaciencia\/wp-content\/uploads\/2019\/08\/cuantas-calorias-tienen-300x100.png 300w\" sizes=\"(max-width: 450px) 100vw, 450px\" \/><figcaption> <a href=\"https:\/\/cuantascaloriastienen.com\/\">https:\/\/cuantascaloriastienen.com<\/a><\/figcaption><\/figure>\n<\/div>\n\n\n\n<div class=\"wp-block-column is-layout-flow\">\n<figure class=\"wp-block-image\"><img decoding=\"async\" loading=\"lazy\" width=\"450\" height=\"150\" src=\"https:\/\/grupo.us.es\/preguntaciencia\/wp-content\/uploads\/2019\/08\/gominolas-de-Petro\u0301leo.png\" alt=\"gominolas de Petro\u0301leo\" class=\"wp-image-389\" srcset=\"https:\/\/grupo.us.es\/preguntaciencia\/wp-content\/uploads\/2019\/08\/gominolas-de-Petro\u0301leo.png 450w, https:\/\/grupo.us.es\/preguntaciencia\/wp-content\/uploads\/2019\/08\/gominolas-de-Petro\u0301leo-300x100.png 300w\" sizes=\"(max-width: 450px) 100vw, 450px\" \/><figcaption><a href=\"http:\/\/www.gominolasdepetroleo.com\/\" target=\"_blank\" rel=\"noreferrer noopener\" aria-label=\"http:\/\/www.gominolasdepetroleo.com (abre en una nueva pesta\u00f1a)\">http:\/\/www.gominolasdepetroleo.com<\/a><\/figcaption><\/figure>\n<\/div>\n<\/div>\n\n\n\n<div class=\"wp-block-columns has-2-columns is-layout-flex wp-container-6\">\n<div class=\"wp-block-column is-layout-flow\">\n<figure class=\"wp-block-image\"><img decoding=\"async\" loading=\"lazy\" width=\"450\" height=\"150\" src=\"https:\/\/grupo.us.es\/preguntaciencia\/wp-content\/uploads\/2019\/08\/farmagemma.png\" alt=\"Blog de FarmaGemma\" class=\"wp-image-394\" srcset=\"https:\/\/grupo.us.es\/preguntaciencia\/wp-content\/uploads\/2019\/08\/farmagemma.png 450w, https:\/\/grupo.us.es\/preguntaciencia\/wp-content\/uploads\/2019\/08\/farmagemma-300x100.png 300w\" sizes=\"(max-width: 450px) 100vw, 450px\" \/><figcaption><a href=\"https:\/\/farmagemma.naukas.com\" target=\"_blank\" rel=\"noreferrer noopener\" aria-label=\"Blog de FarmaGemma (abre en una nueva pesta\u00f1a)\">Blog de FarmaGemma<\/a><\/figcaption><\/figure>\n<\/div>\n\n\n\n<div class=\"wp-block-column is-layout-flow\">\n<figure class=\"wp-block-image\"><img decoding=\"async\" loading=\"lazy\" width=\"450\" height=\"150\" src=\"https:\/\/grupo.us.es\/preguntaciencia\/wp-content\/uploads\/2019\/08\/Malnutridos.png\" alt=\"Malnutridos\" class=\"wp-image-395\" srcset=\"https:\/\/grupo.us.es\/preguntaciencia\/wp-content\/uploads\/2019\/08\/Malnutridos.png 450w, https:\/\/grupo.us.es\/preguntaciencia\/wp-content\/uploads\/2019\/08\/Malnutridos-300x100.png 300w\" sizes=\"(max-width: 450px) 100vw, 450px\" \/><figcaption><a href=\"https:\/\/malnutridos.com\/\" target=\"_blank\" rel=\"noreferrer noopener\" aria-label=\"https:\/\/malnutridos.com (abre en una nueva pesta\u00f1a)\">https:\/\/malnutridos.com<\/a><\/figcaption><\/figure>\n<\/div>\n<\/div>\n\n\n\n<hr class=\"wp-block-separator\"\/>\n\n\n\n<h2 class=\"wp-block-heading\" style=\"text-align:center\">Astronom\u00eda<\/h2>\n\n\n\n<div class=\"wp-block-columns has-2-columns is-layout-flex wp-container-9\">\n<div class=\"wp-block-column is-layout-flow\">\n<figure class=\"wp-block-image\"><img decoding=\"async\" loading=\"lazy\" width=\"450\" height=\"150\" src=\"https:\/\/grupo.us.es\/preguntaciencia\/wp-content\/uploads\/2019\/08\/Otros-mundos.png\" alt=\"\" class=\"wp-image-399\" srcset=\"https:\/\/grupo.us.es\/preguntaciencia\/wp-content\/uploads\/2019\/08\/Otros-mundos.png 450w, https:\/\/grupo.us.es\/preguntaciencia\/wp-content\/uploads\/2019\/08\/Otros-mundos-300x100.png 300w\" sizes=\"(max-width: 450px) 100vw, 450px\" \/><figcaption><a href=\"https:\/\/pacobellido.naukas.com\/\">https:\/\/pacobellido.naukas.<\/a><a href=\"https:\/\/pacobellido.naukas.com\/\" target=\"_blank\" rel=\"noreferrer noopener\" aria-label=\"com (abre en una nueva pesta\u00f1a)\">com<\/a><\/figcaption><\/figure>\n<\/div>\n\n\n\n<div class=\"wp-block-column is-layout-flow\">\n<figure class=\"wp-block-image\"><img decoding=\"async\" loading=\"lazy\" width=\"450\" height=\"150\" src=\"https:\/\/grupo.us.es\/preguntaciencia\/wp-content\/uploads\/2019\/08\/Universo-Rayado-1.png\" alt=\"\" class=\"wp-image-401\" srcset=\"https:\/\/grupo.us.es\/preguntaciencia\/wp-content\/uploads\/2019\/08\/Universo-Rayado-1.png 450w, https:\/\/grupo.us.es\/preguntaciencia\/wp-content\/uploads\/2019\/08\/Universo-Rayado-1-300x100.png 300w\" sizes=\"(max-width: 450px) 100vw, 450px\" \/><figcaption><a href=\"https:\/\/universorayado.naukas.com\/\">https:\/\/universorayado.<\/a><a href=\"https:\/\/universorayado.naukas.com\/\" target=\"_blank\" rel=\"noreferrer noopener\" aria-label=\"naukas (abre en una nueva pesta\u00f1a)\">naukas<\/a><a href=\"https:\/\/universorayado.naukas.com\/\">.com\/<\/a><\/figcaption><\/figure>\n<\/div>\n<\/div>\n\n\n\n<hr class=\"wp-block-separator\"\/>\n\n\n\n<p>Si conoc\u00e9is alguno m\u00e1s por favor, escr\u00edbenos <a href=\"https:\/\/grupo.us.es\/preguntaciencia\/formulario-de-contacto\/\">aqu\u00ed<\/a> o a info@preguntaauncientifico.es <\/p>\n\n\n\n<p><\/p>\n","protected":false},"excerpt":{"rendered":"<p>La informaci\u00f3n que podemos encontrar en internet puede ser a veces malintencionada o falsa. Si quer\u00e9is saber que los blog-noticias son reales o basadas en documentos cient\u00edficos que lo demuestran, ten\u00e9is que observar si citan la fuente (citar es poner un link de donde se sacan esas afirmaciones) y lo mas dific\u00edl, si la fuente es fiable. Aqu\u00ed os dejo Blogs-Web que dan informaci\u00f3n veraz y contrastada para tener una opini\u00f3n lo mas contrastada posible, [&hellip;]<\/p>\n","protected":false},"author":1,"featured_media":248,"parent":0,"menu_order":0,"comment_status":"closed","ping_status":"closed","template":"","meta":[],"_links":{"self":[{"href":"https:\/\/grupo.us.es\/preguntaciencia\/wp-json\/wp\/v2\/pages\/384"}],"collection":[{"href":"https:\/\/grupo.us.es\/preguntaciencia\/wp-json\/wp\/v2\/pages"}],"about":[{"href":"https:\/\/grupo.us.es\/preguntaciencia\/wp-json\/wp\/v2\/types\/page"}],"author":[{"embeddable":true,"href":"https:\/\/grupo.us.es\/preguntaciencia\/wp-json\/wp\/v2\/users\/1"}],"replies":[{"embeddable":true,"href":"https:\/\/grupo.us.es\/preguntaciencia\/wp-json\/wp\/v2\/comments?post=384"}],"version-history":[{"count":11,"href":"https:\/\/grupo.us.es\/preguntaciencia\/wp-json\/wp\/v2\/pages\/384\/revisions"}],"predecessor-version":[{"id":404,"href":"https:\/\/grupo.us.es\/preguntaciencia\/wp-json\/wp\/v2\/pages\/384\/revisions\/404"}],"wp:featuredmedia":[{"embeddable":true,"href":"https:\/\/grupo.us.es\/preguntaciencia\/wp-json\/wp\/v2\/media\/248"}],"wp:attachment":[{"href":"https:\/\/grupo.us.es\/preguntaciencia\/wp-json\/wp\/v2\/media?parent=384"}],"curies":[{"name":"wp","href":"https:\/\/api.w.org\/{rel}","templated":true}]}}