{"id":367,"date":"2019-08-12T18:40:19","date_gmt":"2019-08-12T18:40:19","guid":{"rendered":"https:\/\/grupo.us.es\/preguntaciencia\/test-blog-page\/"},"modified":"2019-12-18T08:51:40","modified_gmt":"2019-12-18T08:51:40","slug":"blog","status":"publish","type":"page","link":"https:\/\/grupo.us.es\/preguntaciencia\/blog\/","title":{"rendered":"Noticias &#8211; Art\u00edculos"},"content":{"rendered":"<style type=\"text\/css\">\r\n\t\/**\r\n\t * Table of Contents\r\n\t *\r\n\t * 1.0 - Pagination\r\n\t * 2.0 - Social Media Icon\r\n\t * 3.0 - Default Blog Template\r\n\t * 4.0 - Classical Template\r\n\t * 5.0 - Light Breeze Template\r\n\t * 6.0 - Spektrum Template\r\n\t * 7.0 - Evolution Template\r\n\t * 8.0 - Timeline Template\r\n\t * 9.0 - News Template\r\n\t * 10.0 - Sallet Template\r\n\t * 11.0 - Media Grid Template\r\n\t * 12.0 - Crayon Slider Template\r\n\t * 13.0 - Blog-Carousel Template\r\n\t * 14.0 - Blog-Grid-Box Template\r\n\t * 15.0 - Ticker Template\r\n\t *\r\n\t *\/\r\n\t\/**\r\n\t * 1.0 - Pagination\r\n\t *\/\r\n\t.bdp-load-more a.button.bdp-load-more-btn {\r\n\t\tbackground-color: #2e93ea;\t\tcolor: #cecece;\t\tfont-size:12px;\t}\r\n\t.bd_pagination_box.wl_pagination_box .paging-navigation ul.page-numbers li a.page-numbers:hover,\r\n\t.bd_pagination_box.wl_pagination_box .paging-navigation ul.page-numbers li > span.current {\r\n\t\tbackground-color: #2e93ea;\t\tcolor: #cecece;\t\tfont-size:12px;\t}\r\n\t.bd_pagination_box.wl_pagination_box .paging-navigation ul.page-numbers li a.page-numbers {\r\n\t\tbackground-color: #cecece;\t\tcolor: #2e93ea;\t\tfont-size:12px;\t}\r\n\t.bd_pagination_box.wl_pagination_box .paging-navigation ul.page-numbers li a.page-numbers.dots {\r\n\t\tfont-size:12px !important;\t}\r\n\t\/**\r\n\t * 2.0 - Social Media Icon\r\n\t *\/    \r\n\t.blog_template .social-component a {\r\n\t\tborder-radius: 100%;\t}\r\n\t\/**\r\n\t * 3.0 - Default Blog Template\r\n\t *\/\r\n\t\t\t\/* .bdp_blog_template.nicy .blog_header h2, *\/\r\n\t\t.blog_template.sallet_slider h2,\r\n\t\t.blog_template.crayon_slider .blog_header h2,\r\n\t\t.glossary .blog_header h2,\r\n\t\t.bdp_blog_template .bd-blog-header h2 {        \r\n\t\t\tbackground: #ffffff\t\t}\r\n\t\t.blog_template .bd-more-tag-inline {\r\n\t\tcolor: #cecece !important;\t\tfont-size:12px;\t}\r\n\t\t\t.bdp_blog_template .blog_header h2 a,\r\n\t\t.bdp_blog_template .bd-blog-header h2 a,\r\n\t\t.bdp_blog_template .bd_ad_container h4 {\r\n\t\t\tcolor: #00af83 !important;\t\t\tfont-size: 30px;\t\t\tbackground-color: #ffffff !important;\r\n\t\t}\r\n\t\t.bdp_blog_template .blog_header h2,\r\n\t\t.bdp_blog_template .bd-blog-header h2,\r\n\t\t.blog_template .bd_ad_container h4 {\r\n\t\t\tfont-size: 30px;\t\t}\r\n\t\t.post_content-inner p,\r\n\t.bd-post-content {\r\n\t\tcolor:#999999;\t\tfont-size:12px;\t}\r\n\t.bdp_blog_template .bd-metacats,\r\n\t.bd-tags,\r\n\tspan.bd-category-link,\r\n\t.bdp_blog_template .author,\r\n\t.bdp_blog_template .date,\r\n\t.bdp_blog_template .bd-categories,\r\n\t.bdp_blog_template.evolution .bd-categories a,\r\n\t.bdp_blog_template .bd-categories a,\r\n\t.bd-meta-data-box .bd-metacats,\r\n\t.bd-meta-data-box .bd-metacomments,\r\n\t.bd-meta-data-box .bd-metacomments span,\r\n\t.bdp_blog_template .date i, .bdp_blog_template .author i, .bdp_blog_template .comment i,\r\n\t.bd-tags a,\r\n\tspan.bd-category-link a,\r\n\t.bd-metadatabox p,\r\n\tspan .bd-link-label,\r\n\t.bdp_blog_template .blog_footer span,\r\n\t.bd-metacomments i,\r\n\t.date_wrap i,\r\n\t.bdp_blog_template a,\r\n\t.bdp_blog_template .post_content,\r\n\t.bd-categories i,\r\n\t.bdp_blog_template.spektrum .post-bottom .post-by,\r\n\t.bdp_blog_template.spektrum .post-bottom .bd-tags,\r\n\t.bd-metadatabox,\r\n\t.bdp_blog_template.news .bd-blog-header .bd-metadatabox a,\r\n\t.bdp_blog_template.news .post-content-div .post_cat_tag > span i,\r\n\t.bdp_blog_template .bd-meta-data-box .bd-metadate, .bdp_blog_template .bd-meta-data-box .bd-metauser, .bdp_blog_template .bd-meta-data-box .bd-metacats,\r\n\t.bd-meta-data-box .bd-metacats a,\r\n\t.bd-meta-data-box .bd-metacomments a,\r\n\t.bdp_blog_template.box-template .bd-tags,\r\n\t.bdp_blog_template .datetime,\r\n\t.bdp_blog_template .link-lable,\r\n\t.bdp_blog_template .post-date\r\n\t.bdp_blog_template .bd_ad_container p, .blog_template .bd_ad_container, .bdp_blog_template .post-date {\r\n\t\tfont-size:12px;\t}\r\n\t.bdp_blog_template .date,\r\n\t.bdp_blog_template .comment,\r\n\t.bdp_blog_template .author .bd-icon-author,\r\n\t.bdp_blog_template .author,\r\n\t.bdp_blog_template.news .post-content-div .post_cat_tag > span i ,\r\n\t.bdp_blog_template .post-by,\r\n\t.bdp_blog_template .bd-categories i,\r\n\t.bdp_blog_template .bd-metacats i,\r\n\t.bdp_blog_template .category-link i,\r\n\t.bdp_blog_template .bd-tags i,\r\n\t.bdp_blog_template .bd-metacomments,\r\n\t.bdp_blog_template .date_wrap i,\r\n\t.bdp_blog_template .post-date,\r\n\t.bdp_blog_template .link-lable,\r\n\t.bdp_blog_template .datetime,\r\n\t.bdp_blog_template.glossary .post-author span,\r\n\t.bdp_blog_template .post_content-inner p,\r\n\t.bdp_blog_template .post_content,\r\n\t.bdp_blog_template .tags i {\r\n\t\tcolor:#999999;\t}\r\n\t.bdp_blog_template .bd-meta-data-box {\r\n\t\tcolor:#999999;\t}\r\n\t\t\t.bd-metadatabox {\r\n\t\t\tcolor:#999999;\t\t}\r\n\t\t.bd-link-label {\r\n\t\tcolor:#999999;\t}\r\n\t.bdp_blog_template a.bd-more-tag {\r\n\t\tbackground-color: #2e93ea!important;\t\tcolor: #cecece!important;\t}\r\n\t\t\t.bdp_blog_template a.bd-more-tag:hover {\r\n\t\t\tbackground-color: #cecece!important;\t\t\tcolor: #2e93ea!important;\t\t}\r\n\t\t.bdp_blog_template i {\r\n\t\tfont-style: normal !important;\r\n\t}\r\n\t\t\t.bd-tags,\r\n\t\tspan.bd-category-link,\r\n\t\t.bdp_blog_template .bd-categories,\r\n\t\t.bd-meta-data-box .bd-metacats,\r\n\t\t.bd-meta-data-box .bd-metacats a,\r\n\t\t.bd-meta-data-box .bd-metacomments a,\r\n\t\t.bdp_blog_template .bd-categories a,\r\n\t\t.bd-post-content a,\r\n\t\t.bd-tags a,\r\n\t\tspan.bd-category-link a,\r\n\t\t.bdp_blog_template .tags,\r\n\t\t.bdp_blog_template a {\r\n\t\t\tcolor:#7fb5a3 !important;\r\n\t\t\tfont-weight: normal !important;\r\n\t\t}\r\n\t\t\t\t.bd-meta-data-box .bd-metacats a:hover,\r\n\t\t.bd-meta-data-box .bd-metacomments a:hover,\r\n\t\t.bdp_blog_template .bd-categories a:hover,\r\n\t\t.spektrum .post-bottom .bd-categories a:hover,\r\n\t\t.bd-post-content a:hover,\r\n\t\t.bd-tags a:hover,\r\n\t\tspan.bd-category-link a:hover,\r\n\t\t.bdp_blog_template a:hover,\r\n\t\t.bd-post-content a:hover {\r\n\t\t\tcolor:#999999 !important;\r\n\t\t}\r\n\t\t\t\t.bdp_blog_template.evolution,\r\n\t\t.bdp_blog_template.lightbreeze {\r\n\t\t\tbackground: #ffffff;\r\n\t\t}\r\n\t\t\t\t\/**\r\n\t * 4.0 - Classical Template\r\n\t *\/\r\n\t.bdp_blog_template.classical .bd-blog-header .bd-tags {\r\n\t\tcolor: #7fb5a3;\t}\r\n\t\/**\r\n\t * 5.0 - Light Breeze Template\r\n\t *\/\r\n\t\/**\r\n\t * 6.0 - Spektrum Template\r\n\t *\/\r\n\t.bdp_blog_template.spektrum .bd-blog-header {\r\n\t\tbackground:#ffffff;\t}\r\n\t\t\t.spektrum .date {\r\n\t\t\tbackground-color: #00af83;\r\n\t\t}\r\n\t\t\t\t.spektrum .post-bottom .bd-categories a {\r\n\t\t\tcolor: #7fb5a3;\r\n\t\t}\r\n\t\t\t\t.spektrum .details a {\r\n\t\t\tcolor :#cecece !important;\r\n\t\t\tfont-size:12px;\t\t}\r\n\t\t\t\t.spektrum .details a:hover {\r\n\t\t\tcolor :#2e93ea;\r\n\t\t}\r\n\t\t\/**\r\n\t * 7.0 - Evolution Template\r\n\t *\/\r\n\t\/**\r\n\t * 8.0 - Timeline Template\r\n\t *\/\r\n\t.timeline_bg_wrap:before {\r\n\t\tbackground: none repeat scroll 0 0 #ffffff;\r\n\t}\r\n\t.bd-datetime {\r\n\t\tbackground: none repeat scroll 0 0 #ffffff;\r\n\t}\r\n\t.bdp_blog_template.timeline .post_hentry > p > i {\r\n\t\tbackground: #ffffff;\t}\r\n\t.bdp_blog_template.timeline:nth-child(2n+1) .post_content_wrap:before,\r\n\t.bdp_blog_template.timeline:nth-child(2n+1) .post_content_wrap:after {\r\n\t\tborder-left: 8px solid #ffffff;\r\n\t}\r\n\t.rtl .bdp_blog_template.timeline:nth-child(2n+1) .post_content_wrap:before,\r\n\t.rtl .bdp_blog_template.timeline:nth-child(2n+1) .post_content_wrap:after {\r\n\t\tborder-right: 8px solid #ffffff;\r\n\t}\r\n\t.bdp_blog_template.timeline:nth-child(2n) .post_content_wrap:before,\r\n\t.bdp_blog_template.timeline:nth-child(2n) .post_content_wrap:after {\r\n\t\tborder-right: 8px solid #ffffff;\r\n\t}\r\n\t.rtl .bdp_blog_template.timeline:nth-child(2n) .post_content_wrap:before,\r\n\t.rtl .bdp_blog_template.timeline:nth-child(2n) .post_content_wrap:after {\r\n\t\tborder-left: 8px solid #ffffff;\r\n\t}\r\n\t.post_content_wrap {\r\n\t\tborder:1px solid #ffffff;\r\n\t}\r\n\t.bdp_blog_template .post_content_wrap .blog_footer {\r\n\t\tborder-top: 1px solid #ffffff ;\r\n\t}\r\n\t.bdp_blog_template .post-icon {\r\n\t\tbackground:#ffffff;\t}\r\n\t.bdp_blog_template.timeline .desc h3 a{\r\n\t\tcolor: #00af83 !important;\t\tbackground:#ffffff !important;\t\tfont-size: 30px;\t}\r\n\r\n\t\/*media query*\/\r\n\t@media screen and (max-width: 991px) {\r\n\t\t.bdp_blog_template.timeline:nth-child(2n+1) .post_content_wrap:before,\r\n\t\t.bdp_blog_template.timeline:nth-child(2n+1) .post_content_wrap:after {\r\n\t\t\tborder-right: 8px solid #ffffff;\r\n\t\t}\r\n\t}\r\n\t\/**\r\n\t * 9.0 - News Template\r\n\t *\/\r\n\t\t\t.bdp_blog_template.news .bd-blog-header h2.title a{\r\n\t\t\tcolor: #00af83;\t\t\tfont-size: 30px;\t\t}\r\n\t\t\/* .blog_template.boxy-clean .blog_header h2, *\/\r\n\t.bdp_blog_template.news .bd-blog-header h2.title{\r\n\t\tbackground: #ffffff\t}\r\n\t.bdp_blog_template.news {\r\n\t\tbackground-color: #ffffff\t}\r\n\t.bdp_blog_template.news a.bd-more-tag{\r\n\t\tfloat: right !important;\r\n\t}\r\n\t.blog_template.boxy-clean ul li:hover,\r\n\t.blog_template.boxy-clean ul li:hover .blog_header h2 {\r\n\t\tbackground: ;\r\n\t}\r\n\t.glossary .post_content-inner {\r\n\t\tborder-color: #ffffff;\t}\r\n\t.blog_template.boxy-clean .blog_wrap.bdp_blog_template .author {\r\n\t\tbackground: #ffffff;\t}\r\n\t\/** 10.0 - Sallet Template *\/\r\n\t.bdp_blog_template.sallet_slider .blog_header > div > div > div {\r\n\t\tbackground: #ffffff;\t}\r\n\t.bdp_blog_template.sallet_slider .blog_header > div > div > div::before {\r\n\t\tbackground: #ffffff none repeat scroll 0 0;\t}\r\n\t.bdp_blog_template.sallet_slider.right {\r\n\t\tbackground: #ffffff ;\t}\r\n\t.blog_template.sallet_slider .category-link a {\r\n\t\tbackground: #ffffff ;\t\tcolor: #fff !important;\r\n\t}\r\n\t\/** 11.0 - Media Grid Template *\/\r\n\t.bdp_blog_template.media-grid .blog_header h2 a {\r\n\t\tbackground: #ffffff\t}\r\n\t.bdp_blog_template.media-grid .bd-metacats {\r\n\t\tbackground: #ffffff\t}\r\n\r\n\t.bdp_blog_template.media-grid .bd-metacats:hover{\r\n\t\t\t}\r\n\r\n\t.bdp_blog_template.media-grid .post-meta .postdate {\r\n\t\tfont-size: 12px\t}\r\n\t\/** 12.0 - Crayon Slider Template *\/\r\n\t\t\t\/** 13.0 - Blog Carousel Template *\/\r\n\tli.blog_template.bdp_blog_template.blog_carousel {\r\n\t\tbackground: #ffffff\t}\r\n\t.blog_template.blog_carousel .blog_header:hover {\r\n\t\t}\r\n\t\/** 14.0 - Blog-Grid-Box Template *\/\r\n\t.blog_template.blog-grid-box .bd-more-next-line a {\r\n\t\tbackground: #2e93ea;\t\tcolor: #cecece\t}\r\n\t.blog_template.blog-grid-box .post-comment a,\r\n\t.blog_template.blog-grid-box .mauthor .author a,\r\n\t.blog_template.blog-grid-box .bd-metacats a,\r\n\t.blog_template.blog-grid-box .mdate a {\r\n\t\tcolor: #7fb5a3\t}\r\n\t.blog_template.blog-grid-box .post-comment a:hover,\r\n\t.blog_template.blog-grid-box .mauthor .author a:hover,\r\n\t.blog_template.blog-grid-box .bd-metacats a:hover,\r\n\t.blog_template.blog-grid-box .mdate a:hover {\r\n\t\tcolor: #999999\t}\r\n\t.blog_template.blog-grid-box .post_title a {\r\n\t\tcolor: #00af83;background: #ffffff;font-size: 30px\t}\r\n\t.blog_template.blog-grid-box .post_content {\r\n\t\tcolor: #999999;font-size: 12px\t}\r\n\t.blog_template.blog-grid-box {\r\n\t\tbackground: #ffffff\t}\r\n\r\n\t\/** 15.0 - Ticker Template *\/\r\n\t#blog-ticker-style-1 {\r\n\t\tborder-color: #ffffff\t}\r\n\t#blog-ticker-style-1 .ticker-title {\r\n\t\tbackground-color: #ffffff\t}\r\n\t#blog-ticker-style-1 .ticker-style-title {\r\n\t\t\t}\r\n\t#blog-ticker-style-1 .ticker-title>span {\r\n\t\tborder-color: transparent transparent transparent#ffffff\t}\r\n\t#blog-ticker-style-1 .blog-tickers a:hover {\r\n\t\tcolor: #ffffff\t}\r\n\t#blog-ticker-style-1 .blog-tickers a {\r\n\t\tcolor: #00af83\t}\r\n\t<\/style>\r\n<div class=\"bdp_wrapper\">\t\t\t\t\t\t<div class=\"blog_template boxy-clean\">\r\n\t\t\t\t\t\t\t<ul>\r\n\t\t\t\t\t\t\t\t<li class=\"blog_wrap bdp_blog_template two_column two_column_ipad two_column_tablet one_column_mobile bdp_blog_single_post_wrapp\">\r\n\t\t\t\t\t\t<div class=\"post-meta\">\r\n\t\t\t\t\t\t\t\t\t<div class=\"postdate\">\r\n\t\t\t\t\t\t<span class=\"month\">Feb 02<\/span>\r\n\t\t\t\t\t\t<span class=\"year\">2020<\/span>\r\n\t\t\t\t\t<\/div>\r\n\t\t\t\t\t\t\t\t\t\t\t<span class=\"post-comment\">\r\n\t\t\t\t\t\t\t<i class=\"fas fa-comment\"><\/i>\r\n\t\t\t\t\t\t\t<a href=\"https:\/\/grupo.us.es\/preguntaciencia\/2020\/02\/02\/divulgacion-cientifica\/paleogenomica-un-fascinante-viaje-al-pasado\/#respond\">0<\/a>\t\t\t\t\t\t<\/span>  \r\n\t\t\t\t\t\t\t\t\t<\/div>\r\n\t\t\t<div class=\"post-media\">\r\n\t\t\t\t\t\t\t\t\t<div class=\"bd-post-image\"><a href=\"https:\/\/grupo.us.es\/preguntaciencia\/2020\/02\/02\/divulgacion-cientifica\/paleogenomica-un-fascinante-viaje-al-pasado\/\"><img width=\"699\" height=\"393\" src=\"https:\/\/grupo.us.es\/preguntaciencia\/wp-content\/uploads\/2020\/01\/Denisovan_image-1.jpg\" class=\"attachment-full size-full wp-post-image\" alt=\"\" decoding=\"async\" loading=\"lazy\" srcset=\"https:\/\/grupo.us.es\/preguntaciencia\/wp-content\/uploads\/2020\/01\/Denisovan_image-1.jpg 699w, https:\/\/grupo.us.es\/preguntaciencia\/wp-content\/uploads\/2020\/01\/Denisovan_image-1-300x169.jpg 300w\" sizes=\"(max-width: 699px) 100vw, 699px\" \/><\/a><\/div> \r\n\t\t\t\t\t\t\t\t<\/div>\r\n\t\t\t<div class=\"post_summary_outer\">\r\n\t\t\t\t<div class=\"blog_header\">\r\n\t\t\t\t\t<h2><a href=\"https:\/\/grupo.us.es\/preguntaciencia\/2020\/02\/02\/divulgacion-cientifica\/paleogenomica-un-fascinante-viaje-al-pasado\/\">Paleogen\u00f3mica, un fascinante viaje al pasado<\/a><\/h2>\r\n\t\t\t\t<\/div>\r\n\t\t\t\t<div class=\"post_content\">\r\n\t\t\t\t\tpor Pablo Librado, investigador de AMIS CNRS lectura: 5 minutos El ADN contiene todas las instrucciones para nuestro correcto desarrollo biol\u00f3gico, definiendo \u2013en mayor o menor medida- muchas de nuestras caracter\u00edsticas, como el color de los ojos, la altura e incluso nuestra inteligencia. Siendo vitales para el desarrollo, no es extra\u00f1o que dichas instrucciones se transmitan recelosamente de padres a hijos, de generaci\u00f3n en generaci\u00f3n, portadas por un espermatozoide y un \u00f3vulo que acaban finalmente\t\t\t\t\t<div class=\"bd-more-next-line\"><a class=\"bd-more-tag\" href=\"https:\/\/grupo.us.es\/preguntaciencia\/2020\/02\/02\/divulgacion-cientifica\/paleogenomica-un-fascinante-viaje-al-pasado\/\">Read More <\/a><\/div>\t\t\t\t<\/div>\r\n\t\t\t<\/div>\r\n\t\t\t<div class=\"blog_footer\">\r\n\t\t\t\t<div class=\"footer_meta\">\r\n\t\t\t\t\t\t\t\t\t\t\t<div class=\"bd-metacats\">\r\n\t\t\t\t\t\t\t<i class=\"fas fa-bookmark\"><\/i>\r\n\t\t\t\t\t\t\t<a href=\"https:\/\/grupo.us.es\/preguntaciencia\/category\/divulgacion-cientifica\/\" rel=\"category tag\">Art\u00edculos Divulgaci\u00f3n<\/a>\t\t\t\t\t\t<\/div>\r\n\t\t\t\t\t\t\t\t\t\t\t\t\t\t\t\t\t\t<div class=\"\"><i class=\"fas fa-tags\"><\/i>\r\n\t\t\t\t\t\t\t\t<a href=\"https:\/\/grupo.us.es\/preguntaciencia\/tag\/antepasados\/\" rel=\"tag\">antepasados<\/a>, <a href=\"https:\/\/grupo.us.es\/preguntaciencia\/tag\/articulo-divulgacion-cientifica\/\" rel=\"tag\">art\u00edculo divulgacion cient\u00edfica<\/a>, <a href=\"https:\/\/grupo.us.es\/preguntaciencia\/tag\/ciencia\/\" rel=\"tag\">ciencia<\/a>, <a href=\"https:\/\/grupo.us.es\/preguntaciencia\/tag\/denisovano\/\" rel=\"tag\">denisovano<\/a>, <a href=\"https:\/\/grupo.us.es\/preguntaciencia\/tag\/genetica\/\" rel=\"tag\">gen\u00e9tica<\/a>, <a href=\"https:\/\/grupo.us.es\/preguntaciencia\/tag\/humanidad\/\" rel=\"tag\">humanidad<\/a>, <a href=\"https:\/\/grupo.us.es\/preguntaciencia\/tag\/neandertal\/\" rel=\"tag\">neandertal<\/a>, <a href=\"https:\/\/grupo.us.es\/preguntaciencia\/tag\/paleogenomica\/\" rel=\"tag\">paleogen\u00f3mica<\/a>\t\t\t\t\t\t\t<\/div>\r\n\t\t\t\t\t\t\t\t\t\t\t<\/div>\r\n\t\t\t\t<div class='bd_social_share_wrap'>\r\n\t\t\t\t\t\t\t\t\t<\/div>\r\n\t\t\t<\/div>\r\n\t\t<\/li>\r\n\r\n\t\t\t\t<li class=\"blog_wrap bdp_blog_template two_column two_column_ipad two_column_tablet one_column_mobile bdp_blog_single_post_wrapp\">\r\n\t\t\t\t\t\t<div class=\"post-meta\">\r\n\t\t\t\t\t\t\t\t\t<div class=\"postdate\">\r\n\t\t\t\t\t\t<span class=\"month\">Dic 18<\/span>\r\n\t\t\t\t\t\t<span class=\"year\">2019<\/span>\r\n\t\t\t\t\t<\/div>\r\n\t\t\t\t\t\t\t\t\t\t\t<span class=\"post-comment\">\r\n\t\t\t\t\t\t\t<i class=\"fas fa-comment\"><\/i>\r\n\t\t\t\t\t\t\t<a href=\"https:\/\/grupo.us.es\/preguntaciencia\/2019\/12\/18\/divulgacion-cientifica\/acabar-con-la-malaria-en-el-2030-2\/#respond\">0<\/a>\t\t\t\t\t\t<\/span>  \r\n\t\t\t\t\t\t\t\t\t<\/div>\r\n\t\t\t<div class=\"post-media\">\r\n\t\t\t\t\t\t\t\t\t<div class=\"bd-post-image\"><a href=\"https:\/\/grupo.us.es\/preguntaciencia\/2019\/12\/18\/divulgacion-cientifica\/acabar-con-la-malaria-en-el-2030-2\/\"><img width=\"1280\" height=\"688\" src=\"https:\/\/grupo.us.es\/preguntaciencia\/wp-content\/uploads\/2019\/12\/esp_Investigacion_EGD_FIG-TUIT9a.png\" class=\"attachment-full size-full wp-post-image\" alt=\"Ni\u00f1os esperando a ser testados por malaria antes de entrar en la escuela en una aldea del sur de Burkina-Faso\" decoding=\"async\" loading=\"lazy\" srcset=\"https:\/\/grupo.us.es\/preguntaciencia\/wp-content\/uploads\/2019\/12\/esp_Investigacion_EGD_FIG-TUIT9a.png 1280w, https:\/\/grupo.us.es\/preguntaciencia\/wp-content\/uploads\/2019\/12\/esp_Investigacion_EGD_FIG-TUIT9a-300x161.png 300w, https:\/\/grupo.us.es\/preguntaciencia\/wp-content\/uploads\/2019\/12\/esp_Investigacion_EGD_FIG-TUIT9a-1024x550.png 1024w, https:\/\/grupo.us.es\/preguntaciencia\/wp-content\/uploads\/2019\/12\/esp_Investigacion_EGD_FIG-TUIT9a-768x413.png 768w\" sizes=\"(max-width: 1280px) 100vw, 1280px\" \/><\/a><\/div> \r\n\t\t\t\t\t\t\t\t<\/div>\r\n\t\t\t<div class=\"post_summary_outer\">\r\n\t\t\t\t<div class=\"blog_header\">\r\n\t\t\t\t\t<h2><a href=\"https:\/\/grupo.us.es\/preguntaciencia\/2019\/12\/18\/divulgacion-cientifica\/acabar-con-la-malaria-en-el-2030-2\/\">Acabar con la malaria en el 2030, \u00bfrealidad o sue\u00f1o?<\/a><\/h2>\r\n\t\t\t\t<\/div>\r\n\t\t\t\t<div class=\"post_content\">\r\n\t\t\t\t\tpor Elena G\u00f3mez-D\u00edaz, investigadora en IPBLN-CSIC lectura: 6 minutos A veces escuchamos en los medios de comunicaci\u00f3n hablar sobre una nueva vacuna contra la malaria, o bien del riesgo de contraer malaria cuando viajamos a un pa\u00eds tropical y nos exponemos a las picaduras de mosquitos, pero\u2026 \u00bfQu\u00e9 es la malaria? La malaria es una enfermedad que la causan par\u00e1sitos protozoos del g\u00e9nero Plasmodium y la transmiten algunos mosquitos. Existen diferentes especies de Plasmodium que\t\t\t\t\t<div class=\"bd-more-next-line\"><a class=\"bd-more-tag\" href=\"https:\/\/grupo.us.es\/preguntaciencia\/2019\/12\/18\/divulgacion-cientifica\/acabar-con-la-malaria-en-el-2030-2\/\">Read More <\/a><\/div>\t\t\t\t<\/div>\r\n\t\t\t<\/div>\r\n\t\t\t<div class=\"blog_footer\">\r\n\t\t\t\t<div class=\"footer_meta\">\r\n\t\t\t\t\t\t\t\t\t\t\t<div class=\"bd-metacats\">\r\n\t\t\t\t\t\t\t<i class=\"fas fa-bookmark\"><\/i>\r\n\t\t\t\t\t\t\t<a href=\"https:\/\/grupo.us.es\/preguntaciencia\/category\/divulgacion-cientifica\/\" rel=\"category tag\">Art\u00edculos Divulgaci\u00f3n<\/a>\t\t\t\t\t\t<\/div>\r\n\t\t\t\t\t\t\t\t\t\t\t\t\t\t\t\t\t\t<div class=\"\"><i class=\"fas fa-tags\"><\/i>\r\n\t\t\t\t\t\t\t\t<a href=\"https:\/\/grupo.us.es\/preguntaciencia\/tag\/africa\/\" rel=\"tag\">Africa<\/a>, <a href=\"https:\/\/grupo.us.es\/preguntaciencia\/tag\/anopheles\/\" rel=\"tag\">Anopheles<\/a>, <a href=\"https:\/\/grupo.us.es\/preguntaciencia\/tag\/malaria\/\" rel=\"tag\">malaria<\/a>, <a href=\"https:\/\/grupo.us.es\/preguntaciencia\/tag\/mosquito\/\" rel=\"tag\">mosquito<\/a>, <a href=\"https:\/\/grupo.us.es\/preguntaciencia\/tag\/parasito\/\" rel=\"tag\">par\u00e1sito<\/a>, <a href=\"https:\/\/grupo.us.es\/preguntaciencia\/tag\/plasmodium\/\" rel=\"tag\">Plasmodium<\/a>\t\t\t\t\t\t\t<\/div>\r\n\t\t\t\t\t\t\t\t\t\t\t<\/div>\r\n\t\t\t\t<div class='bd_social_share_wrap'>\r\n\t\t\t\t\t\t\t\t\t<\/div>\r\n\t\t\t<\/div>\r\n\t\t<\/li>\r\n\r\n\t\t\t\t<li class=\"blog_wrap bdp_blog_template two_column two_column_ipad two_column_tablet one_column_mobile bdp_blog_single_post_wrapp\">\r\n\t\t\t\t\t\t<div class=\"post-meta\">\r\n\t\t\t\t\t\t\t\t\t<div class=\"postdate\">\r\n\t\t\t\t\t\t<span class=\"month\">Ago 12<\/span>\r\n\t\t\t\t\t\t<span class=\"year\">2019<\/span>\r\n\t\t\t\t\t<\/div>\r\n\t\t\t\t\t\t\t\t\t\t\t<span class=\"post-comment\">\r\n\t\t\t\t\t\t\t<i class=\"fas fa-comment\"><\/i>\r\n\t\t\t\t\t\t\t<a href=\"https:\/\/grupo.us.es\/preguntaciencia\/2019\/08\/12\/noticias\/te-paras-un-minuto-y-te-animas\/#respond\">0<\/a>\t\t\t\t\t\t<\/span>  \r\n\t\t\t\t\t\t\t\t\t<\/div>\r\n\t\t\t<div class=\"post-media\">\r\n\t\t\t\t\t\t\t\t\t<div class=\"bd-post-image\"><a href=\"https:\/\/grupo.us.es\/preguntaciencia\/2019\/08\/12\/noticias\/te-paras-un-minuto-y-te-animas\/\"><img width=\"1629\" height=\"977\" src=\"https:\/\/grupo.us.es\/preguntaciencia\/wp-content\/uploads\/2019\/08\/reloj-y-arena.jpg\" class=\"attachment-full size-full wp-post-image\" alt=\"reloj y arena\" decoding=\"async\" loading=\"lazy\" srcset=\"https:\/\/grupo.us.es\/preguntaciencia\/wp-content\/uploads\/2019\/08\/reloj-y-arena.jpg 1629w, https:\/\/grupo.us.es\/preguntaciencia\/wp-content\/uploads\/2019\/08\/reloj-y-arena-300x180.jpg 300w, https:\/\/grupo.us.es\/preguntaciencia\/wp-content\/uploads\/2019\/08\/reloj-y-arena-768x461.jpg 768w, https:\/\/grupo.us.es\/preguntaciencia\/wp-content\/uploads\/2019\/08\/reloj-y-arena-1024x614.jpg 1024w\" sizes=\"(max-width: 1629px) 100vw, 1629px\" \/><\/a><\/div> \r\n\t\t\t\t\t\t\t\t<\/div>\r\n\t\t\t<div class=\"post_summary_outer\">\r\n\t\t\t\t<div class=\"blog_header\">\r\n\t\t\t\t\t<h2><a href=\"https:\/\/grupo.us.es\/preguntaciencia\/2019\/08\/12\/noticias\/te-paras-un-minuto-y-te-animas\/\">\u00bfTe paras un minuto y te animas?<\/a><\/h2>\r\n\t\t\t\t<\/div>\r\n\t\t\t\t<div class=\"post_content\">\r\n\t\t\t\t\tA veces es muy dif\u00edcil preguntar algo a alguien sobre algo de ciencia. No sabes que podr\u00e1n pensar de ti, si es adecuado o van creer que la pregunta es poco inteligente, pero nada mas lejos de la realidad. Hay muchos cient\u00edficos rode\u00e1ndote, pero como podr\u00edas saberlo. Los expertos en ciencia vivimos de las preguntas; nuestras preguntas, las de compa\u00f1eros\/as de profesi\u00f3n y de las personas ajenas a nuestro entorno. Estamos acostumbrados a resolver esas\t\t\t\t\t<div class=\"bd-more-next-line\"><a class=\"bd-more-tag\" href=\"https:\/\/grupo.us.es\/preguntaciencia\/2019\/08\/12\/noticias\/te-paras-un-minuto-y-te-animas\/\">Read More <\/a><\/div>\t\t\t\t<\/div>\r\n\t\t\t<\/div>\r\n\t\t\t<div class=\"blog_footer\">\r\n\t\t\t\t<div class=\"footer_meta\">\r\n\t\t\t\t\t\t\t\t\t\t\t<div class=\"bd-metacats\">\r\n\t\t\t\t\t\t\t<i class=\"fas fa-bookmark\"><\/i>\r\n\t\t\t\t\t\t\t<a href=\"https:\/\/grupo.us.es\/preguntaciencia\/category\/noticias\/\" rel=\"category tag\">Noticias<\/a>\t\t\t\t\t\t<\/div>\r\n\t\t\t\t\t\t\t\t\t\t\t\t\t\t\t\t\t\t<div class=\"\"><i class=\"fas fa-tags\"><\/i>\r\n\t\t\t\t\t\t\t\t<a href=\"https:\/\/grupo.us.es\/preguntaciencia\/tag\/preguntar-cientifico-cientifica-ciencia-dudas\/\" rel=\"tag\">preguntar cient\u00edfico cient\u00edfica ciencia dudas<\/a>\t\t\t\t\t\t\t<\/div>\r\n\t\t\t\t\t\t\t\t\t\t\t<\/div>\r\n\t\t\t\t<div class='bd_social_share_wrap'>\r\n\t\t\t\t\t\t\t\t\t<\/div>\r\n\t\t\t<\/div>\r\n\t\t<\/li>\r\n\r\n\t\t\t\t\t\t\t\t<\/ul>\r\n\t\t\t\t\t<\/div>\r\n\t\t\t\t<div class=\"wl_pagination_box bd_pagination_box  boxy-clean\"><\/div><\/div>\n","protected":false},"excerpt":{"rendered":"","protected":false},"author":1,"featured_media":0,"parent":0,"menu_order":0,"comment_status":"closed","ping_status":"closed","template":"","meta":[],"_links":{"self":[{"href":"https:\/\/grupo.us.es\/preguntaciencia\/wp-json\/wp\/v2\/pages\/367"}],"collection":[{"href":"https:\/\/grupo.us.es\/preguntaciencia\/wp-json\/wp\/v2\/pages"}],"about":[{"href":"https:\/\/grupo.us.es\/preguntaciencia\/wp-json\/wp\/v2\/types\/page"}],"author":[{"embeddable":true,"href":"https:\/\/grupo.us.es\/preguntaciencia\/wp-json\/wp\/v2\/users\/1"}],"replies":[{"embeddable":true,"href":"https:\/\/grupo.us.es\/preguntaciencia\/wp-json\/wp\/v2\/comments?post=367"}],"version-history":[{"count":4,"href":"https:\/\/grupo.us.es\/preguntaciencia\/wp-json\/wp\/v2\/pages\/367\/revisions"}],"predecessor-version":[{"id":493,"href":"https:\/\/grupo.us.es\/preguntaciencia\/wp-json\/wp\/v2\/pages\/367\/revisions\/493"}],"wp:attachment":[{"href":"https:\/\/grupo.us.es\/preguntaciencia\/wp-json\/wp\/v2\/media?parent=367"}],"curies":[{"name":"wp","href":"https:\/\/api.w.org\/{rel}","templated":true}]}}