{"id":297,"date":"2018-10-19T08:28:29","date_gmt":"2018-10-19T08:28:29","guid":{"rendered":"https:\/\/grupo.us.es\/preguntaciencia\/?page_id=297"},"modified":"2019-08-19T06:16:11","modified_gmt":"2019-08-19T06:16:11","slug":"reglas-usuarios","status":"publish","type":"page","link":"https:\/\/grupo.us.es\/preguntaciencia\/reglas-usuarios\/","title":{"rendered":"Reglas Usuari@s"},"content":{"rendered":"<p style=\"font-size: 22px;\"><strong>1.&nbsp;<\/strong><strong>Preguntar <\/strong>con claridad intentando poner etiquetas a tu cuesti\u00f3n para que los profesionales especializados puedan encontrar r\u00e1pidamente tu pregunta.<\/p>\n<!-- \/wp:paragraph -->\n\n<!-- wp:spacer {\"height\":75} -->\n<div class=\"wp-block-spacer\" style=\"height: 75px;\" aria-hidden=\"true\">&nbsp;<\/div>\n<!-- \/wp:spacer -->\n\n<!-- wp:paragraph {\"customFontSize\":22} -->\n<p align=\"justify\" style=\"font-size: 22px;\"><strong>2.&nbsp;<\/strong><strong>Evitar <\/strong>preguntar sobre <strong>casos particulares de salud<\/strong>, ya que los cient\u00edficos o m\u00e9dicos no pueden responder sin conocimientos de diagn\u00f3stico, pruebas, etc. Para este tipo de cuestiones, acuda a su especialista o m\u00e9dico de cabecera.<\/p>\n<!-- \/wp:paragraph -->\n\n<!-- wp:spacer {\"height\":75} -->\n<div class=\"wp-block-spacer\" style=\"height: 75px;\" aria-hidden=\"true\">&nbsp;<\/div>\n<!-- \/wp:spacer -->\n\n<!-- wp:paragraph {\"customFontSize\":22} -->\n<p align=\"justify\" style=\"font-size: 22px;\"><strong>3.<\/strong> Cuanto <strong>m\u00e1s preguntas<\/strong> hagas <strong>m\u00e1s puntos<\/strong> en tu reputaci\u00f3n como usuario obtendr\u00e1s, as\u00ed como valorar las respuestas y comentarios ayudar\u00e1 a tu reputaci\u00f3n y la de los dem\u00e1s.<\/p>\n<!-- \/wp:paragraph -->\n\n<!-- wp:spacer {\"height\":75} -->\n<div class=\"wp-block-spacer\" style=\"height: 75px;\" aria-hidden=\"true\">&nbsp;<\/div>\n<!-- \/wp:spacer -->\n\n<!-- wp:paragraph {\"customTextColor\":\"#22194d\",\"customFontSize\":22} -->\n<p align=\"justify\" style=\"color: #22194d; font-size: 22px; text-align: left;\"><strong>4. Vincular a otros usuarios<\/strong> que puedan complementar con mas detalles las preguntas . Puedes usar el link de enviar por e-mail u por otro medio que creas interesante.<\/p>\n<!-- \/wp:paragraph -->\n\n<!-- wp:spacer -->\n<div class=\"wp-block-spacer\" style=\"height: 100px;\" aria-hidden=\"true\">&nbsp;<\/div>\n<!-- \/wp:spacer -->\n\n<!-- wp:image {\"id\":180} -->\n<figure class=\"wp-block-image\"><img decoding=\"async\" loading=\"lazy\" width=\"3000\" height=\"150\" class=\"wp-image-180\" src=\"https:\/\/grupo.us.es\/preguntaciencia\/wp-content\/uploads\/2018\/09\/tira-de-iconos-25opacidad.png\" alt=\"\" srcset=\"https:\/\/grupo.us.es\/preguntaciencia\/wp-content\/uploads\/2018\/09\/tira-de-iconos-25opacidad.png 3000w, https:\/\/grupo.us.es\/preguntaciencia\/wp-content\/uploads\/2018\/09\/tira-de-iconos-25opacidad-300x15.png 300w, https:\/\/grupo.us.es\/preguntaciencia\/wp-content\/uploads\/2018\/09\/tira-de-iconos-25opacidad-768x38.png 768w, https:\/\/grupo.us.es\/preguntaciencia\/wp-content\/uploads\/2018\/09\/tira-de-iconos-25opacidad-1024x51.png 1024w\" sizes=\"(max-width: 3000px) 100vw, 3000px\" \/><\/figure>\n<!-- \/wp:image -->\n\n<!-- wp:spacer -->\n<div class=\"wp-block-spacer\" style=\"height: 100px;\" aria-hidden=\"true\">&nbsp;<\/div>","protected":false},"excerpt":{"rendered":"<p>1.&nbsp;Preguntar con claridad intentando poner etiquetas a tu cuesti\u00f3n para que los profesionales especializados puedan encontrar r\u00e1pidamente tu pregunta. &nbsp; 2.&nbsp;Evitar preguntar sobre casos particulares de salud, ya que los cient\u00edficos o m\u00e9dicos no pueden responder sin conocimientos de diagn\u00f3stico, pruebas, etc. Para este tipo de cuestiones, acuda a su especialista o m\u00e9dico de cabecera. &nbsp; 3. Cuanto m\u00e1s preguntas hagas m\u00e1s puntos en tu reputaci\u00f3n como usuario obtendr\u00e1s, as\u00ed como valorar las respuestas y [&hellip;]<\/p>\n","protected":false},"author":1,"featured_media":0,"parent":0,"menu_order":0,"comment_status":"closed","ping_status":"closed","template":"templates\/full-width.php","meta":[],"_links":{"self":[{"href":"https:\/\/grupo.us.es\/preguntaciencia\/wp-json\/wp\/v2\/pages\/297"}],"collection":[{"href":"https:\/\/grupo.us.es\/preguntaciencia\/wp-json\/wp\/v2\/pages"}],"about":[{"href":"https:\/\/grupo.us.es\/preguntaciencia\/wp-json\/wp\/v2\/types\/page"}],"author":[{"embeddable":true,"href":"https:\/\/grupo.us.es\/preguntaciencia\/wp-json\/wp\/v2\/users\/1"}],"replies":[{"embeddable":true,"href":"https:\/\/grupo.us.es\/preguntaciencia\/wp-json\/wp\/v2\/comments?post=297"}],"version-history":[{"count":4,"href":"https:\/\/grupo.us.es\/preguntaciencia\/wp-json\/wp\/v2\/pages\/297\/revisions"}],"predecessor-version":[{"id":410,"href":"https:\/\/grupo.us.es\/preguntaciencia\/wp-json\/wp\/v2\/pages\/297\/revisions\/410"}],"wp:attachment":[{"href":"https:\/\/grupo.us.es\/preguntaciencia\/wp-json\/wp\/v2\/media?parent=297"}],"curies":[{"name":"wp","href":"https:\/\/api.w.org\/{rel}","templated":true}]}}