{"id":225,"date":"2018-09-15T16:23:01","date_gmt":"2018-09-15T16:23:01","guid":{"rendered":"https:\/\/grupo.us.es\/preguntaciencia\/?page_id=225"},"modified":"2019-08-19T06:16:37","modified_gmt":"2019-08-19T06:16:37","slug":"instrucciones-para-cientificos","status":"publish","type":"page","link":"https:\/\/grupo.us.es\/preguntaciencia\/instrucciones-para-cientificos\/","title":{"rendered":"Reglas para Cient\u00edfic@s"},"content":{"rendered":"\n<p>&nbsp;<\/p>\n\n\n\n<p style=\"font-size:22px\"><p style=\"font-size: 22px;\" align=\"justify\"><strong>1. Responder <\/strong>siempre con <em>bases cient\u00edficas<\/em> referenciadas, y just\u00edficadas. Intentar a\u00f1adir citas de art\u00edculos cient\u00edficos y libros de calidad contrastada.<\/p><\/p>\n\n\n\n<div class=\"wp-block-spacer\" style=\"height: 75px;\" aria-hidden=\"true\">\u00a0<\/div>\n\n\n\n<p style=\"font-size:22px\"><p style=\"font-size: 22px;\" align=\"justify\"><strong>2. Comentar<\/strong> una pregunta y\/o una respuesta con tu opini\u00f3n sobre un tema como experto, si no incluyes referencias o no tienes tiempo de aportarlas.<\/p><\/p>\n\n\n\n<div class=\"wp-block-spacer\" style=\"height: 75px;\" aria-hidden=\"true\">\u00a0<\/div>\n\n\n\n<p style=\"font-size:22px\"><p style=\"font-size: 22px;\" align=\"justify\"><strong>3. <\/strong>Usar<strong> lenguaje <strong>sencillo y comprensible<\/strong><\/strong>para el p\u00fablico general el cual no tiene porque tener conocimientos previos sobre el tema.<\/p><\/p>\n\n\n\n<div class=\"wp-block-spacer\" style=\"height: 75px;\" aria-hidden=\"true\">\u00a0<\/div>\n\n\n\n<p style=\"color:#22194d;font-size:22px\" class=\"has-text-color\"><p style=\"color: #22194d; font-size: 22px;\" align=\"justify\"><strong>4. Vincular a otros profesionales<\/strong> que puedan responder con mas detalles y mas bibliograf\u00eda a las preguntas de los usuarios. Puedes usar el link de enviar por e-mail u por otro medio que creas interesante.<\/p><\/p>\n\n\n\n<div class=\"wp-block-spacer\" style=\"height: 100px;\" aria-hidden=\"true\">\u00a0<\/div>\n\n\n\n<figure class=\"wp-block-image\"><img decoding=\"async\" loading=\"lazy\" width=\"3000\" height=\"150\" src=\"https:\/\/grupo.us.es\/preguntaciencia\/wp-content\/uploads\/2018\/09\/tira-de-iconos-25opacidad.png\" alt=\"\" class=\"wp-image-180\" srcset=\"https:\/\/grupo.us.es\/preguntaciencia\/wp-content\/uploads\/2018\/09\/tira-de-iconos-25opacidad.png 3000w, https:\/\/grupo.us.es\/preguntaciencia\/wp-content\/uploads\/2018\/09\/tira-de-iconos-25opacidad-300x15.png 300w, https:\/\/grupo.us.es\/preguntaciencia\/wp-content\/uploads\/2018\/09\/tira-de-iconos-25opacidad-768x38.png 768w, https:\/\/grupo.us.es\/preguntaciencia\/wp-content\/uploads\/2018\/09\/tira-de-iconos-25opacidad-1024x51.png 1024w\" sizes=\"(max-width: 3000px) 100vw, 3000px\" \/><\/figure>\n\n\n\n<div class=\"wp-block-spacer\" style=\"height: 100px;\" aria-hidden=\"true\">\u00a0<\/div>\n\n\n\n<p>&nbsp;<\/p>\n","protected":false},"excerpt":{"rendered":"<p>&nbsp; 1. Responder siempre con bases cient\u00edficas referenciadas, y just\u00edficadas. Intentar a\u00f1adir citas de art\u00edculos cient\u00edficos y libros de calidad contrastada. 2. Comentar una pregunta y\/o una respuesta con tu opini\u00f3n sobre un tema como experto, si no incluyes referencias o no tienes tiempo de aportarlas. 3. Usar lenguaje sencillo y comprensiblepara el p\u00fablico general el cual no tiene porque tener conocimientos previos sobre el tema. 4. Vincular a otros profesionales que puedan responder con [&hellip;]<\/p>\n","protected":false},"author":1,"featured_media":0,"parent":0,"menu_order":0,"comment_status":"closed","ping_status":"closed","template":"templates\/full-width.php","meta":[],"_links":{"self":[{"href":"https:\/\/grupo.us.es\/preguntaciencia\/wp-json\/wp\/v2\/pages\/225"}],"collection":[{"href":"https:\/\/grupo.us.es\/preguntaciencia\/wp-json\/wp\/v2\/pages"}],"about":[{"href":"https:\/\/grupo.us.es\/preguntaciencia\/wp-json\/wp\/v2\/types\/page"}],"author":[{"embeddable":true,"href":"https:\/\/grupo.us.es\/preguntaciencia\/wp-json\/wp\/v2\/users\/1"}],"replies":[{"embeddable":true,"href":"https:\/\/grupo.us.es\/preguntaciencia\/wp-json\/wp\/v2\/comments?post=225"}],"version-history":[{"count":6,"href":"https:\/\/grupo.us.es\/preguntaciencia\/wp-json\/wp\/v2\/pages\/225\/revisions"}],"predecessor-version":[{"id":411,"href":"https:\/\/grupo.us.es\/preguntaciencia\/wp-json\/wp\/v2\/pages\/225\/revisions\/411"}],"wp:attachment":[{"href":"https:\/\/grupo.us.es\/preguntaciencia\/wp-json\/wp\/v2\/media?parent=225"}],"curies":[{"name":"wp","href":"https:\/\/api.w.org\/{rel}","templated":true}]}}