{"id":179,"date":"2018-09-12T12:43:06","date_gmt":"2018-09-12T12:43:06","guid":{"rendered":"https:\/\/grupo.us.es\/preguntaciencia\/?page_id=179"},"modified":"2018-10-17T20:51:56","modified_gmt":"2018-10-17T20:51:56","slug":"reputacion","status":"publish","type":"page","link":"https:\/\/grupo.us.es\/preguntaciencia\/reputacion\/","title":{"rendered":"Reputaci\u00f3n"},"content":{"rendered":"\n<pre class=\"wp-block-preformatted\">La puntuaci\u00f3n obtenida para los usuari@s y cient\u00edfic@s se deben a los siguientes par\u00e1metros:<\/pre>\n\n\n\n<div class=\"wp-block-columns has-2-columns is-layout-flex wp-container-3\">\n<div class=\"wp-block-column is-layout-flow\">\n<p class=\"has-regular-font-size\">1.- Registro<\/p>\n\n\n\n<p>2.- Preguntar<\/p>\n\n\n\n<p>3.- Responder<\/p>\n\n\n\n<p>4.- Comentar\u00a0 \u00a0 \u00a0 \u00a0 \u00a0 \u00a0 \u00a0 \u00a0 \u00a0 \u00a0 \u00a0 \u00a0 \u00a0 \u00a0 \u00a0 \u00a0 \u00a0 \u00a0 \u00a0 \u00a0 \u00a0 \u00a0<\/p>\n\n\n\n<p>5.-Seleccionar una respuesta\u00a0 \u00a0 \u00a0 \u00a0 \u00a0 \u00a0 \u00a0 \u00a0<\/p>\n\n\n\n<p>6.- Mejor Respuesta\u00a0 \u00a0 \u00a0 \u00a0 \u00a0 \u00a0 \u00a0 \u00a0 \u00a0 \u00a0 \u00a0 \u00a0 \u00a0 \u00a0 \u00a0 \u00a0\u00a0<\/p>\n\n\n\n<p>7.- Recibir un voto positivo\u00a0 \u00a0 \u00a0 \u00a0 \u00a0 \u00a0 \u00a0 \u00a0 \u00a0 \u00a0 \u00a0 \u00a0<\/p>\n\n\n\n<p>8.- Recibir un voto negativo\u00a0 \u00a0 \u00a0 \u00a0 \u00a0 \u00a0 \u00a0 \u00a0 \u00a0<\/p>\n\n\n\n<p>9.- Dar voto positivo<\/p>\n\n\n\n<p>10.- Dar voto negativo<\/p>\n<\/div>\n\n\n\n<div class=\"wp-block-column is-layout-flow\">\n<p style=\"text-align:left\"><strong>10<\/strong>\u00a0 Puntos por crear una cuenta<\/p>\n\n\n\n<p style=\"text-align:left\"><strong>2\u00a0<\/strong> Puntos\u00a0 por preguntar<\/p>\n\n\n\n<p><strong>5\u00a0<\/strong> Puntos por responder\u00a0 <\/p>\n\n\n\n<p><strong>2<\/strong> Puntos por comentar una pregunta o una respuesta<\/p>\n\n\n\n<p><strong>2<\/strong> Puntos por seleccionar una respuesta a su pregunta<\/p>\n\n\n\n<p><strong>10<\/strong>\u00a0 Puntos por la respuesta seleccionad como la mejor<\/p>\n\n\n\n<p><strong>10<\/strong>\u00a0 Puntos por recibir un voto positivo<\/p>\n\n\n\n<p><strong>-2<\/strong> Puntos por recibir un voto negativo<\/p>\n\n\n\n<p><strong>0<\/strong> Puntos por dar voto positivo<\/p>\n\n\n\n<p><strong>0<\/strong> Puntos por dar voto negativo<\/p>\n\n\n\n<p><\/p>\n<\/div>\n<\/div>\n\n\n\n<figure class=\"wp-block-image\"><img decoding=\"async\" loading=\"lazy\" width=\"3000\" height=\"150\" src=\"https:\/\/grupo.us.es\/preguntaciencia\/wp-content\/uploads\/2018\/09\/tira-de-iconos-25opacidad.png\" alt=\"\" class=\"wp-image-180\" srcset=\"https:\/\/grupo.us.es\/preguntaciencia\/wp-content\/uploads\/2018\/09\/tira-de-iconos-25opacidad.png 3000w, https:\/\/grupo.us.es\/preguntaciencia\/wp-content\/uploads\/2018\/09\/tira-de-iconos-25opacidad-300x15.png 300w, https:\/\/grupo.us.es\/preguntaciencia\/wp-content\/uploads\/2018\/09\/tira-de-iconos-25opacidad-768x38.png 768w, https:\/\/grupo.us.es\/preguntaciencia\/wp-content\/uploads\/2018\/09\/tira-de-iconos-25opacidad-1024x51.png 1024w\" sizes=\"(max-width: 3000px) 100vw, 3000px\" \/><\/figure>\n","protected":false},"excerpt":{"rendered":"<p>La puntuaci\u00f3n obtenida para los usuari@s y cient\u00edfic@s se deben a los siguientes par\u00e1metros: 1.- Registro 2.- Preguntar 3.- Responder 4.- Comentar\u00a0 \u00a0 \u00a0 \u00a0 \u00a0 \u00a0 \u00a0 \u00a0 \u00a0 \u00a0 \u00a0 \u00a0 \u00a0 \u00a0 \u00a0 \u00a0 \u00a0 \u00a0 \u00a0 \u00a0 \u00a0 \u00a0 5.-Seleccionar una respuesta\u00a0 \u00a0 \u00a0 \u00a0 \u00a0 \u00a0 \u00a0 \u00a0 6.- Mejor Respuesta\u00a0 \u00a0 \u00a0 \u00a0 \u00a0 \u00a0 \u00a0 \u00a0 \u00a0 \u00a0 \u00a0 \u00a0 \u00a0 \u00a0 \u00a0 \u00a0\u00a0 7.- Recibir un voto [&hellip;]<\/p>\n","protected":false},"author":1,"featured_media":0,"parent":0,"menu_order":0,"comment_status":"closed","ping_status":"closed","template":"templates\/full-width.php","meta":[],"_links":{"self":[{"href":"https:\/\/grupo.us.es\/preguntaciencia\/wp-json\/wp\/v2\/pages\/179"}],"collection":[{"href":"https:\/\/grupo.us.es\/preguntaciencia\/wp-json\/wp\/v2\/pages"}],"about":[{"href":"https:\/\/grupo.us.es\/preguntaciencia\/wp-json\/wp\/v2\/types\/page"}],"author":[{"embeddable":true,"href":"https:\/\/grupo.us.es\/preguntaciencia\/wp-json\/wp\/v2\/users\/1"}],"replies":[{"embeddable":true,"href":"https:\/\/grupo.us.es\/preguntaciencia\/wp-json\/wp\/v2\/comments?post=179"}],"version-history":[{"count":1,"href":"https:\/\/grupo.us.es\/preguntaciencia\/wp-json\/wp\/v2\/pages\/179\/revisions"}],"predecessor-version":[{"id":183,"href":"https:\/\/grupo.us.es\/preguntaciencia\/wp-json\/wp\/v2\/pages\/179\/revisions\/183"}],"wp:attachment":[{"href":"https:\/\/grupo.us.es\/preguntaciencia\/wp-json\/wp\/v2\/media?parent=179"}],"curies":[{"name":"wp","href":"https:\/\/api.w.org\/{rel}","templated":true}]}}