{"id":831,"date":"2023-11-30T16:42:06","date_gmt":"2023-11-30T16:42:06","guid":{"rendered":"https:\/\/grupo.us.es\/plusenerpot\/?page_id=831"},"modified":"2025-07-01T11:07:01","modified_gmt":"2025-07-01T11:07:01","slug":"news","status":"publish","type":"page","link":"https:\/\/grupo.us.es\/plusenerpot\/news\/","title":{"rendered":"News and Utilities"},"content":{"rendered":"\n<p class=\"has-text-align-center\">The research team of the ENERPOT group is honoured to be part of the Scientific Committee of the conference, contributing their expertise to support the academic quality and rigour of the Congreso Internacional \u00ab<strong>Repensando la Energ\u00eda para la Sostenibilidad, Equidad y Transici\u00f3n<\/strong>\u00bb  <\/p>\n\n\n\n<p class=\"has-text-align-center\">You are warmly invited to join an urgent and transformative conversation at the International Congress <strong>\u00abRepensando la Energ\u00eda para la Sostenibilidad, Equidad y Transici\u00f3n\u00bb<\/strong>, to be held in the vibrant city of Panama. This event goes beyond academic exchange: it is a meeting point for collectively imagining and building a fairer, more resilient, and sustainable energy future.<\/p>\n\n\n\n<p class=\"has-text-align-center\">Over the course of two days, you will be able to explore a rich diversity of knowledge, experiences, and perspectives that are shaping the new frontiers of comfort and sustainability. With thought-provoking presentations and unique learning opportunities, the congress will address energy from multiple angles.<\/p>\n\n\n\n<p class=\"has-text-align-center\">More info here: <a rel=\"noreferrer noopener\" href=\"https:\/\/resetconference.org\/\" data-type=\"URL\" data-id=\"https:\/\/resetconference.org\/\" target=\"_blank\">https:\/\/resetconference.org\/<\/a><\/p>\n\n\n<div class=\"wp-block-image\">\n<figure class=\"aligncenter\"><img decoding=\"async\" src=\"https:\/\/grupo.us.es\/plusenerpot\/wp-content\/uploads\/2025\/07\/RESET-img-pie-de-pagina-1-1024x205.png\" alt=\"La imagen tiene un atributo ALT vac\u00edo; su nombre de archivo es RESET-img-pie-de-pagina-1-1024x205.png\"\/><\/figure><\/div>\n\n\n<hr class=\"wp-block-separator has-alpha-channel-opacity\"\/>\n\n\n\n<h2 class=\"has-text-align-center has-x-large-font-size\"><\/h2>\n\n\n\n<p class=\"has-text-align-center\">ENERPOT team participated on the ICAT2025 Internationcal Conference that took place in Alicante (June, 16th). <strong>Read here the communication entitled &#8216;ENERGY POVERTY IN SEVILLE: TRENDS, VULNERABILITY, AND THE ROLE OF CLIMATE SCENARIOS&#8217;<\/strong>:<\/p>\n\n\n\n<p class=\"has-text-align-center\"><a href=\"https:\/\/dca.ua.es\/en\/icat2025alicante\/web\/proceedings.html\">https:\/\/dca.ua.es\/en\/icat2025alicante\/web\/proceedings.html<\/a><\/p>\n\n\n<div class=\"wp-block-image\">\n<figure class=\"aligncenter size-full\"><a href=\"https:\/\/dca.ua.es\/en\/icat2025alicante\/web\/proceedings.html\" target=\"_blank\" rel=\"https:\/\/dca.ua.es\/en\/icat2025alicante\/web\/proceedings.html noreferrer noopener\"><img decoding=\"async\" loading=\"lazy\" width=\"637\" height=\"829\" src=\"https:\/\/grupo.us.es\/plusenerpot\/wp-content\/uploads\/2025\/06\/ICAT25.jpg\" alt=\"\" class=\"wp-image-990\" srcset=\"https:\/\/grupo.us.es\/plusenerpot\/wp-content\/uploads\/2025\/06\/ICAT25.jpg 637w, https:\/\/grupo.us.es\/plusenerpot\/wp-content\/uploads\/2025\/06\/ICAT25-231x300.jpg 231w\" sizes=\"(max-width: 637px) 100vw, 637px\" \/><\/a><\/figure><\/div>\n\n\n<hr class=\"wp-block-separator has-alpha-channel-opacity\"\/>\n\n\n\n<h2 class=\"has-text-align-center has-x-large-font-size\">Comfort At The Extremes<\/h2>\n\n\n\n<p class=\"has-text-align-center has-medium-font-size\">INVESTING IN WELL-BEING IN A CHALLENGING FUTURE <\/p>\n\n\n\n<p class=\"has-text-align-center\">(Seville from 20th to 22th November, 2024)<\/p>\n\n\n\n<p class=\"has-text-align-center\">Exploring the Boundaries of Comfort: Navigating the Challenges of Tomorrow. Join us in Seville for the International Conference on &#8216;Comfort at the Extremes.&#8217; This event goes beyond a mere assembly; it is a collective effort to unravel the complexities of investing in well-being amidst the challenges that lie ahead in our built environment. Let&#8217;s delve into innovative solutions and forge a path towards a future where comfort knows no bounds. <a href=\"https:\/\/cate2024.org\/\">https:\/\/cate2024.org\/<\/a><\/p>\n\n\n<div class=\"wp-block-image\">\n<figure class=\"aligncenter size-large\"><img decoding=\"async\" loading=\"lazy\" width=\"1024\" height=\"575\" src=\"https:\/\/grupo.us.es\/plusenerpot\/wp-content\/uploads\/2024\/11\/cate24-1024x575.jpg\" alt=\"\" class=\"wp-image-959\" srcset=\"https:\/\/grupo.us.es\/plusenerpot\/wp-content\/uploads\/2024\/11\/cate24-1024x575.jpg 1024w, https:\/\/grupo.us.es\/plusenerpot\/wp-content\/uploads\/2024\/11\/cate24-300x168.jpg 300w, https:\/\/grupo.us.es\/plusenerpot\/wp-content\/uploads\/2024\/11\/cate24-768x431.jpg 768w, https:\/\/grupo.us.es\/plusenerpot\/wp-content\/uploads\/2024\/11\/cate24.jpg 1406w\" sizes=\"(max-width: 1024px) 100vw, 1024px\" \/><\/figure><\/div>\n\n\n<p><\/p>\n\n\n\n<hr class=\"wp-block-separator has-alpha-channel-opacity\"\/>\n\n\n\n<p><\/p>\n\n\n\n<p class=\"has-text-align-center has-large-font-size\"><strong>II Seminario de Investigaci\u00f3n en Vivienda, Arquitectura, Rehabilitaci\u00f3n y Patrimonio Arquitect\u00f3nico<\/strong><\/p>\n\n\n\n<p>On <strong>November 21, 2024<\/strong>, a seminar took place in <strong>Sevilla<\/strong>, where a presentation and poster session were dedicated to exploring the <strong>implications of mitigating climate change and energy poverty<\/strong> through a new <strong>adaptive comfort model<\/strong> for <strong>social housing<\/strong>. The focus was on how this innovative model can address the challenges of <strong>energy efficiency<\/strong> in low-income housing while simultaneously tackling energy poverty. The research examined the integration of adaptive strategies that aim to reduce energy consumption and improve the overall comfort and sustainability of social housing, taking into account both climate factors and the socio-economic context of the residents. This work contributes to ongoing discussions on sustainable housing solutions and their potential to drive both <strong>climate action<\/strong> and <strong>social equity<\/strong>.<\/p>\n\n\n<div class=\"wp-block-image\">\n<figure class=\"aligncenter size-full is-resized\"><img decoding=\"async\" loading=\"lazy\" src=\"https:\/\/grupo.us.es\/plusenerpot\/wp-content\/uploads\/2024\/11\/seminario-investigacion.jpg\" alt=\"\" class=\"wp-image-957\" width=\"722\" height=\"406\" srcset=\"https:\/\/grupo.us.es\/plusenerpot\/wp-content\/uploads\/2024\/11\/seminario-investigacion.jpg 945w, https:\/\/grupo.us.es\/plusenerpot\/wp-content\/uploads\/2024\/11\/seminario-investigacion-300x169.jpg 300w, https:\/\/grupo.us.es\/plusenerpot\/wp-content\/uploads\/2024\/11\/seminario-investigacion-768x432.jpg 768w\" sizes=\"(max-width: 722px) 100vw, 722px\" \/><\/figure><\/div>\n\n<div class=\"wp-block-image\">\n<figure class=\"aligncenter size-large\"><img decoding=\"async\" loading=\"lazy\" width=\"723\" height=\"1024\" src=\"https:\/\/grupo.us.es\/plusenerpot\/wp-content\/uploads\/2024\/11\/Panel-A1-Seminar_v3-723x1024.jpg\" alt=\"\" class=\"wp-image-958\" srcset=\"https:\/\/grupo.us.es\/plusenerpot\/wp-content\/uploads\/2024\/11\/Panel-A1-Seminar_v3-723x1024.jpg 723w, https:\/\/grupo.us.es\/plusenerpot\/wp-content\/uploads\/2024\/11\/Panel-A1-Seminar_v3-212x300.jpg 212w, https:\/\/grupo.us.es\/plusenerpot\/wp-content\/uploads\/2024\/11\/Panel-A1-Seminar_v3-768x1088.jpg 768w, https:\/\/grupo.us.es\/plusenerpot\/wp-content\/uploads\/2024\/11\/Panel-A1-Seminar_v3-1085x1536.jpg 1085w, https:\/\/grupo.us.es\/plusenerpot\/wp-content\/uploads\/2024\/11\/Panel-A1-Seminar_v3-1446x2048.jpg 1446w, https:\/\/grupo.us.es\/plusenerpot\/wp-content\/uploads\/2024\/11\/Panel-A1-Seminar_v3-scaled.jpg 1808w\" sizes=\"(max-width: 723px) 100vw, 723px\" \/><\/figure><\/div>\n\n\n<p><\/p>\n\n\n\n<div class=\"wp-block-media-text alignwide is-stacked-on-mobile\"><figure class=\"wp-block-media-text__media\"><\/figure><div class=\"wp-block-media-text__content\">\n<p><\/p>\n<\/div><\/div>\n\n\n\n<hr class=\"wp-block-separator has-alpha-channel-opacity\"\/>\n\n\n\n<p><\/p>\n\n\n\n<p class=\"has-text-align-center has-large-font-size\"><strong>Guest Editor of Special Issue \u201cThermal Comfort and<\/strong> <strong> Energy Performance in Building\u201d<\/strong><\/p>\n\n\n\n<p class=\"has-text-align-center\">&nbsp;LINK:&nbsp;<a rel=\"noreferrer noopener\" href=\"https:\/\/www.mdpi.com\/journal\/energies\/special_issues\/86L0J2X6O9\" target=\"_blank\">https:\/\/www.mdpi.com\/journal\/energies\/special_issues\/86L0J2X6O9<\/a><\/p>\n\n\n\n<figure class=\"wp-block-image size-full is-resized\"><img decoding=\"async\" loading=\"lazy\" src=\"https:\/\/grupo.us.es\/plusenerpot\/wp-content\/uploads\/2023\/11\/Thermal-Comfort-and-Energy-Performance-in-Building-Banner-1.png\" alt=\"\" class=\"wp-image-832\" width=\"1169\" height=\"669\" srcset=\"https:\/\/grupo.us.es\/plusenerpot\/wp-content\/uploads\/2023\/11\/Thermal-Comfort-and-Energy-Performance-in-Building-Banner-1.png 800w, https:\/\/grupo.us.es\/plusenerpot\/wp-content\/uploads\/2023\/11\/Thermal-Comfort-and-Energy-Performance-in-Building-Banner-1-300x172.png 300w, https:\/\/grupo.us.es\/plusenerpot\/wp-content\/uploads\/2023\/11\/Thermal-Comfort-and-Energy-Performance-in-Building-Banner-1-768x440.png 768w\" sizes=\"(max-width: 1169px) 100vw, 1169px\" \/><\/figure>\n\n\n\n<p class=\"has-text-align-center\"><\/p>\n\n\n\n<div class=\"wp-block-file aligncenter\"><object class=\"wp-block-file__embed\" data=\"https:\/\/grupo.us.es\/plusenerpot\/wp-content\/uploads\/2023\/11\/Thermal-Comfort-and-Energy-Performance-in-Building-Flyer-1.pdf\" type=\"application\/pdf\" style=\"width:100%;height:600px\" aria-label=\"Incrustado de Thermal-Comfort-and-Energy-Performance-in-Building-Flyer-1.\"><\/object><a id=\"wp-block-file--media-de0c68d9-89ac-416f-bffd-824437248f4e\" href=\"https:\/\/grupo.us.es\/plusenerpot\/wp-content\/uploads\/2023\/11\/Thermal-Comfort-and-Energy-Performance-in-Building-Flyer-1.pdf\">Thermal-Comfort-and-Energy-Performance-in-Building-Flyer-1<\/a><a href=\"https:\/\/grupo.us.es\/plusenerpot\/wp-content\/uploads\/2023\/11\/Thermal-Comfort-and-Energy-Performance-in-Building-Flyer-1.pdf\" class=\"wp-block-file__button wp-element-button\" download aria-describedby=\"wp-block-file--media-de0c68d9-89ac-416f-bffd-824437248f4e\">Descarga<\/a><\/div>\n\n\n\n<hr class=\"wp-block-separator has-alpha-channel-opacity\"\/>\n\n\n\n<p class=\"has-text-align-center has-large-font-size\"><strong>II Seminario Internacional Pobreza Energ\u00e9tica y Bienestar Ambiental<\/strong><\/p>\n\n\n\n<p>Se encuentran abiertas las inscripciones al&nbsp;Workshop y II Seminario Internacional de Pobreza Energ\u00e9tica y Bienestar Ambiental de la Red CYTED RIPEBA. Tendr\u00e1 lugar los d\u00edas 12 y 13 de diciembre de 2023 en la&nbsp;ETSIE.&nbsp;Actividad convalidable como AF4 en el Programa de Doctorado de Arquitectura.&nbsp;Se detalla el programa completo del Seminario en documento adjunto adjunto. &nbsp;<\/p>\n\n\n\n<ul>\n<li>Inscripci\u00f3n gratuita en modalidad presencial o modalidad online al Seminario [<a rel=\"noreferrer noopener\" href=\"https:\/\/welcu.com\/ripeba-2023\/ii-seminario-internacional-pobreza-energetica-y-bienestar-ambiental\" target=\"_blank\">aqu\u00ed<\/a>]<\/li>\n\n\n\n<li>Inscripci\u00f3n en modalidad presencial o modalidad online al Workshop [<a rel=\"noreferrer noopener\" href=\"https:\/\/docs.google.com\/forms\/u\/0\/d\/e\/1FAIpQLSf4cEDLSfR-n-7cuUJTP-M8RLKaqd4JTXsFqxB0NEjmvCQ4LA\/viewform?usp=send_form&amp;pli=1\" target=\"_blank\">aqu\u00ed<\/a>] <\/li>\n<\/ul>\n\n\n<div class=\"wp-block-image\">\n<figure class=\"aligncenter size-large is-resized\"><img decoding=\"async\" loading=\"lazy\" src=\"https:\/\/grupo.us.es\/plusenerpot\/wp-content\/uploads\/2023\/11\/Poster-Seminario_page-0001-724x1024.jpg\" alt=\"\" class=\"wp-image-837\" width=\"916\" height=\"1295\" srcset=\"https:\/\/grupo.us.es\/plusenerpot\/wp-content\/uploads\/2023\/11\/Poster-Seminario_page-0001-724x1024.jpg 724w, https:\/\/grupo.us.es\/plusenerpot\/wp-content\/uploads\/2023\/11\/Poster-Seminario_page-0001-212x300.jpg 212w, https:\/\/grupo.us.es\/plusenerpot\/wp-content\/uploads\/2023\/11\/Poster-Seminario_page-0001-768x1086.jpg 768w, https:\/\/grupo.us.es\/plusenerpot\/wp-content\/uploads\/2023\/11\/Poster-Seminario_page-0001-1086x1536.jpg 1086w, https:\/\/grupo.us.es\/plusenerpot\/wp-content\/uploads\/2023\/11\/Poster-Seminario_page-0001-1448x2048.jpg 1448w, https:\/\/grupo.us.es\/plusenerpot\/wp-content\/uploads\/2023\/11\/Poster-Seminario_page-0001.jpg 1754w\" sizes=\"(max-width: 916px) 100vw, 916px\" \/><\/figure><\/div>\n\n\n<p><\/p>\n\n\n\n<div class=\"wp-block-file\"><object class=\"wp-block-file__embed\" data=\"https:\/\/grupo.us.es\/plusenerpot\/wp-content\/uploads\/2023\/11\/Programa-Seminario.pdf\" type=\"application\/pdf\" style=\"width:100%;height:600px\" aria-label=\"Incrustado de Programa-Seminario.\"><\/object><a id=\"wp-block-file--media-14118ff4-df6c-4144-8fd3-0cdcb8d02557\" href=\"https:\/\/grupo.us.es\/plusenerpot\/wp-content\/uploads\/2023\/11\/Programa-Seminario.pdf\">Programa-Seminario<\/a><a href=\"https:\/\/grupo.us.es\/plusenerpot\/wp-content\/uploads\/2023\/11\/Programa-Seminario.pdf\" class=\"wp-block-file__button wp-element-button\" download aria-describedby=\"wp-block-file--media-14118ff4-df6c-4144-8fd3-0cdcb8d02557\">Descarga<\/a><\/div>\n\n\n<div class=\"wp-block-image\">\n<figure class=\"aligncenter size-large is-resized\"><img decoding=\"async\" loading=\"lazy\" src=\"https:\/\/grupo.us.es\/plusenerpot\/wp-content\/uploads\/2023\/11\/Poster-Workshop_page-0001-724x1024.jpg\" alt=\"\" class=\"wp-image-838\" width=\"914\" height=\"1293\" srcset=\"https:\/\/grupo.us.es\/plusenerpot\/wp-content\/uploads\/2023\/11\/Poster-Workshop_page-0001-724x1024.jpg 724w, https:\/\/grupo.us.es\/plusenerpot\/wp-content\/uploads\/2023\/11\/Poster-Workshop_page-0001-212x300.jpg 212w, https:\/\/grupo.us.es\/plusenerpot\/wp-content\/uploads\/2023\/11\/Poster-Workshop_page-0001-768x1086.jpg 768w, https:\/\/grupo.us.es\/plusenerpot\/wp-content\/uploads\/2023\/11\/Poster-Workshop_page-0001-1086x1536.jpg 1086w, https:\/\/grupo.us.es\/plusenerpot\/wp-content\/uploads\/2023\/11\/Poster-Workshop_page-0001-1448x2048.jpg 1448w, https:\/\/grupo.us.es\/plusenerpot\/wp-content\/uploads\/2023\/11\/Poster-Workshop_page-0001.jpg 1754w\" sizes=\"(max-width: 914px) 100vw, 914px\" \/><figcaption class=\"wp-element-caption\">_____________________________________________________________________________________________________________________________________<\/figcaption><\/figure><\/div>\n\n\n<p><\/p>\n\n\n\n<h2 class=\"alignfull has-text-align-center\">ACCIM stands for Adaptive Comfort Control Implemented Model<\/h2>\n\n\n\n<div class=\"is-layout-flex wp-container-3 wp-block-columns\">\n<div class=\"is-layout-flow wp-block-column\">\n<figure class=\"wp-block-image size-full\"><img decoding=\"async\" loading=\"lazy\" width=\"578\" height=\"196\" src=\"https:\/\/grupo.us.es\/plusenerpot\/wp-content\/uploads\/2024\/05\/accim-1.png\" alt=\"\" class=\"wp-image-932\" srcset=\"https:\/\/grupo.us.es\/plusenerpot\/wp-content\/uploads\/2024\/05\/accim-1.png 578w, https:\/\/grupo.us.es\/plusenerpot\/wp-content\/uploads\/2024\/05\/accim-1-300x102.png 300w\" sizes=\"(max-width: 578px) 100vw, 578px\" \/><\/figure>\n<\/div>\n\n\n\n<div class=\"is-layout-flow wp-block-column\">\n<figure class=\"wp-block-image size-full\"><img decoding=\"async\" loading=\"lazy\" width=\"610\" height=\"174\" src=\"https:\/\/grupo.us.es\/plusenerpot\/wp-content\/uploads\/2024\/05\/accim2.png\" alt=\"\" class=\"wp-image-936\" srcset=\"https:\/\/grupo.us.es\/plusenerpot\/wp-content\/uploads\/2024\/05\/accim2.png 610w, https:\/\/grupo.us.es\/plusenerpot\/wp-content\/uploads\/2024\/05\/accim2-300x86.png 300w\" sizes=\"(max-width: 610px) 100vw, 610px\" \/><\/figure>\n<\/div>\n<\/div>\n\n\n\n<p class=\"has-text-align-center\">In research terms, this is a proposal for a paradigm shift, from using fixed PMV-based to adaptive setpoint temperatures, based on adaptive thermal comfort algorithms and it has been widely studied and published on scientific research journals (for more information, refer to&nbsp;<a href=\"https:\/\/orcid.org\/0000-0002-3080-0821\">https:\/\/orcid.org\/0000-0002-3080-0821<\/a>).<\/p>\n\n\n\n<p class=\"has-text-align-center\">In terms of code, this is a python package that transforms fixed setpoint temperature building energy models into adaptive setpoint temperature energy models by adding the Adaptive Comfort Control Implementation Script (ACCIS). This package has been developed to be used in EnergyPlus building energy performance simulations.<\/p>\n\n\n\n<p class=\"has-text-align-center\">The figure below clearly explains the aim of adaptive setpoint temperatures: introducing hourly temperature values into the adaptive comfort zone. On the left column, you can see the simulation results of a naturally ventilated building, while on the right column, the same building in mixed-mode operation with adaptive setpoint temperatures.<\/p>\n\n\n\n<p class=\"has-text-align-center has-medium-font-size\"><a rel=\"noreferrer noopener\" href=\"https:\/\/pypi.org\/project\/accim\/\" data-type=\"URL\" data-id=\"https:\/\/pypi.org\/project\/accim\/\" target=\"_blank\"><strong>&gt;&gt; VISIT THE ACCIM PROJECT WEBSITE HERE<\/strong><\/a> <\/p>\n\n\n\n<hr class=\"wp-block-separator has-alpha-channel-opacity\"\/>\n\n\n\n<figure class=\"wp-block-image size-large is-resized\"><img decoding=\"async\" loading=\"lazy\" src=\"http:\/\/grupo.us.es\/plusenerpot\/wp-content\/uploads\/2023\/06\/BASE-PAG-WEB-1-1-1024x113.png\" alt=\"\" class=\"wp-image-678\" width=\"1171\" height=\"129\" srcset=\"https:\/\/grupo.us.es\/plusenerpot\/wp-content\/uploads\/2023\/06\/BASE-PAG-WEB-1-1-1024x113.png 1024w, https:\/\/grupo.us.es\/plusenerpot\/wp-content\/uploads\/2023\/06\/BASE-PAG-WEB-1-1-300x33.png 300w, https:\/\/grupo.us.es\/plusenerpot\/wp-content\/uploads\/2023\/06\/BASE-PAG-WEB-1-1-768x85.png 768w, https:\/\/grupo.us.es\/plusenerpot\/wp-content\/uploads\/2023\/06\/BASE-PAG-WEB-1-1-1536x169.png 1536w, https:\/\/grupo.us.es\/plusenerpot\/wp-content\/uploads\/2023\/06\/BASE-PAG-WEB-1-1-2048x226.png 2048w\" sizes=\"(max-width: 1171px) 100vw, 1171px\" \/><\/figure>\n","protected":false},"excerpt":{"rendered":"<p>The research team of the ENERPOT group is honoured to be part of the Scientific Committee of the conference, contributing their expertise to support the academic quality and rigour of the Congreso Internacional \u00abRepensando la Energ\u00eda para la Sostenibilidad, Equidad y Transici\u00f3n\u00bb You are warmly invited to join an urgent and transformative conversation at the&hellip;&nbsp;<a href=\"https:\/\/grupo.us.es\/plusenerpot\/news\/\" class=\"\" rel=\"bookmark\">Leer m\u00e1s &raquo;<span class=\"screen-reader-text\">News and Utilities<\/span><\/a><\/p>\n","protected":false},"author":1,"featured_media":0,"parent":0,"menu_order":0,"comment_status":"closed","ping_status":"closed","template":"","meta":{"neve_meta_sidebar":"","neve_meta_container":"","neve_meta_enable_content_width":"","neve_meta_content_width":0,"neve_meta_title_alignment":"","neve_meta_author_avatar":"","neve_post_elements_order":"","neve_meta_disable_header":"","neve_meta_disable_footer":"","neve_meta_disable_title":"","_ti_tpc_template_sync":false,"_ti_tpc_template_id":""},"_links":{"self":[{"href":"https:\/\/grupo.us.es\/plusenerpot\/wp-json\/wp\/v2\/pages\/831"}],"collection":[{"href":"https:\/\/grupo.us.es\/plusenerpot\/wp-json\/wp\/v2\/pages"}],"about":[{"href":"https:\/\/grupo.us.es\/plusenerpot\/wp-json\/wp\/v2\/types\/page"}],"author":[{"embeddable":true,"href":"https:\/\/grupo.us.es\/plusenerpot\/wp-json\/wp\/v2\/users\/1"}],"replies":[{"embeddable":true,"href":"https:\/\/grupo.us.es\/plusenerpot\/wp-json\/wp\/v2\/comments?post=831"}],"version-history":[{"count":36,"href":"https:\/\/grupo.us.es\/plusenerpot\/wp-json\/wp\/v2\/pages\/831\/revisions"}],"predecessor-version":[{"id":1004,"href":"https:\/\/grupo.us.es\/plusenerpot\/wp-json\/wp\/v2\/pages\/831\/revisions\/1004"}],"wp:attachment":[{"href":"https:\/\/grupo.us.es\/plusenerpot\/wp-json\/wp\/v2\/media?parent=831"}],"curies":[{"name":"wp","href":"https:\/\/api.w.org\/{rel}","templated":true}]}}