{"id":3027,"date":"2023-03-30T09:57:02","date_gmt":"2023-03-30T09:57:02","guid":{"rendered":"https:\/\/grupo.us.es\/periodismoypunto\/?page_id=3027"},"modified":"2023-05-02T09:16:06","modified_gmt":"2023-05-02T09:16:06","slug":"noticias","status":"publish","type":"page","link":"https:\/\/grupo.us.es\/periodismoypunto\/noticias\/","title":{"rendered":"Noticias"},"content":{"rendered":"\t\t<div data-elementor-type=\"wp-page\" data-elementor-id=\"3027\" class=\"elementor elementor-3027\" data-elementor-post-type=\"page\">\n\t\t\t\t\t\t<section class=\"elementor-section elementor-top-section elementor-element elementor-element-995fe9f elementor-section-boxed elementor-section-height-default elementor-section-height-default\" data-id=\"995fe9f\" data-element_type=\"section\">\n\t\t\t\t\t\t<div class=\"elementor-container elementor-column-gap-default\">\n\t\t\t\t\t<div class=\"elementor-column elementor-col-100 elementor-top-column elementor-element elementor-element-a8293a7\" data-id=\"a8293a7\" data-element_type=\"column\">\n\t\t\t<div class=\"elementor-widget-wrap elementor-element-populated\">\n\t\t\t\t\t\t<div class=\"elementor-element elementor-element-96d20c1 elementor-grid-3 elementor-grid-tablet-2 elementor-grid-mobile-1 elementor-posts--thumbnail-top elementor-widget elementor-widget-posts\" data-id=\"96d20c1\" data-element_type=\"widget\" data-settings=\"{&quot;pagination_type&quot;:&quot;load_more_infinite_scroll&quot;,&quot;classic_columns&quot;:&quot;3&quot;,&quot;classic_columns_tablet&quot;:&quot;2&quot;,&quot;classic_columns_mobile&quot;:&quot;1&quot;,&quot;classic_row_gap&quot;:{&quot;unit&quot;:&quot;px&quot;,&quot;size&quot;:35,&quot;sizes&quot;:[]},&quot;classic_row_gap_tablet&quot;:{&quot;unit&quot;:&quot;px&quot;,&quot;size&quot;:&quot;&quot;,&quot;sizes&quot;:[]},&quot;classic_row_gap_mobile&quot;:{&quot;unit&quot;:&quot;px&quot;,&quot;size&quot;:&quot;&quot;,&quot;sizes&quot;:[]},&quot;load_more_spinner&quot;:{&quot;value&quot;:&quot;fas fa-spinner&quot;,&quot;library&quot;:&quot;fa-solid&quot;}}\" data-widget_type=\"posts.classic\">\n\t\t\t\t<div class=\"elementor-widget-container\">\n\t\t\t\t\t\t\t<div class=\"elementor-posts-container elementor-posts elementor-posts--skin-classic elementor-grid\">\n\t\t\t\t<article class=\"elementor-post elementor-grid-item post-3374 post type-post status-publish format-standard has-post-thumbnail hentry category-noticias\">\n\t\t\t\t<a class=\"elementor-post__thumbnail__link\" href=\"https:\/\/grupo.us.es\/periodismoypunto\/noticias\/la-facultad-de-comunicacion-premiara-los-mejores-trabajos-de-redaccion-periodistica-en-la-tercera-edicion-de-todo-por-contar\/\" tabindex=\"-1\" >\n\t\t\t<div class=\"elementor-post__thumbnail\"><img fetchpriority=\"high\" decoding=\"async\" width=\"300\" height=\"190\" src=\"https:\/\/grupo.us.es\/periodismoypunto\/wp-content\/uploads\/2025\/05\/jpg_A4-CMYK-e1746702001469-300x190.jpg\" class=\"attachment-medium size-medium wp-image-3375\" alt=\"\" srcset=\"https:\/\/grupo.us.es\/periodismoypunto\/wp-content\/uploads\/2025\/05\/jpg_A4-CMYK-e1746702001469-300x190.jpg 300w, https:\/\/grupo.us.es\/periodismoypunto\/wp-content\/uploads\/2025\/05\/jpg_A4-CMYK-e1746702001469-1024x650.jpg 1024w, https:\/\/grupo.us.es\/periodismoypunto\/wp-content\/uploads\/2025\/05\/jpg_A4-CMYK-e1746702001469-768x487.jpg 768w, https:\/\/grupo.us.es\/periodismoypunto\/wp-content\/uploads\/2025\/05\/jpg_A4-CMYK-e1746702001469.jpg 1240w\" sizes=\"(max-width: 300px) 100vw, 300px\" \/><\/div>\n\t\t<\/a>\n\t\t\t\t<div class=\"elementor-post__text\">\n\t\t\t\t<h3 class=\"elementor-post__title\">\n\t\t\t<a href=\"https:\/\/grupo.us.es\/periodismoypunto\/noticias\/la-facultad-de-comunicacion-premiara-los-mejores-trabajos-de-redaccion-periodistica-en-la-tercera-edicion-de-todo-por-contar\/\" >\n\t\t\t\tLa Facultad de Comunicaci\u00f3n premiar\u00e1 los mejores trabajos de redacci\u00f3n period\u00edstica en la tercera edici\u00f3n de \u201cTodo por contar\u201d\t\t\t<\/a>\n\t\t<\/h3>\n\t\t\t\t<div class=\"elementor-post__excerpt\">\n\t\t\t<p>M\u00e1s de 50 textos aspiran a estos reconocimientos. Todos ellos han sido<\/p>\n\t\t<\/div>\n\t\t\n\t\t<a class=\"elementor-post__read-more\" href=\"https:\/\/grupo.us.es\/periodismoypunto\/noticias\/la-facultad-de-comunicacion-premiara-los-mejores-trabajos-de-redaccion-periodistica-en-la-tercera-edicion-de-todo-por-contar\/\" aria-label=\"M\u00e1s informaci\u00f3n sobre La Facultad de Comunicaci\u00f3n premiar\u00e1 los mejores trabajos de redacci\u00f3n period\u00edstica en la tercera edici\u00f3n de \u201cTodo por contar\u201d\" tabindex=\"-1\" >\n\t\t\tLeer m\u00e1s \u00bb\t\t<\/a>\n\n\t\t\t\t<\/div>\n\t\t\t\t<\/article>\n\t\t\t\t<article class=\"elementor-post elementor-grid-item post-3367 post type-post status-publish format-standard has-post-thumbnail hentry category-noticias\">\n\t\t\t\t<a class=\"elementor-post__thumbnail__link\" href=\"https:\/\/grupo.us.es\/periodismoypunto\/noticias\/la-vocacion-como-motor-del-periodismo-a-debate-en-la-ix-jornada-experiencia-tv\/\" tabindex=\"-1\" >\n\t\t\t<div class=\"elementor-post__thumbnail\"><img decoding=\"async\" width=\"214\" height=\"300\" src=\"https:\/\/grupo.us.es\/periodismoypunto\/wp-content\/uploads\/2025\/03\/EXPTV2025_page_1-214x300.jpg\" class=\"attachment-medium size-medium wp-image-3369\" alt=\"\" srcset=\"https:\/\/grupo.us.es\/periodismoypunto\/wp-content\/uploads\/2025\/03\/EXPTV2025_page_1-214x300.jpg 214w, https:\/\/grupo.us.es\/periodismoypunto\/wp-content\/uploads\/2025\/03\/EXPTV2025_page_1-732x1024.jpg 732w, https:\/\/grupo.us.es\/periodismoypunto\/wp-content\/uploads\/2025\/03\/EXPTV2025_page_1-768x1075.jpg 768w, https:\/\/grupo.us.es\/periodismoypunto\/wp-content\/uploads\/2025\/03\/EXPTV2025_page_1-1097x1536.jpg 1097w, https:\/\/grupo.us.es\/periodismoypunto\/wp-content\/uploads\/2025\/03\/EXPTV2025_page_1-1463x2048.jpg 1463w, https:\/\/grupo.us.es\/periodismoypunto\/wp-content\/uploads\/2025\/03\/EXPTV2025_page_1-scaled.jpg 1829w\" sizes=\"(max-width: 214px) 100vw, 214px\" \/><\/div>\n\t\t<\/a>\n\t\t\t\t<div class=\"elementor-post__text\">\n\t\t\t\t<h3 class=\"elementor-post__title\">\n\t\t\t<a href=\"https:\/\/grupo.us.es\/periodismoypunto\/noticias\/la-vocacion-como-motor-del-periodismo-a-debate-en-la-ix-jornada-experiencia-tv\/\" >\n\t\t\t\tLa vocaci\u00f3n como motor del periodismo, a debate en la IX Jornada Experiencia TV\t\t\t<\/a>\n\t\t<\/h3>\n\t\t\t\t<div class=\"elementor-post__excerpt\">\n\t\t\t<p>El pr\u00f3ximo mi\u00e9rcoles, 26 de marzo, tendr\u00e1 lugar en el Sal\u00f3n de<\/p>\n\t\t<\/div>\n\t\t\n\t\t<a class=\"elementor-post__read-more\" href=\"https:\/\/grupo.us.es\/periodismoypunto\/noticias\/la-vocacion-como-motor-del-periodismo-a-debate-en-la-ix-jornada-experiencia-tv\/\" aria-label=\"M\u00e1s informaci\u00f3n sobre La vocaci\u00f3n como motor del periodismo, a debate en la IX Jornada Experiencia TV\" tabindex=\"-1\" >\n\t\t\tLeer m\u00e1s \u00bb\t\t<\/a>\n\n\t\t\t\t<\/div>\n\t\t\t\t<\/article>\n\t\t\t\t<article class=\"elementor-post elementor-grid-item post-3364 post type-post status-publish format-standard has-post-thumbnail hentry category-noticias\">\n\t\t\t\t<a class=\"elementor-post__thumbnail__link\" href=\"https:\/\/grupo.us.es\/periodismoypunto\/noticias\/presentacion-de-esa-inutil-perfeccion-del-silencio-obra-postuma-de-antonio-lopez-hidalgo\/\" tabindex=\"-1\" >\n\t\t\t<div class=\"elementor-post__thumbnail\"><img decoding=\"async\" width=\"180\" height=\"300\" src=\"https:\/\/grupo.us.es\/periodismoypunto\/wp-content\/uploads\/2025\/03\/CARTELOKDEF-180x300.jpg\" class=\"attachment-medium size-medium wp-image-3366\" alt=\"\" srcset=\"https:\/\/grupo.us.es\/periodismoypunto\/wp-content\/uploads\/2025\/03\/CARTELOKDEF-180x300.jpg 180w, https:\/\/grupo.us.es\/periodismoypunto\/wp-content\/uploads\/2025\/03\/CARTELOKDEF-615x1024.jpg 615w, https:\/\/grupo.us.es\/periodismoypunto\/wp-content\/uploads\/2025\/03\/CARTELOKDEF-768x1279.jpg 768w, https:\/\/grupo.us.es\/periodismoypunto\/wp-content\/uploads\/2025\/03\/CARTELOKDEF.jpg 798w\" sizes=\"(max-width: 180px) 100vw, 180px\" \/><\/div>\n\t\t<\/a>\n\t\t\t\t<div class=\"elementor-post__text\">\n\t\t\t\t<h3 class=\"elementor-post__title\">\n\t\t\t<a href=\"https:\/\/grupo.us.es\/periodismoypunto\/noticias\/presentacion-de-esa-inutil-perfeccion-del-silencio-obra-postuma-de-antonio-lopez-hidalgo\/\" >\n\t\t\t\tPresentaci\u00f3n de \u201cEsa in\u00fatil perfecci\u00f3n del silencio\u201d, obra p\u00f3stuma de Antonio L\u00f3pez Hidalgo\t\t\t<\/a>\n\t\t<\/h3>\n\t\t\t\t<div class=\"elementor-post__excerpt\">\n\t\t\t<p>Esa in\u00fatil perfecci\u00f3n del silencio fue el \u00faltimo manuscrito que Antonio L\u00f3pez<\/p>\n\t\t<\/div>\n\t\t\n\t\t<a class=\"elementor-post__read-more\" href=\"https:\/\/grupo.us.es\/periodismoypunto\/noticias\/presentacion-de-esa-inutil-perfeccion-del-silencio-obra-postuma-de-antonio-lopez-hidalgo\/\" aria-label=\"M\u00e1s informaci\u00f3n sobre Presentaci\u00f3n de \u201cEsa in\u00fatil perfecci\u00f3n del silencio\u201d, obra p\u00f3stuma de Antonio L\u00f3pez Hidalgo\" tabindex=\"-1\" >\n\t\t\tLeer m\u00e1s \u00bb\t\t<\/a>\n\n\t\t\t\t<\/div>\n\t\t\t\t<\/article>\n\t\t\t\t<article class=\"elementor-post elementor-grid-item post-3319 post type-post status-publish format-standard has-post-thumbnail hentry category-noticias\">\n\t\t\t\t<a class=\"elementor-post__thumbnail__link\" href=\"https:\/\/grupo.us.es\/periodismoypunto\/noticias\/la-facultad-de-comunicacion-celebra-la-segunda-edicion-de-los-premios-todo-por-contar\/\" tabindex=\"-1\" >\n\t\t\t<div class=\"elementor-post__thumbnail\"><img loading=\"lazy\" decoding=\"async\" width=\"300\" height=\"251\" src=\"https:\/\/grupo.us.es\/periodismoypunto\/wp-content\/uploads\/2024\/05\/Cartel-premios-Todoxcontar-e1715423947402-300x251.jpg\" class=\"attachment-medium size-medium wp-image-3320\" alt=\"\" srcset=\"https:\/\/grupo.us.es\/periodismoypunto\/wp-content\/uploads\/2024\/05\/Cartel-premios-Todoxcontar-e1715423947402-300x251.jpg 300w, https:\/\/grupo.us.es\/periodismoypunto\/wp-content\/uploads\/2024\/05\/Cartel-premios-Todoxcontar-e1715423947402-1024x857.jpg 1024w, https:\/\/grupo.us.es\/periodismoypunto\/wp-content\/uploads\/2024\/05\/Cartel-premios-Todoxcontar-e1715423947402-768x643.jpg 768w, https:\/\/grupo.us.es\/periodismoypunto\/wp-content\/uploads\/2024\/05\/Cartel-premios-Todoxcontar-e1715423947402.jpg 1413w\" sizes=\"(max-width: 300px) 100vw, 300px\" \/><\/div>\n\t\t<\/a>\n\t\t\t\t<div class=\"elementor-post__text\">\n\t\t\t\t<h3 class=\"elementor-post__title\">\n\t\t\t<a href=\"https:\/\/grupo.us.es\/periodismoypunto\/noticias\/la-facultad-de-comunicacion-celebra-la-segunda-edicion-de-los-premios-todo-por-contar\/\" >\n\t\t\t\tLa Facultad de Comunicaci\u00f3n celebra la segunda edici\u00f3n de los premios \u201cTodo por contar\u201d\t\t\t<\/a>\n\t\t<\/h3>\n\t\t\t\t<div class=\"elementor-post__excerpt\">\n\t\t\t<p>Los mejores trabajos de redacci\u00f3n period\u00edstica ser\u00e1n galardonados en un acto que<\/p>\n\t\t<\/div>\n\t\t\n\t\t<a class=\"elementor-post__read-more\" href=\"https:\/\/grupo.us.es\/periodismoypunto\/noticias\/la-facultad-de-comunicacion-celebra-la-segunda-edicion-de-los-premios-todo-por-contar\/\" aria-label=\"M\u00e1s informaci\u00f3n sobre La Facultad de Comunicaci\u00f3n celebra la segunda edici\u00f3n de los premios \u201cTodo por contar\u201d\" tabindex=\"-1\" >\n\t\t\tLeer m\u00e1s \u00bb\t\t<\/a>\n\n\t\t\t\t<\/div>\n\t\t\t\t<\/article>\n\t\t\t\t<article class=\"elementor-post elementor-grid-item post-3296 post type-post status-publish format-standard has-post-thumbnail hentry category-noticias\">\n\t\t\t\t<a class=\"elementor-post__thumbnail__link\" href=\"https:\/\/grupo.us.es\/periodismoypunto\/noticias\/la-facultad-de-comunicacion-celebrara-la-viii-jornada-experiencia-tv-las-mil-caras-del-periodismo\/\" tabindex=\"-1\" >\n\t\t\t<div class=\"elementor-post__thumbnail\"><img loading=\"lazy\" decoding=\"async\" width=\"300\" height=\"169\" src=\"https:\/\/grupo.us.es\/periodismoypunto\/wp-content\/uploads\/2024\/04\/sam-mcghee-KieCLNzKoBo-unsplash-300x169.jpg\" class=\"attachment-medium size-medium wp-image-3300\" alt=\"\" srcset=\"https:\/\/grupo.us.es\/periodismoypunto\/wp-content\/uploads\/2024\/04\/sam-mcghee-KieCLNzKoBo-unsplash-300x169.jpg 300w, https:\/\/grupo.us.es\/periodismoypunto\/wp-content\/uploads\/2024\/04\/sam-mcghee-KieCLNzKoBo-unsplash-1024x576.jpg 1024w, https:\/\/grupo.us.es\/periodismoypunto\/wp-content\/uploads\/2024\/04\/sam-mcghee-KieCLNzKoBo-unsplash-768x432.jpg 768w, https:\/\/grupo.us.es\/periodismoypunto\/wp-content\/uploads\/2024\/04\/sam-mcghee-KieCLNzKoBo-unsplash-1536x864.jpg 1536w, https:\/\/grupo.us.es\/periodismoypunto\/wp-content\/uploads\/2024\/04\/sam-mcghee-KieCLNzKoBo-unsplash-2048x1152.jpg 2048w\" sizes=\"(max-width: 300px) 100vw, 300px\" \/><\/div>\n\t\t<\/a>\n\t\t\t\t<div class=\"elementor-post__text\">\n\t\t\t\t<h3 class=\"elementor-post__title\">\n\t\t\t<a href=\"https:\/\/grupo.us.es\/periodismoypunto\/noticias\/la-facultad-de-comunicacion-celebrara-la-viii-jornada-experiencia-tv-las-mil-caras-del-periodismo\/\" >\n\t\t\t\tLa Facultad de Comunicaci\u00f3n celebrar\u00e1 la VIII Jornada Experiencia TV: Las mil caras del periodismo\t\t\t<\/a>\n\t\t<\/h3>\n\t\t\t\t<div class=\"elementor-post__excerpt\">\n\t\t\t<p>Acad\u00e9micos y periodistas debatir\u00e1n sobre algunas de las cuestiones que m\u00e1s afectan<\/p>\n\t\t<\/div>\n\t\t\n\t\t<a class=\"elementor-post__read-more\" href=\"https:\/\/grupo.us.es\/periodismoypunto\/noticias\/la-facultad-de-comunicacion-celebrara-la-viii-jornada-experiencia-tv-las-mil-caras-del-periodismo\/\" aria-label=\"M\u00e1s informaci\u00f3n sobre La Facultad de Comunicaci\u00f3n celebrar\u00e1 la VIII Jornada Experiencia TV: Las mil caras del periodismo\" tabindex=\"-1\" >\n\t\t\tLeer m\u00e1s \u00bb\t\t<\/a>\n\n\t\t\t\t<\/div>\n\t\t\t\t<\/article>\n\t\t\t\t<article class=\"elementor-post elementor-grid-item post-3278 post type-post status-publish format-standard has-post-thumbnail hentry category-noticias\">\n\t\t\t\t<a class=\"elementor-post__thumbnail__link\" href=\"https:\/\/grupo.us.es\/periodismoypunto\/noticias\/i-premio-de-periodismo-antonio-lopez-hidalgo\/\" tabindex=\"-1\" >\n\t\t\t<div class=\"elementor-post__thumbnail\"><img loading=\"lazy\" decoding=\"async\" width=\"300\" height=\"244\" src=\"https:\/\/grupo.us.es\/periodismoypunto\/wp-content\/uploads\/2024\/01\/GAL_JfkXwAATLXM-1-300x244.jpg\" class=\"attachment-medium size-medium wp-image-3279\" alt=\"\" srcset=\"https:\/\/grupo.us.es\/periodismoypunto\/wp-content\/uploads\/2024\/01\/GAL_JfkXwAATLXM-1-300x244.jpg 300w, https:\/\/grupo.us.es\/periodismoypunto\/wp-content\/uploads\/2024\/01\/GAL_JfkXwAATLXM-1-768x624.jpg 768w, https:\/\/grupo.us.es\/periodismoypunto\/wp-content\/uploads\/2024\/01\/GAL_JfkXwAATLXM-1.jpg 1025w\" sizes=\"(max-width: 300px) 100vw, 300px\" \/><\/div>\n\t\t<\/a>\n\t\t\t\t<div class=\"elementor-post__text\">\n\t\t\t\t<h3 class=\"elementor-post__title\">\n\t\t\t<a href=\"https:\/\/grupo.us.es\/periodismoypunto\/noticias\/i-premio-de-periodismo-antonio-lopez-hidalgo\/\" >\n\t\t\t\tI Premio de Periodismo \u00abAntonio L\u00f3pez Hidalgo\u00bb\t\t\t<\/a>\n\t\t<\/h3>\n\t\t\t\t<div class=\"elementor-post__excerpt\">\n\t\t\t<p>El Colegio Profesional de Periodistas de Andaluc\u00eda (en adelante CPPA) y el<\/p>\n\t\t<\/div>\n\t\t\n\t\t<a class=\"elementor-post__read-more\" href=\"https:\/\/grupo.us.es\/periodismoypunto\/noticias\/i-premio-de-periodismo-antonio-lopez-hidalgo\/\" aria-label=\"M\u00e1s informaci\u00f3n sobre I Premio de Periodismo \u00abAntonio L\u00f3pez Hidalgo\u00bb\" tabindex=\"-1\" >\n\t\t\tLeer m\u00e1s \u00bb\t\t<\/a>\n\n\t\t\t\t<\/div>\n\t\t\t\t<\/article>\n\t\t\t\t<\/div>\n\t\t\t\t\t<span class=\"e-load-more-spinner\">\n\t\t\t\t<i aria-hidden=\"true\" class=\"fas fa-spinner\"><\/i>\t\t\t<\/span>\n\t\t\n\t\t\t\t<div class=\"e-load-more-anchor\" data-page=\"1\" data-max-page=\"2\" data-next-page=\"https:\/\/grupo.us.es\/periodismoypunto\/wp-json\/wp\/v2\/pages\/3027\/page\/2\/\"><\/div>\n\t\t\t\t<div class=\"e-load-more-message\"><\/div>\n\t\t\t\t\t\t<\/div>\n\t\t\t\t<\/div>\n\t\t\t\t\t<\/div>\n\t\t<\/div>\n\t\t\t\t\t<\/div>\n\t\t<\/section>\n\t\t\t\t<\/div>\n\t\t","protected":false},"excerpt":{"rendered":"","protected":false},"author":3,"featured_media":0,"parent":0,"menu_order":0,"comment_status":"closed","ping_status":"closed","template":"","meta":{"footnotes":""},"class_list":["post-3027","page","type-page","status-publish","hentry"],"yoast_head":"<!-- This site is optimized with the Yoast SEO plugin v26.1.1 - https:\/\/yoast.com\/wordpress\/plugins\/seo\/ -->\n<title>Noticias - Narrativas Period\u00edsticas y Tecnolog\u00edas Emergentes<\/title>\n<meta name=\"robots\" content=\"index, follow, max-snippet:-1, max-image-preview:large, max-video-preview:-1\" \/>\n<link rel=\"canonical\" href=\"https:\/\/grupo.us.es\/periodismoypunto\/noticias\/\" \/>\n<meta property=\"og:locale\" content=\"es_ES\" \/>\n<meta property=\"og:type\" content=\"article\" \/>\n<meta property=\"og:title\" content=\"Noticias - Narrativas Period\u00edsticas y Tecnolog\u00edas Emergentes\" \/>\n<meta property=\"og:url\" content=\"https:\/\/grupo.us.es\/periodismoypunto\/noticias\/\" \/>\n<meta property=\"og:site_name\" content=\"Narrativas Period\u00edsticas y Tecnolog\u00edas Emergentes\" \/>\n<meta property=\"article:modified_time\" content=\"2023-05-02T09:16:06+00:00\" \/>\n<meta name=\"twitter:card\" content=\"summary_large_image\" \/>\n<meta name=\"twitter:site\" content=\"@deperiodismo_\" \/>\n<meta name=\"twitter:label1\" content=\"Tiempo de lectura\" \/>\n\t<meta name=\"twitter:data1\" content=\"1 minuto\" \/>\n<script type=\"application\/ld+json\" class=\"yoast-schema-graph\">{\"@context\":\"https:\/\/schema.org\",\"@graph\":[{\"@type\":\"WebPage\",\"@id\":\"https:\/\/grupo.us.es\/periodismoypunto\/noticias\/\",\"url\":\"https:\/\/grupo.us.es\/periodismoypunto\/noticias\/\",\"name\":\"Noticias - Narrativas Period\u00edsticas y Tecnolog\u00edas Emergentes\",\"isPartOf\":{\"@id\":\"https:\/\/grupo.us.es\/periodismoypunto\/#website\"},\"datePublished\":\"2023-03-30T09:57:02+00:00\",\"dateModified\":\"2023-05-02T09:16:06+00:00\",\"inLanguage\":\"es\",\"potentialAction\":[{\"@type\":\"ReadAction\",\"target\":[\"https:\/\/grupo.us.es\/periodismoypunto\/noticias\/\"]}]},{\"@type\":\"WebSite\",\"@id\":\"https:\/\/grupo.us.es\/periodismoypunto\/#website\",\"url\":\"https:\/\/grupo.us.es\/periodismoypunto\/\",\"name\":\"Narrativas Period\u00edsticas y Tecnolog\u00edas Emergentes\",\"description\":\"\",\"publisher\":{\"@id\":\"https:\/\/grupo.us.es\/periodismoypunto\/#organization\"},\"potentialAction\":[{\"@type\":\"SearchAction\",\"target\":{\"@type\":\"EntryPoint\",\"urlTemplate\":\"https:\/\/grupo.us.es\/periodismoypunto\/?s={search_term_string}\"},\"query-input\":{\"@type\":\"PropertyValueSpecification\",\"valueRequired\":true,\"valueName\":\"search_term_string\"}}],\"inLanguage\":\"es\"},{\"@type\":\"Organization\",\"@id\":\"https:\/\/grupo.us.es\/periodismoypunto\/#organization\",\"name\":\"Narrativas Period\u00edsticas y Tecnolog\u00edas Emergentes\",\"url\":\"https:\/\/grupo.us.es\/periodismoypunto\/\",\"logo\":{\"@type\":\"ImageObject\",\"inLanguage\":\"es\",\"@id\":\"https:\/\/grupo.us.es\/periodismoypunto\/#\/schema\/logo\/image\/\",\"url\":\"https:\/\/grupo.us.es\/periodismoypunto\/wp-content\/uploads\/2024\/04\/logoweb.png\",\"contentUrl\":\"https:\/\/grupo.us.es\/periodismoypunto\/wp-content\/uploads\/2024\/04\/logoweb.png\",\"width\":2015,\"height\":410,\"caption\":\"Narrativas Period\u00edsticas y Tecnolog\u00edas Emergentes\"},\"image\":{\"@id\":\"https:\/\/grupo.us.es\/periodismoypunto\/#\/schema\/logo\/image\/\"},\"sameAs\":[\"https:\/\/x.com\/deperiodismo_\"]}]}<\/script>\n<!-- \/ Yoast SEO plugin. -->","yoast_head_json":{"title":"Noticias - Narrativas Period\u00edsticas y Tecnolog\u00edas Emergentes","robots":{"index":"index","follow":"follow","max-snippet":"max-snippet:-1","max-image-preview":"max-image-preview:large","max-video-preview":"max-video-preview:-1"},"canonical":"https:\/\/grupo.us.es\/periodismoypunto\/noticias\/","og_locale":"es_ES","og_type":"article","og_title":"Noticias - Narrativas Period\u00edsticas y Tecnolog\u00edas Emergentes","og_url":"https:\/\/grupo.us.es\/periodismoypunto\/noticias\/","og_site_name":"Narrativas Period\u00edsticas y Tecnolog\u00edas Emergentes","article_modified_time":"2023-05-02T09:16:06+00:00","twitter_card":"summary_large_image","twitter_site":"@deperiodismo_","twitter_misc":{"Tiempo de lectura":"1 minuto"},"schema":{"@context":"https:\/\/schema.org","@graph":[{"@type":"WebPage","@id":"https:\/\/grupo.us.es\/periodismoypunto\/noticias\/","url":"https:\/\/grupo.us.es\/periodismoypunto\/noticias\/","name":"Noticias - Narrativas Period\u00edsticas y Tecnolog\u00edas Emergentes","isPartOf":{"@id":"https:\/\/grupo.us.es\/periodismoypunto\/#website"},"datePublished":"2023-03-30T09:57:02+00:00","dateModified":"2023-05-02T09:16:06+00:00","inLanguage":"es","potentialAction":[{"@type":"ReadAction","target":["https:\/\/grupo.us.es\/periodismoypunto\/noticias\/"]}]},{"@type":"WebSite","@id":"https:\/\/grupo.us.es\/periodismoypunto\/#website","url":"https:\/\/grupo.us.es\/periodismoypunto\/","name":"Narrativas Period\u00edsticas y Tecnolog\u00edas Emergentes","description":"","publisher":{"@id":"https:\/\/grupo.us.es\/periodismoypunto\/#organization"},"potentialAction":[{"@type":"SearchAction","target":{"@type":"EntryPoint","urlTemplate":"https:\/\/grupo.us.es\/periodismoypunto\/?s={search_term_string}"},"query-input":{"@type":"PropertyValueSpecification","valueRequired":true,"valueName":"search_term_string"}}],"inLanguage":"es"},{"@type":"Organization","@id":"https:\/\/grupo.us.es\/periodismoypunto\/#organization","name":"Narrativas Period\u00edsticas y Tecnolog\u00edas Emergentes","url":"https:\/\/grupo.us.es\/periodismoypunto\/","logo":{"@type":"ImageObject","inLanguage":"es","@id":"https:\/\/grupo.us.es\/periodismoypunto\/#\/schema\/logo\/image\/","url":"https:\/\/grupo.us.es\/periodismoypunto\/wp-content\/uploads\/2024\/04\/logoweb.png","contentUrl":"https:\/\/grupo.us.es\/periodismoypunto\/wp-content\/uploads\/2024\/04\/logoweb.png","width":2015,"height":410,"caption":"Narrativas Period\u00edsticas y Tecnolog\u00edas Emergentes"},"image":{"@id":"https:\/\/grupo.us.es\/periodismoypunto\/#\/schema\/logo\/image\/"},"sameAs":["https:\/\/x.com\/deperiodismo_"]}]}},"_links":{"self":[{"href":"https:\/\/grupo.us.es\/periodismoypunto\/wp-json\/wp\/v2\/pages\/3027","targetHints":{"allow":["GET"]}}],"collection":[{"href":"https:\/\/grupo.us.es\/periodismoypunto\/wp-json\/wp\/v2\/pages"}],"about":[{"href":"https:\/\/grupo.us.es\/periodismoypunto\/wp-json\/wp\/v2\/types\/page"}],"author":[{"embeddable":true,"href":"https:\/\/grupo.us.es\/periodismoypunto\/wp-json\/wp\/v2\/users\/3"}],"replies":[{"embeddable":true,"href":"https:\/\/grupo.us.es\/periodismoypunto\/wp-json\/wp\/v2\/comments?post=3027"}],"version-history":[{"count":0,"href":"https:\/\/grupo.us.es\/periodismoypunto\/wp-json\/wp\/v2\/pages\/3027\/revisions"}],"wp:attachment":[{"href":"https:\/\/grupo.us.es\/periodismoypunto\/wp-json\/wp\/v2\/media?parent=3027"}],"curies":[{"name":"wp","href":"https:\/\/api.w.org\/{rel}","templated":true}]}}