{"id":14,"date":"2022-03-14T08:20:56","date_gmt":"2022-03-14T08:20:56","guid":{"rendered":"https:\/\/grupo.us.es\/periodismoypunto\/?page_id=14"},"modified":"2025-03-11T13:39:15","modified_gmt":"2025-03-11T13:39:15","slug":"inicio","status":"publish","type":"page","link":"https:\/\/grupo.us.es\/periodismoypunto\/","title":{"rendered":"Inicio"},"content":{"rendered":"\t\t<div data-elementor-type=\"wp-page\" data-elementor-id=\"14\" class=\"elementor elementor-14\" data-elementor-post-type=\"page\">\n\t\t\t\t\t\t<section class=\"elementor-section elementor-top-section elementor-element elementor-element-0316a7e elementor-section-full_width elementor-section-stretched elementor-section-height-default elementor-section-height-default elementor-invisible\" data-id=\"0316a7e\" data-element_type=\"section\" data-settings=\"{&quot;stretch_section&quot;:&quot;section-stretched&quot;,&quot;animation&quot;:&quot;fadeIn&quot;}\">\n\t\t\t\t\t\t<div class=\"elementor-container elementor-column-gap-default\">\n\t\t\t\t\t<div class=\"elementor-column elementor-col-100 elementor-top-column elementor-element elementor-element-cb9c7f9\" data-id=\"cb9c7f9\" data-element_type=\"column\">\n\t\t\t<div class=\"elementor-widget-wrap elementor-element-populated\">\n\t\t\t\t\t\t<div class=\"elementor-element elementor-element-26819dd elementor--h-position-center elementor--v-position-middle elementor-arrows-position-inside elementor-pagination-position-inside elementor-widget elementor-widget-slides\" data-id=\"26819dd\" data-element_type=\"widget\" data-settings=\"{&quot;transition&quot;:&quot;fade&quot;,&quot;transition_speed&quot;:800,&quot;navigation&quot;:&quot;both&quot;,&quot;autoplay&quot;:&quot;yes&quot;,&quot;pause_on_hover&quot;:&quot;yes&quot;,&quot;pause_on_interaction&quot;:&quot;yes&quot;,&quot;autoplay_speed&quot;:5000,&quot;infinite&quot;:&quot;yes&quot;}\" data-widget_type=\"slides.default\">\n\t\t\t\t<div class=\"elementor-widget-container\">\n\t\t\t\t\t\t\t\t\t<div class=\"elementor-swiper\">\n\t\t\t\t\t<div class=\"elementor-slides-wrapper elementor-main-swiper swiper\" role=\"region\" aria-roledescription=\"carousel\" aria-label=\"Diapositivas\" dir=\"ltr\" data-animation=\"fadeInUp\">\n\t\t\t\t<div class=\"swiper-wrapper elementor-slides\">\n\t\t\t\t\t\t\t\t\t\t<div class=\"elementor-repeater-item-dc06700 swiper-slide\" role=\"group\" aria-roledescription=\"slide\"><div class=\"swiper-slide-bg elementor-ken-burns elementor-ken-burns--in\" role=\"img\"><\/div><div class=\"elementor-background-overlay\"><\/div><a class=\"swiper-slide-inner\" href=\"https:\/\/grupo.us.es\/periodismoypunto\"><div class=\"swiper-slide-contents\"><div class=\"elementor-slide-heading\">NARRATIVAS PERIOD\u00cdSTICAS Y TECNOLOG\u00cdAS EMERGENTES<\/div><div class=\"elementor-slide-description\">Grupo HUM885<\/div><\/div><\/a><\/div>\t\t\t\t<\/div>\n\t\t\t\t\t\t\t<\/div>\n\t\t\t\t<\/div>\n\t\t\t\t\t\t\t\t<\/div>\n\t\t\t\t<\/div>\n\t\t\t\t\t<\/div>\n\t\t<\/div>\n\t\t\t\t\t<\/div>\n\t\t<\/section>\n\t\t\t\t<section class=\"elementor-section elementor-top-section elementor-element elementor-element-7db1aae elementor-section-boxed elementor-section-height-default elementor-section-height-default\" data-id=\"7db1aae\" data-element_type=\"section\">\n\t\t\t\t\t\t<div class=\"elementor-container elementor-column-gap-default\">\n\t\t\t\t\t<div class=\"elementor-column elementor-col-100 elementor-top-column elementor-element elementor-element-2296e98\" data-id=\"2296e98\" data-element_type=\"column\">\n\t\t\t<div class=\"elementor-widget-wrap elementor-element-populated\">\n\t\t\t\t\t\t<div class=\"elementor-element elementor-element-a2e41ed elementor-widget-divider--view-line_text elementor-widget-divider--element-align-left elementor-invisible elementor-widget elementor-widget-divider\" data-id=\"a2e41ed\" data-element_type=\"widget\" data-settings=\"{&quot;_animation&quot;:&quot;fadeInLeft&quot;}\" data-widget_type=\"divider.default\">\n\t\t\t\t<div class=\"elementor-widget-container\">\n\t\t\t\t\t\t\t<div class=\"elementor-divider\">\n\t\t\t<span class=\"elementor-divider-separator\">\n\t\t\t\t\t\t\t<h2 class=\"elementor-divider__text elementor-divider__element\">\n\t\t\t\tProyecto\t\t\t\t<\/h2>\n\t\t\t\t\t\t<\/span>\n\t\t<\/div>\n\t\t\t\t\t\t<\/div>\n\t\t\t\t<\/div>\n\t\t\t\t<div class=\"elementor-element elementor-element-a0528fd elementor-invisible elementor-widget elementor-widget-heading\" data-id=\"a0528fd\" data-element_type=\"widget\" data-settings=\"{&quot;_animation&quot;:&quot;fadeInRight&quot;}\" data-widget_type=\"heading.default\">\n\t\t\t\t<div class=\"elementor-widget-container\">\n\t\t\t\t\t<h3 class=\"elementor-heading-title elementor-size-default\"><a href=\"https:\/\/grupo.us.es\/periodismoypunto\/formacion-en-tecnicas-de-metodologias-docentes-participativas-en-las-asignaturas-del-area-de-redaccion-periodistica\/\">Formaci\u00f3n en t\u00e9cnicas de metodolog\u00edas docentes participativas en las asignaturas del \u00e1rea de Redacci\u00f3n Period\u00edstica (2022\/23)<\/a><\/h3>\t\t\t\t<\/div>\n\t\t\t\t<\/div>\n\t\t\t\t\t<\/div>\n\t\t<\/div>\n\t\t\t\t\t<\/div>\n\t\t<\/section>\n\t\t\t\t<section class=\"elementor-section elementor-top-section elementor-element elementor-element-786f50d elementor-section-boxed elementor-section-height-default elementor-section-height-default\" data-id=\"786f50d\" data-element_type=\"section\">\n\t\t\t\t\t\t<div class=\"elementor-container elementor-column-gap-default\">\n\t\t\t\t\t<div class=\"elementor-column elementor-col-100 elementor-top-column elementor-element elementor-element-fb0674b\" data-id=\"fb0674b\" data-element_type=\"column\">\n\t\t\t<div class=\"elementor-widget-wrap elementor-element-populated\">\n\t\t\t\t\t\t<div class=\"elementor-element elementor-element-785699a elementor-widget-divider--view-line_text elementor-widget-divider--element-align-left elementor-invisible elementor-widget elementor-widget-divider\" data-id=\"785699a\" data-element_type=\"widget\" data-settings=\"{&quot;_animation&quot;:&quot;fadeInLeft&quot;}\" data-widget_type=\"divider.default\">\n\t\t\t\t<div class=\"elementor-widget-container\">\n\t\t\t\t\t\t\t<div class=\"elementor-divider\">\n\t\t\t<span class=\"elementor-divider-separator\">\n\t\t\t\t\t\t\t<h2 class=\"elementor-divider__text elementor-divider__element\">\n\t\t\t\tNoticias\t\t\t\t<\/h2>\n\t\t\t\t\t\t<\/span>\n\t\t<\/div>\n\t\t\t\t\t\t<\/div>\n\t\t\t\t<\/div>\n\t\t\t\t<div class=\"elementor-element elementor-element-c8fb1a9 elementor-grid-3 elementor-grid-tablet-2 elementor-grid-mobile-1 elementor-posts--thumbnail-top elementor-invisible elementor-widget elementor-widget-posts\" data-id=\"c8fb1a9\" data-element_type=\"widget\" data-settings=\"{&quot;pagination_type&quot;:&quot;load_more_infinite_scroll&quot;,&quot;_animation&quot;:&quot;fadeInRight&quot;,&quot;classic_columns&quot;:&quot;3&quot;,&quot;classic_columns_tablet&quot;:&quot;2&quot;,&quot;classic_columns_mobile&quot;:&quot;1&quot;,&quot;classic_row_gap&quot;:{&quot;unit&quot;:&quot;px&quot;,&quot;size&quot;:35,&quot;sizes&quot;:[]},&quot;classic_row_gap_tablet&quot;:{&quot;unit&quot;:&quot;px&quot;,&quot;size&quot;:&quot;&quot;,&quot;sizes&quot;:[]},&quot;classic_row_gap_mobile&quot;:{&quot;unit&quot;:&quot;px&quot;,&quot;size&quot;:&quot;&quot;,&quot;sizes&quot;:[]},&quot;load_more_spinner&quot;:{&quot;value&quot;:&quot;fas fa-spinner&quot;,&quot;library&quot;:&quot;fa-solid&quot;}}\" data-widget_type=\"posts.classic\">\n\t\t\t\t<div class=\"elementor-widget-container\">\n\t\t\t\t\t\t\t<div class=\"elementor-posts-container elementor-posts elementor-posts--skin-classic elementor-grid\">\n\t\t\t\t<article class=\"elementor-post elementor-grid-item post-3374 post type-post status-publish format-standard has-post-thumbnail hentry category-noticias\">\n\t\t\t\t<a class=\"elementor-post__thumbnail__link\" href=\"https:\/\/grupo.us.es\/periodismoypunto\/noticias\/la-facultad-de-comunicacion-premiara-los-mejores-trabajos-de-redaccion-periodistica-en-la-tercera-edicion-de-todo-por-contar\/\" tabindex=\"-1\" >\n\t\t\t<div class=\"elementor-post__thumbnail\"><img fetchpriority=\"high\" decoding=\"async\" width=\"300\" height=\"190\" src=\"https:\/\/grupo.us.es\/periodismoypunto\/wp-content\/uploads\/2025\/05\/jpg_A4-CMYK-e1746702001469-300x190.jpg\" class=\"attachment-medium size-medium wp-image-3375\" alt=\"\" srcset=\"https:\/\/grupo.us.es\/periodismoypunto\/wp-content\/uploads\/2025\/05\/jpg_A4-CMYK-e1746702001469-300x190.jpg 300w, https:\/\/grupo.us.es\/periodismoypunto\/wp-content\/uploads\/2025\/05\/jpg_A4-CMYK-e1746702001469-1024x650.jpg 1024w, https:\/\/grupo.us.es\/periodismoypunto\/wp-content\/uploads\/2025\/05\/jpg_A4-CMYK-e1746702001469-768x487.jpg 768w, https:\/\/grupo.us.es\/periodismoypunto\/wp-content\/uploads\/2025\/05\/jpg_A4-CMYK-e1746702001469.jpg 1240w\" sizes=\"(max-width: 300px) 100vw, 300px\" \/><\/div>\n\t\t<\/a>\n\t\t\t\t<div class=\"elementor-post__text\">\n\t\t\t\t<h3 class=\"elementor-post__title\">\n\t\t\t<a href=\"https:\/\/grupo.us.es\/periodismoypunto\/noticias\/la-facultad-de-comunicacion-premiara-los-mejores-trabajos-de-redaccion-periodistica-en-la-tercera-edicion-de-todo-por-contar\/\" >\n\t\t\t\tLa Facultad de Comunicaci\u00f3n premiar\u00e1 los mejores trabajos de redacci\u00f3n period\u00edstica en la tercera edici\u00f3n de \u201cTodo por contar\u201d\t\t\t<\/a>\n\t\t<\/h3>\n\t\t\t\t<\/div>\n\t\t\t\t<\/article>\n\t\t\t\t<article class=\"elementor-post elementor-grid-item post-3367 post type-post status-publish format-standard has-post-thumbnail hentry category-noticias\">\n\t\t\t\t<a class=\"elementor-post__thumbnail__link\" href=\"https:\/\/grupo.us.es\/periodismoypunto\/noticias\/la-vocacion-como-motor-del-periodismo-a-debate-en-la-ix-jornada-experiencia-tv\/\" tabindex=\"-1\" >\n\t\t\t<div class=\"elementor-post__thumbnail\"><img decoding=\"async\" width=\"214\" height=\"300\" src=\"https:\/\/grupo.us.es\/periodismoypunto\/wp-content\/uploads\/2025\/03\/EXPTV2025_page_1-214x300.jpg\" class=\"attachment-medium size-medium wp-image-3369\" alt=\"\" srcset=\"https:\/\/grupo.us.es\/periodismoypunto\/wp-content\/uploads\/2025\/03\/EXPTV2025_page_1-214x300.jpg 214w, https:\/\/grupo.us.es\/periodismoypunto\/wp-content\/uploads\/2025\/03\/EXPTV2025_page_1-732x1024.jpg 732w, https:\/\/grupo.us.es\/periodismoypunto\/wp-content\/uploads\/2025\/03\/EXPTV2025_page_1-768x1075.jpg 768w, https:\/\/grupo.us.es\/periodismoypunto\/wp-content\/uploads\/2025\/03\/EXPTV2025_page_1-1097x1536.jpg 1097w, https:\/\/grupo.us.es\/periodismoypunto\/wp-content\/uploads\/2025\/03\/EXPTV2025_page_1-1463x2048.jpg 1463w, https:\/\/grupo.us.es\/periodismoypunto\/wp-content\/uploads\/2025\/03\/EXPTV2025_page_1-scaled.jpg 1829w\" sizes=\"(max-width: 214px) 100vw, 214px\" \/><\/div>\n\t\t<\/a>\n\t\t\t\t<div class=\"elementor-post__text\">\n\t\t\t\t<h3 class=\"elementor-post__title\">\n\t\t\t<a href=\"https:\/\/grupo.us.es\/periodismoypunto\/noticias\/la-vocacion-como-motor-del-periodismo-a-debate-en-la-ix-jornada-experiencia-tv\/\" >\n\t\t\t\tLa vocaci\u00f3n como motor del periodismo, a debate en la IX Jornada Experiencia TV\t\t\t<\/a>\n\t\t<\/h3>\n\t\t\t\t<\/div>\n\t\t\t\t<\/article>\n\t\t\t\t<article class=\"elementor-post elementor-grid-item post-3364 post type-post status-publish format-standard has-post-thumbnail hentry category-noticias\">\n\t\t\t\t<a class=\"elementor-post__thumbnail__link\" href=\"https:\/\/grupo.us.es\/periodismoypunto\/noticias\/presentacion-de-esa-inutil-perfeccion-del-silencio-obra-postuma-de-antonio-lopez-hidalgo\/\" tabindex=\"-1\" >\n\t\t\t<div class=\"elementor-post__thumbnail\"><img decoding=\"async\" width=\"180\" height=\"300\" src=\"https:\/\/grupo.us.es\/periodismoypunto\/wp-content\/uploads\/2025\/03\/CARTELOKDEF-180x300.jpg\" class=\"attachment-medium size-medium wp-image-3366\" alt=\"\" srcset=\"https:\/\/grupo.us.es\/periodismoypunto\/wp-content\/uploads\/2025\/03\/CARTELOKDEF-180x300.jpg 180w, https:\/\/grupo.us.es\/periodismoypunto\/wp-content\/uploads\/2025\/03\/CARTELOKDEF-615x1024.jpg 615w, https:\/\/grupo.us.es\/periodismoypunto\/wp-content\/uploads\/2025\/03\/CARTELOKDEF-768x1279.jpg 768w, https:\/\/grupo.us.es\/periodismoypunto\/wp-content\/uploads\/2025\/03\/CARTELOKDEF.jpg 798w\" sizes=\"(max-width: 180px) 100vw, 180px\" \/><\/div>\n\t\t<\/a>\n\t\t\t\t<div class=\"elementor-post__text\">\n\t\t\t\t<h3 class=\"elementor-post__title\">\n\t\t\t<a href=\"https:\/\/grupo.us.es\/periodismoypunto\/noticias\/presentacion-de-esa-inutil-perfeccion-del-silencio-obra-postuma-de-antonio-lopez-hidalgo\/\" >\n\t\t\t\tPresentaci\u00f3n de \u201cEsa in\u00fatil perfecci\u00f3n del silencio\u201d, obra p\u00f3stuma de Antonio L\u00f3pez Hidalgo\t\t\t<\/a>\n\t\t<\/h3>\n\t\t\t\t<\/div>\n\t\t\t\t<\/article>\n\t\t\t\t<\/div>\n\t\t\t\t\t<span class=\"e-load-more-spinner\">\n\t\t\t\t<i aria-hidden=\"true\" class=\"fas fa-spinner\"><\/i>\t\t\t<\/span>\n\t\t\n\t\t\t\t<div class=\"e-load-more-anchor\" data-page=\"1\" data-max-page=\"3\" data-next-page=\"https:\/\/grupo.us.es\/periodismoypunto\/wp-json\/wp\/v2\/pages\/14\/page\/2\/\"><\/div>\n\t\t\t\t<div class=\"e-load-more-message\"><\/div>\n\t\t\t\t\t\t<\/div>\n\t\t\t\t<\/div>\n\t\t\t\t<div class=\"elementor-element elementor-element-dfc56e9 elementor-align-right elementor-invisible elementor-widget elementor-widget-button\" data-id=\"dfc56e9\" data-element_type=\"widget\" data-settings=\"{&quot;_animation&quot;:&quot;fadeInUp&quot;}\" data-widget_type=\"button.default\">\n\t\t\t\t<div class=\"elementor-widget-container\">\n\t\t\t\t\t\t\t\t\t<div class=\"elementor-button-wrapper\">\n\t\t\t\t\t<a class=\"elementor-button elementor-button-link elementor-size-sm\" href=\"https:\/\/grupo.us.es\/periodismoypunto\/noticias\/\">\n\t\t\t\t\t\t<span class=\"elementor-button-content-wrapper\">\n\t\t\t\t\t\t\t\t\t<span class=\"elementor-button-text\">Ver Noticias<\/span>\n\t\t\t\t\t<\/span>\n\t\t\t\t\t<\/a>\n\t\t\t\t<\/div>\n\t\t\t\t\t\t\t\t<\/div>\n\t\t\t\t<\/div>\n\t\t\t\t\t<\/div>\n\t\t<\/div>\n\t\t\t\t\t<\/div>\n\t\t<\/section>\n\t\t\t\t<\/div>\n\t\t","protected":false},"excerpt":{"rendered":"<p>NARRATIVAS PERIOD\u00cdSTICAS Y TECNOLOG\u00cdAS EMERGENTESGrupo HUM885 Proyecto Formaci\u00f3n en t\u00e9cnicas de metodolog\u00edas docentes participativas en las<\/p>\n","protected":false},"author":1,"featured_media":0,"parent":0,"menu_order":0,"comment_status":"closed","ping_status":"closed","template":"","meta":{"footnotes":""},"class_list":["post-14","page","type-page","status-publish","hentry"],"yoast_head":"<!-- This site is optimized with the Yoast SEO plugin v26.1.1 - https:\/\/yoast.com\/wordpress\/plugins\/seo\/ -->\n<title>Inicio - Narrativas Period\u00edsticas y Tecnolog\u00edas Emergentes<\/title>\n<meta name=\"robots\" content=\"index, follow, max-snippet:-1, max-image-preview:large, max-video-preview:-1\" \/>\n<link rel=\"canonical\" href=\"https:\/\/grupo.us.es\/periodismoypunto\/\" \/>\n<meta property=\"og:locale\" content=\"es_ES\" \/>\n<meta property=\"og:type\" content=\"article\" \/>\n<meta property=\"og:title\" content=\"Inicio - Narrativas Period\u00edsticas y Tecnolog\u00edas Emergentes\" \/>\n<meta property=\"og:description\" content=\"NARRATIVAS PERIOD\u00cdSTICAS Y TECNOLOG\u00cdAS EMERGENTESGrupo HUM885 Proyecto Formaci\u00f3n en t\u00e9cnicas de metodolog\u00edas docentes participativas en las\" \/>\n<meta property=\"og:url\" content=\"https:\/\/grupo.us.es\/periodismoypunto\/\" \/>\n<meta property=\"og:site_name\" content=\"Narrativas Period\u00edsticas y Tecnolog\u00edas Emergentes\" \/>\n<meta property=\"article:modified_time\" content=\"2025-03-11T13:39:15+00:00\" \/>\n<meta name=\"twitter:card\" content=\"summary_large_image\" \/>\n<meta name=\"twitter:site\" content=\"@deperiodismo_\" \/>\n<meta name=\"twitter:label1\" content=\"Tiempo de lectura\" \/>\n\t<meta name=\"twitter:data1\" content=\"1 minuto\" \/>\n<script type=\"application\/ld+json\" class=\"yoast-schema-graph\">{\"@context\":\"https:\/\/schema.org\",\"@graph\":[{\"@type\":\"WebPage\",\"@id\":\"https:\/\/grupo.us.es\/periodismoypunto\/\",\"url\":\"https:\/\/grupo.us.es\/periodismoypunto\/\",\"name\":\"Inicio - Narrativas Period\u00edsticas y Tecnolog\u00edas Emergentes\",\"isPartOf\":{\"@id\":\"https:\/\/grupo.us.es\/periodismoypunto\/#website\"},\"datePublished\":\"2022-03-14T08:20:56+00:00\",\"dateModified\":\"2025-03-11T13:39:15+00:00\",\"inLanguage\":\"es\",\"potentialAction\":[{\"@type\":\"ReadAction\",\"target\":[\"https:\/\/grupo.us.es\/periodismoypunto\/\"]}]},{\"@type\":\"WebSite\",\"@id\":\"https:\/\/grupo.us.es\/periodismoypunto\/#website\",\"url\":\"https:\/\/grupo.us.es\/periodismoypunto\/\",\"name\":\"Narrativas Period\u00edsticas y Tecnolog\u00edas Emergentes\",\"description\":\"\",\"publisher\":{\"@id\":\"https:\/\/grupo.us.es\/periodismoypunto\/#organization\"},\"potentialAction\":[{\"@type\":\"SearchAction\",\"target\":{\"@type\":\"EntryPoint\",\"urlTemplate\":\"https:\/\/grupo.us.es\/periodismoypunto\/?s={search_term_string}\"},\"query-input\":{\"@type\":\"PropertyValueSpecification\",\"valueRequired\":true,\"valueName\":\"search_term_string\"}}],\"inLanguage\":\"es\"},{\"@type\":\"Organization\",\"@id\":\"https:\/\/grupo.us.es\/periodismoypunto\/#organization\",\"name\":\"Narrativas Period\u00edsticas y Tecnolog\u00edas Emergentes\",\"url\":\"https:\/\/grupo.us.es\/periodismoypunto\/\",\"logo\":{\"@type\":\"ImageObject\",\"inLanguage\":\"es\",\"@id\":\"https:\/\/grupo.us.es\/periodismoypunto\/#\/schema\/logo\/image\/\",\"url\":\"https:\/\/grupo.us.es\/periodismoypunto\/wp-content\/uploads\/2024\/04\/logoweb.png\",\"contentUrl\":\"https:\/\/grupo.us.es\/periodismoypunto\/wp-content\/uploads\/2024\/04\/logoweb.png\",\"width\":2015,\"height\":410,\"caption\":\"Narrativas Period\u00edsticas y Tecnolog\u00edas Emergentes\"},\"image\":{\"@id\":\"https:\/\/grupo.us.es\/periodismoypunto\/#\/schema\/logo\/image\/\"},\"sameAs\":[\"https:\/\/x.com\/deperiodismo_\"]}]}<\/script>\n<!-- \/ Yoast SEO plugin. -->","yoast_head_json":{"title":"Inicio - Narrativas Period\u00edsticas y Tecnolog\u00edas Emergentes","robots":{"index":"index","follow":"follow","max-snippet":"max-snippet:-1","max-image-preview":"max-image-preview:large","max-video-preview":"max-video-preview:-1"},"canonical":"https:\/\/grupo.us.es\/periodismoypunto\/","og_locale":"es_ES","og_type":"article","og_title":"Inicio - Narrativas Period\u00edsticas y Tecnolog\u00edas Emergentes","og_description":"NARRATIVAS PERIOD\u00cdSTICAS Y TECNOLOG\u00cdAS EMERGENTESGrupo HUM885 Proyecto Formaci\u00f3n en t\u00e9cnicas de metodolog\u00edas docentes participativas en las","og_url":"https:\/\/grupo.us.es\/periodismoypunto\/","og_site_name":"Narrativas Period\u00edsticas y Tecnolog\u00edas Emergentes","article_modified_time":"2025-03-11T13:39:15+00:00","twitter_card":"summary_large_image","twitter_site":"@deperiodismo_","twitter_misc":{"Tiempo de lectura":"1 minuto"},"schema":{"@context":"https:\/\/schema.org","@graph":[{"@type":"WebPage","@id":"https:\/\/grupo.us.es\/periodismoypunto\/","url":"https:\/\/grupo.us.es\/periodismoypunto\/","name":"Inicio - Narrativas Period\u00edsticas y Tecnolog\u00edas Emergentes","isPartOf":{"@id":"https:\/\/grupo.us.es\/periodismoypunto\/#website"},"datePublished":"2022-03-14T08:20:56+00:00","dateModified":"2025-03-11T13:39:15+00:00","inLanguage":"es","potentialAction":[{"@type":"ReadAction","target":["https:\/\/grupo.us.es\/periodismoypunto\/"]}]},{"@type":"WebSite","@id":"https:\/\/grupo.us.es\/periodismoypunto\/#website","url":"https:\/\/grupo.us.es\/periodismoypunto\/","name":"Narrativas Period\u00edsticas y Tecnolog\u00edas Emergentes","description":"","publisher":{"@id":"https:\/\/grupo.us.es\/periodismoypunto\/#organization"},"potentialAction":[{"@type":"SearchAction","target":{"@type":"EntryPoint","urlTemplate":"https:\/\/grupo.us.es\/periodismoypunto\/?s={search_term_string}"},"query-input":{"@type":"PropertyValueSpecification","valueRequired":true,"valueName":"search_term_string"}}],"inLanguage":"es"},{"@type":"Organization","@id":"https:\/\/grupo.us.es\/periodismoypunto\/#organization","name":"Narrativas Period\u00edsticas y Tecnolog\u00edas Emergentes","url":"https:\/\/grupo.us.es\/periodismoypunto\/","logo":{"@type":"ImageObject","inLanguage":"es","@id":"https:\/\/grupo.us.es\/periodismoypunto\/#\/schema\/logo\/image\/","url":"https:\/\/grupo.us.es\/periodismoypunto\/wp-content\/uploads\/2024\/04\/logoweb.png","contentUrl":"https:\/\/grupo.us.es\/periodismoypunto\/wp-content\/uploads\/2024\/04\/logoweb.png","width":2015,"height":410,"caption":"Narrativas Period\u00edsticas y Tecnolog\u00edas Emergentes"},"image":{"@id":"https:\/\/grupo.us.es\/periodismoypunto\/#\/schema\/logo\/image\/"},"sameAs":["https:\/\/x.com\/deperiodismo_"]}]}},"_links":{"self":[{"href":"https:\/\/grupo.us.es\/periodismoypunto\/wp-json\/wp\/v2\/pages\/14","targetHints":{"allow":["GET"]}}],"collection":[{"href":"https:\/\/grupo.us.es\/periodismoypunto\/wp-json\/wp\/v2\/pages"}],"about":[{"href":"https:\/\/grupo.us.es\/periodismoypunto\/wp-json\/wp\/v2\/types\/page"}],"author":[{"embeddable":true,"href":"https:\/\/grupo.us.es\/periodismoypunto\/wp-json\/wp\/v2\/users\/1"}],"replies":[{"embeddable":true,"href":"https:\/\/grupo.us.es\/periodismoypunto\/wp-json\/wp\/v2\/comments?post=14"}],"version-history":[{"count":0,"href":"https:\/\/grupo.us.es\/periodismoypunto\/wp-json\/wp\/v2\/pages\/14\/revisions"}],"wp:attachment":[{"href":"https:\/\/grupo.us.es\/periodismoypunto\/wp-json\/wp\/v2\/media?parent=14"}],"curies":[{"name":"wp","href":"https:\/\/api.w.org\/{rel}","templated":true}]}}