{"id":51,"date":"2022-03-09T10:22:16","date_gmt":"2022-03-09T10:22:16","guid":{"rendered":"http:\/\/grupo.us.es\/osunarecuerda\/?page_id=51"},"modified":"2023-02-24T10:00:33","modified_gmt":"2023-02-24T10:00:33","slug":"prensa","status":"publish","type":"page","link":"https:\/\/grupo.us.es\/osunarecuerda\/prensa\/","title":{"rendered":"PRENSA"},"content":{"rendered":"\n<p><strong>Presentaci\u00f3n del Proyecto Osuna Recuerda en la Escuela Universitaria de Osuna, en junio de 2021.<\/strong><\/p>\n\n\n\n<p>(24\/05\/2022) <a href=\"http:\/\/www.osuna.es\/es\/actualidad\/noticias\/Presentado-el-proyecto-Osuna-recuerda-con-el-que-comenzara-proximamente-la-exhumacion-de-los-fusilados-del-cementerio-municipal\/?urlBack=\">Presentado el proyecto &#8216;Osuna recuerda&#8217;, con el que comenzar\u00e1 pr\u00f3ximamente la exhumaci\u00f3n de los fusilados del cementerio municipal,<\/a> Ayuntamiento de Osuna<\/p>\n\n\n\n<p>(03\/06\/2022), <a rel=\"noreferrer noopener\" href=\"https:\/\/investigacion.us.es\/noticias\/5240\" target=\"_blank\">Presentaci\u00f3n del Proyecto Osuna Recuerda en la Escuela Universitaria de Osuna,<\/a> Sisius, Universidad de Sevilla.<\/p>\n\n\n\n<p>(03\/06\/2022), <a rel=\"noreferrer noopener\" href=\"https:\/\/www.youtube.com\/watch?v=VM7-lRboXCY\" target=\"_blank\">Presentaci\u00f3n del proyecto \u00abOsuna Recuerda\u00bb<\/a>, Osuna TV.<\/p>\n\n\n\n<p><strong>Comienzo de los trabajos de campo:<\/strong><\/p>\n\n\n\n<p>Rojas, S. (29.07.2022). <a rel=\"noreferrer noopener\" href=\"https:\/\/www.eldiario.es\/andalucia\/sevilla\/huellas-memoria-enterrada-fosa-mejor-documentada-sevilla_1_9192053.html\" target=\"_blank\"><em>Tras las huellas de la memoria enterrada en la fosa mejor documentada de Sevilla<\/em>, eldiario.es<\/a><\/p>\n\n\n\n<p>(25\/07\/2022).<a rel=\"noreferrer noopener\" href=\"https:\/\/www.andaluciacentro.com\/sevilla\/osuna\/osuna\/31237\/continuan-a-buen-ritmo-las-excavaciones-en-el-cementerio-de-osuna\" target=\"_blank\"> <em>Contin\u00faan a buen ritmo las excavaciones en el cementerio de Osuna<\/em>, Ser Andaluc\u00eda Centro.<\/a><\/p>\n\n\n\n<p><strong>Pruebas de ADN a los familiares<\/strong><\/p>\n\n\n\n<p>R.P. (08\/08\/2022). <em><a rel=\"noreferrer noopener\" href=\"https:\/\/www.diariodesevilla.es\/provincia\/Realizan-primera-ADN-localizar-fusilados_0_1709230473.html\" target=\"_blank\">Realizan en Osuna las primeras pruebas de ADN para localizar a 210 fusilados durante la guerra civil, <\/a><\/em><a rel=\"noreferrer noopener\" href=\"https:\/\/www.diariodesevilla.es\/provincia\/Realizan-primera-ADN-localizar-fusilados_0_1709230473.html\" target=\"_blank\">Diario de Sevilla<\/a><\/p>\n\n\n\n<p><strong>Art\u00edculos sobre la localizaci\u00f3n primera fosa, noviembre de 2022<\/strong><\/p>\n\n\n\n<p>Rodriguez, B. (09.12.2022). <em><a rel=\"noreferrer noopener\" href=\"https:\/\/www.20minutos.es\/noticia\/5081853\/0\/salen-luz-primeros-restos-oscuro-pasado-osuna\/\" target=\"_blank\">Salen a la luz los primeros restos del oscuro pasado de Osuna<\/a><\/em>, Diario 20 Minutos.<\/p>\n\n\n\n<p>R.S. (28\/11\/2022). <em><a href=\"https:\/\/www.diariodesevilla.es\/provincia\/Hallada-primera-fosa-represaliados-Guerra-Civil-Osuna_0_1742827119.html\">Hallada la primera fosa con 17 represaliados de la Guerra Civil en Osuna<\/a>. Diario de Sevilla<\/em><\/p>\n\n\n\n<p>(28\/11\/2022) <em><a href=\"https:\/\/www.us.es\/actualidad-de-la-us\/hallada-la-primera-fosa-con-17-represaliados-de-la-guerra-civil-en-la-localidad\">Hallada la primera fosa con 17 represaliados de la Guerra Civil en la localidad sevillana de Osuna<\/a><\/em>. Universidad de Sevilla <\/p>\n\n\n\n<p>(29\/11\/2022) <em><a href=\"http:\/\/www.osuna.es\/es\/actualidad\/noticias\/Localizada-en-el-cementerio-de-Osuna-la-primera-fosa-comun-con-restos-de-17-fusilados-de-la-Guerra-Civil\" target=\"_blank\" rel=\"noreferrer noopener\">Localizada en el cementerio de Osuna la primera fosa com\u00fan con restos de 17 fusilados de la Guerra Civil<\/a><\/em>. Ayuntamiento de Osuna  <\/p>\n","protected":false},"excerpt":{"rendered":"<p>Presentaci\u00f3n del Proyecto Osuna Recuerda en la Escuela Universitaria de Osuna, en junio de 2021. (24\/05\/2022) Presentado el proyecto &#8216;Osuna recuerda&#8217;, con el que comenzar\u00e1 pr\u00f3ximamente la exhumaci\u00f3n de los fusilados del cementerio municipal, Ayuntamiento de Osuna (03\/06\/2022), Presentaci\u00f3n del Proyecto Osuna Recuerda en la Escuela Universitaria de Osuna, Sisius, Universidad de Sevilla. (03\/06\/2022), Presentaci\u00f3n [&hellip;]<\/p>\n","protected":false},"author":1,"featured_media":0,"parent":0,"menu_order":0,"comment_status":"closed","ping_status":"closed","template":"","meta":{"ngg_post_thumbnail":0,"footnotes":""},"_links":{"self":[{"href":"https:\/\/grupo.us.es\/osunarecuerda\/wp-json\/wp\/v2\/pages\/51"}],"collection":[{"href":"https:\/\/grupo.us.es\/osunarecuerda\/wp-json\/wp\/v2\/pages"}],"about":[{"href":"https:\/\/grupo.us.es\/osunarecuerda\/wp-json\/wp\/v2\/types\/page"}],"author":[{"embeddable":true,"href":"https:\/\/grupo.us.es\/osunarecuerda\/wp-json\/wp\/v2\/users\/1"}],"replies":[{"embeddable":true,"href":"https:\/\/grupo.us.es\/osunarecuerda\/wp-json\/wp\/v2\/comments?post=51"}],"version-history":[{"count":8,"href":"https:\/\/grupo.us.es\/osunarecuerda\/wp-json\/wp\/v2\/pages\/51\/revisions"}],"predecessor-version":[{"id":583,"href":"https:\/\/grupo.us.es\/osunarecuerda\/wp-json\/wp\/v2\/pages\/51\/revisions\/583"}],"wp:attachment":[{"href":"https:\/\/grupo.us.es\/osunarecuerda\/wp-json\/wp\/v2\/media?parent=51"}],"curies":[{"name":"wp","href":"https:\/\/api.w.org\/{rel}","templated":true}]}}