{"id":43,"date":"2022-03-09T10:21:16","date_gmt":"2022-03-09T10:21:16","guid":{"rendered":"http:\/\/grupo.us.es\/osunarecuerda\/?page_id=43"},"modified":"2023-02-22T09:23:38","modified_gmt":"2023-02-22T09:23:38","slug":"las-personas","status":"publish","type":"page","link":"https:\/\/grupo.us.es\/osunarecuerda\/las-personas\/","title":{"rendered":"LAS PERSONAS"},"content":{"rendered":"\n<p>Desde el comienzo del proyecto se ha creado una p\u00e1gina web y se ha dado de alta una direcci\u00f3n de correo electr\u00f3nico que permite a los familiares de v\u00edctimas ponerse en contacto con los investigadores y comunicarles sus datos.<\/p>\n\n\n\n<p>Esto es del m\u00e1ximo inter\u00e9s tanto para los posibles testimonios que se puedan recoger como, m\u00e1s a\u00fan, para analizar la viabilidad de la toma de muestras gen\u00e9ticas que, en \u00faltimo t\u00e9rmino y a trav\u00e9s del Laboratorio de Medicina Forense de la Universidad de Granada, permitan aportar datos para la identificaci\u00f3n de las v\u00edctimas exhumadas.<\/p>\n\n\n\n<p>En cualquier caso, al margen de estos medios a distancia, con el comienzo de los trabajos de campo <em>in situ<\/em> en el cementerio de Osuna han sido muchos los familiares que han acudido ante el inter\u00e9s personal y general por los objetivos del proyecto.<\/p>\n\n\n\n<p>En lo que respecta a los an\u00e1lisis gen\u00e9ticos, existe un protocolo espec\u00edfico que hace que no todos los familiares sean susceptibles de proporcionar muestras con resultados viables, al ser contrastadas con las obtenidas de los restos \u00f3seos de las v\u00edctimas. Se debe priorizar la relaci\u00f3n parental m\u00e1s directa posible, preferentemente hijos\/as.<\/p>\n\n\n\n<p>Lamentablemente, dado el largo tiempo transcurrido desde la muerte de las v\u00edctimas son ya pocos los hijos e hijas de los fallecidos que viven. No obstante, se ha aprovechado el periodo estival en el que familias originarias de Osuna, migrantes a otras regiones de Espa\u00f1a regresan a la localidad. En otros casos, el kit de muestreo ha sido enviado por correo a los familiares que, siguiendo las instrucciones aportadas, lo devuelven una vez realizado.<\/p>\n\n\n\n<p>De forma paralela se est\u00e1n recogiendo todos los datos a disposici\u00f3n sobre los represaliados y sus familias, a trav\u00e9s de entrevistas que, con su consentimiento, son grabadas. Ello permite contar con informaci\u00f3n alternativa y complementaria a la gen\u00e9tica, que pueda resultar as\u00ed de ayuda en la identificaci\u00f3n de los restos exhumados.<\/p>\n\n\n\n<p>No obstante, el trabajo con las personas relacionadas con las v\u00edctimas, bien sean investigadores locales, amigos y, sobre todo, familiares, no se concibe desde una posici\u00f3n meramente \u201cextractivista\u201d, con la que obtener testimonios, documentaci\u00f3n diversa y muestras de ADN. Ha de articularse una relaci\u00f3n m\u00e1s estable, que incluya el acompa\u00f1amiento en el proceso de exhumaci\u00f3n con la facilitaci\u00f3n peri\u00f3dica de informaci\u00f3n precisa sobre su desarrollo. Tambi\u00e9n se procura una participaci\u00f3n efectiva de los familiares y otros agentes cercanos a las v\u00edctimas, en el proceso de divulgaci\u00f3n de los avances y resultados de la investigaci\u00f3n. La presencia de familiares directos de las v\u00edctimas en el proceso, debidamente acompa\u00f1ados e informados, y concebidos como sujetos activos de la investigaci\u00f3n, contribuye, en cierta medida, en satisfacer las demandas de verdad, justicia y reparaci\u00f3n que vienen reclamando.<\/p>\n\n\n\n<div class=\"wp-block-columns is-layout-flex wp-container-core-columns-layout-1 wp-block-columns-is-layout-flex\">\n<div class=\"wp-block-column is-layout-flow wp-block-column-is-layout-flow\">\n<figure class=\"wp-block-gallery has-nested-images columns-default is-cropped wp-block-gallery-1 is-layout-flex wp-block-gallery-is-layout-flex\">\n<figure class=\"wp-block-image size-large\"><img loading=\"lazy\" decoding=\"async\" width=\"450\" height=\"400\" src=\"https:\/\/grupo.us.es\/osunarecuerda\/wp-content\/uploads\/2023\/02\/manuel.fw_-1.png\" alt=\"\" class=\"wp-image-527\" srcset=\"https:\/\/grupo.us.es\/osunarecuerda\/wp-content\/uploads\/2023\/02\/manuel.fw_-1.png 450w, https:\/\/grupo.us.es\/osunarecuerda\/wp-content\/uploads\/2023\/02\/manuel.fw_-1-300x267.png 300w\" sizes=\"(max-width: 450px) 100vw, 450px\" \/><figcaption class=\"wp-element-caption\">Toma de muestra para pruebas de ADN a Manuel D\u00edaz Lara,<br>hijo de Francisco D\u00edaz Mu\u00f1oz, asesinado cuando \u00e9l contaba<br>con apenas unos meses de edad.<\/figcaption><\/figure>\n<\/figure>\n<\/div>\n\n\n\n<div class=\"wp-block-column is-layout-flow wp-block-column-is-layout-flow\">\n<figure class=\"wp-block-gallery has-nested-images columns-default is-cropped wp-block-gallery-2 is-layout-flex wp-block-gallery-is-layout-flex\">\n<figure class=\"wp-block-image size-full\"><img loading=\"lazy\" decoding=\"async\" width=\"450\" height=\"400\" src=\"http:\/\/grupo.us.es\/osunarecuerda\/wp-content\/uploads\/2023\/02\/entrevista.fw_.png\" alt=\"\" class=\"wp-image-528\" srcset=\"https:\/\/grupo.us.es\/osunarecuerda\/wp-content\/uploads\/2023\/02\/entrevista.fw_.png 450w, https:\/\/grupo.us.es\/osunarecuerda\/wp-content\/uploads\/2023\/02\/entrevista.fw_-300x267.png 300w\" sizes=\"(max-width: 450px) 100vw, 450px\" \/><figcaption class=\"wp-element-caption\">Entrevista con familiares de Manuel Ledesma Garc\u00eda, fusilado en 1936.<\/figcaption><\/figure>\n<\/figure>\n<\/div>\n<\/div>\n","protected":false},"excerpt":{"rendered":"<p>Desde el comienzo del proyecto se ha creado una p\u00e1gina web y se ha dado de alta una direcci\u00f3n de correo electr\u00f3nico que permite a los familiares de v\u00edctimas ponerse en contacto con los investigadores y comunicarles sus datos. Esto es del m\u00e1ximo inter\u00e9s tanto para los posibles testimonios que se puedan recoger como, m\u00e1s [&hellip;]<\/p>\n","protected":false},"author":1,"featured_media":0,"parent":0,"menu_order":0,"comment_status":"closed","ping_status":"closed","template":"","meta":{"ngg_post_thumbnail":0,"footnotes":""},"_links":{"self":[{"href":"https:\/\/grupo.us.es\/osunarecuerda\/wp-json\/wp\/v2\/pages\/43"}],"collection":[{"href":"https:\/\/grupo.us.es\/osunarecuerda\/wp-json\/wp\/v2\/pages"}],"about":[{"href":"https:\/\/grupo.us.es\/osunarecuerda\/wp-json\/wp\/v2\/types\/page"}],"author":[{"embeddable":true,"href":"https:\/\/grupo.us.es\/osunarecuerda\/wp-json\/wp\/v2\/users\/1"}],"replies":[{"embeddable":true,"href":"https:\/\/grupo.us.es\/osunarecuerda\/wp-json\/wp\/v2\/comments?post=43"}],"version-history":[{"count":6,"href":"https:\/\/grupo.us.es\/osunarecuerda\/wp-json\/wp\/v2\/pages\/43\/revisions"}],"predecessor-version":[{"id":529,"href":"https:\/\/grupo.us.es\/osunarecuerda\/wp-json\/wp\/v2\/pages\/43\/revisions\/529"}],"wp:attachment":[{"href":"https:\/\/grupo.us.es\/osunarecuerda\/wp-json\/wp\/v2\/media?parent=43"}],"curies":[{"name":"wp","href":"https:\/\/api.w.org\/{rel}","templated":true}]}}