{"id":407,"date":"2023-02-20T12:19:41","date_gmt":"2023-02-20T12:19:41","guid":{"rendered":"https:\/\/grupo.us.es\/osunarecuerda\/?page_id=407"},"modified":"2023-02-23T10:23:19","modified_gmt":"2023-02-23T10:23:19","slug":"la-formacion","status":"publish","type":"page","link":"https:\/\/grupo.us.es\/osunarecuerda\/la-formacion\/","title":{"rendered":"LA FORMACI\u00d3N"},"content":{"rendered":"\n<p>El Proyecto Osuna recuerda se est\u00e1 desarrollando en su faceta de campo por medio de investigadores de la Universidad de Sevilla y profesionales contratados, especialmente en el \u00e1mbito en este \u00faltimo caso, de la Arqueolog\u00eda forense, especialidad imprescindible en este tipo de contextos de v\u00edctimas de violencia.<\/p>\n\n\n\n<p>Adem\u00e1s, las excavaciones arqueol\u00f3gicas est\u00e1n cubriendo, como iniciativa de una instituci\u00f3n universitaria, una muy relevante labor formativa. Estudiantes de la Universidad de Sevilla est\u00e1n siendo beneficiarios de becas de formaci\u00f3n en el marco del proyecto: en las disciplinas de arqueolog\u00eda, periodismo pol\u00edtico y comunicaci\u00f3n audiovisual, y antropolog\u00eda social y cultural. Otros estudiantes del Grado en Historia y del Grado en&nbsp; Arqueolog\u00eda de la Univ. de Sevilla han tenido la oportunidad de participar como colaboradores en pr\u00e1cticas durante los meses de verano aprovechando la pausa de las clases por las vacaciones estivales.<\/p>\n\n\n\n<p><\/p>\n\n\n\n<p>En el curso 2022-23 se ha participado tambi\u00e9n con un proyecto vinculado a las investigaciones de Osuna Recuerda en la convocatoria anual de \u201cJ\u00f3venes con Investigadores. SciencIES\u201d. Esta actividad est\u00e1 destinada a iniciar a estudiantes de ESO y Bachillerato en las din\u00e1micas de la investigaci\u00f3n cient\u00edfica. Los resultados son expuestos en un congreso interprovincial en la primavera de 2023.<\/p>\n\n\n\n<p>Miembros del proyecto participan con regularidad en diferentes iniciativas organizadas desde centros educativos de Ense\u00f1anza Secundaria Obligatoria y Bachillerato, a fin de dar a conocer los avances de la investigaci\u00f3n en el marco de general de las intervenciones en memoria hist\u00f3rica, sus objetivos y metas.<\/p>\n\n\n\n<div class=\"wp-block-columns is-layout-flex wp-container-core-columns-layout-1 wp-block-columns-is-layout-flex\">\n<div class=\"wp-block-column is-layout-flow wp-block-column-is-layout-flow\" style=\"flex-basis:33.33%\">\n<figure class=\"wp-block-gallery has-nested-images columns-default is-cropped wp-block-gallery-1 is-layout-flex wp-block-gallery-is-layout-flex\">\n<figure class=\"wp-block-image size-large\"><img loading=\"lazy\" decoding=\"async\" width=\"306\" height=\"350\" src=\"https:\/\/grupo.us.es\/osunarecuerda\/wp-content\/uploads\/2023\/02\/43.fw_.png\" alt=\"\" class=\"wp-image-572\" srcset=\"https:\/\/grupo.us.es\/osunarecuerda\/wp-content\/uploads\/2023\/02\/43.fw_.png 306w, https:\/\/grupo.us.es\/osunarecuerda\/wp-content\/uploads\/2023\/02\/43.fw_-262x300.png 262w\" sizes=\"(max-width: 306px) 100vw, 306px\" \/><figcaption class=\"wp-element-caption\">Toma de cotas topogr\u00e1ficas por medio de un nivel \u00f3ptico<\/figcaption><\/figure>\n<\/figure>\n<\/div>\n\n\n\n<div class=\"wp-block-column is-layout-flow wp-block-column-is-layout-flow\" style=\"flex-basis:66.66%\">\n<figure class=\"wp-block-gallery has-nested-images columns-default is-cropped wp-block-gallery-2 is-layout-flex wp-block-gallery-is-layout-flex\">\n<figure class=\"wp-block-image size-large\"><img loading=\"lazy\" decoding=\"async\" width=\"1024\" height=\"576\" src=\"https:\/\/grupo.us.es\/osunarecuerda\/wp-content\/uploads\/2023\/02\/44_entrevista-manuel-martin-1-1024x576.jpeg\" alt=\"\" class=\"wp-image-573\" srcset=\"https:\/\/grupo.us.es\/osunarecuerda\/wp-content\/uploads\/2023\/02\/44_entrevista-manuel-martin-1-1024x576.jpeg 1024w, https:\/\/grupo.us.es\/osunarecuerda\/wp-content\/uploads\/2023\/02\/44_entrevista-manuel-martin-1-300x169.jpeg 300w, https:\/\/grupo.us.es\/osunarecuerda\/wp-content\/uploads\/2023\/02\/44_entrevista-manuel-martin-1-768x432.jpeg 768w, https:\/\/grupo.us.es\/osunarecuerda\/wp-content\/uploads\/2023\/02\/44_entrevista-manuel-martin-1-1536x864.jpeg 1536w, https:\/\/grupo.us.es\/osunarecuerda\/wp-content\/uploads\/2023\/02\/44_entrevista-manuel-martin-1-2048x1152.jpeg 2048w\" sizes=\"(max-width: 1024px) 100vw, 1024px\" \/><figcaption class=\"wp-element-caption\">Pr\u00e1cticas de periodismo y comunicaci\u00f3n audiovisual por parte de becarios del proyecto, realizando entrevistas a agentes locales.<\/figcaption><\/figure>\n<\/figure>\n<\/div>\n<\/div>\n\n\n\n<div class=\"wp-block-columns is-layout-flex wp-container-core-columns-layout-2 wp-block-columns-is-layout-flex\">\n<div class=\"wp-block-column is-layout-flow wp-block-column-is-layout-flow\">\n<figure class=\"wp-block-gallery has-nested-images columns-default is-cropped wp-block-gallery-3 is-layout-flex wp-block-gallery-is-layout-flex\">\n<figure class=\"wp-block-image size-large\"><img loading=\"lazy\" decoding=\"async\" width=\"306\" height=\"350\" src=\"https:\/\/grupo.us.es\/osunarecuerda\/wp-content\/uploads\/2023\/02\/42.fw_.png\" alt=\"\" class=\"wp-image-574\" srcset=\"https:\/\/grupo.us.es\/osunarecuerda\/wp-content\/uploads\/2023\/02\/42.fw_.png 306w, https:\/\/grupo.us.es\/osunarecuerda\/wp-content\/uploads\/2023\/02\/42.fw_-262x300.png 262w\" sizes=\"(max-width: 306px) 100vw, 306px\" \/><figcaption class=\"wp-element-caption\">Aprendizaje por parte de los becarios en formaci\u00f3n del proyecto de t\u00e9cnicas arqueol\u00f3gicas de campo<\/figcaption><\/figure>\n<\/figure>\n<\/div>\n\n\n\n<div class=\"wp-block-column is-layout-flow wp-block-column-is-layout-flow\">\n<figure class=\"wp-block-gallery has-nested-images columns-default is-cropped wp-block-gallery-4 is-layout-flex wp-block-gallery-is-layout-flex\">\n<figure class=\"wp-block-image size-large\"><img loading=\"lazy\" decoding=\"async\" width=\"306\" height=\"350\" src=\"https:\/\/grupo.us.es\/osunarecuerda\/wp-content\/uploads\/2023\/02\/44.fw_.png\" alt=\"\" class=\"wp-image-575\" srcset=\"https:\/\/grupo.us.es\/osunarecuerda\/wp-content\/uploads\/2023\/02\/44.fw_.png 306w, https:\/\/grupo.us.es\/osunarecuerda\/wp-content\/uploads\/2023\/02\/44.fw_-262x300.png 262w\" sizes=\"(max-width: 306px) 100vw, 306px\" \/><figcaption class=\"wp-element-caption\">Sesi\u00f3n de trabajo en la Facultad de Geograf\u00eda e Historia de la Universidad de Sevilla del proyecto educativo \u201cJ\u00f3venes con Investigadores\u201d (SciencIES 2023), dedicado al proyecto Osuna Recuerda.<\/figcaption><\/figure>\n<\/figure>\n<\/div>\n\n\n\n<div class=\"wp-block-column is-layout-flow wp-block-column-is-layout-flow\">\n<figure class=\"wp-block-gallery has-nested-images columns-default is-cropped wp-block-gallery-5 is-layout-flex wp-block-gallery-is-layout-flex\">\n<figure class=\"wp-block-image size-large\"><img loading=\"lazy\" decoding=\"async\" width=\"306\" height=\"350\" src=\"https:\/\/grupo.us.es\/osunarecuerda\/wp-content\/uploads\/2023\/02\/45.fw_.png\" alt=\"\" class=\"wp-image-576\" srcset=\"https:\/\/grupo.us.es\/osunarecuerda\/wp-content\/uploads\/2023\/02\/45.fw_.png 306w, https:\/\/grupo.us.es\/osunarecuerda\/wp-content\/uploads\/2023\/02\/45.fw_-262x300.png 262w\" sizes=\"(max-width: 306px) 100vw, 306px\" \/><figcaption class=\"wp-element-caption\">Conferencia impartida en el IES N\u00e9stor Almendros de Tomares a los alumnos de 2\u00ba de Bachillerato, dentro de su programa curricular dedicado a Memoria Hist\u00f3rica<\/figcaption><\/figure>\n<\/figure>\n<\/div>\n<\/div>\n","protected":false},"excerpt":{"rendered":"<p>El Proyecto Osuna recuerda se est\u00e1 desarrollando en su faceta de campo por medio de investigadores de la Universidad de Sevilla y profesionales contratados, especialmente en el \u00e1mbito en este \u00faltimo caso, de la Arqueolog\u00eda forense, especialidad imprescindible en este tipo de contextos de v\u00edctimas de violencia. Adem\u00e1s, las excavaciones arqueol\u00f3gicas est\u00e1n cubriendo, como iniciativa [&hellip;]<\/p>\n","protected":false},"author":1,"featured_media":0,"parent":0,"menu_order":0,"comment_status":"closed","ping_status":"closed","template":"","meta":{"ngg_post_thumbnail":0,"footnotes":""},"_links":{"self":[{"href":"https:\/\/grupo.us.es\/osunarecuerda\/wp-json\/wp\/v2\/pages\/407"}],"collection":[{"href":"https:\/\/grupo.us.es\/osunarecuerda\/wp-json\/wp\/v2\/pages"}],"about":[{"href":"https:\/\/grupo.us.es\/osunarecuerda\/wp-json\/wp\/v2\/types\/page"}],"author":[{"embeddable":true,"href":"https:\/\/grupo.us.es\/osunarecuerda\/wp-json\/wp\/v2\/users\/1"}],"replies":[{"embeddable":true,"href":"https:\/\/grupo.us.es\/osunarecuerda\/wp-json\/wp\/v2\/comments?post=407"}],"version-history":[{"count":5,"href":"https:\/\/grupo.us.es\/osunarecuerda\/wp-json\/wp\/v2\/pages\/407\/revisions"}],"predecessor-version":[{"id":578,"href":"https:\/\/grupo.us.es\/osunarecuerda\/wp-json\/wp\/v2\/pages\/407\/revisions\/578"}],"wp:attachment":[{"href":"https:\/\/grupo.us.es\/osunarecuerda\/wp-json\/wp\/v2\/media?parent=407"}],"curies":[{"name":"wp","href":"https:\/\/api.w.org\/{rel}","templated":true}]}}