{"id":37,"date":"2022-03-09T10:19:42","date_gmt":"2022-03-09T10:19:42","guid":{"rendered":"http:\/\/grupo.us.es\/osunarecuerda\/?page_id=37"},"modified":"2023-02-21T19:20:18","modified_gmt":"2023-02-21T19:20:18","slug":"los-familiares","status":"publish","type":"page","link":"https:\/\/grupo.us.es\/osunarecuerda\/los-familiares\/","title":{"rendered":"LOS FAMILIARES"},"content":{"rendered":"\n<p>Como ya se ha expuesto en el apartado de objetivos, el fin \u00faltimo de este proyecto es la recuperaci\u00f3n de restos humanos de v\u00edctimas de la Guerra Civil y la represi\u00f3n que yacen, sin identificar, en el cementerio municipal de Osuna, a fin de que puedan ser devueltos a sus familiares y\/o sepultados en las condiciones de dignidad que merecen.<\/p>\n\n\n\n<p>Para ello, adem\u00e1s de la aplicaci\u00f3n de las t\u00e9cnicas propias de la arqueolog\u00eda y la antropolog\u00eda forense para la exhumaci\u00f3n y custodia de los restos, ser\u00e1 necesario llevar a cabo an\u00e1lisis de ADN. Estos \u00faltimos solo resultan satisfactorios si se contrastan, de acuerdo a protocolos espec\u00edficos, con muestras de referencia procedentes de familiares vivos.<\/p>\n\n\n\n<p>Por esta raz\u00f3n, la localizaci\u00f3n y el establecimiento de contactos con familiares de las v\u00edctimas resulta una acci\u00f3n prioritaria en este proyecto. Adem\u00e1s, sus testimonios ser\u00e1n muy valiosos para completar los episodios ocurridos en Osuna en los primeros a\u00f1os de la Guerra Civil.<\/p>\n\n\n\n<div class=\"wp-block-columns is-layout-flex wp-container-core-columns-layout-1 wp-block-columns-is-layout-flex\">\n<div class=\"wp-block-column is-vertically-aligned-center is-layout-flow wp-block-column-is-layout-flow\">\n<figure class=\"wp-block-gallery has-nested-images columns-default is-cropped wp-block-gallery-1 is-layout-flex wp-block-gallery-is-layout-flex\">\n<figure class=\"wp-block-image size-full is-style-default\"><img loading=\"lazy\" decoding=\"async\" width=\"450\" height=\"400\" src=\"http:\/\/grupo.us.es\/osunarecuerda\/wp-content\/uploads\/2023\/02\/famil1.fw_-1.png\" alt=\"\" class=\"wp-image-512\" srcset=\"https:\/\/grupo.us.es\/osunarecuerda\/wp-content\/uploads\/2023\/02\/famil1.fw_-1.png 450w, https:\/\/grupo.us.es\/osunarecuerda\/wp-content\/uploads\/2023\/02\/famil1.fw_-1-300x267.png 300w\" sizes=\"(max-width: 450px) 100vw, 450px\" \/><figcaption class=\"wp-element-caption\">Mercedes Mej\u00edas Aguilar, nieta de Arcadio Aguilar Garc\u00eda, firma el consentimiento informado para ceder muestras gen\u00e9ticas personales para su an\u00e1lisis.<\/figcaption><\/figure>\n<\/figure>\n<\/div>\n\n\n\n<div class=\"wp-block-column is-layout-flow wp-block-column-is-layout-flow\">\n<figure class=\"wp-block-gallery aligncenter has-nested-images columns-default is-cropped wp-block-gallery-2 is-layout-flex wp-block-gallery-is-layout-flex\">\n<figure class=\"wp-block-image size-full\"><img loading=\"lazy\" decoding=\"async\" width=\"450\" height=\"400\" src=\"http:\/\/grupo.us.es\/osunarecuerda\/wp-content\/uploads\/2023\/02\/famil2.fw_.png\" alt=\"\" class=\"wp-image-344\" srcset=\"https:\/\/grupo.us.es\/osunarecuerda\/wp-content\/uploads\/2023\/02\/famil2.fw_.png 450w, https:\/\/grupo.us.es\/osunarecuerda\/wp-content\/uploads\/2023\/02\/famil2.fw_-300x267.png 300w\" sizes=\"(max-width: 450px) 100vw, 450px\" \/><figcaption class=\"wp-element-caption\">Carmen Rodr\u00edguez Vega mostrando la cartilla militar de su abuelo, Antonio Vega Galv\u00e1n.<\/figcaption><\/figure>\n<\/figure>\n<\/div>\n<\/div>\n\n\n\n<p>Si considera que es familiar de alguna de las v\u00edctimas identificadas en los registros disponibles, le rogamos que rellene el siguiente formulario:<\/p>\n\n\n\n<p><a rel=\"noreferrer noopener\" href=\"https:\/\/forms.office.com\/r\/gzDRg5zAbf\" target=\"_blank\">FORMULARIO DE V\u00cdCTIMAS FAMILIARES<\/a><\/p>\n\n\n\n<p>Si tiene referencias o testimonios sobre v\u00edctimas, puede hacernoslo llegar mediante este formulario:<\/p>\n\n\n\n<p><a rel=\"noreferrer noopener\" href=\"https:\/\/forms.office.com\/r\/S8zY9A4SjP\" data-type=\"URL\" data-id=\"https:\/\/forms.office.com\/r\/S8zY9A4SjP\" target=\"_blank\">FORMULARIO DE TESTIMONIOS Y REFERENCIAS DE V\u00cdCTIMAS<\/a><\/p>\n\n\n\n<p><\/p>\n","protected":false},"excerpt":{"rendered":"<p>Como ya se ha expuesto en el apartado de objetivos, el fin \u00faltimo de este proyecto es la recuperaci\u00f3n de restos humanos de v\u00edctimas de la Guerra Civil y la represi\u00f3n que yacen, sin identificar, en el cementerio municipal de Osuna, a fin de que puedan ser devueltos a sus familiares y\/o sepultados en las [&hellip;]<\/p>\n","protected":false},"author":1,"featured_media":0,"parent":0,"menu_order":0,"comment_status":"closed","ping_status":"closed","template":"","meta":{"ngg_post_thumbnail":0,"footnotes":""},"_links":{"self":[{"href":"https:\/\/grupo.us.es\/osunarecuerda\/wp-json\/wp\/v2\/pages\/37"}],"collection":[{"href":"https:\/\/grupo.us.es\/osunarecuerda\/wp-json\/wp\/v2\/pages"}],"about":[{"href":"https:\/\/grupo.us.es\/osunarecuerda\/wp-json\/wp\/v2\/types\/page"}],"author":[{"embeddable":true,"href":"https:\/\/grupo.us.es\/osunarecuerda\/wp-json\/wp\/v2\/users\/1"}],"replies":[{"embeddable":true,"href":"https:\/\/grupo.us.es\/osunarecuerda\/wp-json\/wp\/v2\/comments?post=37"}],"version-history":[{"count":18,"href":"https:\/\/grupo.us.es\/osunarecuerda\/wp-json\/wp\/v2\/pages\/37\/revisions"}],"predecessor-version":[{"id":513,"href":"https:\/\/grupo.us.es\/osunarecuerda\/wp-json\/wp\/v2\/pages\/37\/revisions\/513"}],"wp:attachment":[{"href":"https:\/\/grupo.us.es\/osunarecuerda\/wp-json\/wp\/v2\/media?parent=37"}],"curies":[{"name":"wp","href":"https:\/\/api.w.org\/{rel}","templated":true}]}}