{"id":33,"date":"2022-03-09T10:18:46","date_gmt":"2022-03-09T10:18:46","guid":{"rendered":"http:\/\/grupo.us.es\/osunarecuerda\/?page_id=33"},"modified":"2023-02-20T09:44:50","modified_gmt":"2023-02-20T09:44:50","slug":"la-guerra-civil-en-osuna","status":"publish","type":"page","link":"https:\/\/grupo.us.es\/osunarecuerda\/la-guerra-civil-en-osuna\/","title":{"rendered":"LA GUERRA CIVIL EN OSUNA"},"content":{"rendered":"\n<p>A finales de julio de 1936, tras hacerse con el control de Sevilla y de buena parte de los municipios pr\u00f3ximos a la capital, los militares sublevados contra la Rep\u00fablica emprendieron dos ofensivas simult\u00e1neas para ocupar el norte de la provincia y los municipios situados en el arco m\u00e1s suroccidental, los correspondientes a los partidos judiciales de Osuna y Estepa. Dada su proximidad, en esta tarea colaboraron las fuerzas de \u00c9cija (en poder de los sublevados desde el 18 de julio), aunque el esfuerzo principal recay\u00f3 sobre una nutrida columna formada en Sevilla al mando del comandante Castej\u00f3n, compuesta \u2013seg\u00fan Mart\u00ednez Bande\u2013 por una bandera completa de legionarios con sus secciones de ametralladoras, una compa\u00f1\u00eda de Infanter\u00eda con morteros, un escuadr\u00f3n a pie del regimiento de caballer\u00eda \u201cTaxdir\u201d, una bater\u00eda de artiller\u00eda, una compa\u00f1\u00eda de Sanidad, una secci\u00f3n de zapadores, medio centenar de guardias de asalto, otro medio centenar de requet\u00e9s y dos autos blindados. En total, una fuerza aproximada de ochocientos hombres que sali\u00f3 de Sevilla a las cuatro de la madrugada del 28 de julio y que, tras llegar por carretera a \u00c9cija, gir\u00f3 hacia el sur, ocupando Osuna.<\/p>\n\n\n\n<p>En Osuna no hubo asesinatos de derechistas, ni incendios de edificios, ni quemas de iglesias, ni obras de arte destruidas, y los saqueos que se produjeron fueron irrelevantes; pero en los d\u00edas y semanas siguientes iban a ser fusilados, en Estepa y en la propia localidad, aproximadamente doscientos vecinos, y un n\u00famero a\u00fan por determinar de personas residentes en las localidades pr\u00f3ximas.<\/p>\n\n\n\n<p>En la captura de los numerosos huidos de los pueblos que vagaban sin rumbo fijo por los campos y cortijos de la campi\u00f1a alcanzaron renombre los \u201ccaballistas de Osuna\u201d. Estos constitu\u00edan una partida irregular formada por un pu\u00f1ado de se\u00f1oritos y sus guardas y gente de confianza. Provistos de fusiles y pistolas y ataviados con botas camperas, trajes cortos, sombreros de ala ancha o boinas de requet\u00e9, y todos a lomos de sus jacas andaluzas, por su empaque daban la sensaci\u00f3n de que se trataba de un grupo que iba de romer\u00eda. Su misi\u00f3n sin embargo, seg\u00fan Vicente Dur\u00e1n Recio, era otra: practicar el juego que llamaban \u201cla caza de las liebres\u201d, es decir, avanzar desplegados por los campos para hacer salir de sus escondites a las personas que hab\u00edan huido tras la toma de sus pueblos. Estos eran, obviamente, \u201clas liebres\u201d, desempe\u00f1ando los caballistas el papel de \u201cgalgos\u201d.<\/p>\n\n\n\n<p>El juego consist\u00eda en localizar alguna presa e ir acorral\u00e1ndola hasta dejarla extenuada. En su huida la mayor\u00eda de aquellas personas tropezaban, ca\u00edan y volv\u00edan a levantarse, hasta que agotados se dejaban atrapar por los caballistas. El final sol\u00eda ser o un par de tiros o atarles las manos y echarlos a andar delante de sus caballos, hasta llegar al cementerio de Osuna. All\u00ed, tras un rato de descanso, los \u201cgalgos\u201d discut\u00edan sobre si dejar a las \u201cliebres\u201d en libertad, entregarlas a las autoridades o fusilarlas. Si acordaban esto \u00faltimo ellos mismos realizaban la ejecuci\u00f3n, pero eran despu\u00e9s \u201clos pagaos\u201d del pueblo quienes se encargaban de darles sepultura.<\/p>\n\n\n\n<p><\/p>\n\n\n\n<figure class=\"wp-block-gallery has-nested-images columns-default is-cropped wp-block-gallery-1 is-layout-flex wp-block-gallery-is-layout-flex\">\n<figure class=\"wp-block-image size-large\"><img loading=\"lazy\" decoding=\"async\" width=\"1024\" height=\"768\" data-id=\"294\" src=\"http:\/\/grupo.us.es\/osunarecuerda\/wp-content\/uploads\/2022\/04\/mapa-ocupacion.fw_-1.png\" alt=\"\" class=\"wp-image-294\" srcset=\"https:\/\/grupo.us.es\/osunarecuerda\/wp-content\/uploads\/2022\/04\/mapa-ocupacion.fw_-1.png 1024w, https:\/\/grupo.us.es\/osunarecuerda\/wp-content\/uploads\/2022\/04\/mapa-ocupacion.fw_-1-300x225.png 300w, https:\/\/grupo.us.es\/osunarecuerda\/wp-content\/uploads\/2022\/04\/mapa-ocupacion.fw_-1-768x576.png 768w\" sizes=\"(max-width: 1024px) 100vw, 1024px\" \/><figcaption class=\"wp-element-caption\"><strong>Ocupaci\u00f3n de la provincia de Sevilla por las fuerzas al mando de Queipo de Llano entre julio y septiembre de 1936<\/strong><\/figcaption><\/figure>\n\n\n\n<figure class=\"wp-block-image size-large\"><img loading=\"lazy\" decoding=\"async\" width=\"1024\" height=\"768\" data-id=\"295\" src=\"http:\/\/grupo.us.es\/osunarecuerda\/wp-content\/uploads\/2022\/04\/panteon-osuna.fw_.png\" alt=\"\" class=\"wp-image-295\" srcset=\"https:\/\/grupo.us.es\/osunarecuerda\/wp-content\/uploads\/2022\/04\/panteon-osuna.fw_.png 1024w, https:\/\/grupo.us.es\/osunarecuerda\/wp-content\/uploads\/2022\/04\/panteon-osuna.fw_-300x225.png 300w, https:\/\/grupo.us.es\/osunarecuerda\/wp-content\/uploads\/2022\/04\/panteon-osuna.fw_-768x576.png 768w\" sizes=\"(max-width: 1024px) 100vw, 1024px\" \/><figcaption class=\"wp-element-caption\"><strong>L\u00e1pida sobre la tumba colectiva en el cementerio de Osuna de un grupo de vecinos de la localidad asesinados en Estepa en 1936 (Fot. LAR).<\/strong><\/figcaption><\/figure>\n<\/figure>\n","protected":false},"excerpt":{"rendered":"<p>A finales de julio de 1936, tras hacerse con el control de Sevilla y de buena parte de los municipios pr\u00f3ximos a la capital, los militares sublevados contra la Rep\u00fablica emprendieron dos ofensivas simult\u00e1neas para ocupar el norte de la provincia y los municipios situados en el arco m\u00e1s suroccidental, los correspondientes a los partidos [&hellip;]<\/p>\n","protected":false},"author":1,"featured_media":0,"parent":0,"menu_order":0,"comment_status":"closed","ping_status":"closed","template":"","meta":{"ngg_post_thumbnail":0,"footnotes":""},"_links":{"self":[{"href":"https:\/\/grupo.us.es\/osunarecuerda\/wp-json\/wp\/v2\/pages\/33"}],"collection":[{"href":"https:\/\/grupo.us.es\/osunarecuerda\/wp-json\/wp\/v2\/pages"}],"about":[{"href":"https:\/\/grupo.us.es\/osunarecuerda\/wp-json\/wp\/v2\/types\/page"}],"author":[{"embeddable":true,"href":"https:\/\/grupo.us.es\/osunarecuerda\/wp-json\/wp\/v2\/users\/1"}],"replies":[{"embeddable":true,"href":"https:\/\/grupo.us.es\/osunarecuerda\/wp-json\/wp\/v2\/comments?post=33"}],"version-history":[{"count":28,"href":"https:\/\/grupo.us.es\/osunarecuerda\/wp-json\/wp\/v2\/pages\/33\/revisions"}],"predecessor-version":[{"id":333,"href":"https:\/\/grupo.us.es\/osunarecuerda\/wp-json\/wp\/v2\/pages\/33\/revisions\/333"}],"wp:attachment":[{"href":"https:\/\/grupo.us.es\/osunarecuerda\/wp-json\/wp\/v2\/media?parent=33"}],"curies":[{"name":"wp","href":"https:\/\/api.w.org\/{rel}","templated":true}]}}