{"id":26,"date":"2022-03-09T10:16:31","date_gmt":"2022-03-09T10:16:31","guid":{"rendered":"http:\/\/grupo.us.es\/osunarecuerda\/?page_id=26"},"modified":"2023-02-20T09:31:15","modified_gmt":"2023-02-20T09:31:15","slug":"objetivos","status":"publish","type":"page","link":"https:\/\/grupo.us.es\/osunarecuerda\/objetivos\/","title":{"rendered":"OBJETIVOS"},"content":{"rendered":"\n<p><strong><em>Objetivo principal<\/em><\/strong><\/p>\n\n\n\n<ul>\n<li>Exhumar e identificar los restos de v\u00edctimas de la Guerra Civil enterrados en el cementerio municipal de Osuna para la entrega a sus familiares<\/li>\n<\/ul>\n\n\n\n<p><strong><em>Objetivos espec\u00edficos<\/em><\/strong><\/p>\n\n\n\n<ul>\n<li>Llevar a cabo todas las tareas t\u00e9cnicas y de investigaci\u00f3n actualmente a disposici\u00f3n que permitan la m\u00e1xima identificaci\u00f3n de restos humanos con garant\u00edas<\/li>\n\n\n\n<li>Proceder a la exhumaci\u00f3n de los restos de personas, no identificadas, enterradas en las dependencias del cementerio municipal de Osuna por medio de la aplicaci\u00f3n de las t\u00e9cnicas propias de la investigaci\u00f3n arqueol\u00f3gica<\/li>\n\n\n\n<li>Aplicar las t\u00e9cnicas propias de la antropolog\u00eda f\u00edsica y la medicina forense (ADN) destinadas al reconocimiento de caracter\u00edsticas osteol\u00f3gicas, patolog\u00edas, causas de muerte y otros datos destinados a la identificaci\u00f3n de personas y la reconstrucci\u00f3n de las circunstancias de su fallecimiento<\/li>\n\n\n\n<li>Establecer los cauces necesarios para localizar a familiares supervivientes de las v\u00edctimas a fin de recabar testimonios, informaci\u00f3n relevante y tomar muestras de referencia de car\u00e1cter gen\u00e9tico<\/li>\n\n\n\n<li>Analizar las fuentes documentales y de archivo disponibles, que permitan reconstruir las circunstancias socio-hist\u00f3ricas que, en la ciudad de Osuna y sus alrededores, propiciaron una de las represiones m\u00e1s duras en contexto municipal en Andaluc\u00eda.<\/li>\n\n\n\n<li>Reflexionar, en el marco de un debate cient\u00edfico e interdisciplinar, sobre el futuro de los trabajos en memoria hist\u00f3rica, a fin de lograr el mayor rendimiento de las investigaciones acorde con los tiempos y con las demandas sociales.<\/li>\n\n\n\n<li>Elaborar y ejecutar un plan de comunicaci\u00f3n a diferentes niveles y para diferentes grupos de inter\u00e9s en las sucesivas fases del proyecto, honesto con la informaci\u00f3n, respetuoso con la naturaleza de los datos y comprometido con los hechos hist\u00f3ricos.<\/li>\n<\/ul>\n","protected":false},"excerpt":{"rendered":"<p>Objetivo principal Objetivos espec\u00edficos<\/p>\n","protected":false},"author":1,"featured_media":0,"parent":0,"menu_order":0,"comment_status":"closed","ping_status":"closed","template":"","meta":{"ngg_post_thumbnail":0,"footnotes":""},"_links":{"self":[{"href":"https:\/\/grupo.us.es\/osunarecuerda\/wp-json\/wp\/v2\/pages\/26"}],"collection":[{"href":"https:\/\/grupo.us.es\/osunarecuerda\/wp-json\/wp\/v2\/pages"}],"about":[{"href":"https:\/\/grupo.us.es\/osunarecuerda\/wp-json\/wp\/v2\/types\/page"}],"author":[{"embeddable":true,"href":"https:\/\/grupo.us.es\/osunarecuerda\/wp-json\/wp\/v2\/users\/1"}],"replies":[{"embeddable":true,"href":"https:\/\/grupo.us.es\/osunarecuerda\/wp-json\/wp\/v2\/comments?post=26"}],"version-history":[{"count":2,"href":"https:\/\/grupo.us.es\/osunarecuerda\/wp-json\/wp\/v2\/pages\/26\/revisions"}],"predecessor-version":[{"id":324,"href":"https:\/\/grupo.us.es\/osunarecuerda\/wp-json\/wp\/v2\/pages\/26\/revisions\/324"}],"wp:attachment":[{"href":"https:\/\/grupo.us.es\/osunarecuerda\/wp-json\/wp\/v2\/media?parent=26"}],"curies":[{"name":"wp","href":"https:\/\/api.w.org\/{rel}","templated":true}]}}