{"id":20,"date":"2022-03-09T10:14:00","date_gmt":"2022-03-09T10:14:00","guid":{"rendered":"http:\/\/grupo.us.es\/osunarecuerda\/?page_id=20"},"modified":"2023-02-21T18:53:12","modified_gmt":"2023-02-21T18:53:12","slug":"titulo-y-logo","status":"publish","type":"page","link":"https:\/\/grupo.us.es\/osunarecuerda\/titulo-y-logo\/","title":{"rendered":"T\u00cdTULO Y LOGO"},"content":{"rendered":"\n<p>Dada la dimensi\u00f3n social del proyecto y la necesidad de presentarse de una forma un tanto amable ante la sociedad, a pesar de la gravedad de los hechos que aborda, se ha cre\u00eddo oportuno crear una imagen de marca diferente al t\u00edtulo administrativo del proyecto objeto de convenio.<\/p>\n\n\n\n<p>Emplear el verbo \u201crecordar\u201d puede tener aqu\u00ed diferentes lecturas, todas posibles y v\u00e1lidas. Por un lado, puede aludir al ejercicio mismo de recordar por parte de familiares y descendientes, triste tarea que, no obstante, ser\u00e1 enormemente valiosa en los trabajos de identificaci\u00f3n y restituci\u00f3n de vidas y episodios. Por otro, llama la atenci\u00f3n de la comunidad actual de Osuna -no muy diferente a cualquier otra tocada por eventos similares- sobre la necesidad de no olvidar un pasado relevante para entenderse y contextualizarse en el actual presente democr\u00e1tico.<\/p>\n\n\n\n<p>El subt\u00edtulo, aunque escueto, trata de recoger las tres vertientes principales del proyecto, interrelacionadas entre s\u00ed para la consecuci\u00f3n del objetivo principal: la exhumaci\u00f3n de los restos, la recuperaci\u00f3n de los testimonios de los familiares, y la restituci\u00f3n objetiva y veraz de los episodios hist\u00f3ricos en los que se contextualizan las muertes y ejecuciones.<\/p>\n\n\n\n<p>El logo es una llave oxidada y amarrada con un cordel, como tantas de las que quedaron en los bolsillos de las v\u00edctimas y ha encontrado la arqueolog\u00eda; llaves que nunca volvieron a abrir portones ni corrales, pero s\u00ed cerraron vidas.<\/p>\n\n\n\n<figure class=\"wp-block-gallery has-nested-images columns-default is-cropped wp-block-gallery-1 is-layout-flex wp-block-gallery-is-layout-flex\">\n<figure class=\"wp-block-image size-large\"><img loading=\"lazy\" decoding=\"async\" width=\"1024\" height=\"379\" data-id=\"311\" src=\"http:\/\/grupo.us.es\/osunarecuerda\/wp-content\/uploads\/2023\/02\/03_logo-letra-azul-fondo-transp-1024x379.jpg\" alt=\"\" class=\"wp-image-311\" srcset=\"https:\/\/grupo.us.es\/osunarecuerda\/wp-content\/uploads\/2023\/02\/03_logo-letra-azul-fondo-transp-1024x379.jpg 1024w, https:\/\/grupo.us.es\/osunarecuerda\/wp-content\/uploads\/2023\/02\/03_logo-letra-azul-fondo-transp-300x111.jpg 300w, https:\/\/grupo.us.es\/osunarecuerda\/wp-content\/uploads\/2023\/02\/03_logo-letra-azul-fondo-transp-768x284.jpg 768w, https:\/\/grupo.us.es\/osunarecuerda\/wp-content\/uploads\/2023\/02\/03_logo-letra-azul-fondo-transp.jpg 1275w\" sizes=\"(max-width: 1024px) 100vw, 1024px\" \/><figcaption class=\"wp-element-caption\"><em>Logo del proyecto Osuna Recuerda<\/em><\/figcaption><\/figure>\n<\/figure>\n","protected":false},"excerpt":{"rendered":"<p>Dada la dimensi\u00f3n social del proyecto y la necesidad de presentarse de una forma un tanto amable ante la sociedad, a pesar de la gravedad de los hechos que aborda, se ha cre\u00eddo oportuno crear una imagen de marca diferente al t\u00edtulo administrativo del proyecto objeto de convenio. Emplear el verbo \u201crecordar\u201d puede tener aqu\u00ed [&hellip;]<\/p>\n","protected":false},"author":1,"featured_media":0,"parent":0,"menu_order":0,"comment_status":"closed","ping_status":"closed","template":"","meta":{"ngg_post_thumbnail":0,"footnotes":""},"_links":{"self":[{"href":"https:\/\/grupo.us.es\/osunarecuerda\/wp-json\/wp\/v2\/pages\/20"}],"collection":[{"href":"https:\/\/grupo.us.es\/osunarecuerda\/wp-json\/wp\/v2\/pages"}],"about":[{"href":"https:\/\/grupo.us.es\/osunarecuerda\/wp-json\/wp\/v2\/types\/page"}],"author":[{"embeddable":true,"href":"https:\/\/grupo.us.es\/osunarecuerda\/wp-json\/wp\/v2\/users\/1"}],"replies":[{"embeddable":true,"href":"https:\/\/grupo.us.es\/osunarecuerda\/wp-json\/wp\/v2\/comments?post=20"}],"version-history":[{"count":5,"href":"https:\/\/grupo.us.es\/osunarecuerda\/wp-json\/wp\/v2\/pages\/20\/revisions"}],"predecessor-version":[{"id":501,"href":"https:\/\/grupo.us.es\/osunarecuerda\/wp-json\/wp\/v2\/pages\/20\/revisions\/501"}],"wp:attachment":[{"href":"https:\/\/grupo.us.es\/osunarecuerda\/wp-json\/wp\/v2\/media?parent=20"}],"curies":[{"name":"wp","href":"https:\/\/api.w.org\/{rel}","templated":true}]}}