{"id":17,"date":"2022-03-09T10:13:05","date_gmt":"2022-03-09T10:13:05","guid":{"rendered":"http:\/\/grupo.us.es\/osunarecuerda\/?page_id=17"},"modified":"2023-02-21T13:19:36","modified_gmt":"2023-02-21T13:19:36","slug":"presentacion","status":"publish","type":"page","link":"https:\/\/grupo.us.es\/osunarecuerda\/presentacion\/","title":{"rendered":"PRESENTACI\u00d3N"},"content":{"rendered":"\n<p>La sociedad democr\u00e1tica espa\u00f1ola actual tiene a\u00fan una deuda con muchas de las personas que sufrieron p\u00e9rdidas traum\u00e1ticas en los episodios relacionados con la Guerra Civil espa\u00f1ola y sus consecuencias. Para ello, en los \u00faltimos tiempos, se ha promulgado leyes, tanto estatales como auton\u00f3micas que, entre otros aspectos, tratan de dignificar la vida, muerte y memoria de personas que fueron ajusticiadas y desaparecidas en un contexto b\u00e9lico y\/o de represi\u00f3n y cuyos restos siguen sin identificar ni localizar.<\/p>\n\n\n\n<p>La <em>Consejer\u00eda de Cultura y Patrimonio hist\u00f3rico de la Junta de Andaluc\u00eda<\/em>, hoy de <em>Turismo, Cultura y Deporte<\/em>, con fondos de la <em>Secretar\u00eda de Estado de Memoria Democr\u00e1tica<\/em> y a trav\u00e9s de su <em>Comisionado para la Concordia<\/em>, tratando de dar respuesta a estas inquietudes, ha considerado oportuno realizar el encargo de los trabajos, estudios y an\u00e1lisis especializados que conlleva la exhumaci\u00f3n de restos a la Universidad de Sevilla. Esta, con miembros de su comunidad investigadora e investigadores de la Universidad Pablo de Olavide, a la que se unir\u00e1n otros especialistas externos, llevar\u00e1 a cabo un proyecto interdisciplinar destinado, en \u00faltimo t\u00e9rmino, a la localizaci\u00f3n de restos humanos con todas las garant\u00edas cient\u00edficas y la posterior devoluci\u00f3n a sus familias, en un necesario ejercicio de humanidad.<\/p>\n\n\n\n<p>El lugar elegido ha sido la localidad de Osuna (Sevilla), identificada en el Mapa de Fosas de Andaluc\u00eda como una de las que cuenta con informaci\u00f3n documental m\u00e1s completa y exhaustiva, en aras de garantizar, al m\u00e1ximo, las tareas de identificaci\u00f3n de personas. Ello permitir\u00e1, con arque\u00f3logos, historiadores, antrop\u00f3logos -f\u00edsicos y culturales-, documentalistas y expertos en comunicaci\u00f3n, un acercamiento riguroso, objetivo y con resultados cient\u00edficos a muy diferentes niveles de este episodio enormemente traum\u00e1tico de la historia contempor\u00e1nea de nuestro pa\u00eds.<\/p>\n\n\n\n<div class=\"wp-block-columns is-layout-flex wp-container-core-columns-layout-1 wp-block-columns-is-layout-flex\">\n<div class=\"wp-block-column is-layout-flow wp-block-column-is-layout-flow\">\n<figure class=\"wp-block-gallery has-nested-images columns-default is-cropped wp-block-gallery-1 is-layout-flex wp-block-gallery-is-layout-flex\">\n<figure class=\"wp-block-image size-large\"><img loading=\"lazy\" decoding=\"async\" width=\"1024\" height=\"576\" src=\"https:\/\/grupo.us.es\/osunarecuerda\/wp-content\/uploads\/2023\/02\/01_lona-proyecto-1024x576.jpeg\" alt=\"\" class=\"wp-image-306\" srcset=\"https:\/\/grupo.us.es\/osunarecuerda\/wp-content\/uploads\/2023\/02\/01_lona-proyecto-1024x576.jpeg 1024w, https:\/\/grupo.us.es\/osunarecuerda\/wp-content\/uploads\/2023\/02\/01_lona-proyecto-300x169.jpeg 300w, https:\/\/grupo.us.es\/osunarecuerda\/wp-content\/uploads\/2023\/02\/01_lona-proyecto-768x432.jpeg 768w, https:\/\/grupo.us.es\/osunarecuerda\/wp-content\/uploads\/2023\/02\/01_lona-proyecto-1536x864.jpeg 1536w, https:\/\/grupo.us.es\/osunarecuerda\/wp-content\/uploads\/2023\/02\/01_lona-proyecto-2048x1152.jpeg 2048w\" sizes=\"(max-width: 1024px) 100vw, 1024px\" \/><figcaption class=\"wp-element-caption\">Lona informativa sobre el proyecto instalada en el \u00e1rea de intervenci\u00f3n en el cementerio municipal de Osuna.<\/figcaption><\/figure>\n<\/figure>\n<\/div>\n\n\n\n<div class=\"wp-block-column is-layout-flow wp-block-column-is-layout-flow\">\n<figure class=\"wp-block-gallery has-nested-images columns-default is-cropped wp-block-gallery-2 is-layout-flex wp-block-gallery-is-layout-flex\">\n<figure class=\"wp-block-image size-large\"><img loading=\"lazy\" decoding=\"async\" width=\"1024\" height=\"576\" src=\"https:\/\/grupo.us.es\/osunarecuerda\/wp-content\/uploads\/2023\/02\/02_DJI_0111-1024x576.jpg\" alt=\"\" class=\"wp-image-307\" srcset=\"https:\/\/grupo.us.es\/osunarecuerda\/wp-content\/uploads\/2023\/02\/02_DJI_0111-1024x576.jpg 1024w, https:\/\/grupo.us.es\/osunarecuerda\/wp-content\/uploads\/2023\/02\/02_DJI_0111-300x169.jpg 300w, https:\/\/grupo.us.es\/osunarecuerda\/wp-content\/uploads\/2023\/02\/02_DJI_0111-768x432.jpg 768w, https:\/\/grupo.us.es\/osunarecuerda\/wp-content\/uploads\/2023\/02\/02_DJI_0111-1536x864.jpg 1536w, https:\/\/grupo.us.es\/osunarecuerda\/wp-content\/uploads\/2023\/02\/02_DJI_0111-2048x1152.jpg 2048w\" sizes=\"(max-width: 1024px) 100vw, 1024px\" \/><figcaption class=\"wp-element-caption\">Vista a\u00e9rea del cementerio municipal de Osuna. En primer t\u00e9rmino, el patio 3, \u00e1rea en la que se encuentran las fosas con v\u00edctimas.<\/figcaption><\/figure>\n<\/figure>\n<\/div>\n<\/div>\n","protected":false},"excerpt":{"rendered":"<p>La sociedad democr\u00e1tica espa\u00f1ola actual tiene a\u00fan una deuda con muchas de las personas que sufrieron p\u00e9rdidas traum\u00e1ticas en los episodios relacionados con la Guerra Civil espa\u00f1ola y sus consecuencias. Para ello, en los \u00faltimos tiempos, se ha promulgado leyes, tanto estatales como auton\u00f3micas que, entre otros aspectos, tratan de dignificar la vida, muerte y [&hellip;]<\/p>\n","protected":false},"author":1,"featured_media":0,"parent":0,"menu_order":0,"comment_status":"closed","ping_status":"closed","template":"","meta":{"ngg_post_thumbnail":0,"footnotes":""},"_links":{"self":[{"href":"https:\/\/grupo.us.es\/osunarecuerda\/wp-json\/wp\/v2\/pages\/17"}],"collection":[{"href":"https:\/\/grupo.us.es\/osunarecuerda\/wp-json\/wp\/v2\/pages"}],"about":[{"href":"https:\/\/grupo.us.es\/osunarecuerda\/wp-json\/wp\/v2\/types\/page"}],"author":[{"embeddable":true,"href":"https:\/\/grupo.us.es\/osunarecuerda\/wp-json\/wp\/v2\/users\/1"}],"replies":[{"embeddable":true,"href":"https:\/\/grupo.us.es\/osunarecuerda\/wp-json\/wp\/v2\/comments?post=17"}],"version-history":[{"count":8,"href":"https:\/\/grupo.us.es\/osunarecuerda\/wp-json\/wp\/v2\/pages\/17\/revisions"}],"predecessor-version":[{"id":500,"href":"https:\/\/grupo.us.es\/osunarecuerda\/wp-json\/wp\/v2\/pages\/17\/revisions\/500"}],"wp:attachment":[{"href":"https:\/\/grupo.us.es\/osunarecuerda\/wp-json\/wp\/v2\/media?parent=17"}],"curies":[{"name":"wp","href":"https:\/\/api.w.org\/{rel}","templated":true}]}}