{"id":27,"date":"2020-09-29T10:17:44","date_gmt":"2020-09-29T10:17:44","guid":{"rendered":"http:\/\/grupo.us.es\/olmedolab\/?page_id=27"},"modified":"2023-01-21T08:07:23","modified_gmt":"2023-01-21T08:07:23","slug":"outreach","status":"publish","type":"page","link":"https:\/\/grupo.us.es\/olmedolab\/outreach\/","title":{"rendered":"Outreach"},"content":{"rendered":"<p><strong><img loading=\"lazy\" class=\"alignnone wp-image-346\" src=\"http:\/\/grupo.us.es\/olmedolab\/wp-content\/uploads\/2023\/01\/Captura-de-pantalla-2023-01-21-a-las-9.05.44.png\" alt=\"\" width=\"243\" height=\"94\" srcset=\"https:\/\/grupo.us.es\/olmedolab\/wp-content\/uploads\/2023\/01\/Captura-de-pantalla-2023-01-21-a-las-9.05.44.png 584w, https:\/\/grupo.us.es\/olmedolab\/wp-content\/uploads\/2023\/01\/Captura-de-pantalla-2023-01-21-a-las-9.05.44-300x116.png 300w\" sizes=\"(max-width: 243px) 100vw, 243px\" \/><\/strong><\/p>\n<p><strong>Contribuci\u00f3n a la revista de la SEBBM (Sociedad Espa\u00f1ola de Bioqu\u00edmica y Biolog\u00eda Molecular)<\/strong><\/p>\n<p><a href=\"https:\/\/revista.sebbm.es\/articulo.php?id=962&amp;url=el-organismo-modelo-caenorhabditis-elegans-en-la-investigacion-en-cronobiologia\">El organismo modelo <em>Caenorhabtidis elegans<\/em> en la investigaci\u00f3n en Cronobiolog\u00eda<\/a><\/p>\n<p>&nbsp;<\/p>\n<p>&nbsp;<\/p>\n<p><img loading=\"lazy\" class=\"alignnone wp-image-210\" src=\"http:\/\/grupo.us.es\/olmedolab\/wp-content\/uploads\/2020\/10\/Captura-de-pantalla-2020-10-01-a-las-11.04.40.png\" alt=\"\" width=\"611\" height=\"183\" srcset=\"https:\/\/grupo.us.es\/olmedolab\/wp-content\/uploads\/2020\/10\/Captura-de-pantalla-2020-10-01-a-las-11.04.40.png 988w, https:\/\/grupo.us.es\/olmedolab\/wp-content\/uploads\/2020\/10\/Captura-de-pantalla-2020-10-01-a-las-11.04.40-300x90.png 300w, https:\/\/grupo.us.es\/olmedolab\/wp-content\/uploads\/2020\/10\/Captura-de-pantalla-2020-10-01-a-las-11.04.40-768x230.png 768w\" sizes=\"(max-width: 611px) 100vw, 611px\" \/><\/p>\n<p><a href=\"https:\/\/lanochedelosinvestigadores.fundaciondescubre.es\/\">Noche Europea de los Investigadores, 2020<\/a><br \/>\nModelos animales emergentes para su uso en investigaci\u00f3n<\/p>\n<p>&nbsp;<\/p>\n<p><img loading=\"lazy\" class=\"alignnone size-full wp-image-125\" src=\"http:\/\/grupo.us.es\/olmedolab\/wp-content\/uploads\/2020\/09\/QUIFIBIOMAT.jpg\" alt=\"\" width=\"189\" height=\"266\" \/><\/p>\n<p>Semana de la Ciencia de la Universidad de Sevilla, 2019. QUIFIBIOMAT.<\/p>\n<p>&nbsp;<\/p>\n<p><img loading=\"lazy\" class=\"alignnone wp-image-109\" src=\"http:\/\/grupo.us.es\/olmedolab\/wp-content\/uploads\/2020\/09\/9_week-of-science_workshop.png\" alt=\"\" width=\"199\" height=\"218\" srcset=\"https:\/\/grupo.us.es\/olmedolab\/wp-content\/uploads\/2020\/09\/9_week-of-science_workshop.png 402w, https:\/\/grupo.us.es\/olmedolab\/wp-content\/uploads\/2020\/09\/9_week-of-science_workshop-274x300.png 274w\" sizes=\"(max-width: 199px) 100vw, 199px\" \/><\/p>\n<p><a href=\"https:\/\/www.upo.es\/cms1\/export\/sites\/upo\/semanadelaciencia\/presentacion\/historia\/documentos\/PROGRAMA_Semanas_Ciencia_2014.pdf\">Semana de la Ciencia.<\/a> Universidad Pablo de Olavide, 2014 y 2015.<br \/>\nLos organismos modelo en el laboratorio: C\u00f3mo utilizar <i>C. elegans<\/i> para estudiar el sentido del olfato<\/p>\n<p>&nbsp;<\/p>\n<p><img loading=\"lazy\" class=\"alignnone wp-image-110\" src=\"http:\/\/grupo.us.es\/olmedolab\/wp-content\/uploads\/2020\/09\/8_week-of-science_discussion-table.png\" alt=\"\" width=\"142\" height=\"204\" \/><\/p>\n<p>Mesa redonda de la actividad \u201cCaf\u00e9 con ciencia\u201d, 2015.<br \/>\nUso de organismos modelo en la investigaci\u00f3n en biolog\u00eda.<\/p>\n<blockquote class=\"wp-embedded-content\" data-secret=\"QztXawTQIY\"><p><a href=\"https:\/\/www.upo.es\/diario\/institucional\/2014\/11\/arranca-la-semana-de-la-ciencia-de-la-upo-con-un-desayuno-entre-cientificos-y-estudiantes\/\">Arranca la Semana de la Ciencia de la UPO con un desayuno entre cient\u00edficos y estudiantes<\/a><\/p><\/blockquote>\n<p><iframe class=\"wp-embedded-content\" sandbox=\"allow-scripts\" security=\"restricted\" style=\"position: absolute; clip: rect(1px, 1px, 1px, 1px);\" title=\"\u00abArranca la Semana de la Ciencia de la UPO con un desayuno entre cient\u00edficos y estudiantes\u00bb \u2014 DUPO - Diario de la Universidad Pablo de Olavide\" src=\"https:\/\/www.upo.es\/diario\/institucional\/2014\/11\/arranca-la-semana-de-la-ciencia-de-la-upo-con-un-desayuno-entre-cientificos-y-estudiantes\/embed\/#?secret=CeQJZIQ1PK#?secret=QztXawTQIY\" data-secret=\"QztXawTQIY\" width=\"600\" height=\"338\" frameborder=\"0\" marginwidth=\"0\" marginheight=\"0\" scrolling=\"no\"><\/iframe><\/p>\n<p>&nbsp;<\/p>\n<p><img loading=\"lazy\" class=\"alignnone size-full wp-image-121\" src=\"http:\/\/grupo.us.es\/olmedolab\/wp-content\/uploads\/2020\/09\/Noche-Europea-Investigadores.jpg\" alt=\"\" width=\"255\" height=\"127\" \/><\/p>\n<p>Noche Europea de los Investigadores, 2015.<\/p>\n<p>\u00bfQu\u00e9 tienen en com\u00fan un rat\u00f3n, la mosca de la fruta, un gusano y un humano?<\/p>\n<blockquote class=\"wp-embedded-content\" data-secret=\"GJ29cdN5h6\"><p><a href=\"https:\/\/lanochedelosinvestigadores.fundaciondescubre.es\/investigador\/maria-olmedo-lopez\/\">Mar\u00eda Olmedo L\u00f3pez<\/a><\/p><\/blockquote>\n<p><iframe class=\"wp-embedded-content\" sandbox=\"allow-scripts\" security=\"restricted\" style=\"position: absolute; clip: rect(1px, 1px, 1px, 1px);\" title=\"\u00abMar\u00eda Olmedo L\u00f3pez\u00bb \u2014 La Noche Europea de los Investigadores - Andaluc\u00eda\" src=\"https:\/\/lanochedelosinvestigadores.fundaciondescubre.es\/investigador\/maria-olmedo-lopez\/embed\/#?secret=GJ29cdN5h6\" data-secret=\"GJ29cdN5h6\" width=\"600\" height=\"338\" frameborder=\"0\" marginwidth=\"0\" marginheight=\"0\" scrolling=\"no\"><\/iframe><\/p>\n","protected":false},"excerpt":{"rendered":"<p>Contribuci\u00f3n a la revista de la SEBBM (Sociedad Espa\u00f1ola de Bioqu\u00edmica y Biolog\u00eda Molecular) El organismo modelo Caenorhabtidis elegans en la investigaci\u00f3n en Cronobiolog\u00eda &nbsp; &nbsp; Noche Europea de los Investigadores, 2020 Modelos animales emergentes para su uso en investigaci\u00f3n &nbsp; Semana de la Ciencia de la Universidad de Sevilla, 2019. QUIFIBIOMAT. &nbsp; Semana de [&hellip;]<\/p>\n","protected":false},"author":1,"featured_media":0,"parent":0,"menu_order":0,"comment_status":"closed","ping_status":"closed","template":"","meta":[],"_links":{"self":[{"href":"https:\/\/grupo.us.es\/olmedolab\/wp-json\/wp\/v2\/pages\/27"}],"collection":[{"href":"https:\/\/grupo.us.es\/olmedolab\/wp-json\/wp\/v2\/pages"}],"about":[{"href":"https:\/\/grupo.us.es\/olmedolab\/wp-json\/wp\/v2\/types\/page"}],"author":[{"embeddable":true,"href":"https:\/\/grupo.us.es\/olmedolab\/wp-json\/wp\/v2\/users\/1"}],"replies":[{"embeddable":true,"href":"https:\/\/grupo.us.es\/olmedolab\/wp-json\/wp\/v2\/comments?post=27"}],"version-history":[{"count":10,"href":"https:\/\/grupo.us.es\/olmedolab\/wp-json\/wp\/v2\/pages\/27\/revisions"}],"predecessor-version":[{"id":348,"href":"https:\/\/grupo.us.es\/olmedolab\/wp-json\/wp\/v2\/pages\/27\/revisions\/348"}],"wp:attachment":[{"href":"https:\/\/grupo.us.es\/olmedolab\/wp-json\/wp\/v2\/media?parent=27"}],"curies":[{"name":"wp","href":"https:\/\/api.w.org\/{rel}","templated":true}]}}