{"id":25,"date":"2020-09-29T10:17:35","date_gmt":"2020-09-29T10:17:35","guid":{"rendered":"http:\/\/grupo.us.es\/olmedolab\/?page_id=25"},"modified":"2026-01-27T21:28:27","modified_gmt":"2026-01-27T21:28:27","slug":"publications","status":"publish","type":"page","link":"https:\/\/grupo.us.es\/olmedolab\/publications\/","title":{"rendered":"Publications"},"content":{"rendered":"<h2><strong><em>C. elegans<\/em> publications\u00a0<\/strong><\/h2>\n<p class=\"c-article-title\" data-test=\"article-title\"><a href=\"https:\/\/www.nature.com\/articles\/s41467-025-66164-2\">Body-wide synchronization of insulin-signaling dependent DAF-16\/FOXO nuclear translocation pulses correlated with\u00a0<i>C. elegans<\/i> growth<\/a><br \/>\nDemirbas B,\u00a0 Filina O, Louisse T, Natarajan A, Goos Y, S\u00e1nchez-Romero MA , <strong>Olmedo M*,\u00a0<\/strong> van Zon J*<br \/>\n<strong>Nature Communications.<\/strong> 2025<\/p>\n<p data-test=\"article-title\"><a href=\"https:\/\/www.cell.com\/iscience\/fulltext\/S2589-0042(25)02454-X\">The interplay between <em>Caenorhabditis elegans<\/em> larval development and Orsay virus infection<\/a><br \/>\nMelero I, Castiglioni VG, Olmo-Uceda MJ, <strong>Olmedo M<\/strong>, Gonz\u00e1lez R<strong>* <\/strong>, Elena SF<strong>*<\/strong><br \/>\n<strong>iScience.<\/strong> 2025<\/p>\n<p data-test=\"article-title\"><a href=\"https:\/\/bmcbiol.biomedcentral.com\/articles\/10.1186\/s12915-022-01295-2\">Deviations from temporal scaling support a stage-specific regulation for <i>C. elegans<\/i> postembryonic development<\/a><br \/>\n<span class=\"highwire-citation-authors\"><strong><span class=\"highwire-citation-author hw-author-orcid-logo-wrapper has-tooltip hasTooltip\" data-delta=\"2\" data-hasqtip=\"4\" aria-describedby=\"qtip-4\"><span class=\"nlm-surname\">Mata-Cabana A<\/span><\/span><\/strong><\/span>, <span class=\"docsum-authors full-authors\"><strong>Romero-Exp\u00f3sito FJ<\/strong><\/span>, Geibel M, Piubeli FA, Merrow M, <strong>Olmedo M*<br \/>\n<\/strong><strong>BMC Biology<\/strong>. <span data-test=\"article-publication-year\">2022<\/span><\/p>\n<p><a href=\"https:\/\/www.cell.com\/current-biology\/fulltext\/S0960-9822(21)00986-6\">Neuronal perception of the social environment generates an inherited memory that controls the development and generation time of <em>C. elegans<\/em><\/a><span class=\"highwire-citation-authors\"><span class=\"highwire-citation-author first hw-author-orcid-logo-wrapper\" data-delta=\"0\"><span class=\"nlm-given-names\"><br \/>\n<\/span><span class=\"nlm-surname\">Perez MF<\/span><\/span>,\u00a0<span class=\"highwire-citation-author hw-author-orcid-logo-wrapper has-tooltip hasTooltip\" data-delta=\"1\" data-hasqtip=\"3\"><span class=\"nlm-surname\">Shamalnasab M<\/span><\/span>,<strong><span class=\"highwire-citation-author hw-author-orcid-logo-wrapper has-tooltip hasTooltip\" data-delta=\"2\" data-hasqtip=\"4\" aria-describedby=\"qtip-4\"> <span class=\"nlm-surname\">Mata-Cabana A<\/span><\/span><\/strong>, <span class=\"highwire-citation-author hw-author-orcid-logo-wrapper\" data-delta=\"3\"><span class=\"nlm-given-names\">Della<\/span> <span class=\"nlm-surname\">Valle S<\/span><\/span>,<strong><span class=\"highwire-citation-author hw-author-orcid-logo-wrapper has-tooltip hasTooltip\" data-delta=\"4\" data-hasqtip=\"0\"> <span class=\"nlm-surname\">Olmedo M<\/span><\/span><\/strong>,<span class=\"highwire-citation-author hw-author-orcid-logo-wrapper has-tooltip hasTooltip\" data-delta=\"5\" data-hasqtip=\"2\"> <span class=\"nlm-surname\">Francesconi M<strong>*<\/strong><\/span><\/span>,\u00a0<span class=\"highwire-citation-author hw-author-orcid-logo-wrapper has-tooltip hasTooltip\" data-delta=\"6\" data-hasqtip=\"1\" aria-describedby=\"qtip-1\"><span class=\"nlm-surname\">Lehner B<strong>*<\/strong>.<br \/>\n<strong>Current Biology<\/strong><\/span><\/span><\/span><span class=\"highwire-citation-authors\"><span class=\"highwire-citation-author hw-author-orcid-logo-wrapper has-tooltip hasTooltip\" data-delta=\"6\" data-hasqtip=\"1\" aria-describedby=\"qtip-1\"><span class=\"nlm-surname\"><span class=\"cit\">.<\/span> <span class=\"cit\">2021<\/span><br \/>\n<\/span><\/span><\/span><\/p>\n<p id=\"screen-reader-main-title\" class=\"Head u-font-serif u-h2 u-margin-s-ver\"><a href=\"https:\/\/doi.org\/10.1016\/bs.adgen.2020.11.002\"><span class=\"title-text\">Nutritional control of postembryonic development progression and arrest in <em>Caenorhabditis elegans<\/em><\/span><\/a><br \/>\n<span class=\"docsum-authors full-authors\"><strong>Mata-Cabana A, P\u00e9rez-Nieto C, Olmedo M*.<br \/>\n<\/strong><\/span><strong>Advances in Genetics.<\/strong> 2021<\/p>\n<p><a class=\"docsum-title\" href=\"https:\/\/pubmed.ncbi.nlm.nih.gov\/33240886\/\" data-ga-category=\"result_click\" data-ga-action=\"1\" data-ga-label=\"33240886\" data-full-article-url=\"from_term=mata-cabana&amp;from_sort=pubdate&amp;from_pos=1\" data-article-id=\"33240886\">Social Chemical Communication Determines Recovery From L1 Arrest via DAF-16 Activation. <\/a><span class=\"docsum-authors full-authors\"><br \/>\n<strong>Mata-Cabana A*<\/strong>, <strong>G\u00f3mez-Delgado L, Romero-Exp\u00f3sito FJ<\/strong>, Rodr\u00edguez-Palero MJ, Artal-Sanz M, <strong>Olmedo M*.<br \/>\n<span class=\"docsum-journal-citation full-journal-citation\">Front Cell Dev Biol. <\/span><\/strong><span class=\"docsum-journal-citation full-journal-citation\">2020<\/span><strong><br \/>\n<\/strong><\/span><\/p>\n<p><a class=\"docsum-title\" href=\"https:\/\/pubmed.ncbi.nlm.nih.gov\/32986012\/\" data-ga-category=\"result_click\" data-ga-action=\"9\" data-ga-label=\"32986012\" data-full-article-url=\"from_term=Olmedo++elegans&amp;from_pos=9\" data-article-id=\"32986012\">Aging during <em>C. elegans<\/em> L1 quiescence. <\/a><span class=\"docsum-authors full-authors\"><br \/>\n<strong>Mata-Cabana A, Romero-Exp\u00f3sito FJ, Olmedo M*<\/strong>.<br \/>\n<span class=\"docsum-journal-citation full-journal-citation\"><strong>Aging (Albany NY)<\/strong>. 2020 <\/span><br \/>\n<\/span><\/p>\n<p><a href=\"https:\/\/pubmed.ncbi.nlm.nih.gov\/31852031\/\">Prolonged quiescence delays somatic stem cell-like divisions in <em>Caenorhabditis elegans<\/em> and is controlled by insulin signaling. <\/a><br \/>\n<strong>Olmedo M*, Mata-Cabana A<\/strong>, Rodr\u00edguez-Palero MJ, <strong>Garc\u00eda-S\u00e1nchez S<\/strong>, Fern\u00e1ndez-Ya\u00f1ez A, Merrow M, Artal-Sanz M<strong>*<\/strong>.<br \/>\n<strong>Aging Cell<\/strong>. 2020<\/p>\n<p><a href=\"https:\/\/pubmed.ncbi.nlm.nih.gov\/31444089\/\">A Delicate Balance between Bacterial Iron and Reactive Oxygen Species Supports Optimal <em>C.\u00a0elegans<\/em> Development. <\/a><br \/>\nZhang J, Li X, <strong>Olmedo M<\/strong>, Holdorf AD, Shang Y, Artal-Sanz M, Yilmaz LS, Walhout AJM<strong>*<\/strong>.<br \/>\n<strong>Cell Host &amp; Microbe<\/strong>. 2019<\/p>\n<p><a href=\"https:\/\/pubmed.ncbi.nlm.nih.gov\/30700528\/\">Purine Homeostasis Is Necessary for Developmental Timing, Germline Maintenance and Muscle Integrity in <em>Caenorhabditis elegans.<\/em><\/a><br \/>\nMarsac R, Pinson B, Saint-Marc C, <strong>Olmedo M<\/strong>, Artal-Sanz M, Daignan-Fornier B, Gomes JE<strong>*<\/strong>.<br \/>\n<strong>Genetics<\/strong>. 2019<\/p>\n<p><a class=\"docsum-title\" href=\"https:\/\/pubmed.ncbi.nlm.nih.gov\/29598825\/\" data-ga-category=\"result_click\" data-ga-action=\"5\" data-ga-label=\"29598825\" data-full-article-url=\"from_term=Olmedo+elegans&amp;from_sort=pubdate&amp;from_pos=5\" data-article-id=\"29598825\">Combined flow cytometry and high-throughput image analysis for the study of essential genes in <em>Caenorhabditis elegans.<\/em> <\/a><span class=\"docsum-authors full-authors\"><br \/>\nHernando-Rodr\u00edguez B, Erinjeri AP, Rodr\u00edguez-Palero MJ, Millar V, Gonz\u00e1lez-Hern\u00e1ndez S, <strong>Olmedo M<\/strong>, Schulze B, Baumeister R, Mu\u00f1oz MJ, Askjaer P, Artal-Sanz M<strong>*<\/strong>.<\/span><br \/>\n<span class=\"docsum-journal-citation full-journal-citation\"><strong>BMC Biol.<\/strong> 2018 <\/span><\/p>\n<p><a href=\"https:\/\/pubmed.ncbi.nlm.nih.gov\/29483540\/\">An automated method for the analysis of food intake behaviour in <em>Caenorhabditis elegans. <\/em><\/a><br \/>\nRodr\u00edguez-Palero MJ, L\u00f3pez-D\u00edaz A, Marsac R, Gomes JE, <strong>Olmedo M*<\/strong>, Artal-Sanz M<strong>*<\/strong>.<br \/>\n<strong>Sci Rep<\/strong>. 2018<\/p>\n<p><a class=\"docsum-title\" href=\"https:\/\/pubmed.ncbi.nlm.nih.gov\/28838356\/\" data-ga-category=\"result_click\" data-ga-action=\"4\" data-ga-label=\"28838356\" data-full-article-url=\"from_term=olmedo+merrow&amp;from_sort=date&amp;from_pos=4\" data-article-id=\"28838356\">Sleeping Beauty? Developmental Timing, Sleep, and the Circadian Clock in <em>Caenorhabditis elegans<\/em>. <\/a><span class=\"docsum-authors full-authors\"><br \/>\n<strong>Olmedo M*<\/strong>, Merrow M, Geibel M<strong>*<\/strong>.<\/span><br \/>\n<span class=\"docsum-journal-citation full-journal-citation\"><strong>Adv Genet<\/strong>. 2017<\/span><\/p>\n<p><a href=\"https:\/\/pubmed.ncbi.nlm.nih.gov\/26294666\/\">A High-Throughput Method for the Analysis of Larval Developmental Phenotypes in <em>Caenorhabditis elegans<\/em>. <\/a><strong><br \/>\nOlmedo M*<\/strong>, Geibel M, Artal-Sanz M, Merrow M<strong>*<\/strong>.<br \/>\n<strong>Genetics<\/strong>. 2015<\/p>\n<p><a href=\"https:\/\/pubmed.ncbi.nlm.nih.gov\/25662452\/\">Using circadian entrainment to find cryptic clocks. <\/a><br \/>\nEelderink-Chen Z, <strong>Olmedo M<\/strong>, Bosman J, Merrow M<strong>*<\/strong>.<br \/>\n<strong>Methods Enzymol<\/strong>. 2015<\/p>\n<p><a href=\"https:\/\/pubmed.ncbi.nlm.nih.gov\/23185015\/\">Circadian regulation of olfaction and an evolutionarily conserved, nontranscriptional marker in <em>Caenorhabditis elegans<\/em>. <\/a><strong><br \/>\nOlmedo M*<\/strong>, O&#8217;Neill JS, Edgar RS, Valekunja UK, Reddy AB, Merrow M<strong>*<\/strong>.<br \/>\n<strong>Proc Natl Acad Sci U S A<\/strong>. 2012<\/p>\n<h2><\/h2>\n<h2>Preprints<\/h2>\n<p><a href=\"https:\/\/www.biorxiv.org\/content\/10.1101\/2025.10.31.685810v1\">HLH-30\/TFEB is necessary for chromatin reorganization and maintenance of cell quiescence during starvation in<em> C. elegans.<\/em><\/a><br \/>\nMu\u00f1oz-Barrera, M., <strong>A Mata\u2010Cabana<\/strong>*, A Moreno-Rivero, FA Piubeli, B Ren-Barroso; N Al-Refaie; G Guti\u00e9rrez; DS Cabianca; <strong>M Olmedo*<\/strong>.<\/p>\n<p><a href=\"https:\/\/www.biorxiv.org\/content\/10.1101\/2024.03.31.587169v1\">Transient arrest allows resynchronization between developmental timers in <em>C. elegans.<\/em><\/a><br \/>\nRomero-Exp\u00f3sito FJ, A Moreno-Rivero, M Mu\u00f1oz-Barrera, S Garc\u00eda-S\u00e1nchez, F Rodr\u00edguez-Peris, N Gritti, F Sartor, M Merrow, JS van Zon, A Mata-Cabana, <strong>M Olmedo*<\/strong><\/p>\n<p><a href=\"https:\/\/www.biorxiv.org\/content\/10.64898\/2025.12.03.691999v1\">Mitochondrial redox homeostasis links organellar stress surveillance to germline and somatic integrity in <em>Caenorhabditis elegans.<\/em><\/a><br \/>\nMarina Valenzuela-Villatoro, et al.<\/p>\n<p><a href=\"https:\/\/www.biorxiv.org\/content\/10.1101\/2024.06.26.600859v2\">Inactivation of the DREAM complex mimics the molecular benefits of sleep.<\/a><br \/>\nSantos-Valentim, I., <strong>FJ Romero-Exp\u00f3sito<\/strong>, K Schwab, M Bayar, A Tauassarova, K Riege, L Lange, O Engmann, M Fischer, <strong>M Olmedo<\/strong>, S Hoffmann, MA Ermolaeva*<\/p>\n<p><span class=\"highwire-cite-title\"><a class=\"highwire-cite-linked-title\" href=\"https:\/\/www.biorxiv.org\/content\/10.1101\/2023.07.19.549636v1\" data-icon-position=\"\" data-hide-link-title=\"0\">Methanolic extracts of the edible halophyte <em>Crithmum maritimum<\/em> enhance oxidative stress resistance in <em>Caenorhabditis elegans<\/em> through hormetic mechanisms<\/a><br \/>\n<\/span>Raquel Martins-Noguerol*,\u00a0<strong>Alejandro Mata-Cabana<\/strong>, <strong>Mar\u00eda Olmedo<\/strong>, Cristina DeAndr\u00e9s-Gil, Xoaqu\u00edn Moreira, Marta Francisco, Antonio J. Moreno-P\u00e9rez and Jes\u00fas Cambroll\u00e9<\/p>\n<p>&nbsp;<\/p>\n<div class=\"highwire-cite-authors\">\n<p>&nbsp;<\/p>\n<\/div>\n<h2><a href=\"https:\/\/www.scopus.com\/authid\/detail.uri?authorId=6701689327\">Complete publication list<\/a><\/h2>\n","protected":false},"excerpt":{"rendered":"<p>C. elegans publications\u00a0 Body-wide synchronization of insulin-signaling dependent DAF-16\/FOXO nuclear translocation pulses correlated with\u00a0C. elegans growth Demirbas B,\u00a0 Filina O, Louisse T, Natarajan A, Goos Y, S\u00e1nchez-Romero MA , Olmedo M*,\u00a0 van Zon J* Nature Communications. 2025 The interplay between Caenorhabditis elegans larval development and Orsay virus infection Melero I, Castiglioni VG, Olmo-Uceda MJ, Olmedo [&hellip;]<\/p>\n","protected":false},"author":1,"featured_media":0,"parent":0,"menu_order":0,"comment_status":"closed","ping_status":"closed","template":"","meta":[],"_links":{"self":[{"href":"https:\/\/grupo.us.es\/olmedolab\/wp-json\/wp\/v2\/pages\/25"}],"collection":[{"href":"https:\/\/grupo.us.es\/olmedolab\/wp-json\/wp\/v2\/pages"}],"about":[{"href":"https:\/\/grupo.us.es\/olmedolab\/wp-json\/wp\/v2\/types\/page"}],"author":[{"embeddable":true,"href":"https:\/\/grupo.us.es\/olmedolab\/wp-json\/wp\/v2\/users\/1"}],"replies":[{"embeddable":true,"href":"https:\/\/grupo.us.es\/olmedolab\/wp-json\/wp\/v2\/comments?post=25"}],"version-history":[{"count":26,"href":"https:\/\/grupo.us.es\/olmedolab\/wp-json\/wp\/v2\/pages\/25\/revisions"}],"predecessor-version":[{"id":288,"href":"https:\/\/grupo.us.es\/olmedolab\/wp-json\/wp\/v2\/pages\/25\/revisions\/288"}],"wp:attachment":[{"href":"https:\/\/grupo.us.es\/olmedolab\/wp-json\/wp\/v2\/media?parent=25"}],"curies":[{"name":"wp","href":"https:\/\/api.w.org\/{rel}","templated":true}]}}