{"id":23,"date":"2020-09-29T10:17:03","date_gmt":"2020-09-29T10:17:03","guid":{"rendered":"http:\/\/grupo.us.es\/olmedolab\/?page_id=23"},"modified":"2026-01-27T21:39:28","modified_gmt":"2026-01-27T21:39:28","slug":"lab-members","status":"publish","type":"page","link":"https:\/\/grupo.us.es\/olmedolab\/lab-members\/","title":{"rendered":"Lab members"},"content":{"rendered":"<h3><strong>Current members<\/strong><\/h3>\n<p>&nbsp;<\/p>\n<p><img loading=\"lazy\" class=\"wp-image-365 aligncenter\" src=\"https:\/\/grupo.us.es\/olmedolab\/wp-content\/uploads\/2025\/10\/IMG_4077.jpeg\" alt=\"\" width=\"323\" height=\"381\" srcset=\"https:\/\/grupo.us.es\/olmedolab\/wp-content\/uploads\/2025\/10\/IMG_4077.jpeg 1899w, https:\/\/grupo.us.es\/olmedolab\/wp-content\/uploads\/2025\/10\/IMG_4077-254x300.jpeg 254w, https:\/\/grupo.us.es\/olmedolab\/wp-content\/uploads\/2025\/10\/IMG_4077-869x1024.jpeg 869w, https:\/\/grupo.us.es\/olmedolab\/wp-content\/uploads\/2025\/10\/IMG_4077-768x906.jpeg 768w, https:\/\/grupo.us.es\/olmedolab\/wp-content\/uploads\/2025\/10\/IMG_4077-1303x1536.jpeg 1303w, https:\/\/grupo.us.es\/olmedolab\/wp-content\/uploads\/2025\/10\/IMG_4077-1737x2048.jpeg 1737w\" sizes=\"(max-width: 323px) 100vw, 323px\" \/><\/p>\n<p style=\"text-align: center;\"><strong><a href=\"https:\/\/www.scopus.com\/authid\/detail.uri?authorId=6701689327\">Mar\u00eda Olmedo<\/a>. Principal investigator<\/strong><\/p>\n<p>&nbsp;<\/p>\n<p><img loading=\"lazy\" class=\"wp-image-85 aligncenter\" src=\"https:\/\/grupo.us.es\/olmedolab\/wp-content\/uploads\/2020\/09\/AMC-scaled-e1601491590994.jpg\" alt=\"\" width=\"328\" height=\"465\" srcset=\"https:\/\/grupo.us.es\/olmedolab\/wp-content\/uploads\/2020\/09\/AMC-scaled-e1601491590994.jpg 1506w, https:\/\/grupo.us.es\/olmedolab\/wp-content\/uploads\/2020\/09\/AMC-scaled-e1601491590994-211x300.jpg 211w, https:\/\/grupo.us.es\/olmedolab\/wp-content\/uploads\/2020\/09\/AMC-scaled-e1601491590994-722x1024.jpg 722w, https:\/\/grupo.us.es\/olmedolab\/wp-content\/uploads\/2020\/09\/AMC-scaled-e1601491590994-768x1090.jpg 768w, https:\/\/grupo.us.es\/olmedolab\/wp-content\/uploads\/2020\/09\/AMC-scaled-e1601491590994-1082x1536.jpg 1082w, https:\/\/grupo.us.es\/olmedolab\/wp-content\/uploads\/2020\/09\/AMC-scaled-e1601491590994-1443x2048.jpg 1443w\" sizes=\"(max-width: 328px) 100vw, 328px\" \/><\/p>\n<p style=\"text-align: center;\"><a href=\"https:\/\/www.scopus.com\/authid\/detail.uri?authorId=14628899200\"><strong>Alejandro Mata Cabana<\/strong><\/a><strong>.<\/strong> <strong>Assistant Research Scientist<\/strong><\/p>\n<p>&nbsp;<\/p>\n<p><img loading=\"lazy\" class=\"wp-image-353 aligncenter\" src=\"https:\/\/grupo.us.es\/olmedolab\/wp-content\/uploads\/2023\/10\/Marta.png\" alt=\"\" width=\"319\" height=\"342\" srcset=\"https:\/\/grupo.us.es\/olmedolab\/wp-content\/uploads\/2023\/10\/Marta.png 1073w, https:\/\/grupo.us.es\/olmedolab\/wp-content\/uploads\/2023\/10\/Marta-280x300.png 280w, https:\/\/grupo.us.es\/olmedolab\/wp-content\/uploads\/2023\/10\/Marta-955x1024.png 955w, https:\/\/grupo.us.es\/olmedolab\/wp-content\/uploads\/2023\/10\/Marta-768x823.png 768w\" sizes=\"(max-width: 319px) 100vw, 319px\" \/><\/p>\n<p style=\"text-align: center;\"><strong><a href=\"https:\/\/www.scopus.com\/authid\/detail.uri?authorId=56366533600\">Marta Mu\u00f1oz Barrera<\/a>. Postdoctoral researcher<br \/>\n<\/strong><\/p>\n<p>&nbsp;<\/p>\n<p><img loading=\"lazy\" class=\"wp-image-367 aligncenter\" src=\"https:\/\/grupo.us.es\/olmedolab\/wp-content\/uploads\/2025\/10\/Foto-Daniel.jpeg\" alt=\"\" width=\"326\" height=\"435\" srcset=\"https:\/\/grupo.us.es\/olmedolab\/wp-content\/uploads\/2025\/10\/Foto-Daniel.jpeg 1056w, https:\/\/grupo.us.es\/olmedolab\/wp-content\/uploads\/2025\/10\/Foto-Daniel-225x300.jpeg 225w, https:\/\/grupo.us.es\/olmedolab\/wp-content\/uploads\/2025\/10\/Foto-Daniel-768x1024.jpeg 768w\" sizes=\"(max-width: 326px) 100vw, 326px\" \/><\/p>\n<p style=\"text-align: center;\"><strong><a href=\"https:\/\/pubmed.ncbi.nlm.nih.gov\/?term=sobrido-camean&amp;sort=pubdate\">Daniel Sobrido Came\u00e1n<\/a>. Postdoctoral researcher<\/strong><\/p>\n<p>&nbsp;<\/p>\n<p style=\"text-align: center;\"><img loading=\"lazy\" class=\"wp-image-90 aligncenter\" src=\"https:\/\/grupo.us.es\/olmedolab\/wp-content\/uploads\/2020\/09\/FJRE-1-e1601489987556.jpg\" alt=\"\" width=\"281\" height=\"317\" srcset=\"https:\/\/grupo.us.es\/olmedolab\/wp-content\/uploads\/2020\/09\/FJRE-1-e1601489987556.jpg 882w, https:\/\/grupo.us.es\/olmedolab\/wp-content\/uploads\/2020\/09\/FJRE-1-e1601489987556-266x300.jpg 266w, https:\/\/grupo.us.es\/olmedolab\/wp-content\/uploads\/2020\/09\/FJRE-1-e1601489987556-768x867.jpg 768w\" sizes=\"(max-width: 281px) 100vw, 281px\" \/><\/p>\n<p style=\"text-align: center;\"><strong><a href=\"https:\/\/www.scopus.com\/authid\/detail.uri?authorId=57219237250\">Francisco Javier Romero Exp\u00f3sito<\/a>. PhD student<\/strong><\/p>\n<p>&nbsp;<\/p>\n<h3><strong><img loading=\"lazy\" class=\"wp-image-338 aligncenter\" src=\"https:\/\/grupo.us.es\/olmedolab\/wp-content\/uploads\/2022\/11\/image_50409217-scaled.jpg\" alt=\"\" width=\"302\" height=\"302\" srcset=\"https:\/\/grupo.us.es\/olmedolab\/wp-content\/uploads\/2022\/11\/image_50409217-scaled.jpg 2560w, https:\/\/grupo.us.es\/olmedolab\/wp-content\/uploads\/2022\/11\/image_50409217-300x300.jpg 300w, https:\/\/grupo.us.es\/olmedolab\/wp-content\/uploads\/2022\/11\/image_50409217-1024x1024.jpg 1024w, https:\/\/grupo.us.es\/olmedolab\/wp-content\/uploads\/2022\/11\/image_50409217-150x150.jpg 150w, https:\/\/grupo.us.es\/olmedolab\/wp-content\/uploads\/2022\/11\/image_50409217-768x768.jpg 768w, https:\/\/grupo.us.es\/olmedolab\/wp-content\/uploads\/2022\/11\/image_50409217-1536x1536.jpg 1536w, https:\/\/grupo.us.es\/olmedolab\/wp-content\/uploads\/2022\/11\/image_50409217-2048x2048.jpg 2048w\" sizes=\"(max-width: 302px) 100vw, 302px\" \/><\/strong><\/h3>\n<p style=\"text-align: center;\"><strong>Almudena Moreno Rivero. PhD student<br \/>\n<\/strong><\/p>\n<p>&nbsp;<\/p>\n<h3><\/h3>\n<h3>Alumni<\/h3>\n<p>Helena Valencia Hern\u00e1ndez. Master student (2024-25)<\/p>\n<p>Beatriz Ren Barroso. Master student (2023-24)<\/p>\n<p>Julia Jim\u00e9nez-Espadafor. Master student (2023-24)<\/p>\n<p>Laura Cantalejo Carrasco. Researcher (2023)<br \/>\nCurrent position: Research assistant, Centro Andaluz de Biolog\u00eda del Desarrollo (CABD)<\/p>\n<p>Sergio Gordillo Garc\u00eda. Master student (2022-23)<br \/>\nCurrent position: FPI PhD student, Centro Andaluz de Biolog\u00eda del Desarrollo (CABD)<\/p>\n<p>Loreto Castro Castro. Undegraduate student (2022-23)<\/p>\n<p>Paula Soto Carmona. Undergraduate student (2022-23)<\/p>\n<p>Andrea Barahona. Master student (2021-22)<br \/>\nCurrent position: PhD student, Instituto de Biomedicina de Sevilla (IBIS)<\/p>\n<p>Noelia Ru\u00edz. Master student (2021-22)<strong><br \/>\n<\/strong><\/p>\n<p>Pilar Ramos Bratos. Master student (2021-22) and undergraduate student (2020-21)<\/p>\n<p><a href=\"https:\/\/www.scopus.com\/record\/display.uri?eid=2-s2.0-85097735622&amp;origin=resultslist\">Carmen P\u00e9rez Nieto<\/a>. Master student (2020-21) and undergraduated student (2019-20)<br \/>\nCurrent position: FPU PhD student, Instituto de Biolog\u00eda Vegetal y Fotos\u00edntesis (IBVF)<\/p>\n<p>Paola G\u00f3mez Sampedro. Undergraduate student (2021)<\/p>\n<p>Carolina Darche. Master student (2021)<\/p>\n<p><a href=\"https:\/\/www.scopus.com\/authid\/detail.uri?authorId=57212475660\">Sabas Garc\u00eda S\u00e1nchez<\/a>. Graduate student (2017-19)<br \/>\nCurrent position: FPI PhD student, Centro Andaluz de Biolog\u00eda del Desarrollo (CABD)<\/p>\n<p><a href=\"https:\/\/www.scopus.com\/authid\/detail.uri?authorId=57220059511\">Laura G\u00f3mez Delgado<\/a>. Master student (2018-19)<br \/>\nCurrent position: FPI PhD student, Instituto de Biolog\u00eda Funcional y Gen\u00f3mica (IBFG)<\/p>\n<p>\u00c1lvaro Mart\u00edn Borras. Undergraduate student (2018-19)<\/p>\n<p>Pedro de la Rosa Carracedo. Undergraduate student (2018-19)<\/p>\n<p>Fernando Rodr\u00edguez Peris. Master student (2017-18) and undergraduated student (2016-17)<\/p>\n<p>Roc\u00edo L\u00f3pez Moyano. Master student (2017-18)<\/p>\n<p><a href=\"https:\/\/www.scopus.com\/authid\/detail.uri?authorId=57241242000\">Patricia Nevado Berzosa<\/a>. Master student (2016-17)<\/p>\n<p><a href=\"https:\/\/pubmed.ncbi.nlm.nih.gov\/?term=laura+cerero+tejero&amp;sort=pubdate\">Laura Cerero Tejero<\/a>. Undergraduate student (2016-17)<\/p>\n<p>&nbsp;<\/p>\n<h2>Lab pictures<\/h2>\n<h3><img loading=\"lazy\" class=\"wp-image-336 aligncenter\" src=\"https:\/\/grupo.us.es\/olmedolab\/wp-content\/uploads\/2022\/11\/IMG_7884-scaled.jpg\" alt=\"\" width=\"598\" height=\"448\" srcset=\"https:\/\/grupo.us.es\/olmedolab\/wp-content\/uploads\/2022\/11\/IMG_7884-scaled.jpg 2560w, https:\/\/grupo.us.es\/olmedolab\/wp-content\/uploads\/2022\/11\/IMG_7884-300x225.jpg 300w, https:\/\/grupo.us.es\/olmedolab\/wp-content\/uploads\/2022\/11\/IMG_7884-1024x768.jpg 1024w, https:\/\/grupo.us.es\/olmedolab\/wp-content\/uploads\/2022\/11\/IMG_7884-768x576.jpg 768w, https:\/\/grupo.us.es\/olmedolab\/wp-content\/uploads\/2022\/11\/IMG_7884-1536x1152.jpg 1536w, https:\/\/grupo.us.es\/olmedolab\/wp-content\/uploads\/2022\/11\/IMG_7884-2048x1536.jpg 2048w\" sizes=\"(max-width: 598px) 100vw, 598px\" \/><\/h3>\n<h3>2022<\/h3>\n<p>Patricia Rojas R\u00edos (Collaborator on <em>Drosophila<\/em> development) , Mar\u00eda Olmedo, Marta Mu\u00f1oz Barrera, Almudena Moreno Rivero, Laura Cantalejo Carrasco, Fran Romero Exp\u00f3sito and Alejandro Mata Cabana<\/p>\n<p>&nbsp;<\/p>\n<p><img loading=\"lazy\" class=\"wp-image-310 aligncenter\" src=\"https:\/\/grupo.us.es\/olmedolab\/wp-content\/uploads\/2021\/11\/WhatsApp-Image-2021-05-31-at-13.16.44.jpeg\" alt=\"\" width=\"573\" height=\"430\" srcset=\"https:\/\/grupo.us.es\/olmedolab\/wp-content\/uploads\/2021\/11\/WhatsApp-Image-2021-05-31-at-13.16.44.jpeg 1600w, https:\/\/grupo.us.es\/olmedolab\/wp-content\/uploads\/2021\/11\/WhatsApp-Image-2021-05-31-at-13.16.44-300x225.jpeg 300w, https:\/\/grupo.us.es\/olmedolab\/wp-content\/uploads\/2021\/11\/WhatsApp-Image-2021-05-31-at-13.16.44-1024x768.jpeg 1024w, https:\/\/grupo.us.es\/olmedolab\/wp-content\/uploads\/2021\/11\/WhatsApp-Image-2021-05-31-at-13.16.44-768x576.jpeg 768w, https:\/\/grupo.us.es\/olmedolab\/wp-content\/uploads\/2021\/11\/WhatsApp-Image-2021-05-31-at-13.16.44-1536x1152.jpeg 1536w\" sizes=\"(max-width: 573px) 100vw, 573px\" \/><\/p>\n<h3>2021<\/h3>\n<p>Paola G\u00f3mez Sampedro, Pilar Ramos Bratos, Carmen P\u00e9rez Nieto, Mar\u00eda Olmedo, Alejandro Mata Cabana and Fran Romero Exp\u00f3sito<\/p>\n<p>&nbsp;<\/p>\n<p><img loading=\"lazy\" class=\"wp-image-84 aligncenter\" src=\"https:\/\/grupo.us.es\/olmedolab\/wp-content\/uploads\/2020\/09\/2019-scaled.jpg\" alt=\"\" width=\"543\" height=\"407\" srcset=\"https:\/\/grupo.us.es\/olmedolab\/wp-content\/uploads\/2020\/09\/2019-scaled.jpg 2560w, https:\/\/grupo.us.es\/olmedolab\/wp-content\/uploads\/2020\/09\/2019-300x225.jpg 300w, https:\/\/grupo.us.es\/olmedolab\/wp-content\/uploads\/2020\/09\/2019-1024x768.jpg 1024w, https:\/\/grupo.us.es\/olmedolab\/wp-content\/uploads\/2020\/09\/2019-768x576.jpg 768w, https:\/\/grupo.us.es\/olmedolab\/wp-content\/uploads\/2020\/09\/2019-1536x1152.jpg 1536w, https:\/\/grupo.us.es\/olmedolab\/wp-content\/uploads\/2020\/09\/2019-2048x1536.jpg 2048w\" sizes=\"(max-width: 543px) 100vw, 543px\" \/> <img loading=\"lazy\" class=\"wp-image-83 aligncenter\" src=\"https:\/\/grupo.us.es\/olmedolab\/wp-content\/uploads\/2020\/09\/2019_side-scaled.jpg\" alt=\"\" width=\"543\" height=\"408\" srcset=\"https:\/\/grupo.us.es\/olmedolab\/wp-content\/uploads\/2020\/09\/2019_side-scaled.jpg 2560w, https:\/\/grupo.us.es\/olmedolab\/wp-content\/uploads\/2020\/09\/2019_side-300x225.jpg 300w, https:\/\/grupo.us.es\/olmedolab\/wp-content\/uploads\/2020\/09\/2019_side-1024x768.jpg 1024w, https:\/\/grupo.us.es\/olmedolab\/wp-content\/uploads\/2020\/09\/2019_side-768x576.jpg 768w, https:\/\/grupo.us.es\/olmedolab\/wp-content\/uploads\/2020\/09\/2019_side-1536x1152.jpg 1536w, https:\/\/grupo.us.es\/olmedolab\/wp-content\/uploads\/2020\/09\/2019_side-2048x1536.jpg 2048w\" sizes=\"(max-width: 543px) 100vw, 543px\" \/><\/p>\n<h3>2019<\/h3>\n<p>Laura G\u00f3mez Delgado, Pedro de la Rosa Carracedo, Fran Romero Exp\u00f3sito, \u00c1lvaro Mart\u00edn Borr\u00e1s, Sabas Garc\u00eda S\u00e1nchez, Mar\u00eda Olmedo, Juan Jos\u00e9 Rodr\u00edguez Mateos, Carmen P\u00e9rez Nieto, Alejandro Mata Cabana<\/p>\n<p>&nbsp;<\/p>\n<p><img loading=\"lazy\" class=\"wp-image-82 aligncenter\" src=\"https:\/\/grupo.us.es\/olmedolab\/wp-content\/uploads\/2020\/09\/2018-scaled.jpg\" alt=\"\" width=\"558\" height=\"419\" srcset=\"https:\/\/grupo.us.es\/olmedolab\/wp-content\/uploads\/2020\/09\/2018-scaled.jpg 2560w, https:\/\/grupo.us.es\/olmedolab\/wp-content\/uploads\/2020\/09\/2018-300x225.jpg 300w, https:\/\/grupo.us.es\/olmedolab\/wp-content\/uploads\/2020\/09\/2018-1024x768.jpg 1024w, https:\/\/grupo.us.es\/olmedolab\/wp-content\/uploads\/2020\/09\/2018-768x576.jpg 768w, https:\/\/grupo.us.es\/olmedolab\/wp-content\/uploads\/2020\/09\/2018-1536x1152.jpg 1536w, https:\/\/grupo.us.es\/olmedolab\/wp-content\/uploads\/2020\/09\/2018-2048x1536.jpg 2048w\" sizes=\"(max-width: 558px) 100vw, 558px\" \/><\/p>\n<h3>2018<\/h3>\n<p>Mar\u00eda Olmedo, Alejandro Mata Cabana, Laura G\u00f3mez Delgado, Sabas Garc\u00eda S\u00e1nchez<\/p>\n<p>&nbsp;<\/p>\n<p>&nbsp;<\/p>\n<p><img loading=\"lazy\" class=\"wp-image-81 aligncenter\" src=\"https:\/\/grupo.us.es\/olmedolab\/wp-content\/uploads\/2020\/09\/2017-scaled.jpg\" alt=\"\" width=\"579\" height=\"435\" srcset=\"https:\/\/grupo.us.es\/olmedolab\/wp-content\/uploads\/2020\/09\/2017-scaled.jpg 2560w, https:\/\/grupo.us.es\/olmedolab\/wp-content\/uploads\/2020\/09\/2017-300x225.jpg 300w, https:\/\/grupo.us.es\/olmedolab\/wp-content\/uploads\/2020\/09\/2017-1024x768.jpg 1024w, https:\/\/grupo.us.es\/olmedolab\/wp-content\/uploads\/2020\/09\/2017-768x576.jpg 768w, https:\/\/grupo.us.es\/olmedolab\/wp-content\/uploads\/2020\/09\/2017-1536x1152.jpg 1536w, https:\/\/grupo.us.es\/olmedolab\/wp-content\/uploads\/2020\/09\/2017-2048x1536.jpg 2048w\" sizes=\"(max-width: 579px) 100vw, 579px\" \/><\/p>\n<h3>2017<\/h3>\n<p>Fernando Rodr\u00edgez Peris, Patricia Nevado Berzosa, Laura Cerero Tejero, Mar\u00eda Olmedo and Alejandro Mata Cabana<\/p>\n<p>&nbsp;<\/p>\n","protected":false},"excerpt":{"rendered":"<p>Current members &nbsp; Mar\u00eda Olmedo. Principal investigator &nbsp; Alejandro Mata Cabana. Assistant Research Scientist &nbsp; Marta Mu\u00f1oz Barrera. Postdoctoral researcher &nbsp; Daniel Sobrido Came\u00e1n. Postdoctoral researcher &nbsp; Francisco Javier Romero Exp\u00f3sito. PhD student &nbsp; Almudena Moreno Rivero. PhD student &nbsp; Alumni Helena Valencia Hern\u00e1ndez. Master student (2024-25) Beatriz Ren Barroso. Master student (2023-24) Julia Jim\u00e9nez-Espadafor. [&hellip;]<\/p>\n","protected":false},"author":1,"featured_media":0,"parent":0,"menu_order":0,"comment_status":"closed","ping_status":"closed","template":"","meta":[],"_links":{"self":[{"href":"https:\/\/grupo.us.es\/olmedolab\/wp-json\/wp\/v2\/pages\/23"}],"collection":[{"href":"https:\/\/grupo.us.es\/olmedolab\/wp-json\/wp\/v2\/pages"}],"about":[{"href":"https:\/\/grupo.us.es\/olmedolab\/wp-json\/wp\/v2\/types\/page"}],"author":[{"embeddable":true,"href":"https:\/\/grupo.us.es\/olmedolab\/wp-json\/wp\/v2\/users\/1"}],"replies":[{"embeddable":true,"href":"https:\/\/grupo.us.es\/olmedolab\/wp-json\/wp\/v2\/comments?post=23"}],"version-history":[{"count":33,"href":"https:\/\/grupo.us.es\/olmedolab\/wp-json\/wp\/v2\/pages\/23\/revisions"}],"predecessor-version":[{"id":374,"href":"https:\/\/grupo.us.es\/olmedolab\/wp-json\/wp\/v2\/pages\/23\/revisions\/374"}],"wp:attachment":[{"href":"https:\/\/grupo.us.es\/olmedolab\/wp-json\/wp\/v2\/media?parent=23"}],"curies":[{"name":"wp","href":"https:\/\/api.w.org\/{rel}","templated":true}]}}