{"id":991,"date":"2020-02-25T17:05:07","date_gmt":"2020-02-25T17:05:07","guid":{"rendered":"http:\/\/grupo.us.es\/oindustrial\/?page_id=991"},"modified":"2020-05-08T17:46:04","modified_gmt":"2020-05-08T17:46:04","slug":"quid-proquo","status":"publish","type":"page","link":"https:\/\/grupo.us.es\/oindustrial\/investigacion\/proyectos\/quid-proquo\/","title":{"rendered":"QUID PROQUO"},"content":{"rendered":"\n<p class=\"has-text-align-center has-medium-font-size\"><strong> \u00a0QUIrofanos Din\u00e1micos &#8211; PROgramaci\u00f3n de QUirof\u00e1nos mediante Optimizaci\u00f3n <\/strong><\/p>\n\n\n\n<p class=\"has-text-align-center\">Proyecto AT17_5967_USE<\/p>\n\n\n\n<p class=\"has-text-align-center\">Junta de Andaluc\u00eda<\/p>\n\n\n\n<div class=\"wp-block-image\"><figure class=\"aligncenter size-large\"><img fetchpriority=\"high\" decoding=\"async\" width=\"1024\" height=\"225\" src=\"http:\/\/grupo.us.es\/oindustrial\/wp-content\/uploads\/2020\/04\/logo_junta-1024x225.png\" alt=\"\" class=\"wp-image-1053\" srcset=\"https:\/\/grupo.us.es\/oindustrial\/wp-content\/uploads\/2020\/04\/logo_junta-1024x225.png 1024w, https:\/\/grupo.us.es\/oindustrial\/wp-content\/uploads\/2020\/04\/logo_junta-300x66.png 300w, https:\/\/grupo.us.es\/oindustrial\/wp-content\/uploads\/2020\/04\/logo_junta-768x169.png 768w, https:\/\/grupo.us.es\/oindustrial\/wp-content\/uploads\/2020\/04\/logo_junta-1536x338.png 1536w, https:\/\/grupo.us.es\/oindustrial\/wp-content\/uploads\/2020\/04\/logo_junta-2048x451.png 2048w, https:\/\/grupo.us.es\/oindustrial\/wp-content\/uploads\/2020\/04\/logo_junta-100x22.png 100w, https:\/\/grupo.us.es\/oindustrial\/wp-content\/uploads\/2020\/04\/logo_junta-150x33.png 150w, https:\/\/grupo.us.es\/oindustrial\/wp-content\/uploads\/2020\/04\/logo_junta-200x44.png 200w, https:\/\/grupo.us.es\/oindustrial\/wp-content\/uploads\/2020\/04\/logo_junta-450x99.png 450w, https:\/\/grupo.us.es\/oindustrial\/wp-content\/uploads\/2020\/04\/logo_junta-600x132.png 600w, https:\/\/grupo.us.es\/oindustrial\/wp-content\/uploads\/2020\/04\/logo_junta-900x198.png 900w\" sizes=\"(max-width: 1024px) 100vw, 1024px\" \/><\/figure><\/div>\n\n\n\n<div class=\"wp-block-image\"><figure class=\"aligncenter size-large is-resized\"><img decoding=\"async\" src=\"http:\/\/grupo.us.es\/oindustrial\/wp-content\/uploads\/2020\/04\/Logo-FONDOS-FEDER.jpg\" alt=\"\" class=\"wp-image-1056\" width=\"223\" height=\"106\"\/><\/figure><\/div>\n","protected":false},"excerpt":{"rendered":"<p>\u00a0QUIrofanos Din\u00e1micos &#8211; PROgramaci\u00f3n de QUirof\u00e1nos mediante Optimizaci\u00f3n Proyecto AT17_5967_USE Junta de Andaluc\u00eda<\/p>\n","protected":false},"author":2,"featured_media":0,"parent":114,"menu_order":0,"comment_status":"closed","ping_status":"closed","template":"","meta":{"footnotes":""},"categories":[84],"tags":[],"folder":[],"class_list":["post-991","page","type-page","status-publish","hentry","category-quidproquo"],"_links":{"self":[{"href":"https:\/\/grupo.us.es\/oindustrial\/wp-json\/wp\/v2\/pages\/991","targetHints":{"allow":["GET"]}}],"collection":[{"href":"https:\/\/grupo.us.es\/oindustrial\/wp-json\/wp\/v2\/pages"}],"about":[{"href":"https:\/\/grupo.us.es\/oindustrial\/wp-json\/wp\/v2\/types\/page"}],"author":[{"embeddable":true,"href":"https:\/\/grupo.us.es\/oindustrial\/wp-json\/wp\/v2\/users\/2"}],"replies":[{"embeddable":true,"href":"https:\/\/grupo.us.es\/oindustrial\/wp-json\/wp\/v2\/comments?post=991"}],"version-history":[{"count":7,"href":"https:\/\/grupo.us.es\/oindustrial\/wp-json\/wp\/v2\/pages\/991\/revisions"}],"predecessor-version":[{"id":1090,"href":"https:\/\/grupo.us.es\/oindustrial\/wp-json\/wp\/v2\/pages\/991\/revisions\/1090"}],"up":[{"embeddable":true,"href":"https:\/\/grupo.us.es\/oindustrial\/wp-json\/wp\/v2\/pages\/114"}],"wp:attachment":[{"href":"https:\/\/grupo.us.es\/oindustrial\/wp-json\/wp\/v2\/media?parent=991"}],"wp:term":[{"taxonomy":"category","embeddable":true,"href":"https:\/\/grupo.us.es\/oindustrial\/wp-json\/wp\/v2\/categories?post=991"},{"taxonomy":"post_tag","embeddable":true,"href":"https:\/\/grupo.us.es\/oindustrial\/wp-json\/wp\/v2\/tags?post=991"},{"taxonomy":"folder","embeddable":true,"href":"https:\/\/grupo.us.es\/oindustrial\/wp-json\/wp\/v2\/folder?post=991"}],"curies":[{"name":"wp","href":"https:\/\/api.w.org\/{rel}","templated":true}]}}