{"id":956,"date":"2019-12-18T15:23:37","date_gmt":"2019-12-18T15:23:37","guid":{"rendered":"http:\/\/grupo.us.es\/oindustrial\/?page_id=956"},"modified":"2024-12-11T10:59:50","modified_gmt":"2024-12-11T10:59:50","slug":"resultados-docentes","status":"publish","type":"page","link":"https:\/\/grupo.us.es\/oindustrial\/docencia\/resultados-docentes\/","title":{"rendered":"Resultados Docentes"},"content":{"rendered":"\n<ul class=\"wp-block-list\"><li>Fernandez-Viagas V, &#8220;Implantaci\u00f3n de la gamificaci\u00f3n con evaluaci\u00f3n automatizada en aulas masificadas de ingenier\u00eda&#8221;,  Editorial Dykinson. <ul><li>Ejercicio E1 (<a href=\"http:\/\/grupo.us.es\/oindustrial\/wp-content\/uploads\/2019\/12\/E1.pdf\">Enunciado<\/a>)<\/li><li>Ejercicio E2 (<a href=\"http:\/\/grupo.us.es\/oindustrial\/wp-content\/uploads\/2019\/12\/E2.pdf\">Enunciado<\/a>) <\/li><li>Ejercicio E3 (<a href=\"http:\/\/grupo.us.es\/oindustrial\/wp-content\/uploads\/2019\/12\/E3.pdf\">Enunciado<\/a>)  <\/li><li>Ejercicio E4 (<a href=\"http:\/\/grupo.us.es\/oindustrial\/wp-content\/uploads\/2019\/12\/E4.pdf\">Enunciado<\/a>, <a href=\"http:\/\/grupo.us.es\/oindustrial\/wp-content\/uploads\/2019\/12\/C\u00f3digo_E4_FlowShop.docx\">C\u00f3digo Visual Basic<\/a>)  <\/li><li>Ejercicio E5 (<a href=\"http:\/\/grupo.us.es\/oindustrial\/wp-content\/uploads\/2019\/12\/E5.pdf\">Enunciado<\/a>, <a href=\"http:\/\/grupo.us.es\/oindustrial\/wp-content\/uploads\/2019\/12\/C\u00f3digo_E5_SM_PM.docx\">C\u00f3digo Visual Basic<\/a>)     <\/li><li>Ejercicio E6 (<a href=\"http:\/\/grupo.us.es\/oindustrial\/wp-content\/uploads\/2019\/12\/E6.pdf\">Enunciado<\/a>, <a href=\"http:\/\/grupo.us.es\/oindustrial\/wp-content\/uploads\/2019\/12\/C\u00f3digo_E6_PM_Vecindad.docx\">C\u00f3digo Visual Basic<\/a>)   <\/li><li>Evaluaci\u00f3n Automatizada en Excel (Solicitar por correo)<\/li><\/ul><\/li><\/ul>\n","protected":false},"excerpt":{"rendered":"<p>Fernandez-Viagas V, &#8220;Implantaci\u00f3n de la gamificaci\u00f3n con evaluaci\u00f3n automatizada en aulas masificadas de ingenier\u00eda&#8221;, Editorial Dykinson. Ejercicio E1 (Enunciado) Ejercicio E2 (Enunciado) Ejercicio E3 (Enunciado) Ejercicio E4 (Enunciado, C\u00f3digo Visual Basic) Ejercicio E5 (Enunciado, C\u00f3digo Visual Basic) Ejercicio E6 (Enunciado, &hellip;<\/p>\n<p class=\"read-more\"> <a class=\"more-link\" href=\"https:\/\/grupo.us.es\/oindustrial\/docencia\/resultados-docentes\/\"> <span class=\"screen-reader-text\">Resultados Docentes<\/span> Leer m\u00e1s \u00bb<\/a><\/p>\n","protected":false},"author":1,"featured_media":0,"parent":942,"menu_order":0,"comment_status":"closed","ping_status":"closed","template":"","meta":{"footnotes":""},"categories":[],"tags":[],"folder":[],"class_list":["post-956","page","type-page","status-publish","hentry"],"_links":{"self":[{"href":"https:\/\/grupo.us.es\/oindustrial\/wp-json\/wp\/v2\/pages\/956","targetHints":{"allow":["GET"]}}],"collection":[{"href":"https:\/\/grupo.us.es\/oindustrial\/wp-json\/wp\/v2\/pages"}],"about":[{"href":"https:\/\/grupo.us.es\/oindustrial\/wp-json\/wp\/v2\/types\/page"}],"author":[{"embeddable":true,"href":"https:\/\/grupo.us.es\/oindustrial\/wp-json\/wp\/v2\/users\/1"}],"replies":[{"embeddable":true,"href":"https:\/\/grupo.us.es\/oindustrial\/wp-json\/wp\/v2\/comments?post=956"}],"version-history":[{"count":3,"href":"https:\/\/grupo.us.es\/oindustrial\/wp-json\/wp\/v2\/pages\/956\/revisions"}],"predecessor-version":[{"id":1276,"href":"https:\/\/grupo.us.es\/oindustrial\/wp-json\/wp\/v2\/pages\/956\/revisions\/1276"}],"up":[{"embeddable":true,"href":"https:\/\/grupo.us.es\/oindustrial\/wp-json\/wp\/v2\/pages\/942"}],"wp:attachment":[{"href":"https:\/\/grupo.us.es\/oindustrial\/wp-json\/wp\/v2\/media?parent=956"}],"wp:term":[{"taxonomy":"category","embeddable":true,"href":"https:\/\/grupo.us.es\/oindustrial\/wp-json\/wp\/v2\/categories?post=956"},{"taxonomy":"post_tag","embeddable":true,"href":"https:\/\/grupo.us.es\/oindustrial\/wp-json\/wp\/v2\/tags?post=956"},{"taxonomy":"folder","embeddable":true,"href":"https:\/\/grupo.us.es\/oindustrial\/wp-json\/wp\/v2\/folder?post=956"}],"curies":[{"name":"wp","href":"https:\/\/api.w.org\/{rel}","templated":true}]}}