{"id":89,"date":"2018-02-04T13:03:31","date_gmt":"2018-02-04T13:03:31","guid":{"rendered":"http:\/\/grupo.us.es\/oindustrial\/?page_id=89"},"modified":"2024-12-11T10:40:43","modified_gmt":"2024-12-11T10:40:43","slug":"members","status":"publish","type":"page","link":"https:\/\/grupo.us.es\/oindustrial\/en\/members\/","title":{"rendered":"People"},"content":{"rendered":"\n<ul class=\"wp-block-list\"><li><strong>Members<\/strong>:<ul><li><a href=\"http:\/\/grupo.us.es\/oindustrial\/en\/members\/salvatore-cannella\/\">Salvatore Cannella<\/a><\/li><li>Manuel A Dios Rubio<\/li><li><a href=\"http:\/\/grupo.us.es\/oindustrial\/en\/members\/roberto-dominguez\/\">Roberto Dom\u00ednguez<\/a><\/li><li><a href=\"http:\/\/grupo.us.es\/oindustrial\/en\/members\/victor-fernandez-viagas\/\">V\u00edctor Fern\u00e1ndez-Viagas<\/a><\/li><li><a href=\"http:\/\/grupo.us.es\/oindustrial\/en\/members\/jose-m-framinan\/\">Jose M Framinan<\/a><\/li><li><a href=\"http:\/\/grupo.us.es\/oindustrial\/members\/belen-navarro\/\">Bel\u00e9n Navarro<\/a><\/li><li><a href=\"http:\/\/grupo.us.es\/oindustrial\/en\/members\/paz-perez-gonzalez\/\">Paz P\u00e9rez-Gonz\u00e1lez<\/a><\/li><li><a href=\"http:\/\/grupo.us.es\/oindustrial\/en\/members\/carla-talens-fayos\/\">Carla Talens Fayos<\/a><\/li><\/ul><\/li><li><strong>Collaborators:<\/strong><ul><li> Kathrin Maassen (Universit\u00e4t Duisburg-Essen)<\/li><li> Ana Povoa (Universidade de Lisboa)<\/li><li> Miguel Zamora (Grupo CIAT) <\/li><\/ul><\/li><li><strong>In memoriam:<\/strong><ul><li>Rainer Leisten  (Universit\u00e4t Duisburg-Essen) <\/li><\/ul><\/li><\/ul>\n","protected":false},"excerpt":{"rendered":"<p>Members: Salvatore Cannella Manuel A Dios Rubio Roberto Dom\u00ednguez V\u00edctor Fern\u00e1ndez-Viagas Jose M Framinan Bel\u00e9n Navarro Paz P\u00e9rez-Gonz\u00e1lez Carla Talens Fayos Collaborators: Kathrin Maassen (Universit\u00e4t Duisburg-Essen) Ana Povoa (Universidade de Lisboa) Miguel Zamora (Grupo CIAT) In memoriam: Rainer Leisten (Universit\u00e4t &hellip;<\/p>\n<p class=\"read-more\"> <a class=\"more-link\" href=\"https:\/\/grupo.us.es\/oindustrial\/en\/members\/\"> <span class=\"screen-reader-text\">People<\/span> Leer m\u00e1s \u00bb<\/a><\/p>\n","protected":false},"author":2,"featured_media":0,"parent":0,"menu_order":0,"comment_status":"closed","ping_status":"open","template":"","meta":{"footnotes":""},"categories":[93],"tags":[],"folder":[],"class_list":["post-89","page","type-page","status-publish","hentry","category-personas"],"_links":{"self":[{"href":"https:\/\/grupo.us.es\/oindustrial\/wp-json\/wp\/v2\/pages\/89","targetHints":{"allow":["GET"]}}],"collection":[{"href":"https:\/\/grupo.us.es\/oindustrial\/wp-json\/wp\/v2\/pages"}],"about":[{"href":"https:\/\/grupo.us.es\/oindustrial\/wp-json\/wp\/v2\/types\/page"}],"author":[{"embeddable":true,"href":"https:\/\/grupo.us.es\/oindustrial\/wp-json\/wp\/v2\/users\/2"}],"replies":[{"embeddable":true,"href":"https:\/\/grupo.us.es\/oindustrial\/wp-json\/wp\/v2\/comments?post=89"}],"version-history":[{"count":20,"href":"https:\/\/grupo.us.es\/oindustrial\/wp-json\/wp\/v2\/pages\/89\/revisions"}],"predecessor-version":[{"id":1274,"href":"https:\/\/grupo.us.es\/oindustrial\/wp-json\/wp\/v2\/pages\/89\/revisions\/1274"}],"wp:attachment":[{"href":"https:\/\/grupo.us.es\/oindustrial\/wp-json\/wp\/v2\/media?parent=89"}],"wp:term":[{"taxonomy":"category","embeddable":true,"href":"https:\/\/grupo.us.es\/oindustrial\/wp-json\/wp\/v2\/categories?post=89"},{"taxonomy":"post_tag","embeddable":true,"href":"https:\/\/grupo.us.es\/oindustrial\/wp-json\/wp\/v2\/tags?post=89"},{"taxonomy":"folder","embeddable":true,"href":"https:\/\/grupo.us.es\/oindustrial\/wp-json\/wp\/v2\/folder?post=89"}],"curies":[{"name":"wp","href":"https:\/\/api.w.org\/{rel}","templated":true}]}}