{"id":85,"date":"2018-02-04T12:58:53","date_gmt":"2018-02-04T12:58:53","guid":{"rendered":"http:\/\/grupo.us.es\/oindustrial\/?page_id=85"},"modified":"2023-03-16T07:46:45","modified_gmt":"2023-03-16T07:46:45","slug":"software-y-librerias","status":"publish","type":"page","link":"https:\/\/grupo.us.es\/oindustrial\/investigacion\/software-y-librerias\/","title":{"rendered":"Software y librer\u00edas"},"content":{"rendered":"<p>A continuaci\u00f3n se lista el software y librer\u00edas desarrollados por el equipo de investigaci\u00f3n.<\/p>\n<ul>\n<li><a href=\"https:\/\/pypi.org\/project\/scheptk\/\">scheptk<\/a> &#8211; Librerias Python para el desarrollo de modelos de programaci\u00f3n de operaciones (<a href=\"https:\/\/github.com\/framinan\/scheptk\">enlace a GitHub<\/a>) (<a href=\"https:\/\/github.com\/framinan\/scheptk\/wiki\">enlace a Wiki<\/a>)<\/li>\n<li><a href=\"http:\/\/grupo.us.es\/oindustrial\/investigacion\/software-y-librerias\/libreria-schedule\/\">Librer\u00eda SCHEDULE<\/a> &#8211; Librer\u00edas C para el desarrollo de modelos de programaci\u00f3n de operaciones<\/li>\n<li><a href=\"http:\/\/grupo.us.es\/oindustrial\/investigacion\/software-y-librerias\/shopanalyzer\/\" target=\"_blank\" rel=\"noopener noreferrer\">ShopAnalyzer<\/a> &#8211; Software (basado en consola) para el an\u00e1lisis de sistemas productivos<\/li>\n<li>PROSAIC &#8211; Software para el an\u00e1lisis y dise\u00f1o de sistemas productivos.<\/li>\n<\/ul>\n\n\n<p><\/p>\n","protected":false},"excerpt":{"rendered":"<p>A continuaci\u00f3n se lista el software y librer\u00edas desarrollados por el equipo de investigaci\u00f3n. scheptk &#8211; Librerias Python para el desarrollo de modelos de programaci\u00f3n de operaciones (enlace a GitHub) (enlace a Wiki) Librer\u00eda SCHEDULE &#8211; Librer\u00edas C para el &hellip;<\/p>\n<p class=\"read-more\"> <a class=\"more-link\" href=\"https:\/\/grupo.us.es\/oindustrial\/investigacion\/software-y-librerias\/\"> <span class=\"screen-reader-text\">Software y librer\u00edas<\/span> Leer m\u00e1s \u00bb<\/a><\/p>\n","protected":false},"author":2,"featured_media":0,"parent":389,"menu_order":0,"comment_status":"closed","ping_status":"closed","template":"","meta":{"footnotes":""},"categories":[],"tags":[],"folder":[],"class_list":["post-85","page","type-page","status-publish","hentry"],"_links":{"self":[{"href":"https:\/\/grupo.us.es\/oindustrial\/wp-json\/wp\/v2\/pages\/85","targetHints":{"allow":["GET"]}}],"collection":[{"href":"https:\/\/grupo.us.es\/oindustrial\/wp-json\/wp\/v2\/pages"}],"about":[{"href":"https:\/\/grupo.us.es\/oindustrial\/wp-json\/wp\/v2\/types\/page"}],"author":[{"embeddable":true,"href":"https:\/\/grupo.us.es\/oindustrial\/wp-json\/wp\/v2\/users\/2"}],"replies":[{"embeddable":true,"href":"https:\/\/grupo.us.es\/oindustrial\/wp-json\/wp\/v2\/comments?post=85"}],"version-history":[{"count":8,"href":"https:\/\/grupo.us.es\/oindustrial\/wp-json\/wp\/v2\/pages\/85\/revisions"}],"predecessor-version":[{"id":1272,"href":"https:\/\/grupo.us.es\/oindustrial\/wp-json\/wp\/v2\/pages\/85\/revisions\/1272"}],"up":[{"embeddable":true,"href":"https:\/\/grupo.us.es\/oindustrial\/wp-json\/wp\/v2\/pages\/389"}],"wp:attachment":[{"href":"https:\/\/grupo.us.es\/oindustrial\/wp-json\/wp\/v2\/media?parent=85"}],"wp:term":[{"taxonomy":"category","embeddable":true,"href":"https:\/\/grupo.us.es\/oindustrial\/wp-json\/wp\/v2\/categories?post=85"},{"taxonomy":"post_tag","embeddable":true,"href":"https:\/\/grupo.us.es\/oindustrial\/wp-json\/wp\/v2\/tags?post=85"},{"taxonomy":"folder","embeddable":true,"href":"https:\/\/grupo.us.es\/oindustrial\/wp-json\/wp\/v2\/folder?post=85"}],"curies":[{"name":"wp","href":"https:\/\/api.w.org\/{rel}","templated":true}]}}