{"id":621,"date":"2018-11-19T11:34:52","date_gmt":"2018-11-19T11:34:52","guid":{"rendered":"http:\/\/grupo.us.es\/oindustrial\/?page_id=621"},"modified":"2021-12-03T10:44:30","modified_gmt":"2021-12-03T10:44:30","slug":"libreria-schedule","status":"publish","type":"page","link":"https:\/\/grupo.us.es\/oindustrial\/investigacion\/software-y-librerias\/libreria-schedule\/","title":{"rendered":"Librer\u00eda SCHEDULE"},"content":{"rendered":"\n<p>SCHEDULE 4.8<\/p>\n\n\n\n<ul class=\"wp-block-list\"><li>Archivos originales:<ul><li><a href=\"http:\/\/grupo.us.es\/oindustrial\/wp-content\/uploads\/2021\/12\/libschedule-4.8.zip\">Librer\u00eda y archivo de cabecera de Windows<\/a><\/li><li><a rel=\"noreferrer noopener\" href=\"http:\/\/grupo.us.es\/oindustrial\/wp-content\/uploads\/2021\/09\/libschedule-ubuntu.zip\" target=\"_blank\">Librer\u00eda y archivo de cabecera de Ubuntu<\/a><\/li><li><a rel=\"noreferrer noopener\" href=\"http:\/\/grupo.us.es\/oindustrial\/wp-content\/uploads\/2021\/10\/wschedule-11.10.2021.zip\" target=\"_blank\">WSchedule<\/a><\/li><\/ul><\/li><li>Pr\u00e1cticas de Programaci\u00f3n y Control de la Producci\u00f3n \/ Programaci\u00f3n de Operaciones (curso 2021\/2022)<ul><li><a rel=\"noreferrer noopener\" href=\"http:\/\/grupo.us.es\/oindustrial\/wp-content\/uploads\/2021\/10\/practica-4.8-ubuntu.zip\" target=\"_blank\">Archivo zip para CodeBlocks sobre Linux-Ubuntu<\/a><\/li><li><a href=\"http:\/\/grupo.us.es\/oindustrial\/wp-content\/uploads\/2021\/12\/practica-4.8-windows.zip\" target=\"_blank\" rel=\"noreferrer noopener\">Archivo zip para CodeBlocks sobre Windows<\/a><\/li><li><a rel=\"noreferrer noopener\" href=\"http:\/\/grupo.us.es\/oindustrial\/wp-content\/uploads\/2021\/11\/practica-4.8-windows32.zip\" target=\"_blank\">Archivo zip para CodeBlocks sobre Windows 32 bits<\/a> (solo usuarios de versiones antiguas de la librer\u00eda)<\/li><li><a href=\"http:\/\/grupo.us.es\/oindustrial\/wp-content\/uploads\/2021\/09\/resumen_entornos_version_4.8.pdf\">Resumen de entornos y tipos de datos<\/a><\/li><\/ul><\/li><\/ul>\n\n\n\n<p>SCHEDULE 4.6<\/p>\n\n\n\n<ul class=\"wp-block-list\"><li>Archivos originales:\n<ul>\n<li><a href=\"http:\/\/grupo.us.es\/oindustrial\/wp-content\/uploads\/2019\/12\/libreria_4.6.zip\">Librer\u00eda y archivo de cabecera de Windows<\/a><\/li>\n<li><a href=\"http:\/\/grupo.us.es\/oindustrial\/wp-content\/uploads\/2019\/12\/WSchedule.zip\">WSchedule<\/a><\/li>\n<\/ul>\n<\/li><li>Pr\u00e1cticas de Programaci\u00f3n y Control de la Producci\u00f3n \/ Programaci\u00f3n de Operaciones\n<ul>\n<li>Archivo <a href=\"http:\/\/grupo.us.es\/oindustrial\/wp-content\/uploads\/2018\/11\/practica_linux.zip\">zip<\/a>&nbsp;para CodeBlocks sobre Linux-Ubuntu<\/li>\n<li>Archivo <a href=\"http:\/\/grupo.us.es\/oindustrial\/wp-content\/uploads\/2018\/11\/practica_windows.zip\">zip<\/a> para CodeBlocks sobre Windows<\/li>\n<li><a href=\"http:\/\/grupo.us.es\/oindustrial\/wp-content\/uploads\/2019\/02\/resumen_entornos-v0.2.pdf\">Resumen de entornos y tipos de datos<\/a><\/li>\n<\/ul>\n<\/li><\/ul>\n\n\n\n<p>SCHEDULE 4.5<\/p>\n\n\n\n<ul class=\"wp-block-list\"><li>Archivos originales:\n<ul>\n<li>Archivo de cabecera&nbsp;<a href=\"http:\/\/grupo.us.es\/oindustrial\/wp-content\/uploads\/2018\/11\/schedule.h\">schedule.h<\/a><\/li>\n<\/ul>\n<\/li><li>Pr\u00e1cticas de Programaci\u00f3n y Control de la Producci\u00f3n \/ Programaci\u00f3n de Operaciones\n<ul>\n<li>Archivo <a href=\"http:\/\/grupo.us.es\/oindustrial\/wp-content\/uploads\/2018\/11\/practica_linux.zip\">zip<\/a>&nbsp;para CodeBlocks sobre Linux-Ubuntu<\/li>\n<li>Archivo <a href=\"http:\/\/grupo.us.es\/oindustrial\/wp-content\/uploads\/2018\/11\/practica_windows.zip\">zip<\/a> para CodeBlocks sobre Windows<\/li>\n<li><a href=\"http:\/\/grupo.us.es\/oindustrial\/wp-content\/uploads\/2019\/02\/resumen_entornos-v0.2.pdf\">Resumen de entornos y tipos de datos<\/a><\/li>\n<\/ul>\n<\/li><\/ul>\n\n\n\n<p><a href=\"http:\/\/grupo.us.es\/oindustrial\/investigacion\/software-y-librerias\/\">MAS SOFTWARE Y LIBRER\u00cdAS<\/a><\/p>\n","protected":false},"excerpt":{"rendered":"<p>SCHEDULE 4.8 Archivos originales: Librer\u00eda y archivo de cabecera de Windows Librer\u00eda y archivo de cabecera de Ubuntu WSchedule Pr\u00e1cticas de Programaci\u00f3n y Control de la Producci\u00f3n \/ Programaci\u00f3n de Operaciones (curso 2021\/2022) Archivo zip para CodeBlocks sobre Linux-Ubuntu Archivo &hellip;<\/p>\n<p class=\"read-more\"> <a class=\"more-link\" href=\"https:\/\/grupo.us.es\/oindustrial\/investigacion\/software-y-librerias\/libreria-schedule\/\"> <span class=\"screen-reader-text\">Librer\u00eda SCHEDULE<\/span> Leer m\u00e1s \u00bb<\/a><\/p>\n","protected":false},"author":2,"featured_media":0,"parent":85,"menu_order":0,"comment_status":"closed","ping_status":"closed","template":"","meta":{"footnotes":""},"categories":[],"tags":[],"folder":[],"class_list":["post-621","page","type-page","status-publish","hentry"],"_links":{"self":[{"href":"https:\/\/grupo.us.es\/oindustrial\/wp-json\/wp\/v2\/pages\/621","targetHints":{"allow":["GET"]}}],"collection":[{"href":"https:\/\/grupo.us.es\/oindustrial\/wp-json\/wp\/v2\/pages"}],"about":[{"href":"https:\/\/grupo.us.es\/oindustrial\/wp-json\/wp\/v2\/types\/page"}],"author":[{"embeddable":true,"href":"https:\/\/grupo.us.es\/oindustrial\/wp-json\/wp\/v2\/users\/2"}],"replies":[{"embeddable":true,"href":"https:\/\/grupo.us.es\/oindustrial\/wp-json\/wp\/v2\/comments?post=621"}],"version-history":[{"count":25,"href":"https:\/\/grupo.us.es\/oindustrial\/wp-json\/wp\/v2\/pages\/621\/revisions"}],"predecessor-version":[{"id":1257,"href":"https:\/\/grupo.us.es\/oindustrial\/wp-json\/wp\/v2\/pages\/621\/revisions\/1257"}],"up":[{"embeddable":true,"href":"https:\/\/grupo.us.es\/oindustrial\/wp-json\/wp\/v2\/pages\/85"}],"wp:attachment":[{"href":"https:\/\/grupo.us.es\/oindustrial\/wp-json\/wp\/v2\/media?parent=621"}],"wp:term":[{"taxonomy":"category","embeddable":true,"href":"https:\/\/grupo.us.es\/oindustrial\/wp-json\/wp\/v2\/categories?post=621"},{"taxonomy":"post_tag","embeddable":true,"href":"https:\/\/grupo.us.es\/oindustrial\/wp-json\/wp\/v2\/tags?post=621"},{"taxonomy":"folder","embeddable":true,"href":"https:\/\/grupo.us.es\/oindustrial\/wp-json\/wp\/v2\/folder?post=621"}],"curies":[{"name":"wp","href":"https:\/\/api.w.org\/{rel}","templated":true}]}}