{"id":57,"date":"2018-01-29T15:24:38","date_gmt":"2018-01-29T15:24:38","guid":{"rendered":"http:\/\/grupo.us.es\/oindustrial\/?page_id=57"},"modified":"2018-09-30T06:56:52","modified_gmt":"2018-09-30T06:56:52","slug":"seminarios","status":"publish","type":"page","link":"https:\/\/grupo.us.es\/oindustrial\/comunicacion\/seminarios\/","title":{"rendered":"Seminario Permanente en\u00a0Dise\u00f1o, Gesti\u00f3n y Optimizaci\u00f3n de Procesos Industriales y de Servicios"},"content":{"rendered":"<p>&nbsp;<\/p>\n<p>La misi\u00f3n del Seminario Permanente es la de ofrecer distintas perspectivas sobre el dise\u00f1o, la gesti\u00f3n y la optimizaci\u00f3n de procesos industriales y de servicios por parte de investigadores de reconocido prestigio y de expertos de la industria. A continuaci\u00f3n se listan los \u00faltimos seminarios celebrados.<\/p>\n<p>&nbsp;<\/p>\n\n<table id=\"tablepress-1\" class=\"tablepress tablepress-id-1\">\n<thead>\n<tr class=\"row-1\">\n\t<th class=\"column-1\">Date<\/th><th class=\"column-2\">Time<\/th><th class=\"column-3\">Place<\/th><th class=\"column-4\">Title<\/th><th class=\"column-5\">Speaker<\/th>\n<\/tr>\n<\/thead>\n<tbody class=\"row-striping row-hover\">\n<tr class=\"row-2\">\n\t<td class=\"column-1\">01.06.2020<\/td><td class=\"column-2\">17:15<\/td><td class=\"column-3\">On-line<\/td><td class=\"column-4\"><a href=\"http:\/\/grupo.us.es\/oindustrial\/wp-content\/uploads\/2020\/05\/2020_06_01_Francisco_Guerrero.pdf\" target=\"_blank\" rel=\"noopener noreferrer\">Customer Service en Supply Chain<\/a><\/td><td class=\"column-5\">Francisco Guerrero, HEINEKEN Spain<\/td>\n<\/tr>\n<tr class=\"row-3\">\n\t<td class=\"column-1\">02.03.2020<\/td><td class=\"column-2\">16:00<\/td><td class=\"column-3\">Room 217 - School of Engineering<\/td><td class=\"column-4\"><a href=\"http:\/\/grupo.us.es\/oindustrial\/wp-content\/uploads\/2020\/02\/2020_03_02_Roberto_Corsini.pdf\">How to reduce the patients\u2019 waiting time in an Oncology Department: A real case study<\/a><\/td><td class=\"column-5\"><a href=\"https:\/\/www.dfa.unict.it\/dottorandi\/roberto.corsini\">Roberto Corsini, University of Catania, Italy<\/a><\/td>\n<\/tr>\n<tr class=\"row-4\">\n\t<td class=\"column-1\">05.06.2019<\/td><td class=\"column-2\">17:15<\/td><td class=\"column-3\">Room 217 - School of Engineering<\/td><td class=\"column-4\"><a href=\"http:\/\/grupo.us.es\/oindustrial\/wp-content\/uploads\/2019\/05\/2019_06_05-Borja-Ponte.pdf\">The bullwhip effect and the variability trade-off in circular economy supply chains<\/a><\/td><td class=\"column-5\"><a href=\"http:\/\/www.open.ac.uk\/research\/people\/bpb69\">Borja Ponte, The Open University, United KIngdom<\/a><\/td>\n<\/tr>\n<tr class=\"row-5\">\n\t<td class=\"column-1\">21.01.2019<\/td><td class=\"column-2\">17:00<\/td><td class=\"column-3\">Room 108 - School of Engineering<\/td><td class=\"column-4\"><a href=\"http:\/\/grupo.us.es\/oindustrial\/wp-content\/uploads\/2019\/01\/2019_02_21-Antonio-Costa.pdf\">Scheduling &amp; design of manufacturing systems\/Industrial engineering techniques in healthcare<\/a><\/td><td class=\"column-5\"><a href=\"http:\/\/www.dicar.unict.it\/docenti\/costa.antonio\">Antonio Costa, DICAR, University of Catania, Italy<\/a><\/td>\n<\/tr>\n<tr class=\"row-6\">\n\t<td class=\"column-1\">06.07.2018<\/td><td class=\"column-2\">10:00<\/td><td class=\"column-3\">Room 108 - School of Engineering<\/td><td class=\"column-4\"><a href=\"http:\/\/grupo.us.es\/oindustrial\/wp-content\/uploads\/2018\/06\/2018_07_06-Kan-Wu.pdf\">Industry 4.0 and its application in the semiconductor industry<\/a><\/td><td class=\"column-5\"><a href=\"https:\/\/sites.google.com\/site\/kan626\/\">Kan Wu, Division of System and Engineering Management, School of Mechanical and Aerospace Engineering, Nanyang Technological University, Singapore<\/a><\/td>\n<\/tr>\n<tr class=\"row-7\">\n\t<td class=\"column-1\">04.06.2018<\/td><td class=\"column-2\">17:00<\/td><td class=\"column-3\">Room 108 - School of Engineering<\/td><td class=\"column-4\"><a href=\"http:\/\/grupo.us.es\/oindustrial\/wp-content\/uploads\/2018\/05\/2018_06_04-Ana-Povoa.pdf\">Design and Planning Supply Chains Towards Sustainability<\/a><\/td><td class=\"column-5\"><a href=\"http:\/\/www.researcherid.com\/rid\/A-8578-2012\">Ana P\u00f3voa, Department of Engineering and Management, Instituto Superior T\u00e9cnico, University of Lisbon<\/a><\/td>\n<\/tr>\n<tr class=\"row-8\">\n\t<td class=\"column-1\">05.04.2018<\/td><td class=\"column-2\">10:00<\/td><td class=\"column-3\">Room 109 - School of Engineering<\/td><td class=\"column-4\"><a href=\"http:\/\/grupo.us.es\/oindustrial\/wp-content\/uploads\/2018\/03\/2018_04_05-Lars-Moench.pdf\">Optimization problems in semiconductor supply chains<\/a><\/td><td class=\"column-5\"><a href=\"http:\/\/ess.fernuni-hagen.de\/index.php?id=20&amp;L=1\">Lars Moench, Chair of Enterprise-wide Software Systems, Department of Mathematics and Computer Science, University of Hagen<\/a><\/td>\n<\/tr>\n<tr class=\"row-9\">\n\t<td class=\"column-1\">26.02.2018<\/td><td class=\"column-2\">12:30<\/td><td class=\"column-3\">Room 108 - School of Engineering<\/td><td class=\"column-4\"><a href=\"http:\/\/grupo.us.es\/oindustrial\/wp-content\/uploads\/2018\/02\/2018_02_26-Bruno-Prata.pdf\">Some contributions to the production scheduling problems<\/a><\/td><td class=\"column-5\"><a href=\"http:\/\/www.lri.ufc.br\/bruno-prata\/\">Bruno de Athayde Prata, Department of Industrial Engineering, Federal University of Cear\u00e1, Brazil<\/a><\/td>\n<\/tr>\n<tr class=\"row-10\">\n\t<td class=\"column-1\">09.02.2018<\/td><td class=\"column-2\">11:00<\/td><td class=\"column-3\">Room 109 - School of Engineering<\/td><td class=\"column-4\"><a href=\"http:\/\/grupo.us.es\/oindustrial\/wp-content\/uploads\/2018\/01\/2018_02_09-Kathrin-Maassden.pdf\" target=\"_blank\" rel=\"noopener noreferrer\">The influence of diverse processing times in permutation flow shop scheduling<\/a><\/td><td class=\"column-5\"><a href=\"https:\/\/www.uni-due.de\/opm\/\" rel=\"noopener noreferrer\" target=\"_blank\">Kathrin Maassden, ABWL und Operations Management,<\/a> University of Duisburg-Essen<\/td>\n<\/tr>\n<\/tbody>\n<\/table>\n<!-- #tablepress-1 from cache -->\n<p>&nbsp;<\/p>\n<p>Si desea suscribirse a nuestros seminarios y conferencias, pinche en el siguiente enlace:\u00a0<a href=\"http:\/\/grupo.us.es\/oindustrial\/newsletter\/\">http:\/\/grupo.us.es\/oindustrial\/newsletter\/<\/a><\/p>\n<p>&nbsp;<\/p>\n","protected":false},"excerpt":{"rendered":"<p>&nbsp; La misi\u00f3n del Seminario Permanente es la de ofrecer distintas perspectivas sobre el dise\u00f1o, la gesti\u00f3n y la optimizaci\u00f3n de procesos industriales y de servicios por parte de investigadores de reconocido prestigio y de expertos de la industria. A &hellip;<\/p>\n<p class=\"read-more\"> <a class=\"more-link\" href=\"https:\/\/grupo.us.es\/oindustrial\/comunicacion\/seminarios\/\"> <span class=\"screen-reader-text\">Seminario Permanente en\u00a0Dise\u00f1o, Gesti\u00f3n y Optimizaci\u00f3n de Procesos Industriales y de Servicios<\/span> Leer m\u00e1s \u00bb<\/a><\/p>\n","protected":false},"author":2,"featured_media":0,"parent":391,"menu_order":0,"comment_status":"closed","ping_status":"closed","template":"","meta":{"footnotes":""},"categories":[],"tags":[],"folder":[],"class_list":["post-57","page","type-page","status-publish","hentry"],"_links":{"self":[{"href":"https:\/\/grupo.us.es\/oindustrial\/wp-json\/wp\/v2\/pages\/57","targetHints":{"allow":["GET"]}}],"collection":[{"href":"https:\/\/grupo.us.es\/oindustrial\/wp-json\/wp\/v2\/pages"}],"about":[{"href":"https:\/\/grupo.us.es\/oindustrial\/wp-json\/wp\/v2\/types\/page"}],"author":[{"embeddable":true,"href":"https:\/\/grupo.us.es\/oindustrial\/wp-json\/wp\/v2\/users\/2"}],"replies":[{"embeddable":true,"href":"https:\/\/grupo.us.es\/oindustrial\/wp-json\/wp\/v2\/comments?post=57"}],"version-history":[{"count":9,"href":"https:\/\/grupo.us.es\/oindustrial\/wp-json\/wp\/v2\/pages\/57\/revisions"}],"predecessor-version":[{"id":504,"href":"https:\/\/grupo.us.es\/oindustrial\/wp-json\/wp\/v2\/pages\/57\/revisions\/504"}],"up":[{"embeddable":true,"href":"https:\/\/grupo.us.es\/oindustrial\/wp-json\/wp\/v2\/pages\/391"}],"wp:attachment":[{"href":"https:\/\/grupo.us.es\/oindustrial\/wp-json\/wp\/v2\/media?parent=57"}],"wp:term":[{"taxonomy":"category","embeddable":true,"href":"https:\/\/grupo.us.es\/oindustrial\/wp-json\/wp\/v2\/categories?post=57"},{"taxonomy":"post_tag","embeddable":true,"href":"https:\/\/grupo.us.es\/oindustrial\/wp-json\/wp\/v2\/tags?post=57"},{"taxonomy":"folder","embeddable":true,"href":"https:\/\/grupo.us.es\/oindustrial\/wp-json\/wp\/v2\/folder?post=57"}],"curies":[{"name":"wp","href":"https:\/\/api.w.org\/{rel}","templated":true}]}}