{"id":412,"date":"2018-09-28T12:02:27","date_gmt":"2018-09-28T12:02:27","guid":{"rendered":"http:\/\/grupo.us.es\/oindustrial\/?page_id=412"},"modified":"2018-10-10T18:18:59","modified_gmt":"2018-10-10T18:18:59","slug":"contratos-con-empresas","status":"publish","type":"page","link":"https:\/\/grupo.us.es\/oindustrial\/empresa\/contratos-con-empresas\/","title":{"rendered":"Socios industriales"},"content":{"rendered":"<p>Los socios industriales juegan un papel muy relevante en las actividades del grupo de investigaci\u00f3n. Por una parte, los socios participan en los proyectos de investigaci\u00f3n del grupo proporcionando casos industriales y bancos de prueba en la investigaci\u00f3n. Por otra parte, los resultados de investigaci\u00f3n generados por el grupo son transferidos a las empresas interesadas mediante la realizaci\u00f3n de contratos de I+D.<\/p>\n<p>El grupo de investigaci\u00f3n viene colaborando desde su creaci\u00f3n con numerosos socios industriales:<\/p>\n<p>&nbsp;<\/p>\n<p>&nbsp;<\/p>\n<p><img fetchpriority=\"high\" decoding=\"async\" class=\"size-full wp-image-615 aligncenter\" src=\"http:\/\/grupo.us.es\/oindustrial\/wp-content\/uploads\/2018\/10\/socios_industriales.gif\" alt=\"\" width=\"1057\" height=\"789\" \/><\/p>\n","protected":false},"excerpt":{"rendered":"<p>Los socios industriales juegan un papel muy relevante en las actividades del grupo de investigaci\u00f3n. Por una parte, los socios participan en los proyectos de investigaci\u00f3n del grupo proporcionando casos industriales y bancos de prueba en la investigaci\u00f3n. Por otra &hellip;<\/p>\n<p class=\"read-more\"> <a class=\"more-link\" href=\"https:\/\/grupo.us.es\/oindustrial\/empresa\/contratos-con-empresas\/\"> <span class=\"screen-reader-text\">Socios industriales<\/span> Leer m\u00e1s \u00bb<\/a><\/p>\n","protected":false},"author":1,"featured_media":0,"parent":385,"menu_order":0,"comment_status":"closed","ping_status":"closed","template":"","meta":{"footnotes":""},"categories":[],"tags":[],"folder":[],"class_list":["post-412","page","type-page","status-publish","hentry"],"_links":{"self":[{"href":"https:\/\/grupo.us.es\/oindustrial\/wp-json\/wp\/v2\/pages\/412","targetHints":{"allow":["GET"]}}],"collection":[{"href":"https:\/\/grupo.us.es\/oindustrial\/wp-json\/wp\/v2\/pages"}],"about":[{"href":"https:\/\/grupo.us.es\/oindustrial\/wp-json\/wp\/v2\/types\/page"}],"author":[{"embeddable":true,"href":"https:\/\/grupo.us.es\/oindustrial\/wp-json\/wp\/v2\/users\/1"}],"replies":[{"embeddable":true,"href":"https:\/\/grupo.us.es\/oindustrial\/wp-json\/wp\/v2\/comments?post=412"}],"version-history":[{"count":3,"href":"https:\/\/grupo.us.es\/oindustrial\/wp-json\/wp\/v2\/pages\/412\/revisions"}],"predecessor-version":[{"id":616,"href":"https:\/\/grupo.us.es\/oindustrial\/wp-json\/wp\/v2\/pages\/412\/revisions\/616"}],"up":[{"embeddable":true,"href":"https:\/\/grupo.us.es\/oindustrial\/wp-json\/wp\/v2\/pages\/385"}],"wp:attachment":[{"href":"https:\/\/grupo.us.es\/oindustrial\/wp-json\/wp\/v2\/media?parent=412"}],"wp:term":[{"taxonomy":"category","embeddable":true,"href":"https:\/\/grupo.us.es\/oindustrial\/wp-json\/wp\/v2\/categories?post=412"},{"taxonomy":"post_tag","embeddable":true,"href":"https:\/\/grupo.us.es\/oindustrial\/wp-json\/wp\/v2\/tags?post=412"},{"taxonomy":"folder","embeddable":true,"href":"https:\/\/grupo.us.es\/oindustrial\/wp-json\/wp\/v2\/folder?post=412"}],"curies":[{"name":"wp","href":"https:\/\/api.w.org\/{rel}","templated":true}]}}