{"id":385,"date":"2018-09-28T11:43:52","date_gmt":"2018-09-28T11:43:52","guid":{"rendered":"http:\/\/grupo.us.es\/oindustrial\/?page_id=385"},"modified":"2019-01-13T18:06:38","modified_gmt":"2019-01-13T18:06:38","slug":"empresa","status":"publish","type":"page","link":"https:\/\/grupo.us.es\/oindustrial\/empresa\/","title":{"rendered":"Empresas"},"content":{"rendered":"\n<p>El grupo de investigaci\u00f3n colabora con <a href=\"http:\/\/grupo.us.es\/oindustrial\/empresa\/contratos-con-empresas\/\">empresas y organismos p\u00fablicos<\/a>, utilizando distintos instrumentos en funci\u00f3n de las naturaleza espec\u00edfica de la colaboraci\u00f3n:<\/p>\n\n\n\n<h2 class=\"wp-block-heading\">Generaci\u00f3n de conocimiento<\/h2>\n\n\n\n<p>Esta forma de colaboraci\u00f3n es especialmente indicada cuando se pretenden generar resultados novedosos en el \u00e1mbito de la optimizaci\u00f3n aplicada, y habitualmente toma la forma de proyectos de investigaci\u00f3n conjuntos financiados en alguna convocatoria competitiva a nivel nacional o internacional.<\/p>\n\n\n\n<h2 class=\"wp-block-heading\">Transferencia tecnol\u00f3gica<\/h2>\n\n\n\n<p>Esta forma de colaboraci\u00f3n es especialmente indicada para la aplicaci\u00f3n de t\u00e9cnicas avanzadas de optimizaci\u00f3n industrial para analizar y mejora alg\u00fan aspecto concreto de la empresa. Habitualmente toma la forma de contratos de I+D\/transferencia de tecnolog\u00eda.<\/p>\n\n\n\n<h2 class=\"wp-block-heading\">Formaci\u00f3n<\/h2>\n\n\n\n<p>El grupo de investigaci\u00f3n posee gran experiencia en la formaci\u00f3n espec\u00edfica en an\u00e1lisis y optimizaci\u00f3n de procesos, por lo que imparte cursos de formaci\u00f3n en estas t\u00e9cnicas bajo demanda. <\/p>\n","protected":false},"excerpt":{"rendered":"<p>El grupo de investigaci\u00f3n colabora con empresas y organismos p\u00fablicos, utilizando distintos instrumentos en funci\u00f3n de las naturaleza espec\u00edfica de la colaboraci\u00f3n: Generaci\u00f3n de conocimiento Esta forma de colaboraci\u00f3n es especialmente indicada cuando se pretenden generar resultados novedosos en el &hellip;<\/p>\n<p class=\"read-more\"> <a class=\"more-link\" href=\"https:\/\/grupo.us.es\/oindustrial\/empresa\/\"> <span class=\"screen-reader-text\">Empresas<\/span> Leer m\u00e1s \u00bb<\/a><\/p>\n","protected":false},"author":1,"featured_media":0,"parent":0,"menu_order":0,"comment_status":"closed","ping_status":"closed","template":"","meta":{"footnotes":""},"categories":[],"tags":[],"folder":[],"class_list":["post-385","page","type-page","status-publish","hentry"],"_links":{"self":[{"href":"https:\/\/grupo.us.es\/oindustrial\/wp-json\/wp\/v2\/pages\/385","targetHints":{"allow":["GET"]}}],"collection":[{"href":"https:\/\/grupo.us.es\/oindustrial\/wp-json\/wp\/v2\/pages"}],"about":[{"href":"https:\/\/grupo.us.es\/oindustrial\/wp-json\/wp\/v2\/types\/page"}],"author":[{"embeddable":true,"href":"https:\/\/grupo.us.es\/oindustrial\/wp-json\/wp\/v2\/users\/1"}],"replies":[{"embeddable":true,"href":"https:\/\/grupo.us.es\/oindustrial\/wp-json\/wp\/v2\/comments?post=385"}],"version-history":[{"count":3,"href":"https:\/\/grupo.us.es\/oindustrial\/wp-json\/wp\/v2\/pages\/385\/revisions"}],"predecessor-version":[{"id":703,"href":"https:\/\/grupo.us.es\/oindustrial\/wp-json\/wp\/v2\/pages\/385\/revisions\/703"}],"wp:attachment":[{"href":"https:\/\/grupo.us.es\/oindustrial\/wp-json\/wp\/v2\/media?parent=385"}],"wp:term":[{"taxonomy":"category","embeddable":true,"href":"https:\/\/grupo.us.es\/oindustrial\/wp-json\/wp\/v2\/categories?post=385"},{"taxonomy":"post_tag","embeddable":true,"href":"https:\/\/grupo.us.es\/oindustrial\/wp-json\/wp\/v2\/tags?post=385"},{"taxonomy":"folder","embeddable":true,"href":"https:\/\/grupo.us.es\/oindustrial\/wp-json\/wp\/v2\/folder?post=385"}],"curies":[{"name":"wp","href":"https:\/\/api.w.org\/{rel}","templated":true}]}}