{"id":2,"date":"2018-01-21T12:07:04","date_gmt":"2018-01-21T12:07:04","guid":{"rendered":"http:\/\/grupo.us.es\/oindustrial\/?page_id=2"},"modified":"2024-12-11T10:41:06","modified_gmt":"2024-12-11T10:41:06","slug":"personal","status":"publish","type":"page","link":"https:\/\/grupo.us.es\/oindustrial\/personal\/","title":{"rendered":"Personas"},"content":{"rendered":"\n<figure class=\"wp-block-image size-large\"><img fetchpriority=\"high\" decoding=\"async\" width=\"1024\" height=\"683\" src=\"https:\/\/grupo.us.es\/oindustrial\/wp-content\/uploads\/2021\/08\/grupo_oi_personas-1024x683.jpg\" alt=\"\" class=\"wp-image-1144\" srcset=\"https:\/\/grupo.us.es\/oindustrial\/wp-content\/uploads\/2021\/08\/grupo_oi_personas-1024x683.jpg 1024w, https:\/\/grupo.us.es\/oindustrial\/wp-content\/uploads\/2021\/08\/grupo_oi_personas-300x200.jpg 300w, https:\/\/grupo.us.es\/oindustrial\/wp-content\/uploads\/2021\/08\/grupo_oi_personas-768x512.jpg 768w, https:\/\/grupo.us.es\/oindustrial\/wp-content\/uploads\/2021\/08\/grupo_oi_personas-1536x1024.jpg 1536w, https:\/\/grupo.us.es\/oindustrial\/wp-content\/uploads\/2021\/08\/grupo_oi_personas-2048x1366.jpg 2048w, https:\/\/grupo.us.es\/oindustrial\/wp-content\/uploads\/2021\/08\/grupo_oi_personas-100x67.jpg 100w, https:\/\/grupo.us.es\/oindustrial\/wp-content\/uploads\/2021\/08\/grupo_oi_personas-150x100.jpg 150w, https:\/\/grupo.us.es\/oindustrial\/wp-content\/uploads\/2021\/08\/grupo_oi_personas-200x133.jpg 200w, https:\/\/grupo.us.es\/oindustrial\/wp-content\/uploads\/2021\/08\/grupo_oi_personas-450x300.jpg 450w, https:\/\/grupo.us.es\/oindustrial\/wp-content\/uploads\/2021\/08\/grupo_oi_personas-600x400.jpg 600w, https:\/\/grupo.us.es\/oindustrial\/wp-content\/uploads\/2021\/08\/grupo_oi_personas-900x600.jpg 900w\" sizes=\"(max-width: 1024px) 100vw, 1024px\" \/><\/figure>\n\n\n\n<p><a href=\"https:\/\/grupo.us.es\/oindustrial\/personal\/\">El grupo est\u00e1 formado por <strong>miembros de la Universidad de Sevilla <\/strong>(que adem\u00e1s realizan&nbsp;<\/a><a href=\"https:\/\/grupo.us.es\/oindustrial\/docencia\/\">actividades docentes<\/a>), as\u00ed como por integrantes de otras <strong>instituciones de investigaci\u00f3n<\/strong> y de <strong>empresas industriales y de servicios.<\/strong><\/p>\n\n\n\n<h2 class=\"wp-block-heading\">Integrantes<\/h2>\n\n\n\n<ul class=\"wp-block-list\"><li><a href=\"http:\/\/grupo.us.es\/oindustrial\/en\/members\/salvatore-cannella\/\">Salvatore Cannella<\/a><\/li><li>Manuel A Dios Rubio<\/li><li><a href=\"http:\/\/grupo.us.es\/oindustrial\/en\/members\/roberto-dominguez\/\">Roberto Dom\u00ednguez<\/a><\/li><li><a href=\"http:\/\/grupo.us.es\/oindustrial\/en\/members\/victor-fernandez-viagas\/\">V\u00edctor Fern\u00e1ndez-Viagas<\/a><\/li><li><a href=\"http:\/\/grupo.us.es\/oindustrial\/en\/members\/jose-m-framinan\/\">Jose M Frami\u00f1\u00e1n<\/a><\/li><li><a href=\"http:\/\/grupo.us.es\/oindustrial\/members\/belen-navarro\/\">Bel\u00e9n Navarro<\/a><\/li><li><a href=\"http:\/\/grupo.us.es\/oindustrial\/en\/members\/paz-perez-gonzalez\/\">Paz P\u00e9rez-Gonz\u00e1lez<\/a><\/li><li><a href=\"http:\/\/grupo.us.es\/oindustrial\/en\/members\/carla-talens-fayos\/\">Carla Talens Fayos<\/a><\/li><\/ul>\n\n\n\n<h2 class=\"wp-block-heading\">Colaboradores<\/h2>\n\n\n\n<ul class=\"wp-block-list\" id=\"block-113b0203-f31b-4820-8b49-6db191b51404\"><li>Kathrin Maassen (Universit\u00e4t Duisburg-Essen)<\/li><li>Ana Povoa (Universidade de Lisboa)<\/li><li>Miguel Zamora (Grupo CIAT)<\/li><\/ul>\n\n\n\n<h2 class=\"wp-block-heading\">In memoriam<\/h2>\n\n\n\n<ul class=\"wp-block-list\" id=\"block-113b0203-f31b-4820-8b49-6db191b51404\"><li>Rainer Leisten (Universit\u00e4t Duisburg-Essen)<\/li><\/ul>\n","protected":false},"excerpt":{"rendered":"<p>El grupo est\u00e1 formado por miembros de la Universidad de Sevilla (que adem\u00e1s realizan&nbsp;actividades docentes), as\u00ed como por integrantes de otras instituciones de investigaci\u00f3n y de empresas industriales y de servicios. Integrantes Salvatore Cannella Manuel A Dios Rubio Roberto Dom\u00ednguez &hellip;<\/p>\n<p class=\"read-more\"> <a class=\"more-link\" href=\"https:\/\/grupo.us.es\/oindustrial\/personal\/\"> <span class=\"screen-reader-text\">Personas<\/span> Leer m\u00e1s \u00bb<\/a><\/p>\n","protected":false},"author":1,"featured_media":0,"parent":0,"menu_order":0,"comment_status":"closed","ping_status":"open","template":"","meta":{"footnotes":""},"categories":[93],"tags":[],"folder":[],"class_list":["post-2","page","type-page","status-publish","hentry","category-personas"],"_links":{"self":[{"href":"https:\/\/grupo.us.es\/oindustrial\/wp-json\/wp\/v2\/pages\/2","targetHints":{"allow":["GET"]}}],"collection":[{"href":"https:\/\/grupo.us.es\/oindustrial\/wp-json\/wp\/v2\/pages"}],"about":[{"href":"https:\/\/grupo.us.es\/oindustrial\/wp-json\/wp\/v2\/types\/page"}],"author":[{"embeddable":true,"href":"https:\/\/grupo.us.es\/oindustrial\/wp-json\/wp\/v2\/users\/1"}],"replies":[{"embeddable":true,"href":"https:\/\/grupo.us.es\/oindustrial\/wp-json\/wp\/v2\/comments?post=2"}],"version-history":[{"count":20,"href":"https:\/\/grupo.us.es\/oindustrial\/wp-json\/wp\/v2\/pages\/2\/revisions"}],"predecessor-version":[{"id":1275,"href":"https:\/\/grupo.us.es\/oindustrial\/wp-json\/wp\/v2\/pages\/2\/revisions\/1275"}],"wp:attachment":[{"href":"https:\/\/grupo.us.es\/oindustrial\/wp-json\/wp\/v2\/media?parent=2"}],"wp:term":[{"taxonomy":"category","embeddable":true,"href":"https:\/\/grupo.us.es\/oindustrial\/wp-json\/wp\/v2\/categories?post=2"},{"taxonomy":"post_tag","embeddable":true,"href":"https:\/\/grupo.us.es\/oindustrial\/wp-json\/wp\/v2\/tags?post=2"},{"taxonomy":"folder","embeddable":true,"href":"https:\/\/grupo.us.es\/oindustrial\/wp-json\/wp\/v2\/folder?post=2"}],"curies":[{"name":"wp","href":"https:\/\/api.w.org\/{rel}","templated":true}]}}