{"id":196,"date":"2018-03-26T14:06:56","date_gmt":"2018-03-26T14:06:56","guid":{"rendered":"http:\/\/grupo.us.es\/oindustrial\/?page_id=196"},"modified":"2018-09-28T13:05:53","modified_gmt":"2018-09-28T13:05:53","slug":"publicaciones","status":"publish","type":"page","link":"https:\/\/grupo.us.es\/oindustrial\/investigacion\/proyectos\/address\/publicaciones\/","title":{"rendered":"Publicaciones ADDRESS"},"content":{"rendered":"<p>PUBLICACIONES DERIVADAS DEL PROYECTO (2014-2017) EN REVISTAS JCR<\/p>\n<p>2017<\/p>\n<ol>\n<li>Cannella, S., Gonz\u00e1lez-Ram\u00edrez, R. G., Dominguez, R., L\u00f3pez-Campos, M. A., &amp; Miranda, P. A., \u201c<a href=\"https:\/\/www.hindawi.com\/journals\/mpe\/2017\/8062958\/\">Modelling and Simulation in Operations and Complex Supply Chains<\/a> \u2013 Editorial\u201d, Mathematical Problems in Engineering (2017). JCR 2016: 0.802. (Q3: 59 de 85 en la categor\u00eda Engineering, Multidisciplinary).<\/li>\n<li>De Oliveira Pacheco E., Cannella S., L\u00fcders R., Barbosa-Povoa A.P. \u201cOrder-up- to-level Policy Update Procedure for a Supply Chain Subject to Market Demand Uncertainty\u201d, Computers &amp; Industrial Engineering (2017), 113, 347 &#8211; 355. JCR 2016: 2.623 (Q1: 9 de 44 en la categor\u00eda Engineering, Industrial).<\/li>\n<li>Dominguez R, Cannella S, Frami\u00f1\u00e1n JM, \u201c<a href=\"https:\/\/www.researchgate.net\/publication\/305275608_Inventory_record_inaccuracy_-_The_impact_of_structural_complexity_and_lead_time_variability\">Inventory Record Inaccuracy &#8211; The impact of structural complexity and lead time variability<\/a>&#8220;, OMEGA &#8211; The International Journal of Management Science (2017), 81, pp. 167-177. JCR 2016: 4.029 (Q1: 2 de 83 en la categor\u00eda Operations Research &amp; Management Science).<\/li>\n<li>Fernandez-Viagas V, Frami\u00f1\u00e1n JM, \u201c<a href=\"https:\/\/www.researchgate.net\/publication\/305383835_Reduction_of_Permutation_Flowshop_Problems_to_Single_Machine_Problems_using_Machine_Dominance_Relations\">Reduction of Permutation Flowshop Problems to Single Machine Problems<\/a>&#8220;, Computers &amp; Operations Research (2017), 77, pp. 96-110. JCR 2016: 2.623 (Q1: 9 de 44 en la categor\u00eda Engineering, Industrial).<\/li>\n<li>Fernandez-Viagas V, Frami\u00f1\u00e1n JM, \u201c<a href=\"https:\/\/www.researchgate.net\/publication\/311937974_A_beam-search-based_constructive_heuristic_for_the_PFSP_to_minimise_total_flowtime\">A beam-search-based constructive heuristic for the PFSP to minimise total flowtime<\/a>&#8220;, Computers &amp; Operations Research (2017), 81, pp. 167-177. JCR 2016: 2.623 (Q1: 9 de 44 en la categor\u00eda Engineering, Industrial).<\/li>\n<li>Fernandez-Viagas V, Ruiz R, Frami\u00f1\u00e1n JM, \u201cA new vision of approximate methods for the permutation flowshop to minimise makespan: state-of-the-art and computational evaluation&#8221;, European Journal of Operational Research (2017), 257 (3), pp. 707-721. JCR 2016: 3.297 (Q1: 7 de 83 en la categor\u00eda Operations Research &amp; Management Science).<\/li>\n<li>Frami\u00f1\u00e1n JM, Perez-Gonzalez P, \u201c<a href=\"https:\/\/www.researchgate.net\/publication\/318544620_The_2-stage_assembly_flowshop_scheduling_problem_with_total_completion_time_Efficient_constructive_heuristic_and_metaheuristic\">The 2-stage assembly flowshop scheduling problem with total completion time: Efficient constructive heuristic and metaheuristic<\/a>&#8220;, Computers &amp; Operations Research (2017), 88, pp. 237-246. JCR 2016: 2.623 (Q1: 9 de 44 en la categor\u00eda Engineering, Industrial).<\/li>\n<li>Frami\u00f1\u00e1n JM, Perez-Gonzalez P, \u201c<a href=\"https:\/\/www.researchgate.net\/publication\/308208809_New_approximate_algorithms_for_the_customer_order_scheduling_problem_with_total_completion_time_objective\">New approximate algorithms for the customer order scheduling problem with total completion time objective<\/a>&#8220;, Computers &amp; Operations Research (2017), 78, pp. 181-192. JCR 2016: 2.623 (Q1: 9 de 44 en la categor\u00eda Engineering, Industrial).<\/li>\n<\/ol>\n<p>2016<\/p>\n<p>&nbsp;<\/p>\n<ol start=\"9\">\n<li>Cannella S, Bruccoleri M, Frami\u00f1\u00e1n JM, \u201c<a href=\"https:\/\/www.researchgate.net\/publication\/293643158_Closed-loop_supply_chains_What_reverse_logistics_factors_influence_performance\">Closed-loop supply chains: What reverse logistics factors influence performance?<\/a>&#8220;, International Journal of Production Economics (2016), 175, pp. 35-49. JCR 2016: 3.493 (Q1: 3 de 44 en la categor\u00eda Engineering, Industrial).<\/li>\n<li>Dios, M, Frami\u00f1\u00e1n JM, \u201c<a href=\"https:\/\/www.researchgate.net\/publication\/305717680_A_Review_and_Classification_of_Computer-Based_Manufacturing_Scheduling_Tools\">A Review and Classification of Computer-Based Manufacturing Scheduling Tools<\/a>&#8220;, Computers &amp; Industrial Engineering (2016), 99, pp. 229-249. JCR 2016: 2.623 (Q1: 9 de 44 en la categor\u00eda Engineering, Industrial).<\/li>\n<li>Dominguez R, Cannella S, Frami\u00f1\u00e1n JM, \u201c<a href=\"https:\/\/www.researchgate.net\/publication\/308102872_Turbulence_in_Market_Demand_on_Supply_Chain_Networks\">Turbulence in market demand on supply chain networks<\/a>&#8220;, International Journal of Simulation Modelling (2016), 15(3):450-459. JCR 2016: 1.770 (Q3: 24 de 44 en la categor\u00eda Engineering, Industrial).<\/li>\n<li>Fernandez-Viagas V, Leisten R, Frami\u00f1\u00e1n JM, \u201c<a href=\"https:\/\/www.researchgate.net\/publication\/303686748_A_computational_evaluation_of_constructive_and_improvement_heuristics_for_the_blocking_flow_shop_to_minimise_total_flowtime\">A computational evaluation of constructive and improvement heuristics for the blocking flow shop to minimise total flowtime<\/a>&#8220;, Expert Systems With Applications (2016), 61 (1), pp. 290-301. JCR 2016: 3.928 (Q1: 3 de 83 en la categor\u00eda Operations Research &amp; Management Science).<\/li>\n<li>Fernandez-Viagas V, Dios M, Frami\u00f1\u00e1n JM, \u201c<a href=\"https:\/\/www.researchgate.net\/publication\/303187630_Efficient_constructive_and_composite_heuristics_for_the_Permutation_Flowshop_to_minimise_total_earliness_and_tardiness\">Efficient constructive and composite heuristics for the Permutation Flowshop to minimise total earliness and tardiness<\/a>\u201d, Computers &amp; Operations Research (2016), 53, pp. 68-80. JCR 2016: 2.623 (Q1: 9 de 44 en la categor\u00eda Engineering, Industrial).<\/li>\n<\/ol>\n<p>&nbsp;<\/p>\n<p>2015<\/p>\n<p>&nbsp;<\/p>\n<ol start=\"14\">\n<li>Cannella S, Bruccoleri M, Barbosa-Povoa A, Frami\u00f1\u00e1n JM, Relvas S, \u201cThe effect of Inventory Record Inaccuracy in Information Exchange Supply Chains\u201d, European Journal of Operational Research (2015), 243 (1), pp. 120-129. JCR 2015: 2.679 (Q1: 9 de 82 en la categor\u00eda Operations Research &amp; Management Science).<\/li>\n<li>Cannella, S., L\u00f3pez\u2010Campos, M., Dominguez, R., Ashayeri, J., &amp; Miranda, P. A. , \u201cA simulation model of a coordinated decentralized supply chain\u201d. International Transactions in Operational Research (2015), 22 (4), 735-756. JCR 2015: 1.255 (Q3: 39 de 82 en la categor\u00eda Operations Research &amp; Management Science).<\/li>\n<li>Dominguez R, Cannella S, Frami\u00f1\u00e1n JM, \u201cOn returns and network configuration in supply chain\u2019s dynamic performance\u201d, Transportation Research Part E: Logistics and Transportation Review (2015), 73, pp. 152-167. JCR 2015: 2.279 (Q1: 13 de 82 en la categor\u00eda Operations Research &amp; Management Science).<\/li>\n<li>Fernandez-Viagas V, Frami\u00f1\u00e1n JM, \u201c<a href=\"https:\/\/www.researchgate.net\/publication\/265170213_A_new_set_of_high-performing_heuristics_to_minimise_flowtime_in_permutation_flowshops\">A new set of high-performing heuristics to minimize flowtime in permutation flowshops<\/a>\u201d, Computers &amp; Operations Research (2015), 53, pp. 68-80. JCR 2015: 2.600 (Q1: 10 de 44 en la categor\u00eda Engineering, Industrial).<\/li>\n<li>Fernandez-Viagas V, Frami\u00f1\u00e1n JM, \u201c<a href=\"https:\/\/www.researchgate.net\/publication\/271945145_A_bounded-search_iterated_greedy_algorithm_for_the_distributed_permutation_flowshop_scheduling_problem\">A bounded-search iterated greedy algorithm for the distributed permutation flowshop scheduling problem<\/a>\u201d, International Journal of Production Research (2015), 53 (4), pp. 1111-1123. JCR 2015: 1.693 (Q2: 15 de 44 en la categor\u00eda Engineering, Industrial).<\/li>\n<li>Fernandez-Viagas V, Frami\u00f1\u00e1n JM, \u201c<a href=\"https:\/\/www.researchgate.net\/publication\/277961408_Efficient_non-population-based_algorithms_for_the_permutation_flowshop_scheduling_problem_with_makespan_minimisation_subject_to_a_maximum_tardiness\">Efficient non-population-based algorithms for the permutation flowshop scheduling problem with makespan minimisation subject to a maximum tardiness<\/a>\u201d, Computers &amp; Operations Research (2015), 64, pp. 86-96. JCR 2015: 2.600 (Q1: 10 de 44 en la categor\u00eda Engineering, Industrial).<\/li>\n<li>Fernandez-Viagas V, Frami\u00f1\u00e1n JM \u201c<a href=\"https:\/\/www.hindawi.com\/journals\/mpe\/2015\/826318\/\">Controllable Processing Times in Project and Production Management: Analysing the trade-off between processing times and the amount of resources<\/a>\u201d, Mathematical Problems in Engineering (2015), Article ID 826318. JCR 2015: 0.644 (Q3: 59 de 85 en la categor\u00eda Engineering, Multidisciplinary).<\/li>\n<li>Fernandez-Viagas V, Frami\u00f1\u00e1n JM, \u201c<a href=\"https:\/\/www.researchgate.net\/publication\/273398783_NEH-based_heuristics_for_the_permutation_flowshop_scheduling_problem_to_minimise_total_tardiness\">NEH-based heuristics for the permutation flowshop scheduling problem to minimize total tardiness<\/a>\u201d, Computers &amp; Operations Research (2015), 60, pp. 27-36. JCR 2015: 2.600 (Q1: 10 de 44 en la categor\u00eda Engineering, Industrial).<\/li>\n<li>Frami\u00f1\u00e1n JM, Perez-Gonzalez P, \u201c<a href=\"https:\/\/www.researchgate.net\/publication\/276517788_On_heuristic_solutions_for_the_stochastic_flowshop_scheduling_problem\">On heuristic solutions for the stochastic flowshop scheduling problem<\/a>\u201d, European Journal of Operational Research (2015), 246, pp. 413-420. JCR 2015: 2.679 (Q1: 9 de 82 en la categor\u00eda Operations Research &amp; Management Science).<\/li>\n<li>Perez-Gonzalez P, Frami\u00f1\u00e1n JM, \u201c<a href=\"https:\/\/idus.us.es\/xmlui\/handle\/11441\/23490\">Assessing scheduling policies in a permutation flowshop with common due dates<\/a>\u201d, International Journal of Production Research (2015), 53 (19), pp. 5742-5754. JCR 2015: 1.693 (Q2: 15 de 44 en la categor\u00eda Engineering, Industrial).<\/li>\n<li>Vallada E, Ruiz R, Frami\u00f1\u00e1n JM, \u201c<a href=\"https:\/\/riunet.upv.es\/handle\/10251\/63119\">New hard benchmark for flowshop scheduling problems minimizing makespan<\/a>\u201d, European Journal of Operational Research (2015), 240 (3), pp. 666-677. JCR 2015: 2.679 (Q1: 9 de 82 en la categor\u00eda Operations Research &amp; Management Science).<\/li>\n<\/ol>\n<p>&nbsp;<\/p>\n<p>2014<\/p>\n<ol start=\"25\">\n<li>Bruccoleri M., Cannella S., La Porta G. \u201cInventory record inaccuracy in supply chains: the role of workers\u2019 behaviour\u201d, International Journal of Physical Distribution &amp; Logistics Management (2014), 44 (10), 796 \u2013819. JCR 2014: 1.802 (Q2: 55 de 185 en la categor\u00eda Management).<\/li>\n<li>Cannella S. \u201cOrder-up- to policies in information exchange supply chains\u201d, Applied Mathematical Modelling, (2014), 38 (21), 5553\u20135561. JCR 2014: 2.251 (Q1: 11 de 85 en la categor\u00eda Operations Research &amp; Management Science).<\/li>\n<li>Cannella S., Ashayeri J., Miranda P.A., Bruccoleri M. \u201cCurrent economic downturn and supply chain: The significance of demand and inventory smoothing\u201d, International Journal of Computer Integrated Manufacturing (2014), 27 (3), 201-212. JCR 2014: 1.012 (Q3: 45de 81 en la categor\u00eda Operations Research &amp; Management Science).<\/li>\n<li>Cannella S, Frami\u00f1\u00e1n JM, Barbosa-Povoa A, \u201cAn IT-enabled supply chain model: A simulation study\u201d, International Journal of Systems Science (2014), 45 (11), pp. 2327-2341. JCR 2014: 2.100 (Q1: 14 de 81 en la categor\u00eda Operations Research &amp; Management Science).<\/li>\n<li>Dominguez R, Cannella S, Frami\u00f1\u00e1n JM, \u201cThe impact of the supply chain structure on bullwhip effect&#8221;, Applied Mathematical Modelling (2014), 39 (23-24), pp. 7309-7325. JCR 2014: 2.326 (Q1: 11 de 85 en la categor\u00eda Engineering, Multidisciplinary).<\/li>\n<li>Dominguez R, Frami\u00f1\u00e1n JM, Cannella S, \u201cOn bullwhip-limiting strategies in divergent supply chain networks\u201d, Computers &amp; Industrial Engineering (2014), 73 (1), pp. 85-95. JCR 2014: 1.783 (Q2: 11 de 43 en la categor\u00eda Engineering, Industrial).<\/li>\n<li>Dominguez R, Frami\u00f1\u00e1n JM, Cannella S, \u201c<a href=\"https:\/\/www.researchgate.net\/publication\/263378403_Serial_vs_divergent_supply_chain_networks_A_comparative_analysis_of_the_bullwhip_effect\">Serial versus divergent supply chain networks: a comparative analysis of the bullwhip effect<\/a>\u201d, International Journal of Production Research (2014), 52 (7), pp. 2194-2210. JCR 2014: 1.477 (Q2: 16 de 43 en la categor\u00eda Engineering, Industrial).<\/li>\n<li>Fernandez-Viagas V, Frami\u00f1\u00e1n JM, \u201c<a href=\"https:\/\/www.researchgate.net\/publication\/260009481_On_insertion_tie-breaking_rules_in_heuristics_for_the_permutation_flowshop_scheduling_problem\">On insertion tie-breaking rules in heuristics for the permutation flowshop scheduling problem<\/a>\u201d, Computers &amp; Operations Research (2014), 45, pp. 60-67. JCR 2014: 1.861 (Q1: 9 de 43 en la categor\u00eda Engineering, Industrial).<\/li>\n<li>Fernandez-Viagas V, Frami\u00f1\u00e1n JM, \u201c<a href=\"https:\/\/idus.us.es\/xmlui\/handle\/11441\/57512\">Integrated project scheduling and staff assignment with controllable processing times<\/a>\u201d, Scientific World Journal, Volumen 2014. JCR 2013: 1.219 (Q2: 16 de 55 en la categor\u00eda Multidisciplinary Sciences).<\/li>\n<li>Perez-Gonzalez P, Frami\u00f1\u00e1n JM, \u201c<a href=\"https:\/\/idus.us.es\/xmlui\/handle\/11441\/23399\">A Common Framework and Taxonomy for Multicriteria Scheduling Problems with Interfering and Competing Jobs: Multi-agent Scheduling Problems<\/a>\u201d, European Journal of Operational Research (2014), 235 (1), pp. 1-16. JCR 2014: 2.358 (Q1: 10 de 81 en la categor\u00eda Operations Research &amp; Management Science).<\/li>\n<\/ol>\n<p>&nbsp;<\/p>\n","protected":false},"excerpt":{"rendered":"<p>PUBLICACIONES DERIVADAS DEL PROYECTO (2014-2017) EN REVISTAS JCR 2017 Cannella, S., Gonz\u00e1lez-Ram\u00edrez, R. G., Dominguez, R., L\u00f3pez-Campos, M. A., &amp; Miranda, P. A., \u201cModelling and Simulation in Operations and Complex Supply Chains \u2013 Editorial\u201d, Mathematical Problems in Engineering (2017). JCR &hellip;<\/p>\n<p class=\"read-more\"> <a class=\"more-link\" href=\"https:\/\/grupo.us.es\/oindustrial\/investigacion\/proyectos\/address\/publicaciones\/\"> <span class=\"screen-reader-text\">Publicaciones ADDRESS<\/span> Leer m\u00e1s \u00bb<\/a><\/p>\n","protected":false},"author":2,"featured_media":0,"parent":181,"menu_order":0,"comment_status":"closed","ping_status":"closed","template":"","meta":{"footnotes":""},"categories":[30],"tags":[],"folder":[],"class_list":["post-196","page","type-page","status-publish","hentry","category-address"],"_links":{"self":[{"href":"https:\/\/grupo.us.es\/oindustrial\/wp-json\/wp\/v2\/pages\/196","targetHints":{"allow":["GET"]}}],"collection":[{"href":"https:\/\/grupo.us.es\/oindustrial\/wp-json\/wp\/v2\/pages"}],"about":[{"href":"https:\/\/grupo.us.es\/oindustrial\/wp-json\/wp\/v2\/types\/page"}],"author":[{"embeddable":true,"href":"https:\/\/grupo.us.es\/oindustrial\/wp-json\/wp\/v2\/users\/2"}],"replies":[{"embeddable":true,"href":"https:\/\/grupo.us.es\/oindustrial\/wp-json\/wp\/v2\/comments?post=196"}],"version-history":[{"count":19,"href":"https:\/\/grupo.us.es\/oindustrial\/wp-json\/wp\/v2\/pages\/196\/revisions"}],"predecessor-version":[{"id":381,"href":"https:\/\/grupo.us.es\/oindustrial\/wp-json\/wp\/v2\/pages\/196\/revisions\/381"}],"up":[{"embeddable":true,"href":"https:\/\/grupo.us.es\/oindustrial\/wp-json\/wp\/v2\/pages\/181"}],"wp:attachment":[{"href":"https:\/\/grupo.us.es\/oindustrial\/wp-json\/wp\/v2\/media?parent=196"}],"wp:term":[{"taxonomy":"category","embeddable":true,"href":"https:\/\/grupo.us.es\/oindustrial\/wp-json\/wp\/v2\/categories?post=196"},{"taxonomy":"post_tag","embeddable":true,"href":"https:\/\/grupo.us.es\/oindustrial\/wp-json\/wp\/v2\/tags?post=196"},{"taxonomy":"folder","embeddable":true,"href":"https:\/\/grupo.us.es\/oindustrial\/wp-json\/wp\/v2\/folder?post=196"}],"curies":[{"name":"wp","href":"https:\/\/api.w.org\/{rel}","templated":true}]}}