{"id":181,"date":"2018-03-26T12:22:36","date_gmt":"2018-03-26T12:22:36","guid":{"rendered":"http:\/\/grupo.us.es\/oindustrial\/?page_id=181"},"modified":"2018-09-28T13:03:42","modified_gmt":"2018-09-28T13:03:42","slug":"address","status":"publish","type":"page","link":"https:\/\/grupo.us.es\/oindustrial\/investigacion\/proyectos\/address\/","title":{"rendered":"ADDRESS (DPI2013-44461-P)"},"content":{"rendered":"<h3 style=\"text-align: center;\"><strong>Proyecto ADDRESS (DPI2013-44461-P)<\/strong><\/h3>\n<h3 style=\"text-align: center;\"><strong>Dise\u00f1o avanzado de sistemas de programaci\u00f3n de la producci\u00f3n din\u00e1micos, robustos y extendidos<\/strong><\/h3>\n<p>La programaci\u00f3n eficiente de la producci\u00f3n es un factor clave para el \u00e9xito en la direcci\u00f3n de las operaciones en las empresas de fabricaci\u00f3n, ya que incide directamente sobre el cumplimiento de los compromisos de entrega y\u00a0 enla utilizaci\u00f3n \u00f3ptima de los recursos productivos. Esta importancia se ve incrementada en el entorno productivo actual, en el que las empresas deben manufacturar un elevado n\u00famero de productos personalizados en un entorno de alta competencia, y teniendo en cuenta la coordinaci\u00f3n con los flujos materiales y de informaci\u00f3n provenientes de clientes y proveedores.<\/p>\n<p>A pesar del elevado n\u00famero tanto de investigaciones como de herramientas inform\u00e1ticas comerciales disponibles para la programaci\u00f3n de la producci\u00f3n, el estado actual de los conocimientos dista de ser satisfactorio, ya que a menudo no se abordan tres caracter\u00edsticas fundamentales de estos procesos de decisi\u00f3n:<\/p>\n<ul>\n<li>La naturaleza <em><strong>din\u00e1mica<\/strong><\/em> de la programaci\u00f3n de la producci\u00f3n.<\/li>\n<li>La incertidumbre en la ejecuci\u00f3n de los programas previstos, lo que lleva a la necesidad de disponer de programas <strong><em>robustos<\/em><\/strong>.<\/li>\n<li>La coordinaci\u00f3n con los clientes y proveedores que forman parte de la red de suministro de la empresa o empresa <strong><em>extendida<\/em><\/strong>.<\/li>\n<\/ul>\n<p>En este proyecto se aborda el dise\u00f1o de sistemas (entendidos como modelos, m\u00e9todos de resoluci\u00f3n y herramientas inform\u00e1ticas) avanzados de programaci\u00f3n de la producci\u00f3n que contemplen los tres aspectos antes mencionados.<\/p>\n<p>&nbsp;<\/p>\n","protected":false},"excerpt":{"rendered":"<p>Proyecto ADDRESS (DPI2013-44461-P) Dise\u00f1o avanzado de sistemas de programaci\u00f3n de la producci\u00f3n din\u00e1micos, robustos y extendidos La programaci\u00f3n eficiente de la producci\u00f3n es un factor clave para el \u00e9xito en la direcci\u00f3n de las operaciones en las empresas de fabricaci\u00f3n, &hellip;<\/p>\n<p class=\"read-more\"> <a class=\"more-link\" href=\"https:\/\/grupo.us.es\/oindustrial\/investigacion\/proyectos\/address\/\"> <span class=\"screen-reader-text\">ADDRESS (DPI2013-44461-P)<\/span> Leer m\u00e1s \u00bb<\/a><\/p>\n","protected":false},"author":2,"featured_media":0,"parent":114,"menu_order":0,"comment_status":"closed","ping_status":"closed","template":"","meta":{"footnotes":""},"categories":[30],"tags":[],"folder":[],"class_list":["post-181","page","type-page","status-publish","hentry","category-address"],"_links":{"self":[{"href":"https:\/\/grupo.us.es\/oindustrial\/wp-json\/wp\/v2\/pages\/181","targetHints":{"allow":["GET"]}}],"collection":[{"href":"https:\/\/grupo.us.es\/oindustrial\/wp-json\/wp\/v2\/pages"}],"about":[{"href":"https:\/\/grupo.us.es\/oindustrial\/wp-json\/wp\/v2\/types\/page"}],"author":[{"embeddable":true,"href":"https:\/\/grupo.us.es\/oindustrial\/wp-json\/wp\/v2\/users\/2"}],"replies":[{"embeddable":true,"href":"https:\/\/grupo.us.es\/oindustrial\/wp-json\/wp\/v2\/comments?post=181"}],"version-history":[{"count":7,"href":"https:\/\/grupo.us.es\/oindustrial\/wp-json\/wp\/v2\/pages\/181\/revisions"}],"predecessor-version":[{"id":191,"href":"https:\/\/grupo.us.es\/oindustrial\/wp-json\/wp\/v2\/pages\/181\/revisions\/191"}],"up":[{"embeddable":true,"href":"https:\/\/grupo.us.es\/oindustrial\/wp-json\/wp\/v2\/pages\/114"}],"wp:attachment":[{"href":"https:\/\/grupo.us.es\/oindustrial\/wp-json\/wp\/v2\/media?parent=181"}],"wp:term":[{"taxonomy":"category","embeddable":true,"href":"https:\/\/grupo.us.es\/oindustrial\/wp-json\/wp\/v2\/categories?post=181"},{"taxonomy":"post_tag","embeddable":true,"href":"https:\/\/grupo.us.es\/oindustrial\/wp-json\/wp\/v2\/tags?post=181"},{"taxonomy":"folder","embeddable":true,"href":"https:\/\/grupo.us.es\/oindustrial\/wp-json\/wp\/v2\/folder?post=181"}],"curies":[{"name":"wp","href":"https:\/\/api.w.org\/{rel}","templated":true}]}}