{"id":161,"date":"2018-03-19T09:24:31","date_gmt":"2018-03-19T09:24:31","guid":{"rendered":"http:\/\/grupo.us.es\/oindustrial\/?page_id=161"},"modified":"2019-01-13T12:45:12","modified_gmt":"2019-01-13T12:45:12","slug":"research-projects","status":"publish","type":"page","link":"https:\/\/grupo.us.es\/oindustrial\/en\/research\/research-projects\/","title":{"rendered":"Research Projects"},"content":{"rendered":"<ol>\n<li><a href=\"http:\/\/grupo.us.es\/oindustrial\/en\/research\/research-projects\/promise-production-management-under-imperfect-and-scarce-data-grant-no-dpi2016-80750-p\/\">PROMISE &#8211; Production management under imperfect and scarce data<\/a><\/li>\n<li>Dise\u00f1o avanzado de sistemas de programaci\u00f3n de la producci\u00f3n din\u00e1micos, robustos y extendidos (DPI2013-44461-P)<\/li>\n<li>SCORE \u2013 Scheduling and Control for customer responsive production (Proyecto DPI2010-15573)<\/li>\n<li>SCOPE \u2013 Sistemas coordinados de planificaci\u00f3n y ejecuci\u00f3n de pedidos<\/li>\n<\/ol>\n","protected":false},"excerpt":{"rendered":"<p>PROMISE &#8211; Production management under imperfect and scarce data Dise\u00f1o avanzado de sistemas de programaci\u00f3n de la producci\u00f3n din\u00e1micos, robustos y extendidos (DPI2013-44461-P) SCORE \u2013 Scheduling and Control for customer responsive production (Proyecto DPI2010-15573) SCOPE \u2013 Sistemas coordinados de planificaci\u00f3n &hellip;<\/p>\n<p class=\"read-more\"> <a class=\"more-link\" href=\"https:\/\/grupo.us.es\/oindustrial\/en\/research\/research-projects\/\"> <span class=\"screen-reader-text\">Research Projects<\/span> Leer m\u00e1s \u00bb<\/a><\/p>\n","protected":false},"author":2,"featured_media":0,"parent":393,"menu_order":0,"comment_status":"closed","ping_status":"closed","template":"","meta":{"footnotes":""},"categories":[],"tags":[],"folder":[],"class_list":["post-161","page","type-page","status-publish","hentry"],"_links":{"self":[{"href":"https:\/\/grupo.us.es\/oindustrial\/wp-json\/wp\/v2\/pages\/161","targetHints":{"allow":["GET"]}}],"collection":[{"href":"https:\/\/grupo.us.es\/oindustrial\/wp-json\/wp\/v2\/pages"}],"about":[{"href":"https:\/\/grupo.us.es\/oindustrial\/wp-json\/wp\/v2\/types\/page"}],"author":[{"embeddable":true,"href":"https:\/\/grupo.us.es\/oindustrial\/wp-json\/wp\/v2\/users\/2"}],"replies":[{"embeddable":true,"href":"https:\/\/grupo.us.es\/oindustrial\/wp-json\/wp\/v2\/comments?post=161"}],"version-history":[{"count":2,"href":"https:\/\/grupo.us.es\/oindustrial\/wp-json\/wp\/v2\/pages\/161\/revisions"}],"predecessor-version":[{"id":677,"href":"https:\/\/grupo.us.es\/oindustrial\/wp-json\/wp\/v2\/pages\/161\/revisions\/677"}],"up":[{"embeddable":true,"href":"https:\/\/grupo.us.es\/oindustrial\/wp-json\/wp\/v2\/pages\/393"}],"wp:attachment":[{"href":"https:\/\/grupo.us.es\/oindustrial\/wp-json\/wp\/v2\/media?parent=161"}],"wp:term":[{"taxonomy":"category","embeddable":true,"href":"https:\/\/grupo.us.es\/oindustrial\/wp-json\/wp\/v2\/categories?post=161"},{"taxonomy":"post_tag","embeddable":true,"href":"https:\/\/grupo.us.es\/oindustrial\/wp-json\/wp\/v2\/tags?post=161"},{"taxonomy":"folder","embeddable":true,"href":"https:\/\/grupo.us.es\/oindustrial\/wp-json\/wp\/v2\/folder?post=161"}],"curies":[{"name":"wp","href":"https:\/\/api.w.org\/{rel}","templated":true}]}}