{"id":114,"date":"2018-03-18T14:57:52","date_gmt":"2018-03-18T14:57:52","guid":{"rendered":"http:\/\/grupo.us.es\/oindustrial\/?page_id=114"},"modified":"2020-03-12T08:21:14","modified_gmt":"2020-03-12T08:21:14","slug":"proyectos","status":"publish","type":"page","link":"https:\/\/grupo.us.es\/oindustrial\/investigacion\/proyectos\/","title":{"rendered":"Proyectos"},"content":{"rendered":"<p>Proyectos de Investigaci\u00f3n financiados por Convocatorias Competitivas:<\/p>\n<ul>\n<li><a href=\"http:\/\/grupo.us.es\/oindustrial\/investigacion\/proyectos\/proyecto-efectos\/\">EFECTOS &#8211; Escenarios de Fabricaci\u00f3n Emergentes: CaracTerizaci\u00f3n Optimizaci\u00f3n y Simulaci\u00f3n (US-1264511)<\/a><\/li>\n<li><a href=\"http:\/\/grupo.us.es\/oindustrial\/investigacion\/proyectos\/promise\/\">PROMISE &#8211; Production management under imperfect and scarce data (Proyecto DPI2016-80750-P)\u00a0<\/a><\/li>\n<li><a href=\"http:\/\/grupo.us.es\/oindustrial\/proyectos\/address\/\">ADDRESS &#8211; Dise\u00f1o avanzado de sistemas de programaci\u00f3n de la producci\u00f3n din\u00e1micos, robustos y extendidos (DPI2013-44461-P)<\/a><\/li>\n<li>Red de Transporte, Log\u00edstica y Producci\u00f3n Inteligente (Proyecto TRA2015-71883-REDT)<\/li>\n<li>SUPPORT &#8211; SUrgical Processes Planning, Optimization, Redesign &amp; Testing (P10-TEP-06067)<\/li>\n<li>SCORE \u2013 Scheduling and Control for customer responsive production (Proyecto DPI2010-15573)<\/li>\n<li>SCOPE \u2013 Sistemas coordinados de planificaci\u00f3n y ejecuci\u00f3n de pedidos (Proyecto P08-TEP-3630)<\/li>\n<li>(OR)2 &#8211; Operations Research for Operating Rooms. Dise\u00f1o y desarrollo tecnol\u00f3gico de un sistema de soporte a la programaci\u00f3n de quir\u00f3fanos&#8221; (ACC-300100-2007-5)<\/li>\n<\/ul>\n<p>Proyectos Transferencia:<\/p>\n<ul>\n<li><a href=\"http:\/\/grupo.us.es\/oindustrial\/investigacion\/proyectos\/quid-proquo\/\">QUID-PRO-QUO &#8211; QUIrofanos Din\u00e1micos &#8211; PROgramaci\u00f3n de QUirof\u00e1nos mediante Optimizaci\u00f3n (AT17_5967_USE)<\/a><\/li>\n<li><a href=\"http:\/\/grupo.us.es\/oindustrial\/investigacion\/proyectos\/ibsos\/\">IBSOS &#8211; Internet Based Scheduling Optimisation Services (AT17_5920_USE)<\/a><\/li>\n<\/ul>\n","protected":false},"excerpt":{"rendered":"<p>Proyectos de Investigaci\u00f3n financiados por Convocatorias Competitivas: EFECTOS &#8211; Escenarios de Fabricaci\u00f3n Emergentes: CaracTerizaci\u00f3n Optimizaci\u00f3n y Simulaci\u00f3n (US-1264511) PROMISE &#8211; Production management under imperfect and scarce data (Proyecto DPI2016-80750-P)\u00a0 ADDRESS &#8211; Dise\u00f1o avanzado de sistemas de programaci\u00f3n de la producci\u00f3n &hellip;<\/p>\n<p class=\"read-more\"> <a class=\"more-link\" href=\"https:\/\/grupo.us.es\/oindustrial\/investigacion\/proyectos\/\"> <span class=\"screen-reader-text\">Proyectos<\/span> Leer m\u00e1s \u00bb<\/a><\/p>\n","protected":false},"author":1,"featured_media":0,"parent":389,"menu_order":0,"comment_status":"closed","ping_status":"closed","template":"full-width-page.php","meta":{"footnotes":""},"categories":[],"tags":[],"folder":[],"class_list":["post-114","page","type-page","status-publish","hentry"],"_links":{"self":[{"href":"https:\/\/grupo.us.es\/oindustrial\/wp-json\/wp\/v2\/pages\/114","targetHints":{"allow":["GET"]}}],"collection":[{"href":"https:\/\/grupo.us.es\/oindustrial\/wp-json\/wp\/v2\/pages"}],"about":[{"href":"https:\/\/grupo.us.es\/oindustrial\/wp-json\/wp\/v2\/types\/page"}],"author":[{"embeddable":true,"href":"https:\/\/grupo.us.es\/oindustrial\/wp-json\/wp\/v2\/users\/1"}],"replies":[{"embeddable":true,"href":"https:\/\/grupo.us.es\/oindustrial\/wp-json\/wp\/v2\/comments?post=114"}],"version-history":[{"count":16,"href":"https:\/\/grupo.us.es\/oindustrial\/wp-json\/wp\/v2\/pages\/114\/revisions"}],"predecessor-version":[{"id":1033,"href":"https:\/\/grupo.us.es\/oindustrial\/wp-json\/wp\/v2\/pages\/114\/revisions\/1033"}],"up":[{"embeddable":true,"href":"https:\/\/grupo.us.es\/oindustrial\/wp-json\/wp\/v2\/pages\/389"}],"wp:attachment":[{"href":"https:\/\/grupo.us.es\/oindustrial\/wp-json\/wp\/v2\/media?parent=114"}],"wp:term":[{"taxonomy":"category","embeddable":true,"href":"https:\/\/grupo.us.es\/oindustrial\/wp-json\/wp\/v2\/categories?post=114"},{"taxonomy":"post_tag","embeddable":true,"href":"https:\/\/grupo.us.es\/oindustrial\/wp-json\/wp\/v2\/tags?post=114"},{"taxonomy":"folder","embeddable":true,"href":"https:\/\/grupo.us.es\/oindustrial\/wp-json\/wp\/v2\/folder?post=114"}],"curies":[{"name":"wp","href":"https:\/\/api.w.org\/{rel}","templated":true}]}}