{"id":1007,"date":"2020-03-05T09:04:56","date_gmt":"2020-03-05T09:04:56","guid":{"rendered":"http:\/\/grupo.us.es\/oindustrial\/?page_id=1007"},"modified":"2020-03-05T09:04:57","modified_gmt":"2020-03-05T09:04:57","slug":"proyecto-efectos","status":"publish","type":"page","link":"https:\/\/grupo.us.es\/oindustrial\/investigacion\/proyectos\/proyecto-efectos\/","title":{"rendered":"Proyecto EFECTOS"},"content":{"rendered":"\n<p class=\"has-text-align-center\">Escenarios de Fabricaci\u00f3n Emergentes: CaracTerizaci\u00f3n Optimizaci\u00f3n y Simulaci\u00f3n<\/p>\n\n\n\n<p class=\"has-text-align-center\">Referencia: US-1264511<\/p>\n\n\n\n<p class=\"has-text-align-center\"> Proyectos I+D+i FEDER Andaluc\u00eda 2014-2020 <\/p>\n\n\n\n<p class=\"has-text-align-center\"> Junta de Andaluc\u00eda (Consejer\u00eda de Econom\u00eda y Conocimiento) <\/p>\n","protected":false},"excerpt":{"rendered":"<p>Escenarios de Fabricaci\u00f3n Emergentes: CaracTerizaci\u00f3n Optimizaci\u00f3n y Simulaci\u00f3n Referencia: US-1264511 Proyectos I+D+i FEDER Andaluc\u00eda 2014-2020 Junta de Andaluc\u00eda (Consejer\u00eda de Econom\u00eda y Conocimiento)<\/p>\n","protected":false},"author":2,"featured_media":0,"parent":114,"menu_order":0,"comment_status":"closed","ping_status":"closed","template":"","meta":{"footnotes":""},"categories":[85],"tags":[],"folder":[],"class_list":["post-1007","page","type-page","status-publish","hentry","category-efectos"],"_links":{"self":[{"href":"https:\/\/grupo.us.es\/oindustrial\/wp-json\/wp\/v2\/pages\/1007","targetHints":{"allow":["GET"]}}],"collection":[{"href":"https:\/\/grupo.us.es\/oindustrial\/wp-json\/wp\/v2\/pages"}],"about":[{"href":"https:\/\/grupo.us.es\/oindustrial\/wp-json\/wp\/v2\/types\/page"}],"author":[{"embeddable":true,"href":"https:\/\/grupo.us.es\/oindustrial\/wp-json\/wp\/v2\/users\/2"}],"replies":[{"embeddable":true,"href":"https:\/\/grupo.us.es\/oindustrial\/wp-json\/wp\/v2\/comments?post=1007"}],"version-history":[{"count":1,"href":"https:\/\/grupo.us.es\/oindustrial\/wp-json\/wp\/v2\/pages\/1007\/revisions"}],"predecessor-version":[{"id":1008,"href":"https:\/\/grupo.us.es\/oindustrial\/wp-json\/wp\/v2\/pages\/1007\/revisions\/1008"}],"up":[{"embeddable":true,"href":"https:\/\/grupo.us.es\/oindustrial\/wp-json\/wp\/v2\/pages\/114"}],"wp:attachment":[{"href":"https:\/\/grupo.us.es\/oindustrial\/wp-json\/wp\/v2\/media?parent=1007"}],"wp:term":[{"taxonomy":"category","embeddable":true,"href":"https:\/\/grupo.us.es\/oindustrial\/wp-json\/wp\/v2\/categories?post=1007"},{"taxonomy":"post_tag","embeddable":true,"href":"https:\/\/grupo.us.es\/oindustrial\/wp-json\/wp\/v2\/tags?post=1007"},{"taxonomy":"folder","embeddable":true,"href":"https:\/\/grupo.us.es\/oindustrial\/wp-json\/wp\/v2\/folder?post=1007"}],"curies":[{"name":"wp","href":"https:\/\/api.w.org\/{rel}","templated":true}]}}