{"id":517,"date":"2019-05-24T16:09:11","date_gmt":"2019-05-24T16:09:11","guid":{"rendered":"http:\/\/grupo.us.es\/northernenglish\/?page_id=517"},"modified":"2019-05-24T16:25:00","modified_gmt":"2019-05-24T16:25:00","slug":"principal-investigators","status":"publish","type":"page","link":"https:\/\/grupo.us.es\/northernenglish\/project-team\/principal-investigators\/","title":{"rendered":"Principal investigators"},"content":{"rendered":"<blockquote class=\"wp-embedded-content\" data-secret=\"u3S2P9mSGD\"><p><a href=\"https:\/\/grupo.us.es\/northernenglish\/project-team\/principal-investigators\/julia-fernandez-cuesta\/\">Julia Fern\u00e1ndez Cuesta<\/a><\/p><\/blockquote>\n<p><iframe class=\"wp-embedded-content\" sandbox=\"allow-scripts\" security=\"restricted\" style=\"position: absolute; clip: rect(1px, 1px, 1px, 1px);\" title=\"&#8220;Julia Fern\u00e1ndez Cuesta&#8221; &#8212; M\u00e1s All\u00e1 del Humber: el Nortumbrio Temprano (Siglos X-XIV) en Contacto con otras Variedades\" src=\"https:\/\/grupo.us.es\/northernenglish\/project-team\/principal-investigators\/julia-fernandez-cuesta\/embed\/#?secret=u3S2P9mSGD\" data-secret=\"u3S2P9mSGD\" width=\"600\" height=\"338\" frameborder=\"0\" marginwidth=\"0\" marginheight=\"0\" scrolling=\"no\"><\/iframe><\/p>\n<blockquote class=\"wp-embedded-content\" data-secret=\"dOmVPYf7Yc\"><p><a href=\"https:\/\/grupo.us.es\/northernenglish\/project-team\/principal-investigators\/nieves-rodriguez-ledesma\/\">Nieves Rodr\u00edguez Ledesma<\/a><\/p><\/blockquote>\n<p><iframe class=\"wp-embedded-content\" sandbox=\"allow-scripts\" security=\"restricted\" style=\"position: absolute; clip: rect(1px, 1px, 1px, 1px);\" title=\"&#8220;Nieves Rodr\u00edguez Ledesma&#8221; &#8212; M\u00e1s All\u00e1 del Humber: el Nortumbrio Temprano (Siglos X-XIV) en Contacto con otras Variedades\" src=\"https:\/\/grupo.us.es\/northernenglish\/project-team\/principal-investigators\/nieves-rodriguez-ledesma\/embed\/#?secret=dOmVPYf7Yc\" data-secret=\"dOmVPYf7Yc\" width=\"600\" height=\"338\" frameborder=\"0\" marginwidth=\"0\" marginheight=\"0\" scrolling=\"no\"><\/iframe><\/p>\n","protected":false},"excerpt":{"rendered":"<p>Julia Fern\u00e1ndez Cuesta Nieves Rodr\u00edguez Ledesma<\/p>\n","protected":false},"author":1,"featured_media":0,"parent":518,"menu_order":1,"comment_status":"closed","ping_status":"closed","template":"","meta":[],"aioseo_notices":[],"_links":{"self":[{"href":"https:\/\/grupo.us.es\/northernenglish\/wp-json\/wp\/v2\/pages\/517"}],"collection":[{"href":"https:\/\/grupo.us.es\/northernenglish\/wp-json\/wp\/v2\/pages"}],"about":[{"href":"https:\/\/grupo.us.es\/northernenglish\/wp-json\/wp\/v2\/types\/page"}],"author":[{"embeddable":true,"href":"https:\/\/grupo.us.es\/northernenglish\/wp-json\/wp\/v2\/users\/1"}],"replies":[{"embeddable":true,"href":"https:\/\/grupo.us.es\/northernenglish\/wp-json\/wp\/v2\/comments?post=517"}],"version-history":[{"count":4,"href":"https:\/\/grupo.us.es\/northernenglish\/wp-json\/wp\/v2\/pages\/517\/revisions"}],"predecessor-version":[{"id":528,"href":"https:\/\/grupo.us.es\/northernenglish\/wp-json\/wp\/v2\/pages\/517\/revisions\/528"}],"up":[{"embeddable":true,"href":"https:\/\/grupo.us.es\/northernenglish\/wp-json\/wp\/v2\/pages\/518"}],"wp:attachment":[{"href":"https:\/\/grupo.us.es\/northernenglish\/wp-json\/wp\/v2\/media?parent=517"}],"curies":[{"name":"wp","href":"https:\/\/api.w.org\/{rel}","templated":true}]}}