{"id":488,"date":"2019-05-22T21:39:33","date_gmt":"2019-05-22T21:39:33","guid":{"rendered":"http:\/\/grupo.us.es\/northernenglish\/?page_id=488"},"modified":"2021-11-03T20:52:25","modified_gmt":"2021-11-03T20:52:25","slug":"publications","status":"publish","type":"page","link":"https:\/\/grupo.us.es\/northernenglish\/publications-and-reviews\/publications\/","title":{"rendered":"Publications"},"content":{"rendered":"<ul>\n<li><a href=\"https:\/\/grupo.us.es\/northernenglish\/project-team\/principal-investigators\/julia-fernandez-cuesta\/2\/\">Julia Fern\u00e1ndez Cuesta<\/a><\/li>\n<li><a href=\"https:\/\/grupo.us.es\/northernenglish\/project-team\/principal-investigators\/nieves-rodriguez-ledesma\/2\/\">Nieves Rodr\u00edguez Ledesma<\/a><\/li>\n<li><a href=\"https:\/\/grupo.us.es\/northernenglish\/project-team\/researchers\/sara-pons-sanz\/2\/\">Sara Pons-Sanz<\/a><\/li>\n<li><a href=\"https:\/\/grupo.us.es\/northernenglish\/project-team\/researchers\/marcelle-cole\/2\/\">Marcelle Cole<\/a><\/li>\n<li><a href=\"https:\/\/grupo.us.es\/northernenglish\/project-team\/researchers\/christopher-langmuir\/2\/\">Christopher Langmuir<\/a><\/li>\n<li><a href=\"https:\/\/isearch.asu.edu\/profile\/37664\">Elly van Gelderen<\/a><\/li>\n<li><a href=\"http:\/\/fifa.uniovi.es\/personal\/pdi\/-\/asset_publisher\/0018\/content\/perez-lorido-rodrigo;jsessionid=0FB1A867DDA99FE25CBF2F3DA4FC01DF?redirect=%2Fpersonal%2Fpdi\">Rodrigo P\u00e9rez Lorido<\/a><\/li>\n<li><a href=\"https:\/\/www.unifi.it\/p-doc2-2013-058510-V-3f2b342f362a29-0.html\">Letizia Vezzosi<\/a><\/li>\n<li><a href=\"http:\/\/pure.au.dk\/portal\/en\/persons\/johanna-wood(a511fcbe-5e6b-4d3e-b4ba-555286341c94).html\">Johanna Wood<\/a><\/li>\n<li><a href=\"https:\/\/grupo.us.es\/northernenglish\/project-team\/researchers\/maria-del-mar-sierra-rodriguez\/2\/\">Mar\u00eda del Mar Sierra Rodr\u00edguez<\/a><\/li>\n<li><a href=\"https:\/\/grupo.us.es\/northernenglish\/project-team\/researchers\/xoana-costa-rivas\/2\">Xoana Costa Rivas<\/a><\/li>\n<li><a href=\"https:\/\/english.asu.edu\/content\/william-kruger\">William Kruger<\/a><\/li>\n<li><a href=\"https:\/\/grupo.us.es\/northernenglish\/project-team\/researchers\/marta-leon-prol\/2\/\">Marta Le\u00f3n Prol<\/a><\/li>\n<\/ul>\n","protected":false},"excerpt":{"rendered":"<p>Julia Fern\u00e1ndez Cuesta Nieves Rodr\u00edguez Ledesma Sara Pons-Sanz Marcelle Cole Christopher Langmuir Elly van Gelderen Rodrigo P\u00e9rez Lorido Letizia Vezzosi Johanna Wood Mar\u00eda del Mar Sierra Rodr\u00edguez Xoana Costa Rivas William Kruger Marta Le\u00f3n Prol<\/p>\n","protected":false},"author":1,"featured_media":0,"parent":419,"menu_order":1,"comment_status":"closed","ping_status":"closed","template":"","meta":[],"aioseo_notices":[],"_links":{"self":[{"href":"https:\/\/grupo.us.es\/northernenglish\/wp-json\/wp\/v2\/pages\/488"}],"collection":[{"href":"https:\/\/grupo.us.es\/northernenglish\/wp-json\/wp\/v2\/pages"}],"about":[{"href":"https:\/\/grupo.us.es\/northernenglish\/wp-json\/wp\/v2\/types\/page"}],"author":[{"embeddable":true,"href":"https:\/\/grupo.us.es\/northernenglish\/wp-json\/wp\/v2\/users\/1"}],"replies":[{"embeddable":true,"href":"https:\/\/grupo.us.es\/northernenglish\/wp-json\/wp\/v2\/comments?post=488"}],"version-history":[{"count":13,"href":"https:\/\/grupo.us.es\/northernenglish\/wp-json\/wp\/v2\/pages\/488\/revisions"}],"predecessor-version":[{"id":500,"href":"https:\/\/grupo.us.es\/northernenglish\/wp-json\/wp\/v2\/pages\/488\/revisions\/500"}],"up":[{"embeddable":true,"href":"https:\/\/grupo.us.es\/northernenglish\/wp-json\/wp\/v2\/pages\/419"}],"wp:attachment":[{"href":"https:\/\/grupo.us.es\/northernenglish\/wp-json\/wp\/v2\/media?parent=488"}],"curies":[{"name":"wp","href":"https:\/\/api.w.org\/{rel}","templated":true}]}}