{"id":245,"date":"2017-01-08T22:50:44","date_gmt":"2017-01-08T22:50:44","guid":{"rendered":"http:\/\/grupo.us.es\/northernenglish\/?page_id=245"},"modified":"2025-05-30T18:44:22","modified_gmt":"2025-05-30T18:44:22","slug":"maria-del-mar-sierra-rodriguez","status":"publish","type":"page","link":"https:\/\/grupo.us.es\/northernenglish\/project-team\/researchers\/maria-del-mar-sierra-rodriguez\/","title":{"rendered":"Mar\u00eda del Mar Sierra Rodr\u00edguez"},"content":{"rendered":"<p style=\"text-align: justify;\">She graduated in English Studies and completed an MA in Linguistic, Literary and Cultural Studies, with a specialty in English Linguistics and an MA in Translation and Interculturality at the University of Seville, Spain. She also obtained her Ph.D. at the same university. She is currently an Assistant Professor at the University of C\u00f3rdoba.<\/p>\n<p style=\"text-align: justify;\">Her research interests are English historical linguistics and dialectal variation, fields in which she has been working on since her Graduate Dissertation and first Master thesis. As a result of her work, she became involved in the research project \u201cThe Lindisfarne Gloss in its dialectal Context: A Comparison between Lindisfarne and the Gloss to the Durham Collectar\u201d (FFI2014-56583-P), funded by the Spanish Ministry of Economy and Competitivity. She is currently involved in the research project \u201cM\u00e1s All\u00e1 del Humber: el Nortumbrio Temprano (Siglos X-XIV) en Contacto con otras Variedades\u201d (FFI2017-99725-P), also funded by the Spanish Ministry of Economy and Competitivity. As part of her involvement in these projects, she has taken part in numerous international conferences where she has shared the results of her ongoing research.<\/p>\n<p style=\"text-align: justify;\">She became interested in the field of teaching methodology, especially gamification, when she started working as a teacher herself, and is now involved in the ERASMUS project \u201cE-DUCATION: TEACHING AND LEARNING<br \/>\nAFTER 2020\u201d, led by Fundaci\u00f3n Diocesana de Ense\u00f1anza Santos M\u00e1rtires.<\/p>\n<p>&nbsp;<\/p>\n<p><!--nextpage--><\/p>\n<h4><strong>PRESENTATIONS<\/strong><\/h4>\n<p>Sierra Rodr\u00edguez, M. 2017.\u00a0<em>Morphological syncretism or phonological merger? The levelling of inflexional vowels in the verbal paradigm of the glosses to the Old Northumbrian Gospels.\u00a0<\/em>History of English Language in Pozna\u0144 (HEL-P). University of Pozna\u0144.<\/p>\n<p>Sierra Rodr\u00edguez, M. 2017.\u00a0<em>Morphological syncretism or phonological merger? The levelling of inflexional vowels in the verbal paradigms of the Lindisfarne Gospels and the Durham Collectar.\u00a0<\/em>Workshop on Medieval Northern English. Universidad de Sevilla.<\/p>\n<p>Sierra Rodr\u00edguez, M. 2017.\u00a0<em>Morphological syncretism or phonological merger?\u00a0<\/em><em>The inflexional vowel in the Glosses to the Lindisfarne Gospels and the Durham Collectar.<\/em>\u00a029<sup>th<\/sup>\u00a0International Conference of the Spanish Society for Medieval English Language and Literature (SELIM). Universidad de M\u00e1laga.<\/p>\n<p>Sierra Rodr\u00edguez, M. 2018.\u00a0<em>The schwa problem in Old Northumbrian: Evidence from the glosses to the Lindisfarne and Rushworth Gospels and the Durham Collectar.\u00a0<\/em>30<sup>th<\/sup>\u00a0International Conference of the Spanish Society for Medieval English Language and Literature (SELIM). Universidad de Oviedo.<\/p>\n<p>Sierra Rodr\u00edguez, M. 2018.\u00a0<em>The schwa problem in Old Northumbrian: Evidence from the glosses to the Lindisfarne and Rushworth Gospels and the Durham Collectar.\u00a0<\/em>20<sup>th<\/sup>\u00a0International Conference on English Historical Linguistics (ICEHL XX). University of Edinburgh.<\/p>\n<p>Sierra Rodr\u00edguez, M. 2019.\u00a0<em>Was there a schwa in Old Northumbrian? Evidence from the glosses to the Lindisfarne and Rushworth Gospels and the Durham Collectar.\u00a0<\/em>11<sup>th<\/sup>\u00a0International Conference on Middle English (ICOME XI). University of Florence.<\/p>\n<p><!--nextpage--><\/p>\n<h4><strong>PROFESSIONAL MEMBERSHIPS<\/strong><\/h4>\n<ul>\n<li style=\"text-align: justify;\">Affiliate to the Angus McIntosh Centre for Historical Linguistics (AMC).<\/li>\n<li style=\"text-align: justify;\">Member of the Spanish Society for Medieval English Language and Literature (SELIM).<\/li>\n<\/ul>\n<h4><strong>CONTACT<\/strong><\/h4>\n<p>mmsierra@uco.es<\/p>\n","protected":false},"excerpt":{"rendered":"<p>She graduated in English Studies and completed an MA in Linguistic, Literary and Cultural Studies, with a specialty in English Linguistics and an MA in Translation and Interculturality at the University of Seville, Spain. She also obtained her Ph.D. at&#8230;<\/p>\n","protected":false},"author":1,"featured_media":704,"parent":229,"menu_order":8,"comment_status":"open","ping_status":"closed","template":"","meta":[],"aioseo_notices":[],"_links":{"self":[{"href":"https:\/\/grupo.us.es\/northernenglish\/wp-json\/wp\/v2\/pages\/245"}],"collection":[{"href":"https:\/\/grupo.us.es\/northernenglish\/wp-json\/wp\/v2\/pages"}],"about":[{"href":"https:\/\/grupo.us.es\/northernenglish\/wp-json\/wp\/v2\/types\/page"}],"author":[{"embeddable":true,"href":"https:\/\/grupo.us.es\/northernenglish\/wp-json\/wp\/v2\/users\/1"}],"replies":[{"embeddable":true,"href":"https:\/\/grupo.us.es\/northernenglish\/wp-json\/wp\/v2\/comments?post=245"}],"version-history":[{"count":10,"href":"https:\/\/grupo.us.es\/northernenglish\/wp-json\/wp\/v2\/pages\/245\/revisions"}],"predecessor-version":[{"id":843,"href":"https:\/\/grupo.us.es\/northernenglish\/wp-json\/wp\/v2\/pages\/245\/revisions\/843"}],"up":[{"embeddable":true,"href":"https:\/\/grupo.us.es\/northernenglish\/wp-json\/wp\/v2\/pages\/229"}],"wp:featuredmedia":[{"embeddable":true,"href":"https:\/\/grupo.us.es\/northernenglish\/wp-json\/wp\/v2\/media\/704"}],"wp:attachment":[{"href":"https:\/\/grupo.us.es\/northernenglish\/wp-json\/wp\/v2\/media?parent=245"}],"curies":[{"name":"wp","href":"https:\/\/api.w.org\/{rel}","templated":true}]}}