{"id":243,"date":"2017-01-08T22:50:00","date_gmt":"2017-01-08T22:50:00","guid":{"rendered":"http:\/\/grupo.us.es\/northernenglish\/?page_id=243"},"modified":"2025-05-27T06:22:44","modified_gmt":"2025-05-27T06:22:44","slug":"christopher-langmuir","status":"publish","type":"page","link":"https:\/\/grupo.us.es\/northernenglish\/project-team\/researchers\/christopher-langmuir\/","title":{"rendered":"Christopher Langmuir"},"content":{"rendered":"<h4><strong>PUBLICATIONS<\/strong><\/h4>\n<h4>Articles<\/h4>\n<div class=\"card\">\n<div>Cuesta, J.F. and Langmuir, C. 2025. Mood Selection in the Old Northumbrian Gloss to Durham MS A.iv.19. <em>Trans Philologic Soc<\/em>. <a href=\"https:\/\/doi.org\/10.1111\/1467-968X.12314\" aria-label=\"Digital Object Identifier\">https:\/\/doi.org\/10.1111\/1467-968X.12314<\/a><\/div>\n<\/div>\n<div><\/div>\n<div>Langmuir, C. 2025. Samuel Johnson\u2019s \u2018Motto for a Goat\u2019 Revisited. <em>Notes and Queries<\/em>. <a href=\"https:\/\/doi.org\/10.1093\/notesj\/gjaf050\">https:\/\/doi.org\/10.1093\/notesj\/gjaf050<\/a><\/div>\n<div class=\"citationFormats\">\n<div class=\"article-info\"><\/div>\n<\/div>\n<div id=\"citationContent\" class=\"tab-content border pt-4 px-4\">\n<div id=\"Harvard\" class=\"tab-pane fade active show\" role=\"tabpanel\" aria-labelledby=\"Harvard-tab\">Langmuir, C. 2024. The unfinished double glosses in Durham Cathedral Library, MS A.iv.19. In: Porck, T., Gordon, M. and Caon, L. ed.\u00a0<i>Keys to the History of English: Diachronic linguistic change, morpho-syntax and lexicography. Selected papers from the 21st ICEHL<\/i>. John Benjamins Publishing Company, pp. 144-165.\u00a0<a href=\"https:\/\/doi.org\/10.1075\/cilt.363.07lan\">https:\/\/doi.org\/10.1075\/cilt.363.07lan<\/a><\/div>\n<\/div>\n<p>Wright,L. &amp; Langmuir,C. 2019. Interpreting Charles Lamb\u2019s \u2018Neat-Bound Books\u2019. Studia Anglica Posnaniensia,54(1) 157-177. <a href=\"https:\/\/doi.org\/10.2478\/stap-2019-0008\">https:\/\/doi.org\/10.2478\/stap-2019-0008<\/a><\/p>\n<p>Fern\u00e1ndez Cuesta, J., and Langmuir, C. 2019. Verbal Morphology in the Old English Gloss to the Durham Collectar. North-Western European Language Evolution. NOWELE 72, 2. 134-164.<\/p>\n<p style=\"text-align: justify;\">Langmuir, C. 2014. Keat\u2019s Two and Thirty Palaces Revisited. <em>Notes and Queries<\/em>. Oxford: Oxford UP. 259. [New Series, Vol.61], No.4: 514-515.<\/p>\n<h4>Book sections<\/h4>\n<p style=\"text-align: justify;\">Langmuir, C. and Fern\u00e1ndez Cuesta, J. 2013. Scoto-Cumbrian? The Representation of dialect in the works of Josiah Relph and Susanna Blamire. <em>Recording English, Researching English, Transforming English<\/em>. Studies in English Medieval Language and Literature vol. 41. Frankfurt am Main: Peter Lang, 265-284.<\/p>\n<p style=\"text-align: justify;\">Langmuir, C. (contributor). 2002. <em>Gran Diccionario Ingl\u00e9s-Espa\u00f1ol, Espa\u00f1ol-Ingl\u00e9s Larousse. <\/em>M\u00e9xico: Chambers Harrap Publishers ltd.<\/p>\n<p><!--nextpage--><\/p>\n<h4><strong>RESEARCH<\/strong><\/h4>\n<p style=\"text-align: justify;\">He is currently involved in research, mainly within the project entitled:<\/p>\n<ul style=\"text-align: justify;\">\n<li>\u2018The Lindisfarne Gloss in its Dialectal Context: A Comparison between Lindisfarne and the Gloss to the Durham Collectar\u2019, funded by the Spanish Ministry of Science and Innovation.<\/li>\n<\/ul>\n<p style=\"text-align: justify;\">He has also contributed to the following research projects:<\/p>\n<ul>\n<li style=\"text-align: justify;\">\u2018The Lindisfarne Gospels Gloss: New Perspectives on the Morphosyntax and Lexis of Old Northumbrian\u2019, funded by the Spanish Ministry of Science and Education.<\/li>\n<li style=\"text-align: justify;\">\u2018Northern Varieties of British English in the Modern English Period\u2019, funded by the Spanish Ministry of Science and Education.<\/li>\n<li style=\"text-align: justify;\">\u2018Northern Varieties of British English: Historical Evolution and Description\u2019, funded by the Spanish Ministry of Science and Education.<\/li>\n<li style=\"text-align: justify;\">\u2018English Diachrony and Dialectology\u2019, funded by the Andalusian Council.<\/li>\n<li style=\"text-align: justify;\">\u2018English-Spanish Lexicon\u2019, funded by the Andalusian Council.<\/li>\n<\/ul>\n<h4><strong>PROFESSIONAL MEMBERSHIP<\/strong><\/h4>\n<ul>\n<li style=\"text-align: justify;\">Member of Chartered Institute of Linguists. London, United Kingdom.<\/li>\n<li style=\"text-align: justify;\">Member of the Philological Society.<\/li>\n<li style=\"text-align: justify;\">Member of the Spanish Society for Medieval English Language and Literature (SELIM).<\/li>\n<li style=\"text-align: justify;\">Member of the Society of Anglo-North American Studies (AEDEAN).<\/li>\n<li style=\"text-align: justify;\">Member of Aldous Huxley Society.<\/li>\n<\/ul>\n<h4><strong>CONTACT<\/strong><\/h4>\n<p>celang@us.es<\/p>\n","protected":false},"excerpt":{"rendered":"<p>PUBLICATIONS Articles Cuesta, J.F. and Langmuir, C. 2025. Mood Selection in the Old Northumbrian Gloss to Durham MS A.iv.19. Trans Philologic Soc. https:\/\/doi.org\/10.1111\/1467-968X.12314 Langmuir, C. 2025. Samuel Johnson\u2019s \u2018Motto for a Goat\u2019 Revisited. Notes and Queries. https:\/\/doi.org\/10.1093\/notesj\/gjaf050 Langmuir, C. 2024&#8230;.<\/p>\n","protected":false},"author":1,"featured_media":0,"parent":229,"menu_order":3,"comment_status":"open","ping_status":"closed","template":"","meta":[],"aioseo_notices":[],"_links":{"self":[{"href":"https:\/\/grupo.us.es\/northernenglish\/wp-json\/wp\/v2\/pages\/243"}],"collection":[{"href":"https:\/\/grupo.us.es\/northernenglish\/wp-json\/wp\/v2\/pages"}],"about":[{"href":"https:\/\/grupo.us.es\/northernenglish\/wp-json\/wp\/v2\/types\/page"}],"author":[{"embeddable":true,"href":"https:\/\/grupo.us.es\/northernenglish\/wp-json\/wp\/v2\/users\/1"}],"replies":[{"embeddable":true,"href":"https:\/\/grupo.us.es\/northernenglish\/wp-json\/wp\/v2\/comments?post=243"}],"version-history":[{"count":8,"href":"https:\/\/grupo.us.es\/northernenglish\/wp-json\/wp\/v2\/pages\/243\/revisions"}],"predecessor-version":[{"id":841,"href":"https:\/\/grupo.us.es\/northernenglish\/wp-json\/wp\/v2\/pages\/243\/revisions\/841"}],"up":[{"embeddable":true,"href":"https:\/\/grupo.us.es\/northernenglish\/wp-json\/wp\/v2\/pages\/229"}],"wp:attachment":[{"href":"https:\/\/grupo.us.es\/northernenglish\/wp-json\/wp\/v2\/media?parent=243"}],"curies":[{"name":"wp","href":"https:\/\/api.w.org\/{rel}","templated":true}]}}