{"id":241,"date":"2017-01-08T22:49:17","date_gmt":"2017-01-08T22:49:17","guid":{"rendered":"http:\/\/grupo.us.es\/northernenglish\/?page_id=241"},"modified":"2021-11-03T20:29:43","modified_gmt":"2021-11-03T20:29:43","slug":"marcelle-cole","status":"publish","type":"page","link":"https:\/\/grupo.us.es\/northernenglish\/project-team\/researchers\/marcelle-cole\/","title":{"rendered":"Marcelle Cole"},"content":{"rendered":"<p style=\"text-align: justify;\">Assistant Professor in English Historical Linguistics at the Department of English and the Utrecht Institute of Linguistics (OTS) at Utrecht University. Her research interests cover historical linguistics, language variation and change, and Old and Middle English dialects, particularly Old Northumbrian and northern Middle English. Her teaching interests also include English medieval culture and literature.<\/p>\n<p style=\"text-align: justify;\">After completing B.A. programmes in English at Reading University and English Language and Linguistics at Seville University, Marcelle Cole obtained her Ph.D. in English Language and Linguistics from the University of Seville (Spain). Her dissertation (<em>Old Northumbrian Verbal Morphosyntax and the (Northern) Subject Rule<\/em>, John Benjamins, 2014) explores verbal morphosyntax in Old Northumbrian in relation to the grammatical constraint known as the Northern Subject Rule. Before her appointment at Utrecht University, she was Assistant Professor at the Department of English and the Leiden University Centre for Arts in Society (LUCAS) at Leiden University.<\/p>\n<p><!--nextpage--><\/p>\n<h4><strong>PUBLICATIONS<\/strong><\/h4>\n<h4>Articles<\/h4>\n<p>Cole, M. 2019. Subject and adjacency effects in the Old Northumbrian gloss to the Lindisfarne Gospels. <em>English Language and <\/em>Linguistics, 23 (1) (pp. 131-154).<\/p>\n<p>Cole, M. 2018. A native origin for they, their, them: tracing the linguistic path of Old English \u00fe\u0101, \u00fe\u0101ra, \u00fe\u0101m from Old Northumbrian to northern Middle English. <em>Diachronica <\/em>35:2 (2018), 165\u2013209.<\/p>\n<p>Cole, M. 2017. Pronominal anaphoric strategies in the West Saxon dialect of Old English. Special Issue: Cognitive Approaches to the History of English. <em>English Language and Linguistics<\/em> 21.1: 381-408.<\/p>\n<p style=\"text-align: justify;\">Cole, M. 2012. The Old English origins of the Northern Subject Rule: evidence from the Lindisfarne gloss to the Gospels of John and Mark. <em>Language Contact and Development around the North Sea<\/em> (pp. 141-168). Amsterdam &amp; Philadelphia: John Benjamins.<\/p>\n<p style=\"text-align: justify;\">Cole, M. 2008. What is the Northern Subject Rule? The resilience of a medieval constraint in Tyneside English. <em>Journal of the Spanish Society for Medieval Language and Literature (SELIM)<\/em>, 15, (pp. 91-114).<\/p>\n<h4>Books<\/h4>\n<p style=\"text-align: justify;\">Cole, M. 2014. <em>Old Northumbrian Verbal Morphosyntax and the (Northern) Subject Rule<\/em>. (286 p.). Amsterdam: John Benjamins.<\/p>\n<h4>Book Sections<\/h4>\n<p>Cole, M. 2019. Towards a nuanced history of early English spelling: Old Northumbrian witnesses and northern orthography. In Anita Auer, Denis Renevey, Camille Marshall &amp; Tino Oudesluijs (Eds.),\u00a0<i>Revisiting the Medieval North of England: Interdisciplinary Approaches<\/i>\u00a0(pp. 243-278). University of Wales Press.<\/p>\n<p style=\"text-align: justify;\">Cole, M. 2016. Identifying the Author(s) of the Lindisfarne Gloss: Linguistic Variation as a Diagnostic for Determining Authorship. In Julia Fern\u00e1ndez Cuesta &amp; S.M. Pons-Sanz (Eds.), <em>The Old English Gloss to the Lindisfarne Gospels: Language, Author and Context<\/em> Mouton de Gruyter.<\/p>\n<p style=\"text-align: justify;\">Cole, M. 2015. The Periphrastic Subjunctive in the Old English Multiple Glosses to the Lindisfarne Gospels. In Philip Shaw et al. (Eds.), <em>From Clerks to Corpora: Essays on the English Language Yesterday and Today &#8211; Essays in honour of Nils-Lennart Johannesson<\/em> (pp. 71-86). University of Stockholm.<\/p>\n<h4>Reviews<\/h4>\n<p>Cole, M. 2016.\u00a0<i><a href=\"https:\/\/doi.org\/10.5406\/jenglgermphil.115.4.0496\" target=\"_blank\" rel=\"noopener\">The Lexical Effects of Anglo-Scandinavian Linguistic Contact in Old English by Sara M. Pons-Sanz. Turnhout: Brepols, 2013<\/a><\/i>.\u00a0<i>Journal of English and Germanic Philology<\/i>, 115 (4), (pp. 496-498) (3 p.).<\/p>\n<p><!--nextpage--><\/p>\n<h4><strong>RESEARCH<\/strong><\/h4>\n<p style=\"text-align: justify;\">As a historical linguist interested in Northern varieties, she is currently involved in the following research projects:<\/p>\n<ul style=\"text-align: justify;\">\n<li>\u2018The Lindisfarne Gloss in its Dialectal Context: A Comparison between Lindisfarne and the Gloss to the Durham Collectar\u2019, funded by the Spanish Ministry of Science and Innovation.<\/li>\n<\/ul>\n<p style=\"text-align: justify;\">She also contributed to projects related to the same topic:<\/p>\n<ul>\n<li style=\"text-align: justify;\">\u2018The Lindisfarne Gospels Gloss: New Perspectives on the Morphosyntax and Lexis of Old Northumbrian\u2019, funded by the Spanish Ministry of Science and Education.<\/li>\n<li style=\"text-align: justify;\">\u2018Northern Varieties of British English in the Modern English Period\u2019, funded by the Spanish Ministry of Science and Education.<\/li>\n<\/ul>\n<h4><strong>CONTACT<\/strong><\/h4>\n<p>M.P.J.Cole@uu.nl<\/p>\n","protected":false},"excerpt":{"rendered":"<p>Assistant Professor in English Historical Linguistics at the Department of English and the Utrecht Institute of Linguistics (OTS) at Utrecht University. Her research interests cover historical linguistics, language variation and change, and Old and Middle English dialects, particularly Old Northumbrian&#8230;<\/p>\n","protected":false},"author":1,"featured_media":83,"parent":229,"menu_order":2,"comment_status":"open","ping_status":"closed","template":"","meta":[],"aioseo_notices":[],"_links":{"self":[{"href":"https:\/\/grupo.us.es\/northernenglish\/wp-json\/wp\/v2\/pages\/241"}],"collection":[{"href":"https:\/\/grupo.us.es\/northernenglish\/wp-json\/wp\/v2\/pages"}],"about":[{"href":"https:\/\/grupo.us.es\/northernenglish\/wp-json\/wp\/v2\/types\/page"}],"author":[{"embeddable":true,"href":"https:\/\/grupo.us.es\/northernenglish\/wp-json\/wp\/v2\/users\/1"}],"replies":[{"embeddable":true,"href":"https:\/\/grupo.us.es\/northernenglish\/wp-json\/wp\/v2\/comments?post=241"}],"version-history":[{"count":7,"href":"https:\/\/grupo.us.es\/northernenglish\/wp-json\/wp\/v2\/pages\/241\/revisions"}],"predecessor-version":[{"id":684,"href":"https:\/\/grupo.us.es\/northernenglish\/wp-json\/wp\/v2\/pages\/241\/revisions\/684"}],"up":[{"embeddable":true,"href":"https:\/\/grupo.us.es\/northernenglish\/wp-json\/wp\/v2\/pages\/229"}],"wp:featuredmedia":[{"embeddable":true,"href":"https:\/\/grupo.us.es\/northernenglish\/wp-json\/wp\/v2\/media\/83"}],"wp:attachment":[{"href":"https:\/\/grupo.us.es\/northernenglish\/wp-json\/wp\/v2\/media?parent=241"}],"curies":[{"name":"wp","href":"https:\/\/api.w.org\/{rel}","templated":true}]}}