{"id":1141,"date":"2020-10-02T17:59:18","date_gmt":"2020-10-02T16:59:18","guid":{"rendered":"http:\/\/alojamientosv.us.es\/ustic150\/?page_id=1141"},"modified":"2020-10-05T16:36:45","modified_gmt":"2020-10-05T15:36:45","slug":"location","status":"publish","type":"page","link":"https:\/\/grupo.us.es\/newustic150\/location\/","title":{"rendered":"Location"},"content":{"rendered":"\n<p style=\"color:#156c92;font-size:30px\" class=\"has-text-color has-background has-text-align-center has-very-light-gray-background-color\"><strong>WHERE TO FIND US<\/strong><\/p>\n\n\n\n<div class=\"wp-block-columns is-layout-flex wp-container-core-columns-is-layout-9d6595d7 wp-block-columns-is-layout-flex\">\n<div class=\"wp-block-column is-layout-flow wp-block-column-is-layout-flow\">\n<p class=\"has-text-color has-text-align-center has-medium-font-size has-vivid-cyan-blue-color\">&#8211; <strong>EPS<\/strong> &#8211;<br><strong>ESCUELA POLIT\u00c9CNICA SUPERIOR<\/strong><\/p>\n\n\n\n<div class=\"wp-block-image\"><figure class=\"aligncenter size-large is-resized\"><img loading=\"lazy\" decoding=\"async\" src=\"http:\/\/alojamientosv.us.es\/ustic150\/wp-content\/uploads\/2020\/10\/entrada-eps-1024x681.jpg\" alt=\"\" class=\"wp-image-1319\" width=\"301\" height=\"200\" srcset=\"https:\/\/grupo.us.es\/newustic150\/wp-content\/uploads\/2020\/10\/entrada-eps-1024x681.jpg 1024w, https:\/\/grupo.us.es\/newustic150\/wp-content\/uploads\/2020\/10\/entrada-eps-300x199.jpg 300w, https:\/\/grupo.us.es\/newustic150\/wp-content\/uploads\/2020\/10\/entrada-eps-768x511.jpg 768w, https:\/\/grupo.us.es\/newustic150\/wp-content\/uploads\/2020\/10\/entrada-eps-1536x1021.jpg 1536w, https:\/\/grupo.us.es\/newustic150\/wp-content\/uploads\/2020\/10\/entrada-eps-2048x1362.jpg 2048w, https:\/\/grupo.us.es\/newustic150\/wp-content\/uploads\/2020\/10\/entrada-eps-1200x800.jpg 1200w, https:\/\/grupo.us.es\/newustic150\/wp-content\/uploads\/2020\/10\/entrada-eps-600x400.jpg 600w\" sizes=\"auto, (max-width: 301px) 100vw, 301px\" \/><\/figure><\/div>\n\n\n\n<p><strong>Departamento de Tecnolog\u00eda Electr\u00f3nica (DTE)<\/strong><br>Escuela Polit\u00e9cnica Superior &#8211; Universidad de Sevilla<br>Calle Virgen de \u00c1frica, 7, 41011, Sevilla (Sevilla)<\/p>\n\n\n\n<p><a href=\"https:\/\/goo.gl\/maps\/ZPYuQBw9Ncew43Pp6\">https:\/\/goo.gl\/maps\/ZPYuQBw9Ncew43Pp6<\/a><\/p>\n<\/div>\n\n\n\n<div class=\"wp-block-column is-layout-flow wp-block-column-is-layout-flow\">\n<p class=\"has-text-color has-text-align-center has-medium-font-size has-vivid-cyan-blue-color\">&#8211; <strong>ETSII<\/strong> &#8211;<br><strong>ESCUELA T\u00c9CNICA SUPERIOR DE INGENIER\u00cdA INFORM\u00c1TICA<\/strong><\/p>\n\n\n\n<div class=\"wp-block-image\"><figure class=\"aligncenter size-large is-resized\"><img loading=\"lazy\" decoding=\"async\" src=\"http:\/\/alojamientosv.us.es\/ustic150\/wp-content\/uploads\/2020\/10\/w_ingenieria_informatica-2.jpg\" alt=\"\" class=\"wp-image-1320\" width=\"300\" height=\"200\"\/><\/figure><\/div>\n\n\n\n<p><strong>Departamento de Tecnolog\u00eda Electr\u00f3nica (DTE)<\/strong><br>Escuela T\u00e9cnica Superior de Ingenier\u00eda Inform\u00e1tica &#8211; Universidad de Sevilla<br>Av. Reina Mercedes s\/n, 41012 Sevilla &#8211; tlfno +(34) 954556817<\/p>\n\n\n\n<p><a href=\"https:\/\/goo.gl\/maps\/ybUr2o7ArPCpAWCBA\">https:\/\/goo.gl\/maps\/ybUr2o7ArPCpAWCBA<\/a><\/p>\n<\/div>\n<\/div>\n\n\n\n<div class=\"wp-block-columns is-layout-flex wp-container-core-columns-is-layout-9d6595d7 wp-block-columns-is-layout-flex\">\n<div class=\"wp-block-column is-layout-flow wp-block-column-is-layout-flow\">\n<iframe loading=\"lazy\" src=\"https:\/\/www.google.com\/maps\/embed?pb=!1m14!1m8!1m3!1d12681.472202088846!2d-6.010603259399416!3d37.38112738119782!3m2!1i1024!2i768!4f13.1!3m3!1m2!1s0x0%3A0xa6da392ca25e6a40!2sEscuela%20Polit%C3%A9cnica%20Superior!5e0!3m2!1ses!2ses!4v1601735412900!5m2!1ses!2ses\" width=\"600\" height=\"450\" frameborder=\"0\" style=\"border:0;\" allowfullscreen=\"\" aria-hidden=\"false\" tabindex=\"0\"><\/iframe>\n<\/div>\n\n\n\n<div class=\"wp-block-column is-layout-flow wp-block-column-is-layout-flow\">\n<iframe loading=\"lazy\" src=\"https:\/\/www.google.com\/maps\/embed?pb=!1m18!1m12!1m3!1d11548.826077581103!2d-5.991978045663192!3d37.35820789032853!2m3!1f0!2f0!3f0!3m2!1i1024!2i768!4f13.1!3m3!1m2!1s0xd126dd4a3055555%3A0x29c3f634f8a021b8!2sEscuela%20T%C3%A9cnica%20Superior%20de%20Ingenier%C3%ADa%20Inform%C3%A1tica!5e0!3m2!1ses!2ses!4v1601735144352!5m2!1ses!2ses\" width=\"600\" height=\"450\" frameborder=\"0\" style=\"border:0;\" allowfullscreen=\"\" aria-hidden=\"false\" tabindex=\"0\"><\/iframe>\n<\/div>\n<\/div>\n\n\n\n<p><\/p>\n","protected":false},"excerpt":{"rendered":"<p>WHERE TO FIND US &#8211; EPS &#8211;ESCUELA POLIT\u00c9CNICA SUPERIOR Departamento de Tecnolog\u00eda Electr\u00f3nica (DTE)Escuela Polit\u00e9cnica Superior &#8211; Universidad de SevillaCalle Virgen de \u00c1frica, 7, 41011, Sevilla (Sevilla) https:\/\/goo.gl\/maps\/ZPYuQBw9Ncew43Pp6 &#8211; ETSII &#8211;ESCUELA T\u00c9CNICA SUPERIOR DE INGENIER\u00cdA INFORM\u00c1TICA Departamento de Tecnolog\u00eda Electr\u00f3nica (DTE)Escuela T\u00e9cnica Superior de Ingenier\u00eda Inform\u00e1tica &#8211; Universidad de SevillaAv. Reina Mercedes s\/n, 41012 Sevilla [&hellip;]<\/p>\n","protected":false},"author":36,"featured_media":0,"parent":0,"menu_order":0,"comment_status":"closed","ping_status":"closed","template":"","meta":{"footnotes":""},"class_list":["post-1141","page","type-page","status-publish","hentry"],"_links":{"self":[{"href":"https:\/\/grupo.us.es\/newustic150\/wp-json\/wp\/v2\/pages\/1141","targetHints":{"allow":["GET"]}}],"collection":[{"href":"https:\/\/grupo.us.es\/newustic150\/wp-json\/wp\/v2\/pages"}],"about":[{"href":"https:\/\/grupo.us.es\/newustic150\/wp-json\/wp\/v2\/types\/page"}],"author":[{"embeddable":true,"href":"https:\/\/grupo.us.es\/newustic150\/wp-json\/wp\/v2\/users\/36"}],"replies":[{"embeddable":true,"href":"https:\/\/grupo.us.es\/newustic150\/wp-json\/wp\/v2\/comments?post=1141"}],"version-history":[{"count":20,"href":"https:\/\/grupo.us.es\/newustic150\/wp-json\/wp\/v2\/pages\/1141\/revisions"}],"predecessor-version":[{"id":1328,"href":"https:\/\/grupo.us.es\/newustic150\/wp-json\/wp\/v2\/pages\/1141\/revisions\/1328"}],"wp:attachment":[{"href":"https:\/\/grupo.us.es\/newustic150\/wp-json\/wp\/v2\/media?parent=1141"}],"curies":[{"name":"wp","href":"https:\/\/api.w.org\/{rel}","templated":true}]}}