{"id":984,"date":"2018-04-26T17:31:21","date_gmt":"2018-04-26T17:31:21","guid":{"rendered":"http:\/\/grupo.us.es\/newtutsosmodhum\/?page_id=984"},"modified":"2018-05-18T15:41:58","modified_gmt":"2018-05-18T15:41:58","slug":"d2","status":"publish","type":"page","link":"https:\/\/grupo.us.es\/newtutsosmodhum\/?page_id=984","title":{"rendered":"D2"},"content":{"rendered":"<ul>\n<li style=\"text-align: center;\"><span style=\"color: #000000;\"><b>MODELIZACI\u00d3N DE LA LECTURA DIACR\u00d3NICA.<\/b><\/span><\/li>\n<\/ul>\n<p><span style=\"color: #000000;\">\u00a0 \u00a0 <\/span><span style=\"color: #000000;\"><span style=\"color: #808080;\">\u00a0 <a href=\"http:\/\/grupo.us.es\/newtutsosmodhum\/?page_id=441\">&lt; Anterior<\/a><\/span>\u00a0 \u00a0 \u00a0 <a href=\"http:\/\/grupo.us.es\/newtutsosmodhum\/wp-content\/uploads\/2018\/04\/D2_COLLAGE-2.jpg\"><img loading=\"lazy\" decoding=\"async\" class=\"alignnone wp-image-990\" src=\"http:\/\/grupo.us.es\/newtutsosmodhum\/wp-content\/uploads\/2018\/04\/D2_COLLAGE-2.jpg\" alt=\"\" width=\"900\" height=\"600\" data-action=\"zoom\" srcset=\"https:\/\/grupo.us.es\/newtutsosmodhum\/wp-content\/uploads\/2018\/04\/D2_COLLAGE-2.jpg 3750w, https:\/\/grupo.us.es\/newtutsosmodhum\/wp-content\/uploads\/2018\/04\/D2_COLLAGE-2-300x200.jpg 300w, https:\/\/grupo.us.es\/newtutsosmodhum\/wp-content\/uploads\/2018\/04\/D2_COLLAGE-2-768x512.jpg 768w, https:\/\/grupo.us.es\/newtutsosmodhum\/wp-content\/uploads\/2018\/04\/D2_COLLAGE-2-1024x683.jpg 1024w\" sizes=\"auto, (max-width: 900px) 100vw, 900px\" \/><\/a>\u00a0<a href=\"http:\/\/grupo.us.es\/newtutsosmodhum\/?page_id=994\"><span style=\"color: #808080;\">Siguiente &gt;<\/span><\/a><\/span><\/p>\n<ul>\n<li style=\"padding-left: 30px; text-align: center;\"><span style=\"color: #000000;\">Investigadores:\u00a0<\/span><\/li>\n<li style=\"padding-left: 30px; text-align: center;\"><span style=\"color: #000000;\"><strong><a style=\"color: #000000;\" href=\"http:\/\/grupo.us.es\/newtutsosmodhum\/?page_id=364\">Jos\u00e9 Mar\u00eda Guerrero Vega<\/a><\/strong><\/span><\/li>\n<li style=\"padding-left: 30px; text-align: center;\"><a href=\"http:\/\/grupo.us.es\/newtutsosmodhum\/?page_id=362\"><span style=\"color: #000000;\"><strong>Gregorio Manuel Mora Vicente<\/strong><\/span><\/a><\/li>\n<\/ul>\n<p style=\"padding-left: 30px; text-align: justify;\"><span style=\"color: #000000;\">La l\u00ednea de trabajo propuesta parte del estudio de la arquitectura por encima de su componente monumental y art\u00edstica, como una acumulaci\u00f3n de sucesos que permanecen en ella. Estas permanencias (diferencia de materiales, adaptaciones a espacios precedentes, dise\u00f1os geom\u00e9tricos, patolog\u00edas, cambios de uso o compartimentaci\u00f3n), se suman a las tradicionales fuentes para su estudio, haciendo de ella un documento vivo. Comprender estas acciones, que a menudo cambian el objeto desde su proyecto original hasta nuestros d\u00edas, multiplican los valores patrimoniales del edificio y permiten una lectura diacr\u00f3nica de su conservaci\u00f3n a lo largo de la historia.<\/span><\/p>\n<p style=\"padding-left: 30px; text-align: justify;\"><span style=\"color: #000000;\">En este sentido se desarrollan dos estrategias: la primera motivada por procesos de intervenci\u00f3n, aprovechando este momento propicio para la documentaci\u00f3n y el conocimiento (iglesia de San Juan de los Caballeros de Jerez de la Frontera); y otra prospectiva que parte del an\u00e1lisis de objetos concretos que analizamos para evaluar su autor\u00eda, concepci\u00f3n del espacio y evoluci\u00f3n (trabajos sobre la capilla privada del palacio sevillano de Casa de Pilatos, experiencia continuada en espacios semejantes, y la capilla de la Antigua de la catedral de Sevilla, cuya investigaci\u00f3n deriva de proyectos anteriores. En ambas se debe considerar su complejidad material, cronol\u00f3gica y evolutiva de los edificios para su incorporaci\u00f3n a los modelos digitales, proponiendo estrategias para su integraci\u00f3n en su proceso de elaboraci\u00f3n.<\/span><\/p>\n","protected":false},"excerpt":{"rendered":"<p>MODELIZACI\u00d3N DE LA LECTURA DIACR\u00d3NICA. \u00a0 \u00a0 \u00a0 &lt; Anterior\u00a0 \u00a0 \u00a0 \u00a0Siguiente &gt; Investigadores:\u00a0 Jos\u00e9 Mar\u00eda Guerrero Vega Gregorio [&hellip;]<\/p>\n","protected":false},"author":1,"featured_media":0,"parent":88,"menu_order":0,"comment_status":"closed","ping_status":"closed","template":"","meta":{"footnotes":""},"class_list":["post-984","page","type-page","status-publish","hentry"],"_links":{"self":[{"href":"https:\/\/grupo.us.es\/newtutsosmodhum\/index.php?rest_route=\/wp\/v2\/pages\/984","targetHints":{"allow":["GET"]}}],"collection":[{"href":"https:\/\/grupo.us.es\/newtutsosmodhum\/index.php?rest_route=\/wp\/v2\/pages"}],"about":[{"href":"https:\/\/grupo.us.es\/newtutsosmodhum\/index.php?rest_route=\/wp\/v2\/types\/page"}],"author":[{"embeddable":true,"href":"https:\/\/grupo.us.es\/newtutsosmodhum\/index.php?rest_route=\/wp\/v2\/users\/1"}],"replies":[{"embeddable":true,"href":"https:\/\/grupo.us.es\/newtutsosmodhum\/index.php?rest_route=%2Fwp%2Fv2%2Fcomments&post=984"}],"version-history":[{"count":0,"href":"https:\/\/grupo.us.es\/newtutsosmodhum\/index.php?rest_route=\/wp\/v2\/pages\/984\/revisions"}],"up":[{"embeddable":true,"href":"https:\/\/grupo.us.es\/newtutsosmodhum\/index.php?rest_route=\/wp\/v2\/pages\/88"}],"wp:attachment":[{"href":"https:\/\/grupo.us.es\/newtutsosmodhum\/index.php?rest_route=%2Fwp%2Fv2%2Fmedia&parent=984"}],"curies":[{"name":"wp","href":"https:\/\/api.w.org\/{rel}","templated":true}]}}