{"id":881,"date":"2018-04-11T13:19:43","date_gmt":"2018-04-11T13:19:43","guid":{"rendered":"http:\/\/grupo.us.es\/newtutsosmodhum\/?page_id=881"},"modified":"2018-05-18T15:41:12","modified_gmt":"2018-05-18T15:41:12","slug":"c3","status":"publish","type":"page","link":"https:\/\/grupo.us.es\/newtutsosmodhum\/?page_id=881","title":{"rendered":"C3"},"content":{"rendered":"<ul>\n<li style=\"text-align: center;\"><span style=\"color: #000000;\"><strong>TAREAS DIVULGATIVAS VINCULADAS A LA DIFUSI\u00d3N DEL PROYECTO Y A LA REALIZACI\u00d3N DEL CONGRESO.<\/strong><\/span><\/li>\n<li><\/li>\n<\/ul>\n<p style=\"padding-left: 30px;\"><span style=\"color: #000000;\">\u00a0 \u00a0 <a href=\"http:\/\/grupo.us.es\/newtutsosmodhum\/?page_id=439\"><span style=\"color: #808080;\">&lt; Anterior<\/span><\/a>\u00a0 \u00a0 \u00a0 \u00a0 \u00a0 \u00a0 \u00a0 <a href=\"http:\/\/gestioneventos.us.es\/event_detail\/18082\/detail\/iv-international-congress-science-and-technology-for-the-conservation-of-cultural-heritage.html\"><img loading=\"lazy\" decoding=\"async\" class=\"alignnone wp-image-652\" src=\"http:\/\/grupo.us.es\/newtutsosmodhum\/wp-content\/uploads\/2018\/03\/C2_COLLAGE-1.jpg\" alt=\"\" width=\"810\" height=\"540\" data-action=\"zoom\" \/><img loading=\"lazy\" decoding=\"async\" class=\"alignnone wp-image-977\" src=\"http:\/\/grupo.us.es\/newtutsosmodhum\/wp-content\/uploads\/2018\/04\/C3_COLLAGE-1.jpg\" alt=\"\" width=\"810\" height=\"540\" data-action=\"zoom\" srcset=\"https:\/\/grupo.us.es\/newtutsosmodhum\/wp-content\/uploads\/2018\/04\/C3_COLLAGE-1.jpg 900w, https:\/\/grupo.us.es\/newtutsosmodhum\/wp-content\/uploads\/2018\/04\/C3_COLLAGE-1-300x200.jpg 300w, https:\/\/grupo.us.es\/newtutsosmodhum\/wp-content\/uploads\/2018\/04\/C3_COLLAGE-1-768x512.jpg 768w\" sizes=\"auto, (max-width: 810px) 100vw, 810px\" \/><\/a>\u00a0 \u00a0 \u00a0 \u00a0 \u00a0 \u00a0 \u00a0<a href=\"http:\/\/grupo.us.es\/newtutsosmodhum\/?page_id=441\"><span style=\"color: #808080;\">Siguiente &gt;<\/span><\/a><\/span><\/p>\n<p>&nbsp;<\/p>\n<ul>\n<li style=\"padding-left: 30px; text-align: center;\"><span style=\"color: #000000;\">Coordinadores:\u00a0<\/span><\/li>\n<li style=\"padding-left: 30px; text-align: center;\"><span style=\"color: #000000;\"><a style=\"color: #000000;\" href=\"http:\/\/grupo.us.es\/newtutsosmodhum\/?page_id=203\"><strong>Francisco Pinto Puerto<\/strong><\/a><\/span><u><\/u><\/li>\n<li style=\"padding-left: 30px; text-align: center;\"><a href=\"http:\/\/grupo.us.es\/newtutsosmodhum\/?page_id=901\"><strong><span style=\"color: #000000;\">Carmen S\u00e1nchez Galiano<\/span><\/strong><\/a><\/li>\n<li><\/li>\n<\/ul>\n<p style=\"padding-left: 30px; text-align: justify;\"><span style=\"color: #000000;\">El objetivo de esta acci\u00f3n es la divulgaci\u00f3n cient\u00edfica (investigaci\u00f3n, resultados, etc.) del trabajo desarrollado en el proyecto. Se trata de dar a conocer el uso de las nuevas tecnolog\u00edas aplicadas al conocimiento y conservaci\u00f3n del patrimonio y la utilidad de los resultados, tanto a la sociedad en su conjunto como al tejido productivo empresarial.<\/span><\/p>\n<p style=\"padding-left: 30px; text-align: justify;\"><span style=\"color: #000000;\">Estas tareas se van a basar principalmente en la labor que el IAPH realiza en sus medios sociales (Twitter, Facebook, LinkedIn). Dentro de esta acci\u00f3n se realizar\u00eda un plan espec\u00edfico para la divulgaci\u00f3n del proyecto en redes sociales. En este plan se van a establecer las tareas, las l\u00edneas de contenidos, el calendario y la forma de proceder para la canalizaci\u00f3n de la informaci\u00f3n, en cuanto a la recopilaci\u00f3n del material (textos, fotograf\u00edas, v\u00eddeos, enlaces\u2026) necesario para ir generando contenidos en los medios sociales.<\/span><\/p>\n<p style=\"padding-left: 30px; text-align: justify;\"><span style=\"color: #000000;\">En esta acci\u00f3n se incluyen las tareas de apoyo para la realizaci\u00f3n del congreso <strong><span style=\"color: #ff0000;\"><a style=\"color: #ff0000;\" href=\"http:\/\/gestioneventos.us.es\/event_detail\/18082\/detail\/iv-international-congress-science-and-technology-for-the-conservation-of-cultural-heritage.html\">TECHNOHERITAGE 2019<\/a><\/span><\/strong>.<\/span><\/p>\n","protected":false},"excerpt":{"rendered":"<p>TAREAS DIVULGATIVAS VINCULADAS A LA DIFUSI\u00d3N DEL PROYECTO Y A LA REALIZACI\u00d3N DEL CONGRESO. \u00a0 \u00a0 &lt; Anterior\u00a0 \u00a0 \u00a0 [&hellip;]<\/p>\n","protected":false},"author":1,"featured_media":0,"parent":88,"menu_order":0,"comment_status":"closed","ping_status":"closed","template":"","meta":{"footnotes":""},"class_list":["post-881","page","type-page","status-publish","hentry"],"_links":{"self":[{"href":"https:\/\/grupo.us.es\/newtutsosmodhum\/index.php?rest_route=\/wp\/v2\/pages\/881","targetHints":{"allow":["GET"]}}],"collection":[{"href":"https:\/\/grupo.us.es\/newtutsosmodhum\/index.php?rest_route=\/wp\/v2\/pages"}],"about":[{"href":"https:\/\/grupo.us.es\/newtutsosmodhum\/index.php?rest_route=\/wp\/v2\/types\/page"}],"author":[{"embeddable":true,"href":"https:\/\/grupo.us.es\/newtutsosmodhum\/index.php?rest_route=\/wp\/v2\/users\/1"}],"replies":[{"embeddable":true,"href":"https:\/\/grupo.us.es\/newtutsosmodhum\/index.php?rest_route=%2Fwp%2Fv2%2Fcomments&post=881"}],"version-history":[{"count":0,"href":"https:\/\/grupo.us.es\/newtutsosmodhum\/index.php?rest_route=\/wp\/v2\/pages\/881\/revisions"}],"up":[{"embeddable":true,"href":"https:\/\/grupo.us.es\/newtutsosmodhum\/index.php?rest_route=\/wp\/v2\/pages\/88"}],"wp:attachment":[{"href":"https:\/\/grupo.us.es\/newtutsosmodhum\/index.php?rest_route=%2Fwp%2Fv2%2Fmedia&parent=881"}],"curies":[{"name":"wp","href":"https:\/\/api.w.org\/{rel}","templated":true}]}}