{"id":433,"date":"2018-03-08T17:36:38","date_gmt":"2018-03-08T17:36:38","guid":{"rendered":"http:\/\/grupo.us.es\/newtutsosmodhum\/?page_id=433"},"modified":"2018-10-05T17:50:22","modified_gmt":"2018-10-05T17:50:22","slug":"b3","status":"publish","type":"page","link":"https:\/\/grupo.us.es\/newtutsosmodhum\/?page_id=433","title":{"rendered":"B3"},"content":{"rendered":"<ul>\n<li style=\"text-align: center;\"><span style=\"color: #000000;\"><strong>MODELIZACI\u00d3N AL PROCESO DE IDENTIFICACI\u00d3N Y PUESTA EN VALOR DE UN CONJUNTO PATRIMONIAL FRAGMENTADO. <\/strong><\/span><\/li>\n<li style=\"text-align: center;\"><span style=\"color: #000000;\"><strong>EL MONASTERIO DE SANTO DOMINGO DE GUZM\u00c1N EN SANLUCAR DE BARRAMEDA.<\/strong><\/span><\/li>\n<li><\/li>\n<\/ul>\n<p style=\"padding-left: 30px;\"><span style=\"color: #000000;\">\u00a0 \u00a0 <a href=\"http:\/\/grupo.us.es\/newtutsosmodhum\/?page_id=431\"><span style=\"color: #808080;\">&lt; Anterior<\/span><\/a>\u00a0 \u00a0 \u00a0 \u00a0 \u00a0 \u00a0\u00a0<a href=\"http:\/\/grupo.us.es\/newtutsosmodhum\/wp-content\/uploads\/2018\/03\/B3_COLLAGE-1.jpg\"><img loading=\"lazy\" decoding=\"async\" class=\"alignnone wp-image-732\" src=\"http:\/\/grupo.us.es\/newtutsosmodhum\/wp-content\/uploads\/2018\/03\/B3_COLLAGE-1.jpg\" alt=\"\" width=\"810\" height=\"540\" data-action=\"zoom\" srcset=\"https:\/\/grupo.us.es\/newtutsosmodhum\/wp-content\/uploads\/2018\/03\/B3_COLLAGE-1.jpg 7500w, https:\/\/grupo.us.es\/newtutsosmodhum\/wp-content\/uploads\/2018\/03\/B3_COLLAGE-1-300x200.jpg 300w, https:\/\/grupo.us.es\/newtutsosmodhum\/wp-content\/uploads\/2018\/03\/B3_COLLAGE-1-768x512.jpg 768w, https:\/\/grupo.us.es\/newtutsosmodhum\/wp-content\/uploads\/2018\/03\/B3_COLLAGE-1-1024x683.jpg 1024w\" sizes=\"auto, (max-width: 810px) 100vw, 810px\" \/><\/a>\u00a0 \u00a0 \u00a0 \u00a0 \u00a0 \u00a0<a href=\"http:\/\/grupo.us.es\/newtutsosmodhum\/?page_id=435\"><span style=\"color: #808080;\">Siguiente &gt;<\/span><\/a><\/span><\/p>\n<p>&nbsp;<\/p>\n<ul>\n<li style=\"padding-left: 30px; text-align: center;\"><span style=\"color: #000000;\">Investigadores:\u00a0<\/span><\/li>\n<li style=\"padding-left: 30px; text-align: center;\"><span style=\"color: #000000;\"><a style=\"color: #000000;\" href=\"http:\/\/grupo.us.es\/newtutsosmodhum\/?page_id=348\"><strong>Jes\u00fas Rodr\u00edguez Medina <\/strong><\/a><\/span><\/li>\n<li style=\"padding-left: 30px; text-align: center;\"><span style=\"color: #000000;\"><a style=\"color: #000000;\" href=\"http:\/\/grupo.us.es\/newtutsosmodhum\/?page_id=203\"><strong>Francisco Pinto Puerto<\/strong><\/a><\/span><\/li>\n<li style=\"padding-left: 30px; text-align: center;\"><span style=\"color: #000000;\"><a style=\"color: #000000;\" href=\"http:\/\/grupo.us.es\/newtutsosmodhum\/?page_id=321\"><strong>Federico Ar\u00e9valo Rodr\u00edguez<\/strong><\/a><\/span><\/li>\n<li><\/li>\n<\/ul>\n<p style=\"padding-left: 30px; text-align: justify;\"><span style=\"color: #000000;\">El proyecto tiene como objetivo la documentaci\u00f3n y an\u00e1lisis de un conjunto patrimonial disperso, con restos distribuidos por un \u00e1mbito amplio y con una complejidad hist\u00f3rica y material que dificulta su entendimiento como conjunto. Mediante el uso de nuevas t\u00e9cnicas de trabajo se pretende conseguir una base documental donde aportar toda la informaci\u00f3n generada alrededor del bien, creando un modelo infogr\u00e1fico BIM que contenga tanto la morfolog\u00eda del objeto como su informaci\u00f3n asociada. A partir de este modelo se desarrollan los an\u00e1lisis comunes y, a su vez, planteamientos basados en el potencial del uso de algoritmos que ayuden a obtener visiones diferentes del bien o mejoras en el trabajo sobre estos. Todo esto estar\u00e1 siempre planteado con un fin integrador, con la posibilidad de reunir visiones de diferentes disciplinas y los aportes que est\u00e1n hagan sobre el conocimiento del objeto.<\/span><\/p>\n<ul>\n<li style=\"padding-left: 30px; text-align: center;\"><span style=\"color: #000000;\">Resultados:<\/span><\/li>\n<\/ul>\n<p style=\"padding-left: 30px;\"><a href=\"http:\/\/grupo.us.es\/newtutsosmodhum\/wp-content\/uploads\/2018\/10\/D_CON_02.png\"><img loading=\"lazy\" decoding=\"async\" class=\"wp-image-1159 alignleft\" src=\"http:\/\/grupo.us.es\/newtutsosmodhum\/wp-content\/uploads\/2018\/10\/D_CON_02-1.png\" alt=\"\" width=\"200\" height=\"200\" data-action=\"zoom\" srcset=\"https:\/\/grupo.us.es\/newtutsosmodhum\/wp-content\/uploads\/2018\/10\/D_CON_02-1.png 3508w, https:\/\/grupo.us.es\/newtutsosmodhum\/wp-content\/uploads\/2018\/10\/D_CON_02-1-150x150.png 150w, https:\/\/grupo.us.es\/newtutsosmodhum\/wp-content\/uploads\/2018\/10\/D_CON_02-1-300x300.png 300w, https:\/\/grupo.us.es\/newtutsosmodhum\/wp-content\/uploads\/2018\/10\/D_CON_02-1-768x768.png 768w, https:\/\/grupo.us.es\/newtutsosmodhum\/wp-content\/uploads\/2018\/10\/D_CON_02-1-1024x1024.png 1024w\" sizes=\"auto, (max-width: 200px) 100vw, 200px\" \/><\/a><\/p>\n<p>&nbsp;<\/p>\n<p style=\"padding-left: 30px;\"><span style=\"color: #000000;\"><strong><u><a style=\"color: #000000;\" href=\"http:\/\/grupo.us.es\/newtutsosmodhum\/?page_id=348\">Rodr\u00edguez Medina, Jes\u00fas<\/a><\/u><\/strong>.\u00a0<em>Jornadas de intercambio entre la UNICAMP y la US<\/em>, Escuela T\u00e9cnica Superior de Arquitectura e Instituto Andaluz de Patrimonio Hist\u00f3rico, Sevilla,\u00a024-27 de septiembre. Desarrolladas en torno a mesas de debate con el\u00a0 objetivo principal de intercambiar\u00a0experiencias en torno a\u00a0la utilizaci\u00f3n de las herramientas digitales en la aportaci\u00f3n al conocimiento patrimonial.<\/span><\/p>\n<p>&nbsp;<\/p>\n<p>&nbsp;<\/p>\n<p style=\"padding-left: 30px;\"><a href=\"http:\/\/grupo.us.es\/newtutsosmodhum\/wp-content\/uploads\/2018\/03\/B2_ART_1-2.jpg\"><img loading=\"lazy\" decoding=\"async\" class=\"wp-image-598 alignleft\" src=\"http:\/\/grupo.us.es\/newtutsosmodhum\/wp-content\/uploads\/2018\/03\/B2_ART_1-1.jpg\" alt=\"\" width=\"200\" height=\"200\" data-action=\"zoom\" srcset=\"https:\/\/grupo.us.es\/newtutsosmodhum\/wp-content\/uploads\/2018\/03\/B2_ART_1-1.jpg 900w, https:\/\/grupo.us.es\/newtutsosmodhum\/wp-content\/uploads\/2018\/03\/B2_ART_1-1-150x150.jpg 150w, https:\/\/grupo.us.es\/newtutsosmodhum\/wp-content\/uploads\/2018\/03\/B2_ART_1-1-300x300.jpg 300w, https:\/\/grupo.us.es\/newtutsosmodhum\/wp-content\/uploads\/2018\/03\/B2_ART_1-1-768x768.jpg 768w\" sizes=\"auto, (max-width: 200px) 100vw, 200px\" \/><\/a><\/p>\n<p>&nbsp;<\/p>\n<p style=\"padding-left: 30px;\"><span style=\"color: #000000;\"><strong><u><a style=\"color: #000000;\" href=\"http:\/\/grupo.us.es\/newtutsosmodhum\/?page_id=340\">Angulo Fornos, Roque<\/a>;\u00a0<a style=\"color: #000000;\" href=\"http:\/\/grupo.us.es\/newtutsosmodhum\/?page_id=203\">Pinto Puerto, Francisco<\/a>; <a style=\"color: #000000;\" href=\"http:\/\/grupo.us.es\/newtutsosmodhum\/?page_id=348\">Rodr\u00edguez Medina, Jes\u00fas<\/a>;<\/u><\/strong>\u00a0<strong>Palomino, Antonio<\/strong>. \u00abDigital Anastylosis of the Remains of a Portal by Master Builder Hern\u00e1n Ruiz: Knowledge Strategies, Methods and Modelling Results\u00bb, en\u00a0<em>Digital Applications in Archaeology and Cultural Heritage<\/em> vol. 7, diciembre de 2017, pp. 32\u201341.<\/span><\/p>\n<p><span style=\"color: #000000;\">Enlace a<\/span>\u00a0<a href=\"https:\/\/www.sciencedirect.com\/science\/article\/pii\/S2212054817300115#!\"><strong><span style=\"color: #ff0000;\"><u>art\u00edculo<\/u><\/span><\/strong><\/a><span style=\"color: #000000;\">.<\/span><\/p>\n<p>&nbsp;<\/p>\n<p>&nbsp;<\/p>\n<p style=\"padding-left: 30px;\"><span style=\"color: #000000;\"><strong><u><a href=\"http:\/\/grupo.us.es\/newtutsosmodhum\/wp-content\/uploads\/2018\/03\/B3_ART_01.png\"><img loading=\"lazy\" decoding=\"async\" class=\"wp-image-785 alignleft\" src=\"http:\/\/grupo.us.es\/newtutsosmodhum\/wp-content\/uploads\/2018\/03\/B3_ART_01.jpg\" alt=\"\" width=\"200\" height=\"200\" data-action=\"zoom\" srcset=\"https:\/\/grupo.us.es\/newtutsosmodhum\/wp-content\/uploads\/2018\/03\/B3_ART_01.jpg 572w, https:\/\/grupo.us.es\/newtutsosmodhum\/wp-content\/uploads\/2018\/03\/B3_ART_01-150x150.jpg 150w, https:\/\/grupo.us.es\/newtutsosmodhum\/wp-content\/uploads\/2018\/03\/B3_ART_01-300x300.jpg 300w\" sizes=\"auto, (max-width: 200px) 100vw, 200px\" \/><\/a><\/u><\/strong><\/span><\/p>\n<p>&nbsp;<\/p>\n<p style=\"padding-left: 30px;\"><span style=\"color: #000000;\"><strong><u><span style=\"color: #000000;\">Rodriguez Gutierrez, Oliva;\u00a0<a style=\"color: #000000;\" href=\"http:\/\/grupo.us.es\/newtutsosmodhum\/?page_id=348\">Rodr\u00edguez Medina, Jes\u00fas<\/a>;\u00a0<a style=\"color: #000000;\" href=\"http:\/\/grupo.us.es\/newtutsosmodhum\/?page_id=203\">Pinto Puerto, Francisco<\/a>;\u00a0<a style=\"color: #000000;\" href=\"http:\/\/grupo.us.es\/newtutsosmodhum\/?page_id=340\">Angulo Fornos, Roque<\/a><\/span><\/u><\/strong>. \u00abRefuerzo de fustes de columna en la arquitectura monumental de Italica (prov. Baetica). Aplicaci\u00f3n de nuevas tecnolog\u00edas para la reconstrucci\u00f3n de una pr\u00e1ctica singula\u00bb, <em>Arqueolog\u00eda de la Arquitectura<\/em>, n.13, 2016, pp. 1-14.\u00a0<\/span><\/p>\n<p><span style=\"color: #000000;\">Enlace a<\/span>\u00a0<a href=\"http:\/\/arqarqt.revistas.csic.es\/index.php\/arqarqt\/article\/view\/203\"><strong><span style=\"color: #ff0000;\"><u>art\u00edculo<\/u><\/span><\/strong><\/a><span style=\"color: #000000;\">.<\/span><\/p>\n","protected":false},"excerpt":{"rendered":"<p>MODELIZACI\u00d3N AL PROCESO DE IDENTIFICACI\u00d3N Y PUESTA EN VALOR DE UN CONJUNTO PATRIMONIAL FRAGMENTADO. EL MONASTERIO DE SANTO DOMINGO DE [&hellip;]<\/p>\n","protected":false},"author":1,"featured_media":0,"parent":88,"menu_order":8,"comment_status":"closed","ping_status":"closed","template":"","meta":{"footnotes":""},"class_list":["post-433","page","type-page","status-publish","hentry"],"_links":{"self":[{"href":"https:\/\/grupo.us.es\/newtutsosmodhum\/index.php?rest_route=\/wp\/v2\/pages\/433","targetHints":{"allow":["GET"]}}],"collection":[{"href":"https:\/\/grupo.us.es\/newtutsosmodhum\/index.php?rest_route=\/wp\/v2\/pages"}],"about":[{"href":"https:\/\/grupo.us.es\/newtutsosmodhum\/index.php?rest_route=\/wp\/v2\/types\/page"}],"author":[{"embeddable":true,"href":"https:\/\/grupo.us.es\/newtutsosmodhum\/index.php?rest_route=\/wp\/v2\/users\/1"}],"replies":[{"embeddable":true,"href":"https:\/\/grupo.us.es\/newtutsosmodhum\/index.php?rest_route=%2Fwp%2Fv2%2Fcomments&post=433"}],"version-history":[{"count":0,"href":"https:\/\/grupo.us.es\/newtutsosmodhum\/index.php?rest_route=\/wp\/v2\/pages\/433\/revisions"}],"up":[{"embeddable":true,"href":"https:\/\/grupo.us.es\/newtutsosmodhum\/index.php?rest_route=\/wp\/v2\/pages\/88"}],"wp:attachment":[{"href":"https:\/\/grupo.us.es\/newtutsosmodhum\/index.php?rest_route=%2Fwp%2Fv2%2Fmedia&parent=433"}],"curies":[{"name":"wp","href":"https:\/\/api.w.org\/{rel}","templated":true}]}}