{"id":431,"date":"2018-03-08T17:36:21","date_gmt":"2018-03-08T17:36:21","guid":{"rendered":"http:\/\/grupo.us.es\/newtutsosmodhum\/?page_id=431"},"modified":"2020-07-17T08:30:21","modified_gmt":"2020-07-17T08:30:21","slug":"b2","status":"publish","type":"page","link":"https:\/\/grupo.us.es\/newtutsosmodhum\/?page_id=431","title":{"rendered":"B2"},"content":{"rendered":"<ul>\n<li style=\"text-align: center;\"><span style=\"color: #000000;\"><strong>ESTRATEGIAS Y M\u00c9TODOS DESTINADOS A LA GENERACI\u00d3N DEL MODELO BIM <\/strong><\/span><\/li>\n<li style=\"text-align: center;\"><span style=\"color: #000000;\"><strong>DESDE LA CAPTURA M\u00c9TRICA A LA MODELIZACI\u00d3N 3D DEL OBJETO<\/strong><\/span><\/li>\n<li><\/li>\n<\/ul>\n<p style=\"padding-left: 30px;\"><span style=\"color: #000000;\">\u00a0<a href=\"http:\/\/grupo.us.es\/newtutsosmodhum\/?page_id=429\"><span style=\"color: #808080;\">&lt; Anterior<\/span><\/a>\u00a0 \u00a0 \u00a0 \u00a0 \u00a0 \u00a0 \u00a0 <a href=\"http:\/\/grupo.us.es\/newtutsosmodhum\/wp-content\/uploads\/2018\/03\/B2_COLLAGE-2.jpg\"><img loading=\"lazy\" decoding=\"async\" class=\"alignnone wp-image-776\" src=\"http:\/\/grupo.us.es\/newtutsosmodhum\/wp-content\/uploads\/2018\/03\/B2_COLLAGE-2.jpg\" alt=\"\" width=\"810\" height=\"540\" data-action=\"zoom\" srcset=\"https:\/\/grupo.us.es\/newtutsosmodhum\/wp-content\/uploads\/2018\/03\/B2_COLLAGE-2.jpg 3750w, https:\/\/grupo.us.es\/newtutsosmodhum\/wp-content\/uploads\/2018\/03\/B2_COLLAGE-2-300x200.jpg 300w, https:\/\/grupo.us.es\/newtutsosmodhum\/wp-content\/uploads\/2018\/03\/B2_COLLAGE-2-768x512.jpg 768w, https:\/\/grupo.us.es\/newtutsosmodhum\/wp-content\/uploads\/2018\/03\/B2_COLLAGE-2-1024x683.jpg 1024w\" sizes=\"auto, (max-width: 810px) 100vw, 810px\" \/><\/a>\u00a0 \u00a0 \u00a0 \u00a0 \u00a0 \u00a0 \u00a0 \u00a0<a href=\"http:\/\/grupo.us.es\/newtutsosmodhum\/?page_id=433\"><span style=\"color: #808080;\">Siguiente &gt;<\/span><\/a><\/span><\/p>\n<p>&nbsp;<\/p>\n<ul>\n<li style=\"padding-left: 30px; text-align: center;\"><span style=\"color: #000000;\">Investigadores:\u00a0<\/span><\/li>\n<li style=\"padding-left: 30px; text-align: center;\"><a href=\"http:\/\/grupo.us.es\/newtutsosmodhum\/?page_id=340\"><span style=\"color: #000000;\"><strong>Roque Angulo Fornos<\/strong><\/span><\/a><\/li>\n<li style=\"padding-left: 30px; text-align: center;\"><a href=\"http:\/\/grupo.us.es\/newtutsosmodhum\/?page_id=203\"><span style=\"color: #000000;\"><strong>Francisco Pinto Puerto<\/strong><\/span><\/a><\/li>\n<\/ul>\n<p style=\"color: #000000; padding-left: 30px;\" align=\"justify\">Esta acci\u00f3n tiene como objetivo fundamental profundizar en las estrategias y m\u00e9todos de procesamiento de datos obtenidos mediante captura digital (fotogrametr\u00eda \/ esc\u00e1ner l\u00e1ser) y su conversi\u00f3n en modelos HBIM de edificios hist\u00f3ricos susceptibles de contener toda la informaci\u00f3n posible relativa a su devenir hist\u00f3rico y estado de conservaci\u00f3n, como soporte de procesos de conocimiento, conservaci\u00f3n y gesti\u00f3n de los mismos. Para ello, se tomar\u00e1 como caso de estudio la capilla de la Virgen de la Antigua (Catedral de Sevilla), de la que se dispone tanto de su modelo fotogram\u00e9trico como de su lectura estratigr\u00e1fica.<\/p>\n<p>&nbsp;<\/p>\n<ul>\n<li style=\"padding-left: 30px; text-align: center;\"><span style=\"color: #000000;\">Resultados:<\/span><\/li>\n<\/ul>\n<p style=\"padding-left: 30px;\"><span style=\"color: #000000;\"><strong><u><a href=\"http:\/\/grupo.us.es\/newtutsosmodhum\/wp-content\/uploads\/2020\/07\/AASS_RAF-MCR.png\"><img loading=\"lazy\" decoding=\"async\" class=\"wp-image-1504 alignleft\" src=\"http:\/\/grupo.us.es\/newtutsosmodhum\/wp-content\/uploads\/2020\/07\/AASS_RAF-MCR.png\" alt=\"\" width=\"200\" height=\"164\" data-action=\"zoom\" srcset=\"https:\/\/grupo.us.es\/newtutsosmodhum\/wp-content\/uploads\/2020\/07\/AASS_RAF-MCR.png 842w, https:\/\/grupo.us.es\/newtutsosmodhum\/wp-content\/uploads\/2020\/07\/AASS_RAF-MCR-300x246.png 300w, https:\/\/grupo.us.es\/newtutsosmodhum\/wp-content\/uploads\/2020\/07\/AASS_RAF-MCR-768x629.png 768w\" sizes=\"auto, (max-width: 200px) 100vw, 200px\" \/><\/a><\/u><\/strong><\/span><\/p>\n<p>&nbsp;<\/p>\n<p style=\"padding-left: 30px;\"><span style=\"color: #000000;\"><strong><u><span style=\"color: #000000;\"><a style=\"color: #000000;\" href=\"http:\/\/grupo.us.es\/newtutsosmodhum\/?page_id=340\">Angulo Fornos, Roque<\/a><\/span><\/u><\/strong>; <a style=\"color: #000000;\" href=\"http:\/\/grupo.us.es\/newtutsosmodhum\/?page_id=368\"><strong><u>Castellano Rom\u00e1n, Manuel<\/u><\/strong><\/a>.\u00a0\u00ab<span lang=\"EN-US\">HBIM as Support of Preventive Conservation Actions in Heritage Architecture. Experience of the Renaissance Quadrant Fa\u00e7ade of the Cathedral of Seville\u00bb, en\u00a0<\/span><i>Applied Sciences 10 (7)<\/i>: 2428, 2020.\u00a0doi: 10.3390\/app10072428<\/span><\/p>\n<p>&nbsp;<\/p>\n<p>&nbsp;<\/p>\n<p style=\"padding-left: 30px;\"><span style=\"color: #000000;\"><strong><u><a href=\"http:\/\/grupo.us.es\/newtutsosmodhum\/wp-content\/uploads\/2018\/05\/B2_TES_01.jpg\"><img loading=\"lazy\" decoding=\"async\" class=\"wp-image-1037 alignleft\" src=\"http:\/\/grupo.us.es\/newtutsosmodhum\/wp-content\/uploads\/2018\/05\/B2_TES_01.jpg\" alt=\"\" width=\"200\" height=\"200\" data-action=\"zoom\" srcset=\"https:\/\/grupo.us.es\/newtutsosmodhum\/wp-content\/uploads\/2018\/05\/B2_TES_01.jpg 825w, https:\/\/grupo.us.es\/newtutsosmodhum\/wp-content\/uploads\/2018\/05\/B2_TES_01-150x150.jpg 150w, https:\/\/grupo.us.es\/newtutsosmodhum\/wp-content\/uploads\/2018\/05\/B2_TES_01-300x300.jpg 300w, https:\/\/grupo.us.es\/newtutsosmodhum\/wp-content\/uploads\/2018\/05\/B2_TES_01-768x768.jpg 768w\" sizes=\"auto, (max-width: 200px) 100vw, 200px\" \/><\/a><\/u><\/strong><\/span><\/p>\n<p>&nbsp;<\/p>\n<p style=\"padding-left: 30px;\"><span style=\"color: #000000;\"><strong><u><a style=\"color: #000000;\" href=\"http:\/\/grupo.us.es\/newtutsosmodhum\/?page_id=340\">Angulo Fornos, Roque<\/a><\/u><\/strong>\u00a0(Dir. Tesis\u00a0<strong><u><a style=\"color: #000000;\" href=\"http:\/\/grupo.us.es\/newtutsosmodhum\/?page_id=203\">Pinto Puerto, Francisco<\/a><\/u><\/strong>). <em>Desarrollo de modelos digitales de informaci\u00f3n como base para el conocimiento, la intervenci\u00f3n y la gesti\u00f3n en el patrimonio arquitect\u00f3nico: de la captura digital al modelo HBIM<\/em>,\u00a0Escuela T\u00e9cnica Superior de Arquitectura de Sevilla, 2020.<\/span><\/p>\n<p><span style=\"color: #000000;\">Enlace a\u00a0<\/span><a href=\"https:\/\/idus.us.es\/handle\/11441\/98088\"><strong><span style=\"color: #ff0000;\"><u>idUS<\/u><\/span><\/strong><\/a><span style=\"color: #000000;\">.<\/span><\/p>\n<p>&nbsp;<\/p>\n<p>&nbsp;<\/p>\n<p style=\"padding-left: 30px;\"><a href=\"http:\/\/grupo.us.es\/newtutsosmodhum\/wp-content\/uploads\/2018\/10\/D_CON_02.png\"><img loading=\"lazy\" decoding=\"async\" class=\"wp-image-1159 alignleft\" src=\"http:\/\/grupo.us.es\/newtutsosmodhum\/wp-content\/uploads\/2018\/10\/D_CON_02-1.png\" alt=\"\" width=\"200\" height=\"200\" data-action=\"zoom\" srcset=\"https:\/\/grupo.us.es\/newtutsosmodhum\/wp-content\/uploads\/2018\/10\/D_CON_02-1.png 3508w, https:\/\/grupo.us.es\/newtutsosmodhum\/wp-content\/uploads\/2018\/10\/D_CON_02-1-150x150.png 150w, https:\/\/grupo.us.es\/newtutsosmodhum\/wp-content\/uploads\/2018\/10\/D_CON_02-1-300x300.png 300w, https:\/\/grupo.us.es\/newtutsosmodhum\/wp-content\/uploads\/2018\/10\/D_CON_02-1-768x768.png 768w, https:\/\/grupo.us.es\/newtutsosmodhum\/wp-content\/uploads\/2018\/10\/D_CON_02-1-1024x1024.png 1024w\" sizes=\"auto, (max-width: 200px) 100vw, 200px\" \/><\/a><\/p>\n<p>&nbsp;<\/p>\n<p style=\"padding-left: 30px;\"><span style=\"color: #000000;\"><strong><u><a style=\"color: #000000;\" href=\"http:\/\/grupo.us.es\/newtutsosmodhum\/?page_id=340\">Angulo Fornos, Roque<\/a><\/u><\/strong>.\u00a0<em>Jornadas de intercambio entre la UNICAMP y la US<\/em>, Escuela T\u00e9cnica Superior de Arquitectura e Instituto Andaluz de Patrimonio Hist\u00f3rico, Sevilla,\u00a024-27 de septiembre. Desarrolladas en torno a mesas de debate con el\u00a0 objetivo principal de intercambiar\u00a0experiencias en torno a\u00a0la utilizaci\u00f3n de las herramientas digitales en la aportaci\u00f3n al conocimiento patrimonial.<\/span><\/p>\n<p>&nbsp;<\/p>\n<p>&nbsp;<\/p>\n<p style=\"padding-left: 30px;\"><a href=\"http:\/\/grupo.us.es\/newtutsosmodhum\/wp-content\/uploads\/2018\/03\/B2_ART_1-2.jpg\"><img loading=\"lazy\" decoding=\"async\" class=\"wp-image-598 alignleft\" src=\"http:\/\/grupo.us.es\/newtutsosmodhum\/wp-content\/uploads\/2018\/03\/B2_ART_1-1.jpg\" alt=\"\" width=\"200\" height=\"200\" data-action=\"zoom\" srcset=\"https:\/\/grupo.us.es\/newtutsosmodhum\/wp-content\/uploads\/2018\/03\/B2_ART_1-1.jpg 900w, https:\/\/grupo.us.es\/newtutsosmodhum\/wp-content\/uploads\/2018\/03\/B2_ART_1-1-150x150.jpg 150w, https:\/\/grupo.us.es\/newtutsosmodhum\/wp-content\/uploads\/2018\/03\/B2_ART_1-1-300x300.jpg 300w, https:\/\/grupo.us.es\/newtutsosmodhum\/wp-content\/uploads\/2018\/03\/B2_ART_1-1-768x768.jpg 768w\" sizes=\"auto, (max-width: 200px) 100vw, 200px\" \/><\/a><\/p>\n<p>&nbsp;<\/p>\n<p style=\"padding-left: 30px;\"><span style=\"color: #000000;\"><strong><u><a style=\"color: #000000;\" href=\"http:\/\/grupo.us.es\/newtutsosmodhum\/?page_id=340\">Angulo Fornos, Roque<\/a>;\u00a0<a style=\"color: #000000;\" href=\"http:\/\/grupo.us.es\/newtutsosmodhum\/?page_id=203\">Pinto Puerto, Francisco<\/a>; <a style=\"color: #000000;\" href=\"http:\/\/grupo.us.es\/newtutsosmodhum\/?page_id=348\">Rodr\u00edguez Medina, Jes\u00fas<\/a>;<\/u><\/strong>\u00a0<strong>Palomino, Antonio<\/strong>. \u00abDigital Anastylosis of the Remains of a Portal by Master Builder Hern\u00e1n Ruiz: Knowledge Strategies, Methods and Modelling Results\u00bb, en\u00a0<em>Digital Applications in Archaeology and Cultural Heritage<\/em> vol. 7, diciembre de 2017, pp. 32\u201341.<\/span><\/p>\n<p><span style=\"color: #000000;\">Enlace a<\/span>\u00a0<a href=\"https:\/\/www.sciencedirect.com\/science\/article\/pii\/S2212054817300115#!\"><strong><span style=\"color: #ff0000;\"><u>art\u00edculo<\/u><\/span><\/strong><\/a><span style=\"color: #000000;\">.<\/span><\/p>\n<p>&nbsp;<\/p>\n<p>&nbsp;<\/p>\n<p style=\"padding-left: 30px;\"><a href=\"http:\/\/grupo.us.es\/newtutsosmodhum\/wp-content\/uploads\/2018\/03\/6-13.jpg\"><img loading=\"lazy\" decoding=\"async\" class=\"wp-image-780 alignleft\" src=\"http:\/\/grupo.us.es\/newtutsosmodhum\/wp-content\/uploads\/2018\/03\/B2_MON_2.jpg\" alt=\"\" width=\"200\" height=\"200\" data-action=\"zoom\" srcset=\"https:\/\/grupo.us.es\/newtutsosmodhum\/wp-content\/uploads\/2018\/03\/B2_MON_2.jpg 674w, https:\/\/grupo.us.es\/newtutsosmodhum\/wp-content\/uploads\/2018\/03\/B2_MON_2-150x150.jpg 150w, https:\/\/grupo.us.es\/newtutsosmodhum\/wp-content\/uploads\/2018\/03\/B2_MON_2-300x300.jpg 300w\" sizes=\"auto, (max-width: 200px) 100vw, 200px\" \/><\/a><\/p>\n<p>&nbsp;<\/p>\n<p>&nbsp;<\/p>\n<p style=\"padding-left: 30px;\"><span style=\"color: #000000;\"><strong><u><a style=\"color: #000000;\" href=\"http:\/\/grupo.us.es\/newtutsosmodhum\/?page_id=340\">Angulo Fornos, Roque<\/a>;<\/u><\/strong>\u00a0<strong><u><a style=\"color: #000000;\" href=\"http:\/\/grupo.us.es\/newtutsosmodhum\/?page_id=203\">Pinto Puerto, Francisco<\/a>;\u00a0<\/u><\/strong><a style=\"color: #000000;\" href=\"http:\/\/grupo.us.es\/newtutsosmodhum\/?page_id=364\"><strong><u>Guerrero Vega, Jos\u00e9 Mar\u00eda<\/u><\/strong><\/a><u><\/u>. \u00abEl modelo digital del facistol. Cap\u00edtulo 6: Planimetr\u00eda del facistol\u00bb, <em>El facistol de la catedral de Sevilla. Estudios y recuperaci\u00f3n,\u00a0<\/em>Editorial de la Universidad de Sevilla &#8211; Cabildo Catedral de Sevilla, Sevilla, 2016, pp. 243-250. ISBN: 978-84-472-1804-2.<\/span><\/p>\n<p>&nbsp;<\/p>\n<p>&nbsp;<\/p>\n<p style=\"padding-left: 30px;\"><a href=\"http:\/\/grupo.us.es\/newtutsosmodhum\/wp-content\/uploads\/2018\/03\/PORTADA-FASCISTOL.jpg\"><img loading=\"lazy\" decoding=\"async\" class=\"wp-image-791 alignleft\" src=\"http:\/\/grupo.us.es\/newtutsosmodhum\/wp-content\/uploads\/2018\/03\/PORTADA-FASCISTOL-CUADRADA.jpg\" alt=\"\" width=\"200\" height=\"200\" data-action=\"zoom\" srcset=\"https:\/\/grupo.us.es\/newtutsosmodhum\/wp-content\/uploads\/2018\/03\/PORTADA-FASCISTOL-CUADRADA.jpg 465w, https:\/\/grupo.us.es\/newtutsosmodhum\/wp-content\/uploads\/2018\/03\/PORTADA-FASCISTOL-CUADRADA-150x150.jpg 150w, https:\/\/grupo.us.es\/newtutsosmodhum\/wp-content\/uploads\/2018\/03\/PORTADA-FASCISTOL-CUADRADA-300x300.jpg 300w\" sizes=\"auto, (max-width: 200px) 100vw, 200px\" \/><\/a><u><\/u><\/p>\n<p>&nbsp;<\/p>\n<p style=\"padding-left: 30px;\"><span style=\"color: #000000;\"><strong><u><a style=\"color: #000000;\" href=\"http:\/\/grupo.us.es\/newtutsosmodhum\/?page_id=203\">Pinto Puerto, Francisco<\/a><\/u><\/strong>. \u00abCap\u00edtulo 4. Tra\u00e7a, arquitectura y perspectiva del facistol\u00bb, <em>El facistol del coro de la Catedral de Sevilla: conocimiento e intervenci\u00f3n,\u00a0<\/em>Editorial de la Universidad de Sevilla &#8211; Cabildo Catedral de Sevilla, Sevilla, 2016, pp. 185-225. ISBN: 978-84-472-1804-2.<\/span><\/p>\n<p>&nbsp;<\/p>\n<p>&nbsp;<\/p>\n<p>&nbsp;<\/p>\n<p style=\"padding-left: 30px;\"><a href=\"http:\/\/grupo.us.es\/newtutsosmodhum\/wp-content\/uploads\/2018\/03\/B2_GEN_02.png\"><img loading=\"lazy\" decoding=\"async\" class=\"wp-image-778 alignleft\" src=\"http:\/\/grupo.us.es\/newtutsosmodhum\/wp-content\/uploads\/2018\/03\/B2_ART_2.jpg\" alt=\"\" width=\"200\" height=\"200\" data-action=\"zoom\" srcset=\"https:\/\/grupo.us.es\/newtutsosmodhum\/wp-content\/uploads\/2018\/03\/B2_ART_2.jpg 780w, https:\/\/grupo.us.es\/newtutsosmodhum\/wp-content\/uploads\/2018\/03\/B2_ART_2-150x150.jpg 150w, https:\/\/grupo.us.es\/newtutsosmodhum\/wp-content\/uploads\/2018\/03\/B2_ART_2-300x300.jpg 300w, https:\/\/grupo.us.es\/newtutsosmodhum\/wp-content\/uploads\/2018\/03\/B2_ART_2-768x768.jpg 768w\" sizes=\"auto, (max-width: 200px) 100vw, 200px\" \/><\/a><\/p>\n<p>&nbsp;<\/p>\n<p><span style=\"color: #000000;\"><strong><u><a style=\"color: #000000;\" href=\"http:\/\/grupo.us.es\/newtutsosmodhum\/?page_id=340\">Angulo Fornos, Roque<\/a><\/u><\/strong>. \u00abDigital Models Applied to the Analysis, Intervention and Management of Architectural Heritage\u00bb,\u00a0<em>WIT Transactions on The Built Environment,\u00a0<\/em>Ed. WITPress, Vol. 149, 2015. ISSN: 1743-3509.\u00a0<\/span><\/p>\n<p><span style=\"color: #000000;\">Enlace a<span style=\"color: #ff0000;\">\u00a0<a style=\"color: #ff0000;\" href=\"http:\/\/citeseerx.ist.psu.edu\/viewdoc\/download?doi=10.1.1.736.1737&amp;rep=rep1&amp;type=pdf\"><strong><u>art\u00edculo<\/u><\/strong><\/a><\/span>.<\/span><\/p>\n<p>&nbsp;<\/p>\n<p>&nbsp;<\/p>\n<p style=\"padding-left: 30px;\"><span style=\"color: #000000;\"><a style=\"color: #000000;\" href=\"http:\/\/grupo.us.es\/newtutsosmodhum\/wp-content\/uploads\/2018\/03\/B2_MON_1.jpg\"><img loading=\"lazy\" decoding=\"async\" class=\"wp-image-779 alignleft\" src=\"http:\/\/grupo.us.es\/newtutsosmodhum\/wp-content\/uploads\/2018\/03\/B2_MON_1.jpg\" alt=\"\" width=\"200\" height=\"200\" data-action=\"zoom\" srcset=\"https:\/\/grupo.us.es\/newtutsosmodhum\/wp-content\/uploads\/2018\/03\/B2_MON_1.jpg 2229w, https:\/\/grupo.us.es\/newtutsosmodhum\/wp-content\/uploads\/2018\/03\/B2_MON_1-150x150.jpg 150w, https:\/\/grupo.us.es\/newtutsosmodhum\/wp-content\/uploads\/2018\/03\/B2_MON_1-300x300.jpg 300w, https:\/\/grupo.us.es\/newtutsosmodhum\/wp-content\/uploads\/2018\/03\/B2_MON_1-768x768.jpg 768w, https:\/\/grupo.us.es\/newtutsosmodhum\/wp-content\/uploads\/2018\/03\/B2_MON_1-1024x1024.jpg 1024w\" sizes=\"auto, (max-width: 200px) 100vw, 200px\" \/><\/a><\/span><\/p>\n<p>&nbsp;<\/p>\n<p>&nbsp;<\/p>\n<p><span style=\"color: #000000;\"><strong><u><a style=\"color: #000000;\" href=\"http:\/\/grupo.us.es\/newtutsosmodhum\/?page_id=340\">Angulo Fornos, Roque<\/a><\/u><\/strong>. \u00abDecisiones constructivas en la ejecuci\u00f3n de la Capilla de la Antigua de la catedral de Sevilla. Estudio a trav\u00e9s de modelos gr\u00e1ficos\u00bb, en Actas del <em>IX congreso nacional y I hispanoamericano de Historia de la Construcci\u00f3n,\u00a0<\/em>Vol III,\u00a0 Sociedad Espa\u00f1ola de Historia de la Construcci\u00f3n-Instituto Juan de Herrera, Madrid, 2015, pp. 1337-1348. ISBN: 978-84-9728-550-6 (vol III).<\/span><\/p>\n","protected":false},"excerpt":{"rendered":"<p>ESTRATEGIAS Y M\u00c9TODOS DESTINADOS A LA GENERACI\u00d3N DEL MODELO BIM DESDE LA CAPTURA M\u00c9TRICA A LA MODELIZACI\u00d3N 3D DEL OBJETO [&hellip;]<\/p>\n","protected":false},"author":1,"featured_media":0,"parent":88,"menu_order":7,"comment_status":"closed","ping_status":"closed","template":"","meta":{"footnotes":""},"class_list":["post-431","page","type-page","status-publish","hentry"],"_links":{"self":[{"href":"https:\/\/grupo.us.es\/newtutsosmodhum\/index.php?rest_route=\/wp\/v2\/pages\/431","targetHints":{"allow":["GET"]}}],"collection":[{"href":"https:\/\/grupo.us.es\/newtutsosmodhum\/index.php?rest_route=\/wp\/v2\/pages"}],"about":[{"href":"https:\/\/grupo.us.es\/newtutsosmodhum\/index.php?rest_route=\/wp\/v2\/types\/page"}],"author":[{"embeddable":true,"href":"https:\/\/grupo.us.es\/newtutsosmodhum\/index.php?rest_route=\/wp\/v2\/users\/1"}],"replies":[{"embeddable":true,"href":"https:\/\/grupo.us.es\/newtutsosmodhum\/index.php?rest_route=%2Fwp%2Fv2%2Fcomments&post=431"}],"version-history":[{"count":0,"href":"https:\/\/grupo.us.es\/newtutsosmodhum\/index.php?rest_route=\/wp\/v2\/pages\/431\/revisions"}],"up":[{"embeddable":true,"href":"https:\/\/grupo.us.es\/newtutsosmodhum\/index.php?rest_route=\/wp\/v2\/pages\/88"}],"wp:attachment":[{"href":"https:\/\/grupo.us.es\/newtutsosmodhum\/index.php?rest_route=%2Fwp%2Fv2%2Fmedia&parent=431"}],"curies":[{"name":"wp","href":"https:\/\/api.w.org\/{rel}","templated":true}]}}