{"id":423,"date":"2018-03-08T17:35:02","date_gmt":"2018-03-08T17:35:02","guid":{"rendered":"http:\/\/grupo.us.es\/newtutsosmodhum\/?page_id=423"},"modified":"2020-12-29T11:13:03","modified_gmt":"2020-12-29T11:13:03","slug":"a1-3","status":"publish","type":"page","link":"https:\/\/grupo.us.es\/newtutsosmodhum\/?page_id=423","title":{"rendered":"A1.3"},"content":{"rendered":"<ul>\n<li style=\"text-align: center;\"><span style=\"color: #000000;\"><strong>PUESTA EN VALOR DE ARQUITECTURA DISPERSA EN RIESGO DE DESAPARICI\u00d3N.<\/strong><\/span><\/li>\n<li style=\"text-align: center;\"><span style=\"color: #000000;\"><strong>ARQUITECTURA MILITAR CONTEMPOR\u00c1NEA.<\/strong><\/span><\/li>\n<li><\/li>\n<\/ul>\n<p style=\"text-align: center; padding-left: 30px;\"><span style=\"color: #999999;\"><span style=\"color: #808080;\">\u00a0 <a style=\"color: #808080;\" href=\"http:\/\/grupo.us.es\/newtutsosmodhum\/?page_id=253\">&lt;\u00a0 Anterior<\/a>\u00a0 \u00a0 \u00a0 \u00a0 \u00a0 \u00a0 <a href=\"http:\/\/grupo.us.es\/newtutsosmodhum\/wp-content\/uploads\/2018\/03\/A1.3_COLLAGE_3.jpg\"><img loading=\"lazy\" decoding=\"async\" class=\"alignnone wp-image-723\" src=\"http:\/\/grupo.us.es\/newtutsosmodhum\/wp-content\/uploads\/2018\/03\/A1.3_COLLAGE_3.jpg\" alt=\"\" width=\"810\" height=\"540\" data-action=\"zoom\" srcset=\"https:\/\/grupo.us.es\/newtutsosmodhum\/wp-content\/uploads\/2018\/03\/A1.3_COLLAGE_3.jpg 900w, https:\/\/grupo.us.es\/newtutsosmodhum\/wp-content\/uploads\/2018\/03\/A1.3_COLLAGE_3-300x200.jpg 300w, https:\/\/grupo.us.es\/newtutsosmodhum\/wp-content\/uploads\/2018\/03\/A1.3_COLLAGE_3-768x512.jpg 768w\" sizes=\"auto, (max-width: 810px) 100vw, 810px\" \/><\/a><\/span><\/span><span style=\"color: #808080;\">\u00a0 \u00a0 \u00a0 \u00a0 \u00a0 \u00a0 \u00a0<a style=\"color: #808080;\" href=\"http:\/\/grupo.us.es\/newtutsosmodhum\/?page_id=425\">Siguiente\u00a0 &gt;<\/a><\/span><\/p>\n<p>&nbsp;<\/p>\n<ul>\n<li style=\"text-align: center;\"><span style=\"color: #000000;\">Investigadores:<\/span><\/li>\n<li style=\"text-align: center;\"><a href=\"http:\/\/grupo.us.es\/newtutsosmodhum\/?page_id=356\"><strong><span style=\"color: #000000;\">Alberto Atanasio Guisado<\/span><\/strong><\/a><\/li>\n<li style=\"text-align: center;\"><a href=\"http:\/\/grupo.us.es\/newtutsosmodhum\/?page_id=321\"><strong><span style=\"color: #000000;\">Federico Ar\u00e9valo Rodr\u00edguez<\/span><\/strong><\/a><\/li>\n<\/ul>\n<p style=\"padding-left: 30px;\" align=\"justify\"><span style=\"color: #000000;\">Esta acci\u00f3n pretende dar a conocer unos elementos arquitect\u00f3nicos y patrimoniales pr\u00e1cticamente olvidados por la historiograf\u00eda: las torres vig\u00edas y las peque\u00f1as fortalezas de la banda morisca en la provincia de Sevilla. A pesar del alto n\u00famero que salpican nuestra provincia y la conservaci\u00f3n relativamente aceptable de algunas de ellas, la planimetr\u00eda es casi inexistente y el conocimiento hist\u00f3rico de las mismas se reduce en la mayor\u00eda de los casos a breves citas inmersas en leyendas locales. Creemos que es justo sacarlas del olvido mediante un estudio que constituya una base de conocimiento, desde los \u00e1ngulos de la historia y la arquitectura, con el fin de obtener unos resultados que puedan servir para valorar cada uno de estos elementos en el futuro, y que adem\u00e1s funcionen como documento con utilidad pr\u00e1ctica y operativa en la b\u00fasqueda de estrategias de intervenci\u00f3n para su conservaci\u00f3n.<br \/>\n<\/span><\/p>\n<p style=\"padding-left: 30px;\"><span style=\"color: #000000;\">\u00a0<\/span><\/p>\n<ul>\n<li style=\"padding-left: 30px; text-align: center;\"><span style=\"color: #000000;\">Resultados:<\/span><\/li>\n<\/ul>\n<p>&nbsp;<\/p>\n<p style=\"font-weight: 400; padding-left: 30px;\"><span style=\"color: #000000;\"><strong><u><a href=\"http:\/\/grupo.us.es\/newtutsosmodhum\/wp-content\/uploads\/2020\/12\/img_04_cita_paulvirilioyelbunker.jpg\"><img loading=\"lazy\" decoding=\"async\" class=\"wp-image-1720 alignleft\" src=\"http:\/\/grupo.us.es\/newtutsosmodhum\/wp-content\/uploads\/2020\/12\/img_04_cita_paulvirilioyelbunker.jpg\" alt=\"\" width=\"200\" height=\"263\" data-action=\"zoom\" srcset=\"https:\/\/grupo.us.es\/newtutsosmodhum\/wp-content\/uploads\/2020\/12\/img_04_cita_paulvirilioyelbunker.jpg 1350w, https:\/\/grupo.us.es\/newtutsosmodhum\/wp-content\/uploads\/2020\/12\/img_04_cita_paulvirilioyelbunker-229x300.jpg 229w, https:\/\/grupo.us.es\/newtutsosmodhum\/wp-content\/uploads\/2020\/12\/img_04_cita_paulvirilioyelbunker-768x1008.jpg 768w, https:\/\/grupo.us.es\/newtutsosmodhum\/wp-content\/uploads\/2020\/12\/img_04_cita_paulvirilioyelbunker-780x1024.jpg 780w\" sizes=\"auto, (max-width: 200px) 100vw, 200px\" \/><\/a><\/u><\/strong><\/span><\/p>\n<p>&nbsp;<\/p>\n<p style=\"font-weight: 400; padding-left: 30px;\"><span style=\"color: #000000;\"><strong><u><a style=\"color: #000000;\" href=\"http:\/\/grupo.us.es\/newtutsosmodhum\/?page_id=356\">Atanasio Guisado, Alberto<\/a><\/u><\/strong>;\u00a0<strong><u><a style=\"color: #000000;\" href=\"http:\/\/grupo.us.es\/newtutsosmodhum\/?page_id=323\">Molina Rozalem, Juan Francisco<\/a>;<\/u><\/strong>\u00a0<a style=\"color: #000000;\" href=\"http:\/\/grupo.us.es\/newtutsosmodhum\/?page_id=321\"><strong><u>Ar\u00e9valo Rodr\u00edguez, Federico<\/u><\/strong><\/a>\u00a0.\u00a0\u00abPaul Virilio y el b\u00fanker. Origen de la valoraci\u00f3n de la fortificaci\u00f3n del siglo XX\u00bb,\u00a0en\u00a0<em>Constelaciones, revista de arquitectura de la Universidad CEU San Pablo<\/em>, n\u00famero 9 (en prensa).<\/span><\/p>\n<p>&nbsp;<\/p>\n<p>&nbsp;<\/p>\n<p>&nbsp;<\/p>\n<p>&nbsp;<\/p>\n<p>&nbsp;<\/p>\n<p style=\"padding-left: 30px;\"><span style=\"color: #000000;\"><strong><u><a href=\"http:\/\/grupo.us.es\/newtutsosmodhum\/wp-content\/uploads\/2020\/12\/fig.8.SITU_.jpg\"><img loading=\"lazy\" decoding=\"async\" class=\"wp-image-1636 alignleft\" src=\"http:\/\/grupo.us.es\/newtutsosmodhum\/wp-content\/uploads\/2020\/12\/fig.8.SITU_.jpg\" alt=\"\" width=\"200\" height=\"140\" data-action=\"zoom\" srcset=\"https:\/\/grupo.us.es\/newtutsosmodhum\/wp-content\/uploads\/2020\/12\/fig.8.SITU_.jpg 2364w, https:\/\/grupo.us.es\/newtutsosmodhum\/wp-content\/uploads\/2020\/12\/fig.8.SITU_-300x210.jpg 300w, https:\/\/grupo.us.es\/newtutsosmodhum\/wp-content\/uploads\/2020\/12\/fig.8.SITU_-768x538.jpg 768w, https:\/\/grupo.us.es\/newtutsosmodhum\/wp-content\/uploads\/2020\/12\/fig.8.SITU_-1024x718.jpg 1024w\" sizes=\"auto, (max-width: 200px) 100vw, 200px\" \/><\/a><a style=\"color: #000000;\" href=\"http:\/\/grupo.us.es\/newtutsosmodhum\/?page_id=356\">Atanasio Guisado, Alberto<\/a><\/u><\/strong>;\u00a0<a style=\"color: #000000;\" href=\"http:\/\/grupo.us.es\/newtutsosmodhum\/?page_id=321\"><strong><u>Ar\u00e9valo Rodr\u00edguez, Federico<\/u><\/strong><\/a>;\u00a0<strong><a style=\"color: #000000;\" href=\"http:\/\/grupo.us.es\/newtutsosmodhum\/?page_id=323\"><u>Molina Rozalem, Juan Francisco<\/u><\/a><\/strong>.\u00a0\u00abRecursos gr\u00e1ficos para el posicionamiento SIG y an\u00e1lisis de la fortificaci\u00f3n del siglo XX. B\u00fankeres en el entorno del pe\u00f1\u00f3n de Gibraltar\u00bb, en Revista\u00a0EGA Expresi\u00f3n Gr\u00e1fica Arquitect\u00f3nica, [S.l.], v. 25, n. 40, p. 134-145, nov. 2020. ISSN 2254-6103.<\/span><\/p>\n<p><span style=\"color: #000000;\">Enlace a\u00a0<span style=\"color: #ff0000;\"><a style=\"color: #ff0000;\" href=\"https:\/\/polipapers.upv.es\/index.php\/EGA\/article\/view\/13698\"><strong><u>DOI<\/u><\/strong><\/a><\/span>.<\/span><\/p>\n<p>&nbsp;<\/p>\n<p>&nbsp;<\/p>\n<p style=\"padding-left: 30px;\"><a href=\"http:\/\/grupo.us.es\/newtutsosmodhum\/wp-content\/uploads\/2020\/09\/tipos2-rec.jpg\"><img loading=\"lazy\" decoding=\"async\" class=\"wp-image-1552 alignleft\" src=\"http:\/\/grupo.us.es\/newtutsosmodhum\/wp-content\/uploads\/2020\/09\/tipos2-rec.jpg\" alt=\"\" width=\"200\" height=\"316\" data-action=\"zoom\" srcset=\"https:\/\/grupo.us.es\/newtutsosmodhum\/wp-content\/uploads\/2020\/09\/tipos2-rec.jpg 2795w, https:\/\/grupo.us.es\/newtutsosmodhum\/wp-content\/uploads\/2020\/09\/tipos2-rec-190x300.jpg 190w, https:\/\/grupo.us.es\/newtutsosmodhum\/wp-content\/uploads\/2020\/09\/tipos2-rec-768x1212.jpg 768w, https:\/\/grupo.us.es\/newtutsosmodhum\/wp-content\/uploads\/2020\/09\/tipos2-rec-649x1024.jpg 649w\" sizes=\"auto, (max-width: 200px) 100vw, 200px\" \/><\/a><span style=\"color: #000000;\"><a style=\"color: #000000;\" href=\"http:\/\/grupo.us.es\/newtutsosmodhum\/?page_id=356\"><u><strong>Atanasio Guisado, Alberto<\/strong><\/u><\/a>;\u00a0<strong><a style=\"color: #000000;\" href=\"http:\/\/grupo.us.es\/newtutsosmodhum\/?page_id=323\"><u>Molina Rozalem, Juan Francisco<\/u><\/a><\/strong>. \u00abImplantaci\u00f3n territorial y an\u00e1lisis arquitect\u00f3nico de los b\u00fankeres del Subsector IV del estrecho de Gibraltar (Conil, Vejer y Barbate)\u00bb,\u00a0en <em>Actas de Congreso FORTMED &#8211; International Conference on Fortifications of the Mediterranean Coast.\u00a0FORTMED2020 &#8211; Defensive Architecture of the Mediterranean.\u00a0Research on Built Heritage\u00a0.Defensive Architecture of the Mediterranean<\/em>, vol. XII, Navarro Palaz\u00f3n, Garc\u00eda-Pulido (eds.), 2020.<\/span><\/p>\n<p><span style=\"color: #000000;\">Enlace a<\/span>\u00a0<span style=\"color: #ff0000;\"><a style=\"color: #ff0000;\" href=\"http:\/\/ocs.editorial.upv.es\/index.php\/FORTMED\/FORTMED2020\/paper\/view\/11491\"><strong><u>DOI<\/u><\/strong><\/a><\/span><span style=\"color: #000000;\">.<\/span><\/p>\n<p>&nbsp;<\/p>\n<p>&nbsp;<\/p>\n<p>&nbsp;<\/p>\n<p>&nbsp;<\/p>\n<p>&nbsp;<\/p>\n<p style=\"padding-left: 30px;\"><a href=\"http:\/\/grupo.us.es\/newtutsosmodhum\/wp-content\/uploads\/2020\/09\/09c.guadiaro.jpg\"><img loading=\"lazy\" decoding=\"async\" class=\"wp-image-1550 alignleft\" src=\"http:\/\/grupo.us.es\/newtutsosmodhum\/wp-content\/uploads\/2020\/09\/09c.guadiaro.jpg\" alt=\"\" width=\"200\" height=\"141\" data-action=\"zoom\" srcset=\"https:\/\/grupo.us.es\/newtutsosmodhum\/wp-content\/uploads\/2020\/09\/09c.guadiaro.jpg 1260w, https:\/\/grupo.us.es\/newtutsosmodhum\/wp-content\/uploads\/2020\/09\/09c.guadiaro-300x211.jpg 300w, https:\/\/grupo.us.es\/newtutsosmodhum\/wp-content\/uploads\/2020\/09\/09c.guadiaro-768x541.jpg 768w, https:\/\/grupo.us.es\/newtutsosmodhum\/wp-content\/uploads\/2020\/09\/09c.guadiaro-1024x722.jpg 1024w\" sizes=\"auto, (max-width: 200px) 100vw, 200px\" \/><\/a><span style=\"color: #000000;\"><strong><u><a style=\"color: #000000;\" href=\"http:\/\/grupo.us.es\/newtutsosmodhum\/?page_id=356\">Atanasio Guisado, Alberto<\/a><\/u><\/strong>;\u00a0<a style=\"color: #000000;\" href=\"http:\/\/grupo.us.es\/newtutsosmodhum\/?page_id=321\"><strong><u>Ar\u00e9valo Rodr\u00edguez, Federico<\/u><\/strong><\/a>.\u00a0\u00abFortificaci\u00f3n del siglo XX: sistema, arquitectura y patrimonio. El dispositivo de la orilla norte del estrecho de Gibraltar\u00bb, en\u00a0<em>[i2] investigaci\u00f3n e innovaci\u00f3n en arquitectura y territorio<\/em>, vol. VI, n. 1, Departamento de Expresi\u00f3n Gr\u00e1fica, Composici\u00f3n y Proyectos\u00a0Escuela Polit\u00e9cnica Superior. Universidad de Alicante<em>,\u00a0<\/em>junio de 2018.<\/span><\/p>\n<p><span style=\"color: #000000;\">Enlace a<\/span>\u00a0<span style=\"color: #ff0000;\"><a style=\"color: #ff0000;\" href=\"https:\/\/i2.ua.es\/article\/view\/2018-v6-n1-fortificacion-del-siglo-xx-sistema-arquitectura-y-patrimonio\"><strong><u>DOI<\/u><\/strong><\/a><\/span><span style=\"color: #000000;\">.<\/span><\/p>\n<p>&nbsp;<\/p>\n<p style=\"padding-left: 30px;\"><a href=\"http:\/\/grupo.us.es\/newtutsosmodhum\/wp-content\/uploads\/2018\/05\/A1.2_CON_04.jpg\"><img loading=\"lazy\" decoding=\"async\" class=\"wp-image-1068 alignleft\" src=\"http:\/\/grupo.us.es\/newtutsosmodhum\/wp-content\/uploads\/2018\/05\/A1.2_CON_04.jpg\" alt=\"\" width=\"200\" height=\"200\" data-action=\"zoom\" srcset=\"https:\/\/grupo.us.es\/newtutsosmodhum\/wp-content\/uploads\/2018\/05\/A1.2_CON_04.jpg 6000w, https:\/\/grupo.us.es\/newtutsosmodhum\/wp-content\/uploads\/2018\/05\/A1.2_CON_04-150x150.jpg 150w, https:\/\/grupo.us.es\/newtutsosmodhum\/wp-content\/uploads\/2018\/05\/A1.2_CON_04-300x300.jpg 300w, https:\/\/grupo.us.es\/newtutsosmodhum\/wp-content\/uploads\/2018\/05\/A1.2_CON_04-768x768.jpg 768w, https:\/\/grupo.us.es\/newtutsosmodhum\/wp-content\/uploads\/2018\/05\/A1.2_CON_04-1024x1024.jpg 1024w\" sizes=\"auto, (max-width: 200px) 100vw, 200px\" \/><\/a><\/p>\n<p>&nbsp;<\/p>\n<p><span style=\"color: #000000;\"><a style=\"color: #000000;\" href=\"http:\/\/grupo.us.es\/newtutsosmodhum\/?page_id=356\"><u><strong>Atanasio Guisado, Alberto<\/strong><\/u><\/a>;\u00a0<strong><a style=\"color: #000000;\" href=\"http:\/\/grupo.us.es\/newtutsosmodhum\/?page_id=323\"><u>Molina Rozalem, Juan Francisco<\/u><\/a><\/strong>. \u00abThe almohad sebka as a reference element in the Gothic-Mudejar architecture of Seville\u00bb, <em>VI International Conference on Heritage and Sustainable Development<\/em>,\u00a0Green Lines Institute for Sustainable Development y Universidad de Granada, Granada (Espa\u00f1a), 12-15 junio 2018 (en prensa).\u00a0<\/span><\/p>\n<p>&nbsp;<\/p>\n<p>&nbsp;<\/p>\n<p>&nbsp;<\/p>\n<p style=\"padding-left: 30px;\"><a href=\"http:\/\/grupo.us.es\/newtutsosmodhum\/wp-content\/uploads\/2018\/05\/A1.2_ART_01.jpg\"><img loading=\"lazy\" decoding=\"async\" class=\"wp-image-1070 alignleft\" src=\"http:\/\/grupo.us.es\/newtutsosmodhum\/wp-content\/uploads\/2018\/05\/A1.2_ART_01.jpg\" alt=\"\" width=\"200\" height=\"200\" data-action=\"zoom\" srcset=\"https:\/\/grupo.us.es\/newtutsosmodhum\/wp-content\/uploads\/2018\/05\/A1.2_ART_01.jpg 1682w, https:\/\/grupo.us.es\/newtutsosmodhum\/wp-content\/uploads\/2018\/05\/A1.2_ART_01-150x150.jpg 150w, https:\/\/grupo.us.es\/newtutsosmodhum\/wp-content\/uploads\/2018\/05\/A1.2_ART_01-300x300.jpg 300w, https:\/\/grupo.us.es\/newtutsosmodhum\/wp-content\/uploads\/2018\/05\/A1.2_ART_01-768x768.jpg 768w, https:\/\/grupo.us.es\/newtutsosmodhum\/wp-content\/uploads\/2018\/05\/A1.2_ART_01-1024x1024.jpg 1024w\" sizes=\"auto, (max-width: 200px) 100vw, 200px\" \/><\/a><\/p>\n<p>&nbsp;<\/p>\n<p><span style=\"color: #000000;\"><a style=\"color: #000000;\" href=\"http:\/\/grupo.us.es\/newtutsosmodhum\/?page_id=356\"><u><strong>Atanasio Guisado, Alberto<\/strong><\/u><\/a>;\u00a0<strong><a style=\"color: #000000;\" href=\"http:\/\/grupo.us.es\/newtutsosmodhum\/?page_id=323\"><u>Molina Rozalem, Juan Francisco<\/u><\/a><\/strong>.\u00a0\u00abTowards the incorporation of a raised walkway at the Royal Alc\u00e1zar of Seville: status and execution of the works\u00bb en\u00a0<em>Conservar Patrim\u00f3nio<\/em>, 2018\u00a0(en prensa).<\/span><\/p>\n<p><span style=\"color: #000000;\">Enlace a\u00a0<\/span><a href=\"http:\/\/revista.arp.org.pt\/pt\/artigos\/2017044.html\"><strong><span style=\"color: #ff0000;\"><u>art\u00edculo<\/u><\/span><\/strong><\/a><span style=\"color: #000000;\">.\u00a0<\/span><\/p>\n<p>&nbsp;<\/p>\n<p>&nbsp;<\/p>\n<p>&nbsp;<\/p>\n<p style=\"padding-left: 30px;\"><a href=\"http:\/\/grupo.us.es\/newtutsosmodhum\/wp-content\/uploads\/2020\/09\/figura_06.png\"><img loading=\"lazy\" decoding=\"async\" class=\"wp-image-1553 alignleft\" src=\"http:\/\/grupo.us.es\/newtutsosmodhum\/wp-content\/uploads\/2020\/09\/figura_06.png\" alt=\"\" width=\"200\" height=\"133\" data-action=\"zoom\" srcset=\"https:\/\/grupo.us.es\/newtutsosmodhum\/wp-content\/uploads\/2020\/09\/figura_06.png 1920w, https:\/\/grupo.us.es\/newtutsosmodhum\/wp-content\/uploads\/2020\/09\/figura_06-300x200.png 300w, https:\/\/grupo.us.es\/newtutsosmodhum\/wp-content\/uploads\/2020\/09\/figura_06-768x512.png 768w, https:\/\/grupo.us.es\/newtutsosmodhum\/wp-content\/uploads\/2020\/09\/figura_06-1024x683.png 1024w\" sizes=\"auto, (max-width: 200px) 100vw, 200px\" \/><\/a><\/p>\n<p style=\"font-weight: 400;\"><span style=\"color: #000000;\"><strong><a style=\"color: #000000;\" href=\"http:\/\/grupo.us.es\/newtutsosmodhum\/?page_id=356\"><u>Atanasio Guisado, Alberto<\/u><\/a>. <\/strong>\u00abPaisajes B\u00e9licos de la N-340\u00bb,\u00a0en <em>Actas del<\/em>\u00a0<em>Congreso Virtual En Ruta Litoral. Destino: N-340<\/em>,\u00a0celebrado los d\u00edas 27 y 28 de mayo de 2015, Loren-M\u00e9ndez, M., Pinz\u00f3n-Ayala, D. (Eds.), RU Books, 2017. ISBN:\u00a0978-84-948082-1-0.<\/span><\/p>\n<p><span style=\"color: #000000;\">Enlace a<\/span>\u00a0<span style=\"color: #ff0000;\"><a style=\"color: #ff0000;\" href=\"https:\/\/n-340.org\/participa\/congreso\/actas-del-congreso\/\"><strong><u>Actas<\/u><\/strong><\/a><\/span><span style=\"color: #000000;\">.<\/span><\/p>\n<p>&nbsp;<\/p>\n<p>&nbsp;<\/p>\n<p style=\"text-align: left; padding-left: 30px;\"><span style=\"color: #000000;\"><a href=\"http:\/\/grupo.us.es\/newtutsosmodhum\/wp-content\/uploads\/2018\/03\/A1.3_GEN_01.jpg\"><img loading=\"lazy\" decoding=\"async\" class=\"wp-image-724 alignleft\" src=\"http:\/\/grupo.us.es\/newtutsosmodhum\/wp-content\/uploads\/2018\/03\/A1.3_TES_01.jpg\" alt=\"\" width=\"200\" height=\"200\" data-action=\"zoom\" srcset=\"https:\/\/grupo.us.es\/newtutsosmodhum\/wp-content\/uploads\/2018\/03\/A1.3_TES_01.jpg 1116w, https:\/\/grupo.us.es\/newtutsosmodhum\/wp-content\/uploads\/2018\/03\/A1.3_TES_01-150x150.jpg 150w, https:\/\/grupo.us.es\/newtutsosmodhum\/wp-content\/uploads\/2018\/03\/A1.3_TES_01-300x300.jpg 300w, https:\/\/grupo.us.es\/newtutsosmodhum\/wp-content\/uploads\/2018\/03\/A1.3_TES_01-768x768.jpg 768w, https:\/\/grupo.us.es\/newtutsosmodhum\/wp-content\/uploads\/2018\/03\/A1.3_TES_01-1024x1024.jpg 1024w\" sizes=\"auto, (max-width: 200px) 100vw, 200px\" \/><\/a><\/span><\/p>\n<p>&nbsp;<\/p>\n<p><span style=\"color: #000000;\"><strong><u><a style=\"color: #000000;\" href=\"http:\/\/grupo.us.es\/newtutsosmodhum\/?page_id=356\">Atanasio Guisado, Alberto<\/a><\/u><\/strong>\u00a0(Dir. Tesis\u00a0<a style=\"color: #000000;\" href=\"http:\/\/grupo.us.es\/newtutsosmodhum\/?page_id=321\"><strong><u>Ar\u00e9valo Rodr\u00edguez, Federico<\/u><\/strong><\/a>). <em>Arquitectura defensiva del siglo XX en el Campo de Gibraltar. Implantaci\u00f3n territorial, an\u00e1lisis tipol\u00f3gico y valor patrimonial de los b\u00fankeres,<\/em>\u00a0Escuela T\u00e9cnica Superior de Arquitectura de Sevilla, 2017.<\/span><\/p>\n<p><span style=\"color: #000000;\">Enlace a\u00a0<\/span><a href=\"https:\/\/idus.us.es\/xmlui\/handle\/11441\/71055\"><strong><span style=\"color: #ff0000;\"><u>idUS<\/u><\/span><\/strong><\/a><span style=\"color: #000000;\">.<\/span><\/p>\n<p>&nbsp;<\/p>\n<p>&nbsp;<\/p>\n<p style=\"padding-left: 30px;\"><a href=\"http:\/\/grupo.us.es\/newtutsosmodhum\/wp-content\/uploads\/2018\/03\/A1.3_CON_02.jpg\"><img loading=\"lazy\" decoding=\"async\" class=\"wp-image-517 alignleft\" src=\"http:\/\/grupo.us.es\/newtutsosmodhum\/wp-content\/uploads\/2018\/03\/A1.3_CON_02.jpg\" alt=\"\" width=\"200\" height=\"200\" data-action=\"zoom\" srcset=\"https:\/\/grupo.us.es\/newtutsosmodhum\/wp-content\/uploads\/2018\/03\/A1.3_CON_02.jpg 1986w, https:\/\/grupo.us.es\/newtutsosmodhum\/wp-content\/uploads\/2018\/03\/A1.3_CON_02-150x150.jpg 150w, https:\/\/grupo.us.es\/newtutsosmodhum\/wp-content\/uploads\/2018\/03\/A1.3_CON_02-300x300.jpg 300w, https:\/\/grupo.us.es\/newtutsosmodhum\/wp-content\/uploads\/2018\/03\/A1.3_CON_02-768x768.jpg 768w, https:\/\/grupo.us.es\/newtutsosmodhum\/wp-content\/uploads\/2018\/03\/A1.3_CON_02-1024x1024.jpg 1024w\" sizes=\"auto, (max-width: 200px) 100vw, 200px\" \/><\/a><\/p>\n<p>&nbsp;<\/p>\n<p><span style=\"color: #000000;\"><a style=\"color: #000000;\" href=\"http:\/\/grupo.us.es\/newtutsosmodhum\/?page_id=356\"><u><strong>Atanasio Guisado, Alberto<\/strong><\/u><\/a>;\u00a0<strong><a style=\"color: #000000;\" href=\"http:\/\/grupo.us.es\/newtutsosmodhum\/?page_id=323\"><u>Molina Rozalem, Juan Francisco<\/u><\/a><\/strong>. \u00abEl b\u00fanker de Torre Nueva. En busca de una caracterizaci\u00f3n\u00bb, <em>V Congreso internacional sobre documentaci\u00f3n, conservaci\u00f3n y reutilizaci\u00f3n del Patrimonio Arquitect\u00f3nico y Paisaj\u00edstico, ReUSO<\/em>. Universidad de Granada, Granada, 18-21 octubre 2017.<\/span><\/p>\n<p><span style=\"color: #000000;\">Descargar<span style=\"color: #ff0000;\"> <u><a style=\"color: #ff0000;\" href=\"http:\/\/grupo.us.es\/newtutsosmodhum\/wp-content\/uploads\/2018\/03\/A1.3_CON_02.pdf\"><strong>PDF<\/strong><\/a><\/u><\/span>.<\/span><\/p>\n<p>&nbsp;<\/p>\n<p>&nbsp;<\/p>\n<p style=\"padding-left: 30px;\"><a href=\"http:\/\/grupo.us.es\/newtutsosmodhum\/wp-content\/uploads\/2018\/03\/A1.3_CON_01.jpg\"><img loading=\"lazy\" decoding=\"async\" class=\"wp-image-516 alignleft\" src=\"http:\/\/grupo.us.es\/newtutsosmodhum\/wp-content\/uploads\/2018\/03\/A1.3_CON_01.jpg\" alt=\"\" width=\"200\" height=\"200\" data-action=\"zoom\" srcset=\"https:\/\/grupo.us.es\/newtutsosmodhum\/wp-content\/uploads\/2018\/03\/A1.3_CON_01.jpg 2559w, https:\/\/grupo.us.es\/newtutsosmodhum\/wp-content\/uploads\/2018\/03\/A1.3_CON_01-150x150.jpg 150w, https:\/\/grupo.us.es\/newtutsosmodhum\/wp-content\/uploads\/2018\/03\/A1.3_CON_01-300x300.jpg 300w, https:\/\/grupo.us.es\/newtutsosmodhum\/wp-content\/uploads\/2018\/03\/A1.3_CON_01-768x768.jpg 768w, https:\/\/grupo.us.es\/newtutsosmodhum\/wp-content\/uploads\/2018\/03\/A1.3_CON_01-1024x1024.jpg 1024w\" sizes=\"auto, (max-width: 200px) 100vw, 200px\" \/><\/a><u><\/u><\/p>\n<p>&nbsp;<\/p>\n<p style=\"padding-left: 30px;\"><span style=\"color: #000000;\"><strong><a style=\"color: #000000;\" href=\"http:\/\/grupo.us.es\/newtutsosmodhum\/?page_id=356\"><u>Atanasio Guisado, Alberto<\/u><\/a><\/strong>. \u00abFortificaci\u00f3n del siglo XX en el Campo de Gibraltar y su valor patrimonial. El proyecto de iluminaci\u00f3n del Estrecho\u00bb, <em>Segundas Jornadas sobre historia, arquitectura y construcci\u00f3n fortificada<\/em>, Instituto Juan de Herrera y Fundaci\u00f3n C\u00e1rdenas, Madrid, octubre de 2016.<\/span><\/p>\n<p>&nbsp;<\/p>\n<p>&nbsp;<\/p>\n<p>&nbsp;<\/p>\n<p>&nbsp;<\/p>\n<p style=\"padding-left: 30px;\"><a href=\"http:\/\/grupo.us.es\/newtutsosmodhum\/wp-content\/uploads\/2018\/05\/A1.3_CAP_01.jpg\"><img loading=\"lazy\" decoding=\"async\" class=\"wp-image-1041 alignleft\" src=\"http:\/\/grupo.us.es\/newtutsosmodhum\/wp-content\/uploads\/2018\/05\/A1.3_CAP_01.jpg\" alt=\"\" width=\"200\" height=\"200\" data-action=\"zoom\" srcset=\"https:\/\/grupo.us.es\/newtutsosmodhum\/wp-content\/uploads\/2018\/05\/A1.3_CAP_01.jpg 2484w, https:\/\/grupo.us.es\/newtutsosmodhum\/wp-content\/uploads\/2018\/05\/A1.3_CAP_01-150x150.jpg 150w, https:\/\/grupo.us.es\/newtutsosmodhum\/wp-content\/uploads\/2018\/05\/A1.3_CAP_01-300x300.jpg 300w, https:\/\/grupo.us.es\/newtutsosmodhum\/wp-content\/uploads\/2018\/05\/A1.3_CAP_01-768x768.jpg 768w, https:\/\/grupo.us.es\/newtutsosmodhum\/wp-content\/uploads\/2018\/05\/A1.3_CAP_01-1024x1024.jpg 1024w\" sizes=\"auto, (max-width: 200px) 100vw, 200px\" \/><\/a><\/p>\n<p>&nbsp;<\/p>\n<p><span style=\"color: #000000;\"><strong><a style=\"color: #000000;\" href=\"http:\/\/grupo.us.es\/newtutsosmodhum\/?page_id=356\"><u>Atanasio Guisado, Alberto<\/u><\/a><\/strong>. \u00abFortificaci\u00f3n del siglo XX en el Campo de Gibraltar y su valor patrimonial. El proyecto de iluminaci\u00f3n del Estrecho\u00bb. <em>Actas de las Segundas Jornadas sobre historia, arquitectura y construcci\u00f3n fortificada<\/em>, Instituto Juan de Herrera y Fundaci\u00f3n C\u00e1rdenas, Madrid, octubre de 2016. pp. 81-100. ISBN 978-84-946000-1-2.<\/span><\/p>\n<p><span style=\"color: #000000;\">Descargar<span style=\"color: #ff0000;\">\u00a0<\/span><\/span><span style=\"color: #ff0000;\"><u><a style=\"color: #ff0000;\" href=\"http:\/\/grupo.us.es\/newtutsosmodhum\/wp-content\/uploads\/2018\/03\/A1.3_CAP_01.pdf\"><strong>PDF<\/strong><\/a><\/u><\/span><span style=\"color: #000000;\">.<\/span><\/p>\n<p style=\"padding-left: 30px;\">\n","protected":false},"excerpt":{"rendered":"<p>PUESTA EN VALOR DE ARQUITECTURA DISPERSA EN RIESGO DE DESAPARICI\u00d3N. ARQUITECTURA MILITAR CONTEMPOR\u00c1NEA. \u00a0 &lt;\u00a0 Anterior\u00a0 \u00a0 \u00a0 \u00a0 \u00a0 [&hellip;]<\/p>\n","protected":false},"author":1,"featured_media":0,"parent":88,"menu_order":3,"comment_status":"closed","ping_status":"closed","template":"","meta":{"footnotes":""},"class_list":["post-423","page","type-page","status-publish","hentry"],"_links":{"self":[{"href":"https:\/\/grupo.us.es\/newtutsosmodhum\/index.php?rest_route=\/wp\/v2\/pages\/423","targetHints":{"allow":["GET"]}}],"collection":[{"href":"https:\/\/grupo.us.es\/newtutsosmodhum\/index.php?rest_route=\/wp\/v2\/pages"}],"about":[{"href":"https:\/\/grupo.us.es\/newtutsosmodhum\/index.php?rest_route=\/wp\/v2\/types\/page"}],"author":[{"embeddable":true,"href":"https:\/\/grupo.us.es\/newtutsosmodhum\/index.php?rest_route=\/wp\/v2\/users\/1"}],"replies":[{"embeddable":true,"href":"https:\/\/grupo.us.es\/newtutsosmodhum\/index.php?rest_route=%2Fwp%2Fv2%2Fcomments&post=423"}],"version-history":[{"count":0,"href":"https:\/\/grupo.us.es\/newtutsosmodhum\/index.php?rest_route=\/wp\/v2\/pages\/423\/revisions"}],"up":[{"embeddable":true,"href":"https:\/\/grupo.us.es\/newtutsosmodhum\/index.php?rest_route=\/wp\/v2\/pages\/88"}],"wp:attachment":[{"href":"https:\/\/grupo.us.es\/newtutsosmodhum\/index.php?rest_route=%2Fwp%2Fv2%2Fmedia&parent=423"}],"curies":[{"name":"wp","href":"https:\/\/api.w.org\/{rel}","templated":true}]}}