{"id":346,"date":"2018-03-07T18:38:47","date_gmt":"2018-03-07T18:38:47","guid":{"rendered":"http:\/\/grupo.us.es\/newtutsosmodhum\/?page_id=346"},"modified":"2021-01-29T08:54:53","modified_gmt":"2021-01-29T08:54:53","slug":"pai-3","status":"publish","type":"page","link":"https:\/\/grupo.us.es\/newtutsosmodhum\/?page_id=346","title":{"rendered":"PAI"},"content":{"rendered":"<table style=\"border-collapse: collapse; width: 1144px; height: 567px;\" border=\"0\" width=\"160\" cellspacing=\"0\" cellpadding=\"0\">\n<tbody>\n<tr style=\"height: 15.0pt;\">\n<td style=\"height: 15.0pt; width: 60pt;\" width=\"80\" height=\"20\"><img loading=\"lazy\" decoding=\"async\" class=\"alignnone wp-image-1408 size-full\" src=\"http:\/\/grupo.us.es\/newtutsosmodhum\/wp-content\/uploads\/2020\/07\/Logo-1.jpg\" alt=\"\" width=\"100\" height=\"120\" \/>\u00a0\u00a0<a href=\"http:\/\/grupo.us.es\/newtutsosmodhum\/?page_id=203\"><img loading=\"lazy\" decoding=\"async\" class=\"zoom2 alignnone size-full wp-image-210\" src=\"http:\/\/grupo.us.es\/newtutsosmodhum\/wp-content\/uploads\/2018\/02\/FPP_1-2.jpg\" alt=\"\" width=\"100\" height=\"120\" \/><\/a>\u00a0\u00a0<a href=\"http:\/\/grupo.us.es\/newtutsosmodhum\/?page_id=315\"><img loading=\"lazy\" decoding=\"async\" class=\"zoom2 alignnone wp-image-245\" style=\"font-family: inherit; font-size: inherit;\" src=\"http:\/\/grupo.us.es\/newtutsosmodhum\/wp-content\/uploads\/2018\/02\/MGCG-1.jpg\" alt=\"\" width=\"100\" height=\"120\" srcset=\"https:\/\/grupo.us.es\/newtutsosmodhum\/wp-content\/uploads\/2018\/02\/MGCG-1.jpg 400w, https:\/\/grupo.us.es\/newtutsosmodhum\/wp-content\/uploads\/2018\/02\/MGCG-1-250x300.jpg 250w\" sizes=\"auto, (max-width: 100px) 100vw, 100px\" \/><\/a>\u00a0\u00a0<a href=\"http:\/\/grupo.us.es\/newtutsosmodhum\/?page_id=321\"><img loading=\"lazy\" decoding=\"async\" class=\"zoom2 alignnone size-full wp-image-209\" style=\"font-family: inherit; font-size: inherit;\" src=\"http:\/\/grupo.us.es\/newtutsosmodhum\/wp-content\/uploads\/2018\/02\/FAR_1-2.jpg\" alt=\"\" width=\"100\" height=\"120\" \/><\/a>\u00a0 <a href=\"http:\/\/grupo.us.es\/newtutsosmodhum\/?page_id=350\"><img loading=\"lazy\" decoding=\"async\" class=\"zoom2 alignnone size-full wp-image-208\" style=\"font-family: inherit; font-size: inherit;\" src=\"http:\/\/grupo.us.es\/newtutsosmodhum\/wp-content\/uploads\/2018\/02\/AGS_1-2.jpg\" alt=\"\" width=\"100\" height=\"120\" \/><\/a>\u00a0 <a href=\"http:\/\/grupo.us.es\/newtutsosmodhum\/?page_id=323\"><img loading=\"lazy\" decoding=\"async\" class=\"zoom2 alignnone size-full wp-image-211\" src=\"http:\/\/grupo.us.es\/newtutsosmodhum\/wp-content\/uploads\/2018\/02\/JFM_1-2.jpg\" alt=\"\" width=\"100\" height=\"120\" \/><\/a>\u00a0\u00a0<a href=\"http:\/\/grupo.us.es\/newtutsosmodhum\/?page_id=366\"><img loading=\"lazy\" decoding=\"async\" class=\"zoom2 alignnone wp-image-212\" style=\"font-family: inherit; font-size: inherit;\" src=\"http:\/\/grupo.us.es\/newtutsosmodhum\/wp-content\/uploads\/2018\/02\/JJF-2.jpg\" alt=\"\" width=\"100\" height=\"120\" srcset=\"https:\/\/grupo.us.es\/newtutsosmodhum\/wp-content\/uploads\/2018\/02\/JJF-2.jpg 1000w, https:\/\/grupo.us.es\/newtutsosmodhum\/wp-content\/uploads\/2018\/02\/JJF-2-250x300.jpg 250w, https:\/\/grupo.us.es\/newtutsosmodhum\/wp-content\/uploads\/2018\/02\/JJF-2-768x922.jpg 768w, https:\/\/grupo.us.es\/newtutsosmodhum\/wp-content\/uploads\/2018\/02\/JJF-2-853x1024.jpg 853w\" sizes=\"auto, (max-width: 100px) 100vw, 100px\" \/><\/a>\u00a0\u00a0<a href=\"http:\/\/grupo.us.es\/newtutsosmodhum\/?page_id=368\"><img loading=\"lazy\" decoding=\"async\" class=\"zoom2 alignnone size-full wp-image-213\" style=\"font-family: inherit; font-size: inherit;\" src=\"http:\/\/grupo.us.es\/newtutsosmodhum\/wp-content\/uploads\/2018\/02\/MCR_1-2.jpg\" alt=\"\" width=\"100\" height=\"120\" \/><\/a>\u00a0\u00a0<a href=\"http:\/\/grupo.us.es\/newtutsosmodhum\/?page_id=370\"><img loading=\"lazy\" decoding=\"async\" class=\"zoom2 alignnone size-full wp-image-214\" style=\"font-family: inherit; font-size: inherit;\" src=\"http:\/\/grupo.us.es\/newtutsosmodhum\/wp-content\/uploads\/2018\/02\/PFL_1-2.jpg\" alt=\"\" width=\"100\" height=\"120\" \/><\/a>\u00a0\u00a0<a href=\"http:\/\/grupo.us.es\/newtutsosmodhum\/?page_id=340\"><img loading=\"lazy\" decoding=\"async\" class=\"zoom2 alignnone size-full wp-image-215\" style=\"font-family: inherit; font-size: inherit;\" src=\"http:\/\/grupo.us.es\/newtutsosmodhum\/wp-content\/uploads\/2018\/02\/RAF_1-2.jpg\" alt=\"\" width=\"100\" height=\"120\" \/><\/a>\u00a0 <a href=\"http:\/\/grupo.us.es\/newtutsosmodhum\/?page_id=342\"><img loading=\"lazy\" decoding=\"async\" class=\"zoom2 alignnone wp-image-216\" src=\"http:\/\/grupo.us.es\/newtutsosmodhum\/wp-content\/uploads\/2018\/02\/RMT-2.jpg\" alt=\"\" width=\"100\" height=\"120\" srcset=\"https:\/\/grupo.us.es\/newtutsosmodhum\/wp-content\/uploads\/2018\/02\/RMT-2.jpg 1000w, https:\/\/grupo.us.es\/newtutsosmodhum\/wp-content\/uploads\/2018\/02\/RMT-2-250x300.jpg 250w, https:\/\/grupo.us.es\/newtutsosmodhum\/wp-content\/uploads\/2018\/02\/RMT-2-768x922.jpg 768w, https:\/\/grupo.us.es\/newtutsosmodhum\/wp-content\/uploads\/2018\/02\/RMT-2-853x1024.jpg 853w\" sizes=\"auto, (max-width: 100px) 100vw, 100px\" \/><\/a>\u00a0 <a href=\"http:\/\/grupo.us.es\/newtutsosmodhum\/?page_id=344\"><img loading=\"lazy\" decoding=\"async\" class=\"zoom2 alignnone size-full wp-image-905\" src=\"http:\/\/grupo.us.es\/newtutsosmodhum\/wp-content\/uploads\/2018\/04\/RRG_1.jpg\" alt=\"\" width=\"100\" height=\"120\" \/><\/a>\u00a0\u00a0<a href=\"http:\/\/grupo.us.es\/newtutsosmodhum\/?page_id=346\"><img loading=\"lazy\" decoding=\"async\" class=\"zoom2 alignnone wp-image-240\" src=\"http:\/\/grupo.us.es\/newtutsosmodhum\/wp-content\/uploads\/2018\/02\/PAI.jpg\" alt=\"\" width=\"100\" height=\"120\" srcset=\"https:\/\/grupo.us.es\/newtutsosmodhum\/wp-content\/uploads\/2018\/02\/PAI.jpg 1000w, https:\/\/grupo.us.es\/newtutsosmodhum\/wp-content\/uploads\/2018\/02\/PAI-250x300.jpg 250w, https:\/\/grupo.us.es\/newtutsosmodhum\/wp-content\/uploads\/2018\/02\/PAI-768x922.jpg 768w, https:\/\/grupo.us.es\/newtutsosmodhum\/wp-content\/uploads\/2018\/02\/PAI-853x1024.jpg 853w\" sizes=\"auto, (max-width: 100px) 100vw, 100px\" \/><\/a>\u00a0\u00a0<a href=\"http:\/\/grupo.us.es\/newtutsosmodhum\/?page_id=348\"><img loading=\"lazy\" decoding=\"async\" class=\"zoom2 alignnone wp-image-244\" style=\"font-family: inherit; font-size: inherit;\" src=\"http:\/\/grupo.us.es\/newtutsosmodhum\/wp-content\/uploads\/2018\/02\/JRM-1.jpg\" alt=\"\" width=\"100\" height=\"120\" srcset=\"https:\/\/grupo.us.es\/newtutsosmodhum\/wp-content\/uploads\/2018\/02\/JRM-1.jpg 1000w, https:\/\/grupo.us.es\/newtutsosmodhum\/wp-content\/uploads\/2018\/02\/JRM-1-250x300.jpg 250w, https:\/\/grupo.us.es\/newtutsosmodhum\/wp-content\/uploads\/2018\/02\/JRM-1-768x922.jpg 768w, https:\/\/grupo.us.es\/newtutsosmodhum\/wp-content\/uploads\/2018\/02\/JRM-1-853x1024.jpg 853w\" sizes=\"auto, (max-width: 100px) 100vw, 100px\" \/><\/a>\u00a0\u00a0<a href=\"http:\/\/grupo.us.es\/newtutsosmodhum\/?page_id=1430\"><img loading=\"lazy\" decoding=\"async\" class=\"zoom2 alignnone size-full wp-image-1409\" src=\"http:\/\/grupo.us.es\/newtutsosmodhum\/wp-content\/uploads\/2020\/07\/EGG_1.jpg\" alt=\"\" width=\"100\" height=\"120\" \/><\/a>\u00a0\u00a0<a href=\"http:\/\/grupo.us.es\/newtutsosmodhum\/?page_id=352\"><img loading=\"lazy\" decoding=\"async\" class=\"zoom2 alignnone wp-image-243\" style=\"font-family: inherit; font-size: inherit;\" src=\"http:\/\/grupo.us.es\/newtutsosmodhum\/wp-content\/uploads\/2018\/02\/JLGV-1.jpg\" alt=\"\" width=\"100\" height=\"120\" srcset=\"https:\/\/grupo.us.es\/newtutsosmodhum\/wp-content\/uploads\/2018\/02\/JLGV-1.jpg 1000w, https:\/\/grupo.us.es\/newtutsosmodhum\/wp-content\/uploads\/2018\/02\/JLGV-1-250x300.jpg 250w, https:\/\/grupo.us.es\/newtutsosmodhum\/wp-content\/uploads\/2018\/02\/JLGV-1-768x922.jpg 768w, https:\/\/grupo.us.es\/newtutsosmodhum\/wp-content\/uploads\/2018\/02\/JLGV-1-853x1024.jpg 853w\" sizes=\"auto, (max-width: 100px) 100vw, 100px\" \/><\/a>\u00a0\u00a0<a href=\"http:\/\/grupo.us.es\/newtutsosmodhum\/?page_id=354\"><img loading=\"lazy\" decoding=\"async\" class=\"zoom2 alignnone wp-image-242\" style=\"font-family: inherit; font-size: inherit;\" src=\"http:\/\/grupo.us.es\/newtutsosmodhum\/wp-content\/uploads\/2018\/02\/BCB-1.jpg\" alt=\"\" width=\"100\" height=\"120\" srcset=\"https:\/\/grupo.us.es\/newtutsosmodhum\/wp-content\/uploads\/2018\/02\/BCB-1.jpg 1000w, https:\/\/grupo.us.es\/newtutsosmodhum\/wp-content\/uploads\/2018\/02\/BCB-1-250x300.jpg 250w, https:\/\/grupo.us.es\/newtutsosmodhum\/wp-content\/uploads\/2018\/02\/BCB-1-768x922.jpg 768w, https:\/\/grupo.us.es\/newtutsosmodhum\/wp-content\/uploads\/2018\/02\/BCB-1-853x1024.jpg 853w\" sizes=\"auto, (max-width: 100px) 100vw, 100px\" \/><\/a>\u00a0\u00a0<a href=\"http:\/\/grupo.us.es\/newtutsosmodhum\/?page_id=356\"><img loading=\"lazy\" decoding=\"async\" class=\"zoom2 alignnone wp-image-247\" style=\"font-family: inherit; font-size: inherit;\" src=\"http:\/\/grupo.us.es\/newtutsosmodhum\/wp-content\/uploads\/2018\/02\/AAG-1.jpg\" alt=\"\" width=\"100\" height=\"120\" srcset=\"https:\/\/grupo.us.es\/newtutsosmodhum\/wp-content\/uploads\/2018\/02\/AAG-1.jpg 1112w, https:\/\/grupo.us.es\/newtutsosmodhum\/wp-content\/uploads\/2018\/02\/AAG-1-250x300.jpg 250w, https:\/\/grupo.us.es\/newtutsosmodhum\/wp-content\/uploads\/2018\/02\/AAG-1-768x921.jpg 768w, https:\/\/grupo.us.es\/newtutsosmodhum\/wp-content\/uploads\/2018\/02\/AAG-1-854x1024.jpg 854w\" sizes=\"auto, (max-width: 100px) 100vw, 100px\" \/><\/a>\u00a0\u00a0<a href=\"http:\/\/grupo.us.es\/newtutsosmodhum\/?page_id=358\"><img loading=\"lazy\" decoding=\"async\" class=\"zoom2 alignnone wp-image-301\" src=\"http:\/\/grupo.us.es\/newtutsosmodhum\/wp-content\/uploads\/2018\/03\/VDR.jpg\" alt=\"\" width=\"100\" height=\"120\" srcset=\"https:\/\/grupo.us.es\/newtutsosmodhum\/wp-content\/uploads\/2018\/03\/VDR.jpg 1000w, https:\/\/grupo.us.es\/newtutsosmodhum\/wp-content\/uploads\/2018\/03\/VDR-250x300.jpg 250w, https:\/\/grupo.us.es\/newtutsosmodhum\/wp-content\/uploads\/2018\/03\/VDR-768x922.jpg 768w, https:\/\/grupo.us.es\/newtutsosmodhum\/wp-content\/uploads\/2018\/03\/VDR-853x1024.jpg 853w\" sizes=\"auto, (max-width: 100px) 100vw, 100px\" \/><\/a>\u00a0 <a href=\"http:\/\/grupo.us.es\/newtutsosmodhum\/?page_id=360\"><img loading=\"lazy\" decoding=\"async\" class=\"zoom2 alignnone wp-image-300\" src=\"http:\/\/grupo.us.es\/newtutsosmodhum\/wp-content\/uploads\/2018\/03\/JRP.jpg\" alt=\"\" width=\"100\" height=\"120\" srcset=\"https:\/\/grupo.us.es\/newtutsosmodhum\/wp-content\/uploads\/2018\/03\/JRP.jpg 1000w, https:\/\/grupo.us.es\/newtutsosmodhum\/wp-content\/uploads\/2018\/03\/JRP-250x300.jpg 250w, https:\/\/grupo.us.es\/newtutsosmodhum\/wp-content\/uploads\/2018\/03\/JRP-768x922.jpg 768w, https:\/\/grupo.us.es\/newtutsosmodhum\/wp-content\/uploads\/2018\/03\/JRP-853x1024.jpg 853w\" sizes=\"auto, (max-width: 100px) 100vw, 100px\" \/><\/a>\u00a0\u00a0<a href=\"http:\/\/grupo.us.es\/newtutsosmodhum\/?page_id=362\"><img loading=\"lazy\" decoding=\"async\" class=\"zoom2 alignnone wp-image-308\" src=\"http:\/\/grupo.us.es\/newtutsosmodhum\/wp-content\/uploads\/2018\/03\/GMV.jpg\" alt=\"\" width=\"100\" height=\"120\" srcset=\"https:\/\/grupo.us.es\/newtutsosmodhum\/wp-content\/uploads\/2018\/03\/GMV.jpg 1000w, https:\/\/grupo.us.es\/newtutsosmodhum\/wp-content\/uploads\/2018\/03\/GMV-250x300.jpg 250w, https:\/\/grupo.us.es\/newtutsosmodhum\/wp-content\/uploads\/2018\/03\/GMV-768x922.jpg 768w, https:\/\/grupo.us.es\/newtutsosmodhum\/wp-content\/uploads\/2018\/03\/GMV-853x1024.jpg 853w\" sizes=\"auto, (max-width: 100px) 100vw, 100px\" \/><\/a>\u00a0\u00a0<a href=\"http:\/\/grupo.us.es\/newtutsosmodhum\/?page_id=364\"><img loading=\"lazy\" decoding=\"async\" class=\"zoom2 alignnone size-full wp-image-309\" src=\"http:\/\/grupo.us.es\/newtutsosmodhum\/wp-content\/uploads\/2018\/03\/JGV.jpg\" alt=\"\" width=\"100\" height=\"120\" \/><\/a>\u00a0 <a href=\"http:\/\/grupo.us.es\/newtutsosmodhum\/?page_id=901\"><img loading=\"lazy\" decoding=\"async\" class=\"zoom2 alignnone wp-image-906\" src=\"http:\/\/grupo.us.es\/newtutsosmodhum\/wp-content\/uploads\/2018\/04\/CSG-1.jpg\" alt=\"\" width=\"100\" height=\"120\" srcset=\"https:\/\/grupo.us.es\/newtutsosmodhum\/wp-content\/uploads\/2018\/04\/CSG-1.jpg 1000w, https:\/\/grupo.us.es\/newtutsosmodhum\/wp-content\/uploads\/2018\/04\/CSG-1-250x300.jpg 250w, https:\/\/grupo.us.es\/newtutsosmodhum\/wp-content\/uploads\/2018\/04\/CSG-1-768x922.jpg 768w, https:\/\/grupo.us.es\/newtutsosmodhum\/wp-content\/uploads\/2018\/04\/CSG-1-853x1024.jpg 853w\" sizes=\"auto, (max-width: 100px) 100vw, 100px\" \/><\/a>\u00a0\u00a0<a href=\"http:\/\/grupo.us.es\/newtutsosmodhum\/?page_id=814\"><img loading=\"lazy\" decoding=\"async\" class=\"zoom2 alignnone wp-image-907\" src=\"http:\/\/grupo.us.es\/newtutsosmodhum\/wp-content\/uploads\/2018\/04\/JMM-1.jpg\" alt=\"\" width=\"100\" height=\"120\" srcset=\"https:\/\/grupo.us.es\/newtutsosmodhum\/wp-content\/uploads\/2018\/04\/JMM-1.jpg 1000w, https:\/\/grupo.us.es\/newtutsosmodhum\/wp-content\/uploads\/2018\/04\/JMM-1-250x300.jpg 250w, https:\/\/grupo.us.es\/newtutsosmodhum\/wp-content\/uploads\/2018\/04\/JMM-1-768x922.jpg 768w, https:\/\/grupo.us.es\/newtutsosmodhum\/wp-content\/uploads\/2018\/04\/JMM-1-853x1024.jpg 853w\" sizes=\"auto, (max-width: 100px) 100vw, 100px\" \/><\/a>\u00a0\u00a0<a href=\"http:\/\/grupo.us.es\/newtutsosmodhum\/?page_id=899\"><img loading=\"lazy\" decoding=\"async\" class=\"zoom2 alignnone wp-image-908\" src=\"http:\/\/grupo.us.es\/newtutsosmodhum\/wp-content\/uploads\/2018\/04\/JMMB-1.jpg\" alt=\"\" width=\"100\" height=\"120\" srcset=\"https:\/\/grupo.us.es\/newtutsosmodhum\/wp-content\/uploads\/2018\/04\/JMMB-1.jpg 1000w, https:\/\/grupo.us.es\/newtutsosmodhum\/wp-content\/uploads\/2018\/04\/JMMB-1-250x300.jpg 250w, https:\/\/grupo.us.es\/newtutsosmodhum\/wp-content\/uploads\/2018\/04\/JMMB-1-768x922.jpg 768w, https:\/\/grupo.us.es\/newtutsosmodhum\/wp-content\/uploads\/2018\/04\/JMMB-1-853x1024.jpg 853w\" sizes=\"auto, (max-width: 100px) 100vw, 100px\" \/><\/a><\/p>\n<p>EQUIPO TUTSOSMOD<\/td>\n<td style=\"width: 60pt;\" width=\"80\"><span style=\"color: #000000;\"><strong>Pilar Acosta Ib\u00e1\u00f1ez<\/strong><\/span><\/p>\n<p><span style=\"color: #000000;\">T\u00e9cnico superior de Archivo y Gesti\u00f3n Documental del Instituto Andaluz del Patrimonio Hist\u00f3rico.<\/span><\/p>\n<p>&nbsp;<\/p>\n<p>&nbsp;<\/td>\n<\/tr>\n<\/tbody>\n<\/table>\n<p>&nbsp;<\/p>\n","protected":false},"excerpt":{"rendered":"<p>\u00a0\u00a0\u00a0\u00a0\u00a0\u00a0\u00a0 \u00a0 \u00a0\u00a0\u00a0\u00a0\u00a0\u00a0\u00a0\u00a0\u00a0 \u00a0 \u00a0\u00a0\u00a0\u00a0\u00a0\u00a0\u00a0\u00a0\u00a0\u00a0\u00a0\u00a0\u00a0\u00a0\u00a0 \u00a0\u00a0\u00a0\u00a0\u00a0 \u00a0\u00a0\u00a0\u00a0 EQUIPO TUTSOSMOD Pilar Acosta Ib\u00e1\u00f1ez T\u00e9cnico superior de Archivo y Gesti\u00f3n Documental del [&hellip;]<\/p>\n","protected":false},"author":1,"featured_media":0,"parent":91,"menu_order":11,"comment_status":"closed","ping_status":"closed","template":"","meta":{"footnotes":""},"class_list":["post-346","page","type-page","status-publish","hentry"],"_links":{"self":[{"href":"https:\/\/grupo.us.es\/newtutsosmodhum\/index.php?rest_route=\/wp\/v2\/pages\/346","targetHints":{"allow":["GET"]}}],"collection":[{"href":"https:\/\/grupo.us.es\/newtutsosmodhum\/index.php?rest_route=\/wp\/v2\/pages"}],"about":[{"href":"https:\/\/grupo.us.es\/newtutsosmodhum\/index.php?rest_route=\/wp\/v2\/types\/page"}],"author":[{"embeddable":true,"href":"https:\/\/grupo.us.es\/newtutsosmodhum\/index.php?rest_route=\/wp\/v2\/users\/1"}],"replies":[{"embeddable":true,"href":"https:\/\/grupo.us.es\/newtutsosmodhum\/index.php?rest_route=%2Fwp%2Fv2%2Fcomments&post=346"}],"version-history":[{"count":0,"href":"https:\/\/grupo.us.es\/newtutsosmodhum\/index.php?rest_route=\/wp\/v2\/pages\/346\/revisions"}],"up":[{"embeddable":true,"href":"https:\/\/grupo.us.es\/newtutsosmodhum\/index.php?rest_route=\/wp\/v2\/pages\/91"}],"wp:attachment":[{"href":"https:\/\/grupo.us.es\/newtutsosmodhum\/index.php?rest_route=%2Fwp%2Fv2%2Fmedia&parent=346"}],"curies":[{"name":"wp","href":"https:\/\/api.w.org\/{rel}","templated":true}]}}