{"id":1704,"date":"2020-12-21T11:03:03","date_gmt":"2020-12-21T11:03:03","guid":{"rendered":"http:\/\/grupo.us.es\/newtutsosmodhum\/?page_id=1704"},"modified":"2020-12-21T11:04:18","modified_gmt":"2020-12-21T11:04:18","slug":"tutsomod-exposicion-de-resultados-del-proyecto","status":"publish","type":"page","link":"https:\/\/grupo.us.es\/newtutsosmodhum\/?page_id=1704","title":{"rendered":"TUTSOMOD. Exposici\u00f3n de resultados del proyecto"},"content":{"rendered":"<h3 style=\"text-align: center;\"><span style=\"color: #000000;\"><em>TUTSOMOD. Exposici\u00f3n de resultados del proyecto<\/em><\/span><\/h3>\n<p style=\"text-align: center;\"><span style=\"color: #000000;\">Del 9 al 23 de diciembre.<\/span><\/p>\n<p style=\"text-align: center;\"><span style=\"color: #000000;\">Vest\u00edbulo de la Escuela de Arquitectura de Sevilla.<\/span><\/p>\n<p>&nbsp;<\/p>\n<p><a href=\"http:\/\/grupo.us.es\/newtutsosmodhum\/wp-content\/uploads\/2020\/12\/IMG_0386.jpg\"><img loading=\"lazy\" decoding=\"async\" class=\"aligncenter wp-image-1678\" src=\"http:\/\/grupo.us.es\/newtutsosmodhum\/wp-content\/uploads\/2020\/12\/IMG_0386.jpg\" alt=\"\" width=\"850\" height=\"638\" data-action=\"zoom\" srcset=\"https:\/\/grupo.us.es\/newtutsosmodhum\/wp-content\/uploads\/2020\/12\/IMG_0386.jpg 3264w, https:\/\/grupo.us.es\/newtutsosmodhum\/wp-content\/uploads\/2020\/12\/IMG_0386-300x225.jpg 300w, https:\/\/grupo.us.es\/newtutsosmodhum\/wp-content\/uploads\/2020\/12\/IMG_0386-768x576.jpg 768w, https:\/\/grupo.us.es\/newtutsosmodhum\/wp-content\/uploads\/2020\/12\/IMG_0386-1024x768.jpg 1024w\" sizes=\"auto, (max-width: 850px) 100vw, 850px\" \/><\/a><\/p>\n<p style=\"text-align: center;\">\u00a0<a href=\"http:\/\/grupo.us.es\/newtutsosmodhum\/wp-content\/uploads\/2020\/12\/IMG_0381.jpg\"><img loading=\"lazy\" decoding=\"async\" class=\"alignnone wp-image-1677\" src=\"http:\/\/grupo.us.es\/newtutsosmodhum\/wp-content\/uploads\/2020\/12\/IMG_0381.jpg\" alt=\"\" width=\"200\" height=\"150\" data-action=\"zoom\" srcset=\"https:\/\/grupo.us.es\/newtutsosmodhum\/wp-content\/uploads\/2020\/12\/IMG_0381.jpg 3264w, https:\/\/grupo.us.es\/newtutsosmodhum\/wp-content\/uploads\/2020\/12\/IMG_0381-300x225.jpg 300w, https:\/\/grupo.us.es\/newtutsosmodhum\/wp-content\/uploads\/2020\/12\/IMG_0381-768x576.jpg 768w, https:\/\/grupo.us.es\/newtutsosmodhum\/wp-content\/uploads\/2020\/12\/IMG_0381-1024x768.jpg 1024w\" sizes=\"auto, (max-width: 200px) 100vw, 200px\" \/><\/a>\u00a0 \u00a0 \u00a0<a href=\"http:\/\/grupo.us.es\/newtutsosmodhum\/wp-content\/uploads\/2020\/12\/IMG_0388.jpg\"><img loading=\"lazy\" decoding=\"async\" class=\"alignnone wp-image-1672\" src=\"http:\/\/grupo.us.es\/newtutsosmodhum\/wp-content\/uploads\/2020\/12\/IMG_0388.jpg\" alt=\"\" width=\"200\" height=\"150\" data-action=\"zoom\" srcset=\"https:\/\/grupo.us.es\/newtutsosmodhum\/wp-content\/uploads\/2020\/12\/IMG_0388.jpg 3264w, https:\/\/grupo.us.es\/newtutsosmodhum\/wp-content\/uploads\/2020\/12\/IMG_0388-300x225.jpg 300w, https:\/\/grupo.us.es\/newtutsosmodhum\/wp-content\/uploads\/2020\/12\/IMG_0388-768x576.jpg 768w, https:\/\/grupo.us.es\/newtutsosmodhum\/wp-content\/uploads\/2020\/12\/IMG_0388-1024x768.jpg 1024w\" sizes=\"auto, (max-width: 200px) 100vw, 200px\" \/><\/a>\u00a0 \u00a0 \u00a0<a href=\"http:\/\/grupo.us.es\/newtutsosmodhum\/wp-content\/uploads\/2020\/12\/IMG_0390.jpg\"><img loading=\"lazy\" decoding=\"async\" class=\"alignnone wp-image-1679\" src=\"http:\/\/grupo.us.es\/newtutsosmodhum\/wp-content\/uploads\/2020\/12\/IMG_0390.jpg\" alt=\"\" width=\"200\" height=\"150\" data-action=\"zoom\" srcset=\"https:\/\/grupo.us.es\/newtutsosmodhum\/wp-content\/uploads\/2020\/12\/IMG_0390.jpg 3264w, https:\/\/grupo.us.es\/newtutsosmodhum\/wp-content\/uploads\/2020\/12\/IMG_0390-300x225.jpg 300w, https:\/\/grupo.us.es\/newtutsosmodhum\/wp-content\/uploads\/2020\/12\/IMG_0390-768x576.jpg 768w, https:\/\/grupo.us.es\/newtutsosmodhum\/wp-content\/uploads\/2020\/12\/IMG_0390-1024x768.jpg 1024w\" sizes=\"auto, (max-width: 200px) 100vw, 200px\" \/><\/a>\u00a0 \u00a0\u00a0<a href=\"http:\/\/grupo.us.es\/newtutsosmodhum\/wp-content\/uploads\/2020\/12\/IMG_0395.jpg\"><img loading=\"lazy\" decoding=\"async\" class=\"alignnone wp-image-1680\" src=\"http:\/\/grupo.us.es\/newtutsosmodhum\/wp-content\/uploads\/2020\/12\/IMG_0395.jpg\" alt=\"\" width=\"200\" height=\"150\" data-action=\"zoom\" srcset=\"https:\/\/grupo.us.es\/newtutsosmodhum\/wp-content\/uploads\/2020\/12\/IMG_0395.jpg 3264w, https:\/\/grupo.us.es\/newtutsosmodhum\/wp-content\/uploads\/2020\/12\/IMG_0395-300x225.jpg 300w, https:\/\/grupo.us.es\/newtutsosmodhum\/wp-content\/uploads\/2020\/12\/IMG_0395-768x576.jpg 768w, https:\/\/grupo.us.es\/newtutsosmodhum\/wp-content\/uploads\/2020\/12\/IMG_0395-1024x768.jpg 1024w\" sizes=\"auto, (max-width: 200px) 100vw, 200px\" \/><\/a><\/p>\n<p>&nbsp;<\/p>\n<p style=\"text-align: center;\"><span style=\"color: #000000;\">La exposici\u00f3n, que tiene lugar en el vest\u00edbulo de la Escuela de Arquitectura de Sevilla del 9 al 23 de diciembre de 2020, recoge los resultados de las acciones llevadas a cabo en el marco del proyecto de I+D+i\u00a0TUTELA SOSTENIBLE DEL PATRIMONIO CULTURAL A TRAV\u00c9S DE MODELOS DIGITALES BIM Y SIG.\u00a0CONTRIBUCI\u00d3N AL CONOCIMIENTO E INNOVACI\u00d3N SOCIAL (HAR2016-78113-R), desarrollado entre 2016 y 2020. La muestra se compone de un p\u00f3ster para cada una de las acciones que componen el proyecto, en el que se describe el trabajo realizado y algunos resultados gr\u00e1ficos del mismo.<\/span><\/p>\n<p>&nbsp;<\/p>\n<p style=\"text-align: center;\"><span style=\"color: #000000;\">Puede realizar una <strong>VISITA VIRTUAL<\/strong> de la exposici\u00f3n <strong><a href=\"http:\/\/grupo.us.es\/newtutsosmodhum\/wp-content\/uploads\/2020\/12\/EXPO_TUTSOSMOD_P\u00f3steres.pdf\"><span style=\"color: #ff0000;\"><u>aqu\u00ed<\/u><\/span><\/a><\/strong>.<\/span><\/p>\n","protected":false},"excerpt":{"rendered":"<p>TUTSOMOD. Exposici\u00f3n de resultados del proyecto Del 9 al 23 de diciembre. Vest\u00edbulo de la Escuela de Arquitectura de Sevilla. [&hellip;]<\/p>\n","protected":false},"author":1,"featured_media":0,"parent":94,"menu_order":0,"comment_status":"closed","ping_status":"closed","template":"","meta":{"footnotes":""},"class_list":["post-1704","page","type-page","status-publish","hentry"],"_links":{"self":[{"href":"https:\/\/grupo.us.es\/newtutsosmodhum\/index.php?rest_route=\/wp\/v2\/pages\/1704","targetHints":{"allow":["GET"]}}],"collection":[{"href":"https:\/\/grupo.us.es\/newtutsosmodhum\/index.php?rest_route=\/wp\/v2\/pages"}],"about":[{"href":"https:\/\/grupo.us.es\/newtutsosmodhum\/index.php?rest_route=\/wp\/v2\/types\/page"}],"author":[{"embeddable":true,"href":"https:\/\/grupo.us.es\/newtutsosmodhum\/index.php?rest_route=\/wp\/v2\/users\/1"}],"replies":[{"embeddable":true,"href":"https:\/\/grupo.us.es\/newtutsosmodhum\/index.php?rest_route=%2Fwp%2Fv2%2Fcomments&post=1704"}],"version-history":[{"count":0,"href":"https:\/\/grupo.us.es\/newtutsosmodhum\/index.php?rest_route=\/wp\/v2\/pages\/1704\/revisions"}],"up":[{"embeddable":true,"href":"https:\/\/grupo.us.es\/newtutsosmodhum\/index.php?rest_route=\/wp\/v2\/pages\/94"}],"wp:attachment":[{"href":"https:\/\/grupo.us.es\/newtutsosmodhum\/index.php?rest_route=%2Fwp%2Fv2%2Fmedia&parent=1704"}],"curies":[{"name":"wp","href":"https:\/\/api.w.org\/{rel}","templated":true}]}}